{"id":326651,"date":"2025-10-24T15:23:19","date_gmt":"2025-10-24T15:23:19","guid":{"rendered":"https:\/\/globecore.dev\/?page_id=326651"},"modified":"2025-10-24T15:41:32","modified_gmt":"2025-10-24T15:41:32","slug":"cookie-policy","status":"publish","type":"page","link":"https:\/\/globecore.dev\/vi\/cookie-policy\/","title":{"rendered":"Ch\u00ednh s\u00e1ch Cookie"},"content":{"rendered":"<p>V\u1ec1 ch\u00ednh s\u00e1ch cookie n\u00e0y<\/p>\n<p>Ch\u00ednh s\u00e1ch Cookie n\u00e0y gi\u1ea3i th\u00edch cookie l\u00e0 g\u00ec v\u00e0 c\u00e1ch ch\u00fang t\u00f4i s\u1eed d\u1ee5ng ch\u00fang. B\u1ea1n n\u00ean \u0111\u1ecdc ch\u00ednh s\u00e1ch n\u00e0y \u0111\u1ec3 hi\u1ec3u cookie l\u00e0 g\u00ec, c\u00e1ch ch\u00fang t\u00f4i s\u1eed d\u1ee5ng ch\u00fang, c\u00e1c lo\u1ea1i cookie ch\u00fang t\u00f4i s\u1eed d\u1ee5ng, t\u1ee9c l\u00e0 th\u00f4ng tin ch\u00fang t\u00f4i thu th\u1eadp b\u1eb1ng cookie v\u00e0 c\u00e1ch th\u00f4ng tin \u0111\u00f3 \u0111\u01b0\u1ee3c s\u1eed d\u1ee5ng, c\u0169ng nh\u01b0 c\u00e1ch ki\u1ec3m so\u00e1t c\u00e1c t\u00f9y ch\u1ecdn cookie. \u0110\u1ec3 bi\u1ebft th\u00eam th\u00f4ng tin v\u1ec1 c\u00e1ch ch\u00fang t\u00f4i s\u1eed d\u1ee5ng, l\u01b0u tr\u1eef v\u00e0 b\u1ea3o m\u1eadt d\u1eef li\u1ec7u c\u00e1 nh\u00e2n c\u1ee7a b\u1ea1n, vui l\u00f2ng xem Ch\u00ednh s\u00e1ch Quy\u1ec1n ri\u00eang t\u01b0 c\u1ee7a ch\u00fang t\u00f4i.<\/p>\n<p>B\u1ea1n c\u00f3 th\u1ec3 thay \u0111\u1ed5i ho\u1eb7c r\u00fat l\u1ea1i s\u1ef1 \u0111\u1ed3ng \u00fd c\u1ee7a m\u00ecnh \u0111\u1ed1i v\u1edbi Tuy\u00ean b\u1ed1 Cookie tr\u00ean trang web c\u1ee7a ch\u00fang t\u00f4i b\u1ea5t c\u1ee9 l\u00fac n\u00e0o.<br \/>\nT\u00ecm hi\u1ec3u th\u00eam v\u1ec1 ch\u00fang t\u00f4i, c\u00e1ch b\u1ea1n c\u00f3 th\u1ec3 li\u00ean h\u1ec7 v\u1edbi ch\u00fang t\u00f4i v\u00e0 c\u00e1ch ch\u00fang t\u00f4i x\u1eed l\u00fd d\u1eef li\u1ec7u c\u00e1 nh\u00e2n trong Ch\u00ednh s\u00e1ch Quy\u1ec1n ri\u00eang t\u01b0 c\u1ee7a ch\u00fang t\u00f4i.<br \/>\nS\u1ef1 \u0111\u1ed3ng \u00fd c\u1ee7a b\u1ea1n \u00e1p d\u1ee5ng cho c\u00e1c t\u00ean mi\u1ec1n sau: globecore.com<br \/>\n[user_consent_state]<\/p>\n<p>Cookie l\u00e0 g\u00ec?<\/p>\n<p>Cookie l\u00e0 c\u00e1c t\u1ec7p v\u0103n b\u1ea3n nh\u1ecf \u0111\u01b0\u1ee3c s\u1eed d\u1ee5ng \u0111\u1ec3 l\u01b0u tr\u1eef c\u00e1c ph\u1ea7n th\u00f4ng tin nh\u1ecf. Cookie \u0111\u01b0\u1ee3c l\u01b0u tr\u1eef tr\u00ean thi\u1ebft b\u1ecb c\u1ee7a b\u1ea1n khi trang web \u0111\u01b0\u1ee3c t\u1ea3i tr\u00ean tr\u00ecnh duy\u1ec7t c\u1ee7a b\u1ea1n. Nh\u1eefng cookie n\u00e0y gi\u00fap ch\u00fang t\u00f4i \u0111\u1ea3m b\u1ea3o trang web ho\u1ea1t \u0111\u1ed9ng b\u00ecnh th\u01b0\u1eddng, b\u1ea3o m\u1eadt h\u01a1n, mang l\u1ea1i tr\u1ea3i nghi\u1ec7m ng\u01b0\u1eddi d\u00f9ng t\u1ed1t h\u01a1n, hi\u1ec3u c\u00e1ch trang web ho\u1ea1t \u0111\u1ed9ng v\u00e0 ph\u00e2n t\u00edch nh\u1eefng \u0111i\u1ec3m hi\u1ec7u qu\u1ea3 v\u00e0 nh\u1eefng \u0111i\u1ec3m c\u1ea7n c\u1ea3i thi\u1ec7n.<\/p>\n<p>Ch\u00fang t\u00f4i s\u1eed d\u1ee5ng cookie nh\u01b0 th\u1ebf n\u00e0o?<\/p>\n<p>Nh\u01b0 h\u1ea7u h\u1ebft c\u00e1c d\u1ecbch v\u1ee5 tr\u1ef1c tuy\u1ebfn, trang web c\u1ee7a ch\u00fang t\u00f4i s\u1eed d\u1ee5ng cookie, c\u1ea3 cookie c\u1ee7a b\u00ean th\u1ee9 nh\u1ea5t v\u00e0 b\u00ean th\u1ee9 ba, cho m\u1ed9t s\u1ed1 m\u1ee5c \u0111\u00edch. Cookie c\u1ee7a b\u00ean th\u1ee9 nh\u1ea5t ch\u1ee7 y\u1ebfu c\u1ea7n thi\u1ebft \u0111\u1ec3 trang web ho\u1ea1t \u0111\u1ed9ng \u0111\u00fang c\u00e1ch v\u00e0 ch\u00fang kh\u00f4ng thu th\u1eadp b\u1ea5t k\u1ef3 d\u1eef li\u1ec7u nh\u1eadn d\u1ea1ng c\u00e1 nh\u00e2n n\u00e0o c\u1ee7a b\u1ea1n.<\/p>\n<p>Cookie c\u1ee7a b\u00ean th\u1ee9 ba \u0111\u01b0\u1ee3c s\u1eed d\u1ee5ng tr\u00ean trang web c\u1ee7a ch\u00fang t\u00f4i ch\u1ee7 y\u1ebfu \u0111\u01b0\u1ee3c s\u1eed d\u1ee5ng \u0111\u1ec3 hi\u1ec3u c\u00e1ch trang web ho\u1ea1t \u0111\u1ed9ng, c\u00e1ch b\u1ea1n t\u01b0\u01a1ng t\u00e1c v\u1edbi trang web c\u1ee7a ch\u00fang t\u00f4i, \u0111\u1ea3m b\u1ea3o an to\u00e0n cho c\u00e1c d\u1ecbch v\u1ee5 c\u1ee7a ch\u00fang t\u00f4i, cung c\u1ea5p qu\u1ea3ng c\u00e1o ph\u00f9 h\u1ee3p v\u1edbi b\u1ea1n v\u00e0 tr\u00ean h\u1ebft l\u00e0 mang l\u1ea1i cho b\u1ea1n tr\u1ea3i nghi\u1ec7m ng\u01b0\u1eddi d\u00f9ng t\u1ed1t h\u01a1n v\u00e0 \u0111\u01b0\u1ee3c c\u1ea3i thi\u1ec7n, \u0111\u1ed3ng th\u1eddi gi\u00fap t\u0103ng t\u1ed1c c\u00e1c t\u01b0\u01a1ng t\u00e1c trong t\u01b0\u01a1ng lai c\u1ee7a b\u1ea1n v\u1edbi trang web c\u1ee7a ch\u00fang t\u00f4i.<\/p>\n<p>Ch\u00fang t\u00f4i s\u1eed d\u1ee5ng nh\u1eefng lo\u1ea1i cookie n\u00e0o?<\/p>\n<p>Thi\u1ebft y\u1ebfu: M\u1ed9t s\u1ed1 cookie l\u00e0 thi\u1ebft y\u1ebfu \u0111\u1ec3 b\u1ea1n c\u00f3 th\u1ec3 tr\u1ea3i nghi\u1ec7m \u0111\u1ea7y \u0111\u1ee7 ch\u1ee9c n\u0103ng c\u1ee7a trang web. Ch\u00fang cho ph\u00e9p ch\u00fang t\u00f4i duy tr\u00ec c\u00e1c phi\u00ean ng\u01b0\u1eddi d\u00f9ng v\u00e0 ng\u0103n ch\u1eb7n m\u1ecdi m\u1ed1i \u0111e d\u1ecda b\u1ea3o m\u1eadt. Ch\u00fang kh\u00f4ng thu th\u1eadp ho\u1eb7c l\u01b0u tr\u1eef b\u1ea5t k\u1ef3 th\u00f4ng tin c\u00e1 nh\u00e2n n\u00e0o. V\u00ed d\u1ee5: nh\u1eefng cookie n\u00e0y cho ph\u00e9p b\u1ea1n \u0111\u0103ng nh\u1eadp v\u00e0o t\u00e0i kho\u1ea3n, th\u00eam s\u1ea3n ph\u1ea9m v\u00e0o gi\u1ecf h\u00e0ng v\u00e0 thanh to\u00e1n an to\u00e0n.<\/p>\n<p>Th\u1ed1ng k\u00ea: C\u00e1c cookie n\u00e0y l\u01b0u tr\u1eef th\u00f4ng tin nh\u01b0 s\u1ed1 l\u01b0\u1ee3ng kh\u00e1ch truy c\u1eadp v\u00e0o trang web, s\u1ed1 l\u01b0\u1ee3ng kh\u00e1ch truy c\u1eadp duy nh\u1ea5t, nh\u1eefng trang n\u00e0o tr\u00ean trang web \u0111\u00e3 \u0111\u01b0\u1ee3c truy c\u1eadp, ngu\u1ed3n truy c\u1eadp, v.v. Nh\u1eefng d\u1eef li\u1ec7u n\u00e0y gi\u00fap ch\u00fang t\u00f4i hi\u1ec3u v\u00e0 ph\u00e2n t\u00edch hi\u1ec7u su\u1ea5t c\u1ee7a trang web v\u00e0 nh\u1eefng \u0111i\u1ec3m c\u1ea7n c\u1ea3i thi\u1ec7n.<\/p>\n<p>Ti\u1ebfp th\u1ecb: Trang web c\u1ee7a ch\u00fang t\u00f4i hi\u1ec3n th\u1ecb qu\u1ea3ng c\u00e1o. C\u00e1c cookie n\u00e0y \u0111\u01b0\u1ee3c s\u1eed d\u1ee5ng \u0111\u1ec3 c\u00e1 nh\u00e2n h\u00f3a c\u00e1c qu\u1ea3ng c\u00e1o m\u00e0 ch\u00fang t\u00f4i hi\u1ec3n th\u1ecb cho b\u1ea1n sao cho ch\u00fang c\u00f3 \u00fd ngh\u0129a v\u1edbi b\u1ea1n. C\u00e1c cookie n\u00e0y c\u0169ng gi\u00fap ch\u00fang t\u00f4i theo d\u00f5i hi\u1ec7u qu\u1ea3 c\u1ee7a c\u00e1c chi\u1ebfn d\u1ecbch qu\u1ea3ng c\u00e1o n\u00e0y.<\/p>\n<p>Th\u00f4ng tin \u0111\u01b0\u1ee3c l\u01b0u tr\u1eef trong c\u00e1c cookie n\u00e0y c\u0169ng c\u00f3 th\u1ec3 \u0111\u01b0\u1ee3c c\u00e1c nh\u00e0 cung c\u1ea5p qu\u1ea3ng c\u00e1o b\u00ean th\u1ee9 ba s\u1eed d\u1ee5ng \u0111\u1ec3 hi\u1ec3n th\u1ecb qu\u1ea3ng c\u00e1o tr\u00ean c\u00e1c trang web kh\u00e1c tr\u00ean tr\u00ecnh duy\u1ec7t c\u1ee7a b\u1ea1n.<\/p>\n<p>Ch\u1ee9c n\u0103ng: \u0110\u00e2y l\u00e0 nh\u1eefng cookie h\u1ed7 tr\u1ee3 m\u1ed9t s\u1ed1 ch\u1ee9c n\u0103ng kh\u00f4ng thi\u1ebft y\u1ebfu tr\u00ean trang web c\u1ee7a ch\u00fang t\u00f4i. C\u00e1c ch\u1ee9c n\u0103ng n\u00e0y bao g\u1ed3m nh\u00fang n\u1ed9i dung nh\u01b0 video ho\u1eb7c chia s\u1ebb n\u1ed9i dung tr\u00ean trang web tr\u00ean c\u00e1c n\u1ec1n t\u1ea3ng m\u1ea1ng x\u00e3 h\u1ed9i.<\/p>\n<p>T\u00f9y ch\u1ecdn: C\u00e1c cookie n\u00e0y gi\u00fap ch\u00fang t\u00f4i l\u01b0u tr\u1eef c\u00e0i \u0111\u1eb7t v\u00e0 t\u00f9y ch\u1ecdn duy\u1ec7t web c\u1ee7a b\u1ea1n, ch\u1eb3ng h\u1ea1n nh\u01b0 t\u00f9y ch\u1ecdn ng\u00f4n ng\u1eef, \u0111\u1ec3 b\u1ea1n c\u00f3 tr\u1ea3i nghi\u1ec7m t\u1ed1t h\u01a1n v\u00e0 hi\u1ec7u qu\u1ea3 h\u01a1n trong nh\u1eefng l\u1ea7n truy c\u1eadp trang web trong t\u01b0\u01a1ng lai.<\/p>\n<p>T\u00f4i c\u00f3 th\u1ec3 ki\u1ec3m so\u00e1t t\u00f9y ch\u1ecdn cookie nh\u01b0 th\u1ebf n\u00e0o?<\/p>\n<p>N\u1ebfu b\u1ea1n quy\u1ebft \u0111\u1ecbnh thay \u0111\u1ed5i t\u00f9y ch\u1ecdn sau n\u00e0y trong phi\u00ean duy\u1ec7t web, b\u1ea1n c\u00f3 th\u1ec3 nh\u1ea5p v\u00e0o tab &#8220;Ch\u00ednh s\u00e1ch Quy\u1ec1n ri\u00eang t\u01b0 &amp; Cookie&#8221; tr\u00ean m\u00e0n h\u00ecnh. Thao t\u00e1c n\u00e0y s\u1ebd hi\u1ec3n th\u1ecb l\u1ea1i th\u00f4ng b\u00e1o \u0111\u1ed3ng \u00fd, cho ph\u00e9p b\u1ea1n thay \u0111\u1ed5i t\u00f9y ch\u1ecdn ho\u1eb7c r\u00fat l\u1ea1i ho\u00e0n to\u00e0n s\u1ef1 \u0111\u1ed3ng \u00fd.<\/p>\n<p>Ngo\u00e0i ra, c\u00e1c tr\u00ecnh duy\u1ec7t kh\u00e1c nhau cung c\u1ea5p c\u00e1c ph\u01b0\u01a1ng ph\u00e1p kh\u00e1c nhau \u0111\u1ec3 ch\u1eb7n v\u00e0 x\u00f3a cookie \u0111\u01b0\u1ee3c s\u1eed d\u1ee5ng b\u1edfi c\u00e1c trang web. B\u1ea1n c\u00f3 th\u1ec3 thay \u0111\u1ed5i c\u00e0i \u0111\u1eb7t tr\u00ecnh duy\u1ec7t \u0111\u1ec3 ch\u1eb7n\/x\u00f3a cookie. \u0110\u1ec3 t\u00ecm hi\u1ec3u th\u00eam v\u1ec1 c\u00e1ch qu\u1ea3n l\u00fd v\u00e0 x\u00f3a cookie, h\u00e3y truy c\u1eadp wikipedia.org, www.allaboutcookies.org.<\/p>\n","protected":false},"excerpt":{"rendered":"<p>V\u1ec1 ch\u00ednh s\u00e1ch cookie n\u00e0y Ch\u00ednh s\u00e1ch Cookie n\u00e0y gi\u1ea3i th\u00edch cookie l\u00e0 g\u00ec v\u00e0 c\u00e1ch ch\u00fang t\u00f4i s\u1eed d\u1ee5ng ch\u00fang. B\u1ea1n n\u00ean \u0111\u1ecdc ch\u00ednh s\u00e1ch n\u00e0y \u0111\u1ec3 hi\u1ec3u cookie l\u00e0 g\u00ec, c\u00e1ch ch\u00fang t\u00f4i s\u1eed d\u1ee5ng ch\u00fang, c\u00e1c lo\u1ea1i cookie ch\u00fang t\u00f4i s\u1eed d\u1ee5ng, t\u1ee9c l\u00e0 th\u00f4ng tin ch\u00fang t\u00f4i thu th\u1eadp b\u1eb1ng cookie<a class=\"cg-read-more\" href=\"https:\/\/globecore.dev\/vi\/cookie-policy\/\" target=\"_blank\">Read More <\/a><\/p>\n","protected":false},"author":41,"featured_media":0,"parent":0,"menu_order":0,"comment_status":"closed","ping_status":"closed","template":"templates\/privacy.php","meta":{"_acf_changed":false,"_bbp_topic_count":0,"_bbp_reply_count":0,"_bbp_total_topic_count":0,"_bbp_total_reply_count":0,"_bbp_voice_count":0,"_bbp_anonymous_reply_count":0,"_bbp_topic_count_hidden":0,"_bbp_reply_count_hidden":0,"_bbp_forum_subforum_count":0,"footnotes":""},"categories":[],"class_list":["post-326651","page","type-page","status-publish","hentry"],"acf":[],"language":"vi","_links":{"self":[{"href":"https:\/\/globecore.dev\/vi\/wp-json\/wp\/v2\/pages\/326651","targetHints":{"allow":["GET"]}}],"collection":[{"href":"https:\/\/globecore.dev\/vi\/wp-json\/wp\/v2\/pages"}],"about":[{"href":"https:\/\/globecore.dev\/vi\/wp-json\/wp\/v2\/types\/page"}],"author":[{"embeddable":true,"href":"https:\/\/globecore.dev\/vi\/wp-json\/wp\/v2\/users\/41"}],"replies":[{"embeddable":true,"href":"https:\/\/globecore.dev\/vi\/wp-json\/wp\/v2\/comments?post=326651"}],"version-history":[{"count":0,"href":"https:\/\/globecore.dev\/vi\/wp-json\/wp\/v2\/pages\/326651\/revisions"}],"wp:attachment":[{"href":"https:\/\/globecore.dev\/vi\/wp-json\/wp\/v2\/media?parent=326651"}],"wp:term":[{"taxonomy":"category","embeddable":true,"href":"https:\/\/globecore.dev\/vi\/wp-json\/wp\/v2\/categories?post=326651"}],"curies":[{"name":"wp","href":"https:\/\/api.w.org\/{rel}","templated":true}]}}