{"id":24778,"date":"2016-04-06T09:12:48","date_gmt":"2016-04-06T09:12:48","guid":{"rendered":"https:\/\/globecore.dev\/products\/road-construction-equipment\/laboratory-system.html"},"modified":"2024-12-04T09:23:49","modified_gmt":"2024-12-04T09:23:49","slug":"laboratory-system","status":"publish","type":"page","link":"https:\/\/globecore.dev\/vi\/products\/laboratory-system\/","title":{"rendered":"H\u1ec6 TH\u1ed0NG TH\u1eec NGHI\u1ec6M CH\u1ea4T LI\u1ec6U NH\u0168 T\u01af\u01a0NG BITUM"},"content":{"rendered":"<p style=\"text-align: justify;\">S\u1ea3n ph\u1ea9m n\u00e0y \u0111\u01b0\u1ee3c thi\u1ebft k\u1ebf \u0111\u1ec3 th\u1eed nghi\u1ec7m c\u00e1c c\u00f4ng th\u1ee9c \u0111\u00e3 bi\u1ebft v\u1ec1 nh\u0169 t\u01b0\u01a1ng, s\u01a1n l\u00f3t v\u00e0 cao su l\u1ecfng. N\u00f3 c\u0169ng c\u00f3 th\u1ec3 \u0111\u01b0\u1ee3c s\u1eed d\u1ee5ng \u0111\u1ec3 ph\u00e1t tri\u1ec3n c\u00e1c v\u1eadt li\u1ec7u v\u00e0 ch\u1ea5t nh\u0169 h\u00f3a m\u1edbi v\u00e0 c\u00e1c nghi\u00ean c\u1ee9u v\u00e0 th\u00ed nghi\u1ec7m t\u01b0\u01a1ng \u1ee9ng. H\u1ec7 th\u1ed1ng s\u1eed d\u1ee5ng quy tr\u00ecnh tr\u1ed9n bitum d\u00f2ng ch\u1ea3y n\u1ed9i tuy\u1ebfn v\u1edbi m\u1ee9c \u0111\u1ed9 ph\u00e2n t\u00e1n nhi\u1ec1u h\u01a1n c\u1ee7a bitum v\u00e0 polyme \u1edf trong m\u00e1y. Thi\u1ebft k\u1ebf h\u1ec7 th\u1ed1ng cho ph\u00e9p b\u1ed5 sung c\u00e1c th\u00e0nh ph\u1ea7n ch\u1ea5t l\u1ecfng kh\u00e1c trong qu\u00e1 tr\u00ecnh bi\u1ebfn t\u00ednh bitum. Thi\u1ebft b\u1ecb c\u00f3 th\u1ec3 \u0111\u01b0\u1ee3c s\u1eed d\u1ee5ng b\u1edfi c\u00e1c c\u01a1 s\u1edf h\u00f3a d\u1ea7u \u0111\u1ec3 t\u1ed1i \u01b0u h\u00f3a quy tr\u00ecnh s\u1ea3n xu\u1ea5t bitum bi\u1ebfn t\u00ednh, x\u00e1c \u0111\u1ecbnh l\u01b0\u1ee3ng ph\u1ee5 gia bi\u1ebfn t\u00ednh c\u1ea7n thi\u1ebft v\u00e0 s\u1eed d\u1ee5ng bitum \u0111\u00e3 chu\u1ea9n b\u1ecb l\u00e0m m\u1eabu trong ph\u00f2ng th\u00ed nghi\u1ec7m. M\u00e1y \u0111i\u1ec1u ch\u1ec9nh bitum UUBB-2-L \u0111\u01b0\u1ee3c thi\u1ebft k\u1ebf cho vi\u1ec7c chu\u1ea9n b\u1ecb m\u1eabu nh\u1ecf (kh\u00f4ng qu\u00e1 10 l\u00edt m\u1ed7i l\u00f4) bitum bi\u1ebfn t\u00ednh.<\/p>\n","protected":false},"excerpt":{"rendered":"<p>S\u1ea3n ph\u1ea9m n\u00e0y \u0111\u01b0\u1ee3c thi\u1ebft k\u1ebf \u0111\u1ec3 th\u1eed nghi\u1ec7m c\u00e1c c\u00f4ng th\u1ee9c \u0111\u00e3 bi\u1ebft v\u1ec1 nh\u0169 t\u01b0\u01a1ng, s\u01a1n l\u00f3t v\u00e0 cao su l\u1ecfng. N\u00f3 c\u0169ng c\u00f3 th\u1ec3 \u0111\u01b0\u1ee3c s\u1eed d\u1ee5ng \u0111\u1ec3 ph\u00e1t tri\u1ec3n c\u00e1c v\u1eadt li\u1ec7u v\u00e0 ch\u1ea5t nh\u0169 h\u00f3a m\u1edbi v\u00e0 c\u00e1c nghi\u00ean c\u1ee9u v\u00e0 th\u00ed nghi\u1ec7m t\u01b0\u01a1ng \u1ee9ng. H\u1ec7 th\u1ed1ng s\u1eed d\u1ee5ng quy<a class=\"cg-read-more\" href=\"https:\/\/globecore.dev\/vi\/products\/laboratory-system\/\" target=\"_blank\">Read More <\/a><\/p>\n","protected":false},"author":7,"featured_media":38411,"parent":22627,"menu_order":0,"comment_status":"closed","ping_status":"closed","template":"templates\/products-sidebar.php","meta":{"_acf_changed":false,"_bbp_topic_count":0,"_bbp_reply_count":0,"_bbp_total_topic_count":0,"_bbp_total_reply_count":0,"_bbp_voice_count":0,"_bbp_anonymous_reply_count":0,"_bbp_topic_count_hidden":0,"_bbp_reply_count_hidden":0,"_bbp_forum_subforum_count":0,"footnotes":""},"categories":[],"class_list":["post-24778","page","type-page","status-publish","has-post-thumbnail","hentry"],"acf":[],"language":"vi","_links":{"self":[{"href":"https:\/\/globecore.dev\/vi\/wp-json\/wp\/v2\/pages\/24778","targetHints":{"allow":["GET"]}}],"collection":[{"href":"https:\/\/globecore.dev\/vi\/wp-json\/wp\/v2\/pages"}],"about":[{"href":"https:\/\/globecore.dev\/vi\/wp-json\/wp\/v2\/types\/page"}],"author":[{"embeddable":true,"href":"https:\/\/globecore.dev\/vi\/wp-json\/wp\/v2\/users\/7"}],"replies":[{"embeddable":true,"href":"https:\/\/globecore.dev\/vi\/wp-json\/wp\/v2\/comments?post=24778"}],"version-history":[{"count":0,"href":"https:\/\/globecore.dev\/vi\/wp-json\/wp\/v2\/pages\/24778\/revisions"}],"up":[{"embeddable":true,"href":"https:\/\/globecore.dev\/vi\/wp-json\/wp\/v2\/pages\/22627"}],"wp:featuredmedia":[{"embeddable":true,"href":"https:\/\/globecore.dev\/vi\/wp-json\/wp\/v2\/media\/38411"}],"wp:attachment":[{"href":"https:\/\/globecore.dev\/vi\/wp-json\/wp\/v2\/media?parent=24778"}],"wp:term":[{"taxonomy":"category","embeddable":true,"href":"https:\/\/globecore.dev\/vi\/wp-json\/wp\/v2\/categories?post=24778"}],"curies":[{"name":"wp","href":"https:\/\/api.w.org\/{rel}","templated":true}]}}