{"id":24733,"date":"2016-04-06T08:26:22","date_gmt":"2016-04-06T08:26:22","guid":{"rendered":"https:\/\/globecore.dev\/products\/road-construction-equipment\/bitumen-modification-unit\/bitumen-modification-unit-4-m3hour-production-capacity.html"},"modified":"2025-09-10T13:08:14","modified_gmt":"2025-09-10T13:08:14","slug":"bitumen-modification-unit-4-m3hour-production-capacity","status":"publish","type":"page","link":"https:\/\/globecore.dev\/vi\/products\/bitumen-modification-unit\/bitumen-modification-unit-4-m3hour-production-capacity\/","title":{"rendered":"NH\u00c0 M\u00c1Y K\u00cdCH TH\u01af\u1edaC NH\u1ece USB-3 S\u1ea2N XU\u1ea4T BITUMEN BI\u1ebeN T\u00cdNH, C\u00d4NG SU\u1ea4T 4 M3\/GI\u1edc"},"content":{"rendered":"","protected":false},"excerpt":{"rendered":"","protected":false},"author":7,"featured_media":24734,"parent":24727,"menu_order":0,"comment_status":"closed","ping_status":"closed","template":"templates\/single-product.php","meta":{"_acf_changed":false,"_bbp_topic_count":0,"_bbp_reply_count":0,"_bbp_total_topic_count":0,"_bbp_total_reply_count":0,"_bbp_voice_count":0,"_bbp_anonymous_reply_count":0,"_bbp_topic_count_hidden":0,"_bbp_reply_count_hidden":0,"_bbp_forum_subforum_count":0,"footnotes":""},"categories":[1399],"class_list":["post-24733","page","type-page","status-publish","has-post-thumbnail","hentry","category-news-vi"],"acf":[],"language":"vi","_links":{"self":[{"href":"https:\/\/globecore.dev\/vi\/wp-json\/wp\/v2\/pages\/24733","targetHints":{"allow":["GET"]}}],"collection":[{"href":"https:\/\/globecore.dev\/vi\/wp-json\/wp\/v2\/pages"}],"about":[{"href":"https:\/\/globecore.dev\/vi\/wp-json\/wp\/v2\/types\/page"}],"author":[{"embeddable":true,"href":"https:\/\/globecore.dev\/vi\/wp-json\/wp\/v2\/users\/7"}],"replies":[{"embeddable":true,"href":"https:\/\/globecore.dev\/vi\/wp-json\/wp\/v2\/comments?post=24733"}],"version-history":[{"count":0,"href":"https:\/\/globecore.dev\/vi\/wp-json\/wp\/v2\/pages\/24733\/revisions"}],"up":[{"embeddable":true,"href":"https:\/\/globecore.dev\/vi\/wp-json\/wp\/v2\/pages\/24727"}],"wp:featuredmedia":[{"embeddable":true,"href":"https:\/\/globecore.dev\/vi\/wp-json\/wp\/v2\/media\/24734"}],"wp:attachment":[{"href":"https:\/\/globecore.dev\/vi\/wp-json\/wp\/v2\/media?parent=24733"}],"wp:term":[{"taxonomy":"category","embeddable":true,"href":"https:\/\/globecore.dev\/vi\/wp-json\/wp\/v2\/categories?post=24733"}],"curies":[{"name":"wp","href":"https:\/\/api.w.org\/{rel}","templated":true}]}}