{"id":24691,"date":"2016-04-06T07:48:07","date_gmt":"2016-04-06T07:48:07","guid":{"rendered":"https:\/\/globecore.dev\/products\/road-construction-equipment\/bitumen-emulsion-unit.html"},"modified":"2025-09-10T11:14:25","modified_gmt":"2025-09-10T11:14:25","slug":"bitumen-emulsion-unit","status":"publish","type":"page","link":"https:\/\/globecore.dev\/vi\/products\/bitumen-emulsion-unit\/","title":{"rendered":"M\u00c1Y NH\u0168 T\u01af\u01a0NG H\u00d3A NH\u1ef0A BITUM"},"content":{"rendered":"<p style=\"text-align: justify;\">Nh\u0169 t\u01b0\u01a1ng h\u00f3a nh\u1ef1a bitum l\u1ea7n \u0111\u1ea7u ti\u00ean \u0111\u01b0\u1ee3c s\u1eed d\u1ee5ng \u1edf ch\u00e2u \u00c2u v\u00e0o nh\u1eefng n\u0103m 1930. K\u1ec3 t\u1eeb \u0111\u00f3, ng\u00e0nh c\u00f4ng nghi\u1ec7p n\u00e0y \u0111\u00e3 c\u00f3 nhi\u1ec1u ki\u1ec3u thi\u1ebft k\u1ebf \u0111\u1ea7y h\u1ee9a h\u1eb9n, cho ph\u00e9p c\u1ea3i thi\u1ec7n hi\u1ec7u qu\u1ea3 v\u00e0 quy tr\u00ecnh s\u1ea3n xu\u1ea5t, c\u0169ng nh\u01b0 t\u0103ng n\u0103ng su\u1ea5t s\u1ea3n ph\u1ea9m. T\u1ea1i th\u1eddi \u0111i\u1ec3m n\u00e0y, nh\u0169 t\u01b0\u01a1ng h\u00f3a nh\u1ef1a bitum (anion, cation, n\u01b0\u1edbc trong d\u1ea7u, d\u1ea7u trong n\u01b0\u1edbc, thi\u1ebft l\u1eadp nhanh, trung b\u00ecnh v\u00e0 ch\u1eadm) l\u00e0 m\u1ed9t v\u1eadt li\u1ec7u \u0111\u1ea7y h\u1ee9a h\u1eb9n cho c\u00e1c c\u00f4ng tr\u00ecnh x\u00e2y d\u1ef1ng kh\u00e1c nhau. S\u1ed1 l\u01b0\u1ee3ng c\u00e1c quy tr\u00ecnh s\u1eed d\u1ee5ng nh\u0169 t\u01b0\u01a1ng bitum \u0111ang t\u0103ng l\u00ean. <strong>C\u00e1c <\/strong><strong>m\u00e1<\/strong><strong>y nh\u0169 t\u01b0\u01a1ng <\/strong><strong>h\u00f3<\/strong><strong>a <\/strong><strong>nh\u1ef1a bitum USB-2 <\/strong>ho\u1ea1t \u0111\u1ed9ng b\u00e1n t\u1ef1 \u0111\u1ed9ng v\u1edbi c\u00e1c th\u00e0nh ph\u1ea7n \u0111\u01b0\u1ee3c g\u1eafn tr\u00ean khung kim lo\u1ea1i v\u00e0 k\u1ebft n\u1ed1i v\u1edbi h\u1ec7 th\u1ed1ng \u0111\u01b0\u1eddng \u1ed1ng<strong>.<\/strong> <strong>T\u1ed1c \u0111\u1ed9 ti\u00eau th\u1ee5 nh\u0169 t\u01b0\u01a1ng <\/strong>ph\u1ee5 thu\u1ed9c v\u00e0o lo\u1ea1i b\u1ec1 m\u1eb7t \u0111\u01b0\u1ee3c x\u1eed l\u00fd. \u0110\u1ed1i v\u1edbi b\u1ec1 m\u1eb7t nh\u1ef1a \u0111\u01b0\u1eddng, m\u1ee9c ti\u00eau th\u1ee5 l\u00e0 500 g\/m2, trong tr\u01b0\u1eddng h\u1ee3p l\u00e0 s\u1ecfi, m\u1ee9c ti\u00eau th\u1ee5 t\u0103ng l\u00ean 1200 g\/m2. X\u1eed l\u00fd v\u1ee5n nh\u1ef1a \u0111\u01b0\u1eddng l\u00e0m t\u0103ng m\u1ee9c ti\u00eau th\u1ee5 l\u00ean t\u1edbi 2000 g\/m2. <strong>Nh\u1ef1a bitum n\u01b0\u1edbc<\/strong> l\u00e0 m\u1ed9t ch\u1ea5t l\u1ecfng m\u00e0u n\u00e2u s\u1eabm. N\u00f3 \u0111\u01b0\u1ee3c t\u1ea1o ra b\u1eb1ng c\u00e1ch ph\u00e2n t\u00e1n bitum trong n\u01b0\u1edbc c\u00f9ng v\u1edbi b\u1ed5 sung ch\u1ea5t ho\u1ea1t \u0111\u1ed9ng b\u1ec1 m\u1eb7t. Nh\u0169 t\u01b0\u01a1ng bitum kh\u00f4ng th\u1ec3 thi\u1ebfu cho c\u00e1c c\u00f4ng tr\u00ecnh x\u00e2y d\u1ef1ng \u0111\u01b0\u1eddng. N\u00f3 t\u1ea1o th\u00e0nh m\u1ed9t l\u1edbp b\u1ea3o v\u1ec7 cho \u0111\u01b0\u1eddng b\u1ed9 giao th\u00f4ng (\u0111\u01b0\u1eddng nh\u1ef1a, s\u1ecfi ho\u1eb7c b\u00ea t\u00f4ng). <strong>Nh\u0169 t\u01b0\u01a1ng <\/strong><strong>h\u00f3<\/strong><strong>a <\/strong><strong>nh\u1ef1a bitum. Th\u00f4ng tin chung. Nguy\u00ean t\u1eafc.<\/strong> Th\u00e0nh ph\u1ea7n ch\u00ednh c\u1ee7a m\u1ed9t h\u1ec7 th\u1ed1ng nh\u01b0 v\u1eady ch\u00ednh l\u00e0 s\u1ef1 g\u1eafn k\u1ebft. Trong \u0111i\u1ec1u ki\u1ec7n b\u00ecnh th\u01b0\u1eddng, bitum l\u00e0 ch\u1ea5t r\u1eafn, do \u0111\u00f3 \u0111\u1ec3 tr\u1ed9n n\u00f3 v\u1edbi c\u00e1c v\u1eadt li\u1ec7u kho\u00e1ng, n\u00f3 ph\u1ea3i \u0111\u01b0\u1ee3c l\u00e0m l\u1ecfng b\u1eb1ng c\u00e1ch nung n\u00f3ng. <strong>M\u1ed9t c\u00e1ch kh\u00e1c &#8211; nh\u0169 <\/strong><strong>t\u01b0\u01a1<\/strong><strong>ng h\u00f3a <\/strong><strong>nh\u1ef1a bitum <\/strong>L\u01b0\u1ee3ng v\u1eadt li\u1ec7u r\u1eafn (bitum) trong nh\u0169 t\u01b0\u01a1ng l\u00ean t\u1edbi 70%. \u1ede d\u1ea1ng h\u1ea1t nh\u1ecf, n\u00f3 l\u01a1 l\u1eedng trong n\u01b0\u1edbc. \u0110\u1ed9 nh\u1edbt chung c\u1ee7a nh\u0169 t\u01b0\u01a1ng tr\u00f9ng v\u1edbi \u0111\u1ed9 nh\u1edbt c\u1ee7a pha n\u01b0\u1edbc; do \u0111\u00f3 n\u00f3 l\u00e0 ch\u1ea5t l\u1ecfng \u1edf nhi\u1ec7t \u0111\u1ed9 ph\u00f2ng. C\u00f3 th\u1ec3 \u1ed5n \u0111\u1ecbnh nh\u0169 t\u01b0\u01a1ng b\u1eb1ng c\u00e1c ch\u1ea5t nh\u0169 h\u00f3a.<\/p>\n","protected":false},"excerpt":{"rendered":"<p>Nh\u0169 t\u01b0\u01a1ng h\u00f3a nh\u1ef1a bitum l\u1ea7n \u0111\u1ea7u ti\u00ean \u0111\u01b0\u1ee3c s\u1eed d\u1ee5ng \u1edf ch\u00e2u \u00c2u v\u00e0o nh\u1eefng n\u0103m 1930. K\u1ec3 t\u1eeb \u0111\u00f3, ng\u00e0nh c\u00f4ng nghi\u1ec7p n\u00e0y \u0111\u00e3 c\u00f3 nhi\u1ec1u ki\u1ec3u thi\u1ebft k\u1ebf \u0111\u1ea7y h\u1ee9a h\u1eb9n, cho ph\u00e9p c\u1ea3i thi\u1ec7n hi\u1ec7u qu\u1ea3 v\u00e0 quy tr\u00ecnh s\u1ea3n xu\u1ea5t, c\u0169ng nh\u01b0 t\u0103ng n\u0103ng su\u1ea5t s\u1ea3n ph\u1ea9m. T\u1ea1i th\u1eddi \u0111i\u1ec3m<a class=\"cg-read-more\" href=\"https:\/\/globecore.dev\/vi\/products\/bitumen-emulsion-unit\/\" target=\"_blank\">Read More <\/a><\/p>\n","protected":false},"author":7,"featured_media":38331,"parent":22627,"menu_order":0,"comment_status":"closed","ping_status":"closed","template":"templates\/products-sidebar.php","meta":{"_acf_changed":false,"_bbp_topic_count":0,"_bbp_reply_count":0,"_bbp_total_topic_count":0,"_bbp_total_reply_count":0,"_bbp_voice_count":0,"_bbp_anonymous_reply_count":0,"_bbp_topic_count_hidden":0,"_bbp_reply_count_hidden":0,"_bbp_forum_subforum_count":0,"footnotes":""},"categories":[],"class_list":["post-24691","page","type-page","status-publish","has-post-thumbnail","hentry"],"acf":[],"language":"vi","_links":{"self":[{"href":"https:\/\/globecore.dev\/vi\/wp-json\/wp\/v2\/pages\/24691","targetHints":{"allow":["GET"]}}],"collection":[{"href":"https:\/\/globecore.dev\/vi\/wp-json\/wp\/v2\/pages"}],"about":[{"href":"https:\/\/globecore.dev\/vi\/wp-json\/wp\/v2\/types\/page"}],"author":[{"embeddable":true,"href":"https:\/\/globecore.dev\/vi\/wp-json\/wp\/v2\/users\/7"}],"replies":[{"embeddable":true,"href":"https:\/\/globecore.dev\/vi\/wp-json\/wp\/v2\/comments?post=24691"}],"version-history":[{"count":0,"href":"https:\/\/globecore.dev\/vi\/wp-json\/wp\/v2\/pages\/24691\/revisions"}],"up":[{"embeddable":true,"href":"https:\/\/globecore.dev\/vi\/wp-json\/wp\/v2\/pages\/22627"}],"wp:featuredmedia":[{"embeddable":true,"href":"https:\/\/globecore.dev\/vi\/wp-json\/wp\/v2\/media\/38331"}],"wp:attachment":[{"href":"https:\/\/globecore.dev\/vi\/wp-json\/wp\/v2\/media?parent=24691"}],"wp:term":[{"taxonomy":"category","embeddable":true,"href":"https:\/\/globecore.dev\/vi\/wp-json\/wp\/v2\/categories?post=24691"}],"curies":[{"name":"wp","href":"https:\/\/api.w.org\/{rel}","templated":true}]}}