{"id":23326,"date":"2016-12-20T07:55:36","date_gmt":"2016-12-20T07:55:36","guid":{"rendered":"https:\/\/globecore.dev\/products\/magnetic-mill.html"},"modified":"2024-02-16T06:47:22","modified_gmt":"2024-02-16T06:47:22","slug":"magnetic-mill","status":"publish","type":"page","link":"https:\/\/globecore.dev\/vi\/products\/magnetic-mill\/","title":{"rendered":"M\u00e1y Xay \u0110i\u1ec7n T\u1eeb"},"content":{"rendered":"<p><strong>M\u00e1<\/strong><strong>y <\/strong><strong>xay \u0111<\/strong><strong>i\u1ec7n <\/strong><strong>t\u1eeb <\/strong><strong>v\u1edbi <\/strong><strong>c\u00e1<\/strong><strong>c <\/strong><strong>nguy\u00ea<\/strong><strong>n <\/strong><strong>t\u1ed1 <\/strong><strong>s\u1eaft <\/strong><strong>t\u1eeb \u0111\u01b0<\/strong><strong>\u1ee3c <\/strong><strong>thi\u1ebft <\/strong><strong>k\u1ebf \u0111<\/strong><strong>\u1ec3 <\/strong><strong>t\u0103<\/strong><strong>ng <\/strong><strong>c\u01b0<\/strong><strong>\u1eddng <\/strong><strong>c\u00e1<\/strong><strong>c <\/strong><strong>qu\u00e1 <\/strong><strong>tr\u00ec<\/strong><strong>nh <\/strong><strong>l\u00fd <\/strong><strong>h\u00f3<\/strong><strong>a.<\/strong> Ph\u1ea3n \u1ee9ng kh\u1eed trong AVS ch\u1ec9 m\u1ea5t v\u00e0i ph\u1ea7n gi\u00e2y, gi\u00fap n\u00f3 c\u00f3 th\u1ec3 ch\u1ea1y qu\u00e1 tr\u00ecnh n\u00e0y li\u00ean t\u1ee5c v\u1edbi t\u1ed1c \u0111\u1ed9 cao. S\u1ef1 pha tr\u1ed9n m\u1ea1nh m\u1ebd c\u1ee7a thu\u1ed1c th\u1eed v\u00e0 \u1ea3nh h\u01b0\u1edfng c\u1ee7a tr\u01b0\u1eddng \u0111i\u1ec7n t\u1eeb, c\u0169ng nh\u01b0 s\u1ef1 ph\u00e2n t\u00e1n c\u1ee7a c\u00e1c h\u1ee3p ch\u1ea5t gi\u00fap c\u00e1c hydroxit kim lo\u1ea1i ph\u00e2n t\u00e1n t\u1ed1t h\u01a1n so v\u1edbi c\u00e1c thi\u1ebft b\u1ecb tr\u1ed9n c\u01a1. Th\u1eadt l\u1ea1 l\u00e0 khi t\u0103ng s\u1ef1 ph\u00e2n t\u00e1n c\u00e1c c\u1eb7n l\u1eafng th\u00ec kh\u00f4ng l\u00e0m ch\u1eadm qu\u00e1 tr\u00ecnh. Ng\u01b0\u1ee3c l\u1ea1i, s\u1ef1 l\u1eafng \u0111\u1ecdng c\u00e1c h\u1ea1t trong pha r\u1eafn c\u1ee7a m\u00e1y AVS x\u1ea3y ra nhanh h\u01a1n 1,5 &#8211; 2 l\u1ea7n so v\u1edbi c\u00e1c thi\u1ebft b\u1ecb tr\u1ed9n c\u01a1 h\u1ecdc.<\/p>\n<p>M\u00e1y c\u00f3 th\u1ec3 \u0111\u01b0\u1ee3c s\u1eed d\u1ee5ng hi\u1ec7u qu\u1ea3 trong:<\/p>\n<ul>\n<li>s\u1ea3n xu\u1ea5t nh\u0169 t\u01b0\u01a1ng \u0111a th\u00e0nh ph\u1ea7n v\u00e0 huy\u1ec1n ph\u00f9,<\/li>\n<li>t\u0103ng t\u1ed1c s\u1ea3n xu\u1ea5t h\u1ed7n h\u1ee3p ph\u00e2n t\u00e1n m\u1ecbn,<\/li>\n<li>k\u00edch ho\u1ea1t v\u1eadt li\u1ec7u \u1edf d\u1ea1ng kh\u00f4 v\u00e0 ph\u00e2n t\u00e1n trong n\u01b0\u1edbc,<\/li>\n<li>gi\u00fap c\u1ea3i thi\u1ec7n t\u00ednh ch\u1ea5t c\u1ee7a nh\u1ef1a v\u00e0 gi\u1ea3m th\u1eddi gian l\u01b0u h\u00f3a;<\/li>\n<li>\u0111\u1ec3 l\u00e0m s\u1ea1ch ho\u00e0n to\u00e0n n\u01b0\u1edbc th\u1ea3i c\u00f4ng nghi\u1ec7p t\u1eeb phenol, formaldehyd, kim lo\u1ea1i n\u1eb7ng, asen, xyanua,<\/li>\n<li>t\u0103ng t\u1ed1c x\u1eed l\u00fd nhi\u1ec7t,<\/li>\n<li>s\u1ea3n xu\u1ea5t nguy\u00ean li\u1ec7u protein t\u1eeb t\u1ebf b\u00e0o n\u1ea5m men;<\/li>\n<li>c\u1ea3i thi\u1ec7n s\u1ef1 \u1ed5n \u0111\u1ecbnh vi sinh c\u1ee7a th\u1ef1c ph\u1ea9m v\u00e0 k\u00edch ho\u1ea1t men trong s\u1ea3n xu\u1ea5t b\u00e1nh m\u00ec;<\/li>\n<li>c\u1ea3i ti\u1ebfn s\u1ea3n ph\u1ea9m th\u00f4 v\u00e0 c\u00e1c th\u00e0nh ph\u1ea9m t\u1eeb th\u1ecbt v\u00e0 c\u00e1;<\/li>\n<li>t\u0103ng c\u01b0\u1eddng c\u00e1c quy tr\u00ecnh chi\u1ebft xu\u1ea5t, nh\u01b0 l\u00e0 s\u1ea3n xu\u1ea5t n\u01b0\u1edbc d\u00f9ng, n\u01b0\u1edbc tr\u00e1i c\u00e2y, pectin, v.v.;<\/li>\n<li>s\u1ea3n xu\u1ea5t c\u00e1c huy\u1ec1n ph\u00f9 v\u00e0 nh\u0169 t\u01b0\u01a1ng t\u0103ng an to\u00e0n vi sinh trong s\u1ea3n xu\u1ea5t th\u1ef1c ph\u1ea9m m\u00e0 kh\u00f4ng s\u1eed d\u1ee5ng ch\u1ea5t \u1ed5n \u0111\u1ecbnh v\u00e0 t\u0103ng s\u1ea3n l\u01b0\u1ee3ng s\u1ea3n ph\u1ea9m s\u1ea3n xu\u1ea5t ra.<\/li>\n<\/ul>\n<h3><strong>M<\/strong><strong>\u00e1<\/strong><strong>y<\/strong> <strong>xay<\/strong> <strong>\u0111<\/strong><strong>i\u1ec7n<\/strong> <strong>t\u1eeb<\/strong><strong> AVS-100<\/strong><\/h3>\n<p><strong>T\u1ed1c \u0111<\/strong><strong>\u1ed9 <\/strong><strong>x\u1eed <\/strong><strong>l\u00fd, 12 m3\/gi\u1edd<\/strong> M\u00e1y xay n\u00e0y ho\u1ea1t \u0111\u1ed9ng theo nguy\u00ean t\u1eafc bi\u1ebfn \u0111\u1ed5i n\u0103ng l\u01b0\u1ee3ng c\u1ee7a tr\u01b0\u1eddng \u0111i\u1ec7n t\u1eeb th\u00e0nh c\u00e1c d\u1ea1ng n\u0103ng l\u01b0\u1ee3ng kh\u00e1c. M\u00e1y l\u00e0 m\u1ed9t bu\u1ed3ng (\u1ed1ng) c\u00f3 \u0111\u01b0\u1eddng k\u00ednh 90-136 mm, n\u1eb1m b\u00ean trong m\u1ed9t cu\u1ed9n c\u1ea3m tr\u01b0\u1eddng \u0111i\u1ec7n t\u1eeb quay. C\u00f3 c\u00e1c tr\u1ee5 s\u1eaft t\u1eeb \u0111\u01b0\u1eddng k\u00ednh 0,5 &#8211; 5 mm v\u00e0 chi\u1ec1u d\u00e0i 5 &#8211; 60 mm \u0111\u01b0\u1ee3c \u0111\u1eb7t trong khu v\u1ef1c ho\u1ea1t \u0111\u1ed9ng c\u1ee7a m\u00e1y, t\u1eeb v\u00e0i ch\u1ee5c \u0111\u1ebfn v\u00e0i tr\u0103m (0,05 &#8211; 5 kg), t\u00f9y thu\u1ed9c v\u00e0o th\u1ec3 t\u00edch c\u1ee7a v\u00f9ng ho\u1ea1t \u0111\u1ed9ng. Bu\u1ed3ng c\u00f3 th\u1ec3 \u0111\u01b0\u1ee3c thi\u1ebft k\u1ebf theo nhi\u1ec1u c\u00e1ch t\u00f9y theo y\u00eau c\u1ea7u c\u1ee7a c\u00e1c quy tr\u00ecnh trong bu\u1ed3ng.<\/p>\n<h3><strong>M<\/strong><strong>\u00e1<\/strong><strong>y<\/strong> <strong>xay<\/strong><strong> \u0111<\/strong><strong>i\u1ec7n<\/strong> <strong>t\u1eeb<\/strong><strong> AVS-150<\/strong><\/h3>\n<p><strong>T\u1ed1c \u0111<\/strong><strong>\u1ed9 <\/strong><strong>x\u1eed <\/strong><strong>l\u00fd, 30 m3\/gi\u1edd<\/strong> M\u1ee9c ti\u00eau th\u1ee5 n\u0103ng l\u01b0\u1ee3ng trong bu\u1ed3ng ch\u1ec9 \u0111\u01b0\u1ee3c x\u00e1c \u0111\u1ecbnh b\u1edfi c\u00e1ch thi\u1ebft k\u1ebf, v\u1eadt li\u1ec7u v\u00e0 \u0111\u1ed9 d\u00e0y c\u1ee7a c\u00e1c b\u1ee9c t\u01b0\u1eddng ch\u1ee9 kh\u00f4ng ph\u1ee5 thu\u1ed9c v\u00e0o c\u01b0\u1eddng \u0111\u1ed9 t\u1eeb tr\u01b0\u1eddng. \u0110\u1ec3 gi\u1ea3m ti\u00eau th\u1ee5 n\u0103ng l\u01b0\u1ee3ng, ch\u00fang t\u00f4i s\u1ea3n xu\u1ea5t bu\u1ed3ng t\u1eeb v\u1eadt li\u1ec7u kh\u00f4ng t\u1eeb t\u00ednh (th\u00e9p kh\u00f4ng g\u1ec9). Tr\u01b0\u1eddng \u0111i\u1ec7n t\u1eeb quay l\u00e0m cho c\u00e1c nguy\u00ean t\u1ed1 s\u1eaft t\u1eeb trong v\u00f9ng ho\u1ea1t \u0111\u1ed9ng di chuy\u1ec3n v\u00e0 t\u1ea1o ra \u201cl\u1edbp xo\u00e1y\u201d. C\u00e1c b\u1ed9 ph\u1eadn ch\u00ednh c\u1ee7a c\u00e1c m\u00e1y xay \u0111i\u1ec7n t\u1eeb v\u1edbi m\u1ed9t l\u1edbp xo\u00e1y g\u1ed3m: m\u1ed9t cu\u1ed9n c\u1ea3m tr\u01b0\u1eddng \u0111i\u1ec7n t\u1eeb quay k\u00e8m theo h\u1ec7 th\u1ed1ng l\u00e0m m\u00e1t, \u0111\u01b0\u1ee3c k\u1ebft n\u1ed1i v\u1edbi ba pha 380\/220V, cung c\u1ea5p \u0111i\u1ec7n 50Hz v\u00e0 bu\u1ed3ng v\u1eadn h\u00e0nh c\u00f3 ch\u1ee9a c\u00e1c nguy\u00ean t\u1ed1 s\u1eaft t\u1eeb.<\/p>\n","protected":false},"excerpt":{"rendered":"<p>M\u00e1y xay \u0111i\u1ec7n t\u1eeb v\u1edbi c\u00e1c nguy\u00ean t\u1ed1 s\u1eaft t\u1eeb \u0111\u01b0\u1ee3c thi\u1ebft k\u1ebf \u0111\u1ec3 t\u0103ng c\u01b0\u1eddng c\u00e1c qu\u00e1 tr\u00ecnh l\u00fd h\u00f3a. Ph\u1ea3n \u1ee9ng kh\u1eed trong AVS ch\u1ec9 m\u1ea5t v\u00e0i ph\u1ea7n gi\u00e2y, gi\u00fap n\u00f3 c\u00f3 th\u1ec3 ch\u1ea1y qu\u00e1 tr\u00ecnh n\u00e0y li\u00ean t\u1ee5c v\u1edbi t\u1ed1c \u0111\u1ed9 cao. S\u1ef1 pha tr\u1ed9n m\u1ea1nh m\u1ebd c\u1ee7a thu\u1ed1c th\u1eed v\u00e0 \u1ea3nh<a class=\"cg-read-more\" href=\"https:\/\/globecore.dev\/vi\/products\/magnetic-mill\/\" target=\"_blank\">Read More <\/a><\/p>\n","protected":false},"author":7,"featured_media":38243,"parent":22627,"menu_order":0,"comment_status":"closed","ping_status":"closed","template":"templates\/products-sidebar.php","meta":{"_acf_changed":false,"_bbp_topic_count":0,"_bbp_reply_count":0,"_bbp_total_topic_count":0,"_bbp_total_reply_count":0,"_bbp_voice_count":0,"_bbp_anonymous_reply_count":0,"_bbp_topic_count_hidden":0,"_bbp_reply_count_hidden":0,"_bbp_forum_subforum_count":0,"footnotes":""},"categories":[],"class_list":["post-23326","page","type-page","status-publish","has-post-thumbnail","hentry"],"acf":[],"language":"vi","_links":{"self":[{"href":"https:\/\/globecore.dev\/vi\/wp-json\/wp\/v2\/pages\/23326","targetHints":{"allow":["GET"]}}],"collection":[{"href":"https:\/\/globecore.dev\/vi\/wp-json\/wp\/v2\/pages"}],"about":[{"href":"https:\/\/globecore.dev\/vi\/wp-json\/wp\/v2\/types\/page"}],"author":[{"embeddable":true,"href":"https:\/\/globecore.dev\/vi\/wp-json\/wp\/v2\/users\/7"}],"replies":[{"embeddable":true,"href":"https:\/\/globecore.dev\/vi\/wp-json\/wp\/v2\/comments?post=23326"}],"version-history":[{"count":0,"href":"https:\/\/globecore.dev\/vi\/wp-json\/wp\/v2\/pages\/23326\/revisions"}],"up":[{"embeddable":true,"href":"https:\/\/globecore.dev\/vi\/wp-json\/wp\/v2\/pages\/22627"}],"wp:featuredmedia":[{"embeddable":true,"href":"https:\/\/globecore.dev\/vi\/wp-json\/wp\/v2\/media\/38243"}],"wp:attachment":[{"href":"https:\/\/globecore.dev\/vi\/wp-json\/wp\/v2\/media?parent=23326"}],"wp:term":[{"taxonomy":"category","embeddable":true,"href":"https:\/\/globecore.dev\/vi\/wp-json\/wp\/v2\/categories?post=23326"}],"curies":[{"name":"wp","href":"https:\/\/api.w.org\/{rel}","templated":true}]}}