{"id":22929,"date":"2018-04-12T08:23:24","date_gmt":"2018-04-12T08:23:24","guid":{"rendered":"https:\/\/globecore.dev\/products\/oil-processing-equipment\/accessories-and-options\/accessories.html"},"modified":"2019-06-27T11:47:37","modified_gmt":"2019-06-27T11:47:37","slug":"accessories","status":"publish","type":"page","link":"https:\/\/globecore.dev\/vi\/products\/accessories-and-options\/accessories\/","title":{"rendered":"PH\u1ee4 T\u00d9NG"},"content":{"rendered":"<table width=\"602\">\n<tbody>\n<tr>\n<td style=\"text-align: center;\" width=\"248\"><strong>M\u1ee5c<\/strong><\/td>\n<td style=\"text-align: center;\" width=\"107\"><strong>Ch\u1ec9 s\u1ed1<\/strong><\/td>\n<td style=\"text-align: center;\" width=\"152\"><strong>D\u00f9ng cho<\/strong><\/td>\n<td style=\"text-align: center;\" width=\"95\"><strong>H\u00ecnh \u1ea3nh<\/strong><\/td>\n<\/tr>\n<tr>\n<td width=\"248\">C\u1ea3m bi\u1ebfn \u0111\u1ed9 \u1ea9m d\u1ea7u kho\u00e1ng bi\u1ebfn \u00e1p Vaisala<\/td>\n<td width=\"107\">0\u2026100 ppm<\/td>\n<td width=\"152\">CMM-R, UVM, CMM, UVM 4\/7 FULL*<\/td>\n<td width=\"95\"><img loading=\"lazy\" decoding=\"async\" class=\"alignnone size-full wp-image-10463 lazyload\" src=\"data:image\/gif;base64,R0lGODlhAQABAAAAACH5BAEKAAEALAAAAAABAAEAAAICTAEAOw==\" alt=\"\" width=\"281\" height=\"138\" data-src=\"https:\/\/globecore.dev\/wp-content\/uploads\/2018\/04\/gc1.jpg\"><\/td>\n<\/tr>\n<tr>\n<td width=\"248\">C\u1ea3m bi\u1ebfn h\u1ea1t r\u1eafn d\u1ea7u bi\u1ebfn \u00e1p CS1320-A-0-0-0-1\/-000<\/td>\n<td width=\"107\">Theo ch\u1ec9 d\u1eabn ti\u00eau chu\u1ea9n tinh l\u1ecdc ISO 4406<\/td>\n<td width=\"152\">CMM-R, CMM, UVM, CFU<\/td>\n<td width=\"95\"><img loading=\"lazy\" decoding=\"async\" class=\"alignnone size-full wp-image-10464 lazyload\" src=\"data:image\/gif;base64,R0lGODlhAQABAAAAACH5BAEKAAEALAAAAAABAAEAAAICTAEAOw==\" alt=\"\" width=\"229\" height=\"215\" data-src=\"https:\/\/globecore.dev\/wp-content\/uploads\/2018\/04\/gc2.jpg\"><\/td>\n<\/tr>\n<tr>\n<td rowspan=\"4\" width=\"248\">\u0110\u1ed3ng h\u1ed3 d\u1ea7u c\u01a1 kh\u00ed 3209,58<\/td>\n<td width=\"107\">l\u00ean \u0111\u1ebfn 1000 l \/ gi\u1edd<\/td>\n<td width=\"152\">CMM-0,4, CMM-0,6, CMM 0,7, CMM-1, CFU-1<\/td>\n<td rowspan=\"4\" width=\"95\"><img loading=\"lazy\" decoding=\"async\" class=\"alignnone size-full wp-image-10465 lazyload\" src=\"data:image\/gif;base64,R0lGODlhAQABAAAAACH5BAEKAAEALAAAAAABAAEAAAICTAEAOw==\" alt=\"\" width=\"263\" height=\"198\" data-src=\"https:\/\/globecore.dev\/wp-content\/uploads\/2018\/04\/gc3.jpg\"><\/td>\n<\/tr>\n<tr>\n<td width=\"107\">l\u00ean \u0111\u1ebfn 4000 l \/ gi\u1edd<\/td>\n<td width=\"152\">UVM 4\/7 CMM-4, CMM 2,2, CFU-2<\/td>\n<\/tr>\n<tr>\n<td width=\"107\">l\u00ean \u0111\u1ebfn 6000 l \/ gi\u1edd<\/td>\n<td width=\"152\">UVM-6\/7, CMM-6<\/td>\n<\/tr>\n<tr>\n<td width=\"107\">l\u00ean \u0111\u1ebfn 15000 l\/gi\u1edd<\/td>\n<td width=\"152\">UVM-10\u0410, UVM-15\u0410<\/td>\n<\/tr>\n<tr>\n<td rowspan=\"4\" width=\"248\">\u0110\u1ed3ng h\u1ed3 \u0111o d\u1ea7u k\u1ef9 thu\u1eadt s\u1ed1 v\u1edbi kh\u1ea3 n\u0103ng hi\u1ec3n th\u1ecb d\u00f2ng ch\u1ea3y<\/td>\n<td width=\"107\">l\u00ean \u0111\u1ebfn 1000 l \/ gi\u1edd<\/td>\n<td width=\"152\">CMM-0,4, CMM-0,6, CMM-0,7, CMM-1, CFU-1<\/td>\n<td rowspan=\"4\" width=\"95\"><img loading=\"lazy\" decoding=\"async\" class=\"alignnone size-full wp-image-10466 lazyload\" src=\"data:image\/gif;base64,R0lGODlhAQABAAAAACH5BAEKAAEALAAAAAABAAEAAAICTAEAOw==\" alt=\"\" width=\"214\" height=\"208\" data-src=\"https:\/\/globecore.dev\/wp-content\/uploads\/2018\/04\/gc4.jpg\"><\/td>\n<\/tr>\n<tr>\n<td width=\"107\">l\u00ean \u0111\u1ebfn 4000 l \/ gi\u1edd<\/td>\n<td width=\"152\">UVM 4\/7, CMM-4, CMM2,2, CFU-2, UVM 4\/7 FULL*<\/td>\n<\/tr>\n<tr>\n<td width=\"107\">l\u00ean \u0111\u1ebfn 6000 l \/ gi\u1edd<\/td>\n<td width=\"152\">UVM-6\/7, CMM-6<\/td>\n<\/tr>\n<tr>\n<td width=\"107\">l\u00ean \u0111\u1ebfn 15000 l \/ gi\u1edd<\/td>\n<td width=\"152\">UVM-10\u0410, UVM-15\u0410<\/td>\n<\/tr>\n<tr>\n<td rowspan=\"3\" width=\"248\">Ch\u1ec9 s\u1ed1 d\u00f2ng ch\u1ea3y tr\u1ef1c quan<\/td>\n<td width=\"107\">Dn25<\/td>\n<td width=\"152\">CMM-0,4, CMM-0,6, CMM-0,7, CMM-1, CMM2,2, CMM-4, UVM 4\/7 FULL<\/td>\n<td rowspan=\"3\" width=\"95\"><img loading=\"lazy\" decoding=\"async\" class=\"alignnone size-full wp-image-10464 lazyload\" src=\"data:image\/gif;base64,R0lGODlhAQABAAAAACH5BAEKAAEALAAAAAABAAEAAAICTAEAOw==\" alt=\"\" width=\"229\" height=\"215\" data-src=\"https:\/\/globecore.dev\/wp-content\/uploads\/2018\/04\/gc2.jpg\"><\/td>\n<\/tr>\n<tr>\n<td width=\"107\">Dn32<\/td>\n<td width=\"152\">UVM-4\/7, UVM-6\/7, CMM-6<\/td>\n<\/tr>\n<tr>\n<td width=\"107\">Dn50<\/td>\n<td width=\"152\">UVM-10\u0410 , UVM-15\u0410<\/td>\n<\/tr>\n<tr>\n<td rowspan=\"7\" width=\"248\">B\u1ed9 ph\u1eadn l\u1ecdc<\/td>\n<td width=\"107\">25 micron<\/td>\n<td rowspan=\"6\" width=\"152\">CMM-\u0420, CMM, UVM, CFU, MCU, CP-260<\/td>\n<td rowspan=\"7\" width=\"95\"><img loading=\"lazy\" decoding=\"async\" class=\"alignnone size-full wp-image-10468 lazyload\" src=\"data:image\/gif;base64,R0lGODlhAQABAAAAACH5BAEKAAEALAAAAAABAAEAAAICTAEAOw==\" alt=\"\" width=\"278\" height=\"211\" data-src=\"https:\/\/globecore.dev\/wp-content\/uploads\/2018\/04\/gc6.jpg\"><\/td>\n<\/tr>\n<tr>\n<td width=\"107\">5 micron<\/td>\n<\/tr>\n<tr>\n<td width=\"107\">3 micron<\/td>\n<\/tr>\n<tr>\n<td width=\"107\">1 micron<\/td>\n<\/tr>\n<tr>\n<td width=\"107\">0.5\/\/0.3<\/td>\n<\/tr>\n<tr>\n<td width=\"107\">activator<\/td>\n<\/tr>\n<tr>\n<td width=\"107\">5 micron<\/td>\n<td width=\"152\">CMM 0,4, 25,00 CMM 0,6 nh\u1eb9<\/td>\n<\/tr>\n<tr>\n<td width=\"248\">H\u1ed9p l\u1ecdc ch\u1ea5t b\u1ea9n c\u00f4ng su\u1ea5t cao<\/td>\n<td width=\"107\"><\/td>\n<td width=\"152\">CFU -1,7, CFU \u2013 2, CFU \u2013 4, CMM-0,6<\/td>\n<td width=\"95\"><\/td>\n<\/tr>\n<tr>\n<td width=\"248\">C\u1ea3m bi\u1ebfn ch\u00e2n kh\u00f4ng Pirany cho thi\u1ebft b\u1ecb kh\u1eed kh\u00ed v\u00e0 th\u00e1o kh\u00ed -1 abs 0 bar abs. L\u1eafp s\u1eb5n\u00a0 VD64P230 (\u0111\u1ed3ng h\u1ed3 ch\u1ec9 th\u1ecb, b\u1ed9 \u0111i\u1ec1u khi\u1ec3n VD6S2230)<\/td>\n<td width=\"107\">-1\u20260 bar. Abs.<\/td>\n<td width=\"152\">Thi\u1ebft b\u1ecb th\u00e1o x\u1ea3 UVM, BV<\/td>\n<td width=\"95\"><img loading=\"lazy\" decoding=\"async\" class=\"alignnone size-full wp-image-10469 lazyload\" src=\"data:image\/gif;base64,R0lGODlhAQABAAAAACH5BAEKAAEALAAAAAABAAEAAAICTAEAOw==\" alt=\"\" width=\"267\" height=\"270\" data-src=\"https:\/\/globecore.dev\/wp-content\/uploads\/2018\/04\/gc7.jpg\"><\/td>\n<\/tr>\n<tr>\n<td rowspan=\"4\" width=\"248\">H\u1ec7 th\u1ed1ng gi\u00e1m s\u00e1t m\u1ee9c d\u1ea7u bi\u1ebfn \u00e1p TSS<\/td>\n<td width=\"107\">Dn25<\/td>\n<td width=\"152\">CMM-0,4, CMM-0,6, CMM -0,7, CMM-1, CMM-2,2<\/td>\n<td rowspan=\"4\" width=\"95\"><img loading=\"lazy\" decoding=\"async\" class=\"alignnone size-full wp-image-10470 lazyload\" src=\"data:image\/gif;base64,R0lGODlhAQABAAAAACH5BAEKAAEALAAAAAABAAEAAAICTAEAOw==\" alt=\"\" width=\"368\" height=\"282\" data-src=\"https:\/\/globecore.dev\/wp-content\/uploads\/2018\/04\/gc8.jpg\"><\/td>\n<\/tr>\n<tr>\n<td width=\"107\">DN25 cho c\u00e1c h\u1ec7 th\u1ed1ng ho\u00e0n to\u00e0n t\u1ef1 \u0111\u1ed9ng<\/td>\n<td width=\"152\">CMM -4, UVM 4\/7, UVM 4\/7 FULL*<\/td>\n<\/tr>\n<tr>\n<td width=\"107\">Dn40<\/td>\n<td width=\"152\">CMM-6, CMM-4, UVM-4\/7, UVM-6\/7<\/td>\n<\/tr>\n<tr>\n<td width=\"107\">DN40 cho c\u00e1c h\u1ec7 th\u1ed1ng ho\u00e0n to\u00e0n t\u1ef1 \u0111\u1ed9ng<\/td>\n<td width=\"152\">CMM-6, CMM-4, UVM-4\/7, UVM-6\/7<\/td>\n<\/tr>\n<tr>\n<td rowspan=\"6\" width=\"248\">V\u00f2i d\u1ea7u v\u00e0 v\u00f2i kh\u00f4ng kh\u00ed V\u00f2i kim lo\u1ea1i Ki\u1ec3u b\u1ec7n (gi\u00e1 m\u1ed7i 1 m\u00e9t)<\/td>\n<td width=\"107\">Dn 20<\/td>\n<td width=\"152\">CMM-0,4, CMM-0,6<\/td>\n<td rowspan=\"6\" width=\"95\"><img loading=\"lazy\" decoding=\"async\" class=\"alignnone size-full wp-image-10471 lazyload\" src=\"data:image\/gif;base64,R0lGODlhAQABAAAAACH5BAEKAAEALAAAAAABAAEAAAICTAEAOw==\" alt=\"\" width=\"363\" height=\"398\" data-src=\"https:\/\/globecore.dev\/wp-content\/uploads\/2018\/04\/gc9.jpg\"><\/td>\n<\/tr>\n<tr>\n<td width=\"107\">Dn 25<\/td>\n<td width=\"152\">CMM-1, CMM-2,2, CMM-4, CFU-4<\/td>\n<\/tr>\n<tr>\n<td width=\"107\">Dn 32<\/td>\n<td width=\"152\">If hose longer than 10 meters CMM-4_ CFU-4<\/td>\n<\/tr>\n<tr>\n<td width=\"107\">Dn 40<\/td>\n<td width=\"152\">CMM-4, UVM-4\/7, UVM-6\/7, CMM-6<\/td>\n<\/tr>\n<tr>\n<td width=\"107\">Dn 50<\/td>\n<td width=\"152\">UVM-10\u0410<\/td>\n<\/tr>\n<tr>\n<td width=\"107\">Dn 65<\/td>\n<td width=\"152\">UVM-15\u0410<\/td>\n<\/tr>\n<tr>\n<td rowspan=\"6\" width=\"248\">V\u00f2i d\u1ea7u cao su c\u1ed1t th\u00e9p V\u00f2i kim lo\u1ea1i HANSAFLEX (gi\u00e1 m\u1ed7i 10 m\u00e9t + 2 khay ch\u1ee9a, 2 kh\u1edbp v\u1eb7n)<\/td>\n<td width=\"107\">Dn20<\/td>\n<td width=\"152\">CMM-0,4, CMM-0,6<\/td>\n<td rowspan=\"6\" width=\"95\"><img loading=\"lazy\" decoding=\"async\" class=\"alignnone size-full wp-image-10475 lazyload\" src=\"data:image\/gif;base64,R0lGODlhAQABAAAAACH5BAEKAAEALAAAAAABAAEAAAICTAEAOw==\" alt=\"\" width=\"363\" height=\"331\" data-src=\"https:\/\/globecore.dev\/wp-content\/uploads\/2018\/04\/gc10.jpg\"><\/td>\n<\/tr>\n<tr>\n<td width=\"107\">Dn25<\/td>\n<td width=\"152\">CMM-1, CMM-2,2, CMM-4, CFU-4<\/td>\n<\/tr>\n<tr>\n<td width=\"107\">Dn32<\/td>\n<td width=\"152\">N\u1ebfu v\u00f2i d\u00e0i h\u01a1n 10 m\u00e9t CMM-4, CFU-4<\/td>\n<\/tr>\n<tr>\n<td width=\"107\">Dn40<\/td>\n<td width=\"152\">CMM-4, UVM-4\/7, UVM-6\/7, CMM-6 , UVM 4\/7 FULL*<\/td>\n<\/tr>\n<tr>\n<td width=\"107\">Dn50<\/td>\n<td width=\"152\">UVM-10\u0410<\/td>\n<\/tr>\n<tr>\n<td width=\"107\">Dn65<\/td>\n<td width=\"152\">UVM-15\u0410<\/td>\n<\/tr>\n<tr>\n<td rowspan=\"6\" width=\"248\">B\u1ed9 k\u1ebft n\u1ed1i kh\u1edbp n\u1ed1i nhanh v\u1edbi mi\u1ebfng b\u1ecdc v\u00e0 van ch\u1eb7n \u1ed1ng v\u1edbi m\u1ed7i b\u1ed9 M\u1ed9t van k\u1ebft n\u1ed1i v\u00e0 n\u1eafp b\u1ea3o v\u1ec7 \u0111\u01b0\u1ee3c l\u1eafp \u0111\u1eb7t \u1edf m\u1ed7i b\u00ean<\/p>\n<p>&nbsp;<\/td>\n<td width=\"107\">Dn20<\/td>\n<td width=\"152\">Cho \u1ed1ng Dn20<\/td>\n<td rowspan=\"5\" width=\"95\"><img loading=\"lazy\" decoding=\"async\" class=\"alignnone size-full wp-image-10476 lazyload\" src=\"data:image\/gif;base64,R0lGODlhAQABAAAAACH5BAEKAAEALAAAAAABAAEAAAICTAEAOw==\" alt=\"\" width=\"369\" height=\"433\" data-src=\"https:\/\/globecore.dev\/wp-content\/uploads\/2018\/04\/gc11.jpg\"><\/td>\n<\/tr>\n<tr>\n<td width=\"107\">Dn25<\/td>\n<td width=\"152\">Cho \u1ed1ng Dn25<\/td>\n<\/tr>\n<tr>\n<td width=\"107\">Dn32<\/td>\n<td width=\"152\">Cho \u1ed1ng Dn30<\/td>\n<\/tr>\n<tr>\n<td width=\"107\">Dn40<\/td>\n<td width=\"152\">Cho \u1ed1ng Dn40<\/p>\n<p>UVM 4\/7 FULL*<\/td>\n<\/tr>\n<tr>\n<td width=\"107\">Dn50<\/td>\n<td width=\"152\">Cho \u1ed1ng Dn50<\/td>\n<\/tr>\n<tr>\n<td width=\"107\">Dn65<\/td>\n<td width=\"152\">Cho \u1ed1ng Dn65<\/td>\n<td width=\"95\"><\/td>\n<\/tr>\n<tr>\n<td rowspan=\"3\" width=\"248\">C\u00e1p ngu\u1ed3n cho 380-400V 50Hz<\/td>\n<td width=\"107\">4 \u0445 2,5<\/td>\n<td width=\"152\">CFU-1, CFU-2, CFU-4<\/td>\n<td width=\"95\">32\u0410<\/td>\n<\/tr>\n<tr>\n<td width=\"107\">4 \u0445 4<\/td>\n<td width=\"152\">CMM-0,4, CMM-0,6, CMM-0,7<\/td>\n<td width=\"95\">32\u0410<\/td>\n<\/tr>\n<tr>\n<td width=\"107\">4 \u0445 16<\/td>\n<td width=\"152\">CMM-1, CMM-2,2, CMM-2,2D<\/td>\n<td width=\"95\">125\u0410<\/td>\n<\/tr>\n<tr>\n<td rowspan=\"7\" width=\"248\">\u1ed4 c\u1eafm k\u1ebft n\u1ed1i c\u00e1p + ph\u00edch c\u1eafm \u0111\u1ec3 k\u1ebft n\u1ed1i v\u1edbi thi\u1ebft b\u1ecb<\/td>\n<td width=\"107\">Cho c\u00e1p 4 \u0445 2.5<\/td>\n<td width=\"152\">CFU-1, CFU-2, CFU-4<\/td>\n<td rowspan=\"7\" width=\"95\"><img loading=\"lazy\" decoding=\"async\" class=\"alignnone size-full wp-image-10478 lazyload\" src=\"data:image\/gif;base64,R0lGODlhAQABAAAAACH5BAEKAAEALAAAAAABAAEAAAICTAEAOw==\" alt=\"\" width=\"365\" height=\"463\" data-src=\"https:\/\/globecore.dev\/wp-content\/uploads\/2018\/04\/gc12.jpg\"><\/td>\n<\/tr>\n<tr>\n<td width=\"107\">Cho c\u00e1p 4 \u0445 4<\/td>\n<td width=\"152\">CMM-0,4, CMM-0,6, CMM-0,7<\/td>\n<\/tr>\n<tr>\n<td width=\"107\">Cho c\u00e1p 4 \u0445 16<\/td>\n<td width=\"152\">CMM-1, CMM-2,2, CMM-2,2D<\/td>\n<\/tr>\n<tr>\n<td width=\"107\">Cho c\u00e1p 4 \u0445 35<\/td>\n<td width=\"152\">CMM-4, CMM-4D, UVM-4\/7<\/td>\n<\/tr>\n<tr>\n<td width=\"107\">Cho c\u00e1p 4 \u0445 95<\/td>\n<td width=\"152\">CMM-6, UVM-6\/7<\/td>\n<\/tr>\n<tr>\n<td width=\"107\">Cho c\u00e1p 4 \u0445 120<\/td>\n<td width=\"152\">UVM-10\u0410<\/td>\n<\/tr>\n<tr>\n<td width=\"107\">Cho c\u00e1p 4 \u0445 150<\/td>\n<td width=\"152\">UVM-15\u0410<\/td>\n<\/tr>\n<tr>\n<td rowspan=\"7\" width=\"248\">\u0110\u1ea7u n\u1ed1i \u0111\u1ec3 k\u1ebft n\u1ed1i c\u00e1p ngu\u1ed3n v\u1edbi ngu\u1ed3n \u0111i\u1ec7n + \u1ed5 c\u1eafm g\u1eafn t\u01b0\u1eddng \u0111\u1ec3 k\u1ebft n\u1ed1i c\u00e1p v\u1edbi thi\u1ebft b\u1ecb<\/td>\n<td width=\"107\">Cho c\u00e1p 4 \u0445 2.5<\/td>\n<td width=\"152\">CFU-1, CFU-2, CFU-4<\/td>\n<td rowspan=\"7\" width=\"95\"><img loading=\"lazy\" decoding=\"async\" class=\"alignnone size-full wp-image-10479 lazyload\" src=\"data:image\/gif;base64,R0lGODlhAQABAAAAACH5BAEKAAEALAAAAAABAAEAAAICTAEAOw==\" alt=\"\" width=\"347\" height=\"381\" data-src=\"https:\/\/globecore.dev\/wp-content\/uploads\/2018\/04\/gc13.jpg\"><\/td>\n<\/tr>\n<tr>\n<td width=\"107\">Cho c\u00e1p 4 \u0445 4<\/td>\n<td width=\"152\">CMM-0,4, CMM-0,6, CMM-0,7<\/td>\n<\/tr>\n<tr>\n<td width=\"107\">Cho c\u00e1p 4 \u0445 16<\/td>\n<td width=\"152\">CMM-1, CMM-2,2, CMM-2,2D<\/td>\n<\/tr>\n<tr>\n<td width=\"107\">Cho c\u00e1p 4 \u0445 35<\/td>\n<td width=\"152\">CMM-4, CMM-4D, UVM-4\/7<\/td>\n<\/tr>\n<tr>\n<td width=\"107\">Cho c\u00e1p 4 \u0445 95<\/td>\n<td width=\"152\">CMM-6, UVM-6\/7<\/td>\n<\/tr>\n<tr>\n<td width=\"107\">Cho c\u00e1p 4 \u0445 120<\/td>\n<td width=\"152\">UVM-10\u0410<\/td>\n<\/tr>\n<tr>\n<td width=\"107\">Cho c\u00e1p 4 \u0445 150<\/td>\n<td width=\"152\">UVM-15\u0410<\/td>\n<\/tr>\n<tr>\n<td width=\"248\">B\u1ea3ng \u0111i\u1ec1u khi\u1ec3n g\u1eafn v\u00f4n k\u1ebf ba pha k\u1ef9 thu\u1eadt s\u1ed1<\/td>\n<td width=\"107\"><\/td>\n<td width=\"152\">CMM, CMM-R, UVM<\/td>\n<td width=\"95\"><img loading=\"lazy\" decoding=\"async\" class=\"alignnone size-full wp-image-10481 lazyload\" src=\"data:image\/gif;base64,R0lGODlhAQABAAAAACH5BAEKAAEALAAAAAABAAEAAAICTAEAOw==\" alt=\"\" width=\"296\" height=\"182\" data-src=\"https:\/\/globecore.dev\/wp-content\/uploads\/2018\/04\/gc15.jpg\"><\/td>\n<\/tr>\n<tr>\n<td width=\"248\">B\u1ea3ng \u0111i\u1ec1u khi\u1ec3n g\u1eafn ba pha amp k\u1ef9 thu\u1eadt s\u1ed1<\/td>\n<td width=\"107\"><\/td>\n<td width=\"152\">CMM, CMM-R, UVM<\/td>\n<td width=\"95\"><img loading=\"lazy\" decoding=\"async\" class=\"alignnone size-full wp-image-10481 lazyload\" src=\"data:image\/gif;base64,R0lGODlhAQABAAAAACH5BAEKAAEALAAAAAABAAEAAAICTAEAOw==\" alt=\"\" width=\"296\" height=\"182\" data-src=\"https:\/\/globecore.dev\/wp-content\/uploads\/2018\/04\/gc15.jpg\"><\/td>\n<\/tr>\n<tr>\n<td width=\"248\">\u0110i\u1ec1u khi\u1ec3n t\u1ee7 \u0111i\u1ec1u h\u00f2a<\/td>\n<td width=\"107\"><\/td>\n<td width=\"152\">B\u1ea5t k\u1ef3 thi\u1ebft b\u1ecb ho\u1ea1t \u0111\u1ed9ng \u1edf nhi\u1ec7t \u0111\u1ed9 m\u00f4i tr\u01b0\u1eddng tr\u00ean 40oC<\/td>\n<td width=\"95\"><img loading=\"lazy\" decoding=\"async\" class=\"alignnone size-full wp-image-10483 lazyload\" src=\"data:image\/gif;base64,R0lGODlhAQABAAAAACH5BAEKAAEALAAAAAABAAEAAAICTAEAOw==\" alt=\"\" width=\"246\" height=\"277\" data-src=\"https:\/\/globecore.dev\/wp-content\/uploads\/2018\/04\/gc16.jpg\"><\/td>\n<\/tr>\n<tr>\n<td width=\"248\">T\u1ee7 \u0111i\u1ec1u khi\u1ec3n gia nhi\u1ec7t<\/td>\n<td width=\"107\"><\/td>\n<td width=\"152\">B\u1ea5t k\u1ef3 thi\u1ebft b\u1ecb ho\u1ea1t \u0111\u1ed9ng \u1edf nhi\u1ec7t \u0111\u1ed9 m\u00f4i tr\u01b0\u1eddng d\u01b0\u1edbi 5oC<\/td>\n<td width=\"95\"><img loading=\"lazy\" decoding=\"async\" class=\"alignnone size-full wp-image-10484 lazyload\" src=\"data:image\/gif;base64,R0lGODlhAQABAAAAACH5BAEKAAEALAAAAAABAAEAAAICTAEAOw==\" alt=\"\" width=\"289\" height=\"272\" data-src=\"https:\/\/globecore.dev\/wp-content\/uploads\/2018\/04\/gc17.jpg\"><\/td>\n<\/tr>\n<tr>\n<td width=\"248\">\u0110\u1ed9ng c\u01a1 gia nhi\u1ec7t cho kh\u1edfi \u0111\u1ed9ng l\u1ea1nh<\/td>\n<td width=\"107\">Qu\u1ea1t nhi\u1ec7t (2-3 kw) (5 kw)<\/td>\n<td width=\"152\">B\u1ea5t k\u1ef3 thi\u1ebft b\u1ecb ho\u1ea1t \u0111\u1ed9ng \u1edf nhi\u1ec7t \u0111\u1ed9 m\u00f4i tr\u01b0\u1eddng d\u01b0\u1edbi 5oC<\/td>\n<td width=\"95\"><img loading=\"lazy\" decoding=\"async\" class=\"alignnone size-full wp-image-10485 lazyload\" src=\"data:image\/gif;base64,R0lGODlhAQABAAAAACH5BAEKAAEALAAAAAABAAEAAAICTAEAOw==\" alt=\"\" width=\"327\" height=\"273\" data-src=\"https:\/\/globecore.dev\/wp-content\/uploads\/2018\/04\/gc18.jpg\"><\/td>\n<\/tr>\n<tr>\n<td rowspan=\"2\" width=\"248\">Cu\u1ed9n g\u1eafn m\u00f4 t\u01a1<\/td>\n<td width=\"107\">1300 mm \u0111\u01b0\u1eddng k\u00ednh<\/td>\n<td width=\"152\"><\/td>\n<td rowspan=\"2\" width=\"95\"><img loading=\"lazy\" decoding=\"async\" class=\"alignnone size-full wp-image-10486 lazyload\" src=\"data:image\/gif;base64,R0lGODlhAQABAAAAACH5BAEKAAEALAAAAAABAAEAAAICTAEAOw==\" alt=\"\" width=\"238\" height=\"274\" data-src=\"https:\/\/globecore.dev\/wp-content\/uploads\/2018\/04\/gc19.jpg\"><\/td>\n<\/tr>\n<tr>\n<td width=\"107\">700 mm \u0111\u01b0\u1eddng k\u00ednh<\/td>\n<td width=\"152\"><\/td>\n<\/tr>\n<tr>\n<td width=\"248\">Cu\u1ed9n c\u00e1p ho\u1eb7c \u1ed1ng<\/td>\n<td width=\"107\">500 mm \u0111\u01b0\u1eddng k\u00ednh<\/td>\n<td width=\"152\"><\/td>\n<td width=\"95\"><\/td>\n<\/tr>\n<tr>\n<td rowspan=\"3\" width=\"248\">C\u00e1p g\u1eafn m\u00f4 t\u00f4 ho\u1eb7c cu\u1ed9n \u1ed1ng<\/td>\n<td width=\"107\">1300 mm \u0111\u01b0\u1eddng k\u00ednh<\/td>\n<td width=\"152\"><\/td>\n<td rowspan=\"3\" width=\"95\"><img loading=\"lazy\" decoding=\"async\" class=\"alignnone size-full wp-image-10486 lazyload\" src=\"data:image\/gif;base64,R0lGODlhAQABAAAAACH5BAEKAAEALAAAAAABAAEAAAICTAEAOw==\" alt=\"\" width=\"238\" height=\"274\" data-src=\"https:\/\/globecore.dev\/wp-content\/uploads\/2018\/04\/gc19.jpg\"><\/td>\n<\/tr>\n<tr>\n<td width=\"107\">700 mm \u0111\u01b0\u1eddng k\u00ednh<\/td>\n<td width=\"152\"><\/td>\n<\/tr>\n<tr>\n<td width=\"107\">500 mm \u0111\u01b0\u1eddng k\u00ednh<\/td>\n<td width=\"152\"><\/td>\n<\/tr>\n<tr>\n<td width=\"248\">Container c\u00e1ch nhi\u1ec7t<\/td>\n<td width=\"107\">UVM-10\/10\u0422<\/td>\n<td width=\"152\"><\/td>\n<td width=\"95\"><img loading=\"lazy\" decoding=\"async\" class=\"alignnone size-full wp-image-10488 lazyload\" src=\"data:image\/gif;base64,R0lGODlhAQABAAAAACH5BAEKAAEALAAAAAABAAEAAAICTAEAOw==\" alt=\"\" width=\"365\" height=\"249\" data-src=\"https:\/\/globecore.dev\/wp-content\/uploads\/2018\/04\/gc21.jpg\"><\/td>\n<\/tr>\n<tr>\n<td rowspan=\"2\" width=\"248\">L\u1eafp \u0111\u1eb7t tr\u00ean b\u00e1nh xe<\/td>\n<td width=\"107\">L\u00ean l\u1edbi tr\u1ecdng t\u1ea3i 1000 kg<\/td>\n<td width=\"152\">CMM2,2D, CMM4D, UVM4\/7, UVM6\/7<\/td>\n<td rowspan=\"2\" width=\"95\"><\/td>\n<\/tr>\n<tr>\n<td width=\"107\">L\u00ean l\u1edbi tr\u1ecdng t\u1ea3i 2300 kg<\/td>\n<td width=\"152\">UVM10\u0410, UVM15\u0410<\/td>\n<\/tr>\n<tr>\n<td width=\"248\">M\u00e1y phun d\u1ea7u bi\u1ebfn \u00e1p n\u1ed9i b\u1ed9 Phun d\u1ea7u 3500<\/td>\n<td width=\"107\"><\/td>\n<td width=\"152\"><\/td>\n<td width=\"95\"><\/td>\n<\/tr>\n<tr>\n<td width=\"248\">M\u00e1y ph\u00e1t \u0111i\u1ec7n (kh\u00f4ng c\u00f3 t\u1ee7 ch\u1ee9a)<\/td>\n<td width=\"107\">UVM 6\/7<\/td>\n<td width=\"152\"><\/td>\n<td width=\"95\"><img loading=\"lazy\" decoding=\"async\" class=\"alignnone size-full wp-image-10489 lazyload\" src=\"data:image\/gif;base64,R0lGODlhAQABAAAAACH5BAEKAAEALAAAAAABAAEAAAICTAEAOw==\" alt=\"\" width=\"228\" height=\"265\" data-src=\"https:\/\/globecore.dev\/wp-content\/uploads\/2018\/04\/gc22.jpg\"><\/td>\n<\/tr>\n<tr>\n<td colspan=\"3\" width=\"507\">B\u1ed9 \u0111i\u1ec1u khi\u1ec3n<\/td>\n<td width=\"95\"><img loading=\"lazy\" decoding=\"async\" class=\"alignnone size-full wp-image-10490 lazyload\" src=\"data:image\/gif;base64,R0lGODlhAQABAAAAACH5BAEKAAEALAAAAAABAAEAAAICTAEAOw==\" alt=\"\" width=\"326\" height=\"273\" data-src=\"https:\/\/globecore.dev\/wp-content\/uploads\/2018\/04\/gc23.jpg\"><\/td>\n<\/tr>\n<tr>\n<td width=\"248\">Thi\u1ec3 b\u1ecb ch\u1ee9a \u1edf b\u1eb1ng th\u00e9p kh\u00f4ng g\u1ec9<\/td>\n<td width=\"107\"><\/td>\n<td width=\"152\"><\/td>\n<td width=\"95\"><img loading=\"lazy\" decoding=\"async\" class=\"alignnone size-full wp-image-10492 lazyload\" src=\"data:image\/gif;base64,R0lGODlhAQABAAAAACH5BAEKAAEALAAAAAABAAEAAAICTAEAOw==\" alt=\"\" width=\"359\" height=\"255\" data-src=\"https:\/\/globecore.dev\/wp-content\/uploads\/2018\/04\/gc24.jpg\"><\/td>\n<\/tr>\n<tr>\n<td width=\"248\">M\u00e0u t\u00f9y ch\u1ec9nh (th\u1eddi gian s\u1ea3n xu\u1ea5t c\u1ed9ng th\u00eam 15 ng\u00e0y)<\/td>\n<td width=\"107\"><\/td>\n<td width=\"152\"><\/td>\n<td width=\"95\"><\/td>\n<\/tr>\n<tr>\n<td width=\"248\">M\u00e0u t\u00f9y ch\u1ec9nh (th\u1eddi gian s\u1ea3n xu\u1ea5t c\u1ed9ng th\u00eam 15 ng\u00e0y)<\/td>\n<td width=\"107\">Coat \u2013 1975 280 micron<\/td>\n<td width=\"152\"><\/td>\n<td width=\"95\"><\/td>\n<\/tr>\n<tr>\n<td rowspan=\"2\" width=\"248\">Ph\u1ee7 k\u1ebdm n\u00f3ng<\/td>\n<td width=\"107\"><\/td>\n<td width=\"152\">UVM 4\/7, UVM 6\/7<\/td>\n<td rowspan=\"2\" width=\"95\"><img loading=\"lazy\" decoding=\"async\" class=\"alignnone size-full wp-image-10493 lazyload\" src=\"data:image\/gif;base64,R0lGODlhAQABAAAAACH5BAEKAAEALAAAAAABAAEAAAICTAEAOw==\" alt=\"\" width=\"188\" height=\"186\" data-src=\"https:\/\/globecore.dev\/wp-content\/uploads\/2018\/04\/gc25.jpg\"><\/td>\n<\/tr>\n<tr>\n<td width=\"107\"><\/td>\n<td width=\"152\">CMM 0,4, 1227,27 CMM 0,6<\/td>\n<\/tr>\n<tr>\n<td rowspan=\"3\" width=\"248\">Xe m\u00f3c<\/td>\n<td width=\"107\">Tr\u1ee5c \u0111\u01a1n 1,5 t\u1ea5n<\/td>\n<td rowspan=\"2\" width=\"152\">CMM<\/td>\n<td rowspan=\"3\" width=\"95\"><img loading=\"lazy\" decoding=\"async\" class=\"alignnone size-full wp-image-10494 lazyload\" src=\"data:image\/gif;base64,R0lGODlhAQABAAAAACH5BAEKAAEALAAAAAABAAEAAAICTAEAOw==\" alt=\"\" width=\"355\" height=\"260\" data-src=\"https:\/\/globecore.dev\/wp-content\/uploads\/2018\/04\/gc26.jpg\"><\/td>\n<\/tr>\n<tr>\n<td width=\"107\">Hai tr\u1ee5c 1,5 t\u1ea5n<\/td>\n<\/tr>\n<tr>\n<td width=\"107\">Hai tr\u1ee5c 3,5 t\u1ea5n<\/td>\n<td width=\"152\">UVM 4\/7, 6364 UVM 6\/7<\/td>\n<\/tr>\n<tr>\n<td colspan=\"3\" width=\"507\">\u1ed4 c\u1eafm 220v<\/td>\n<td width=\"95\"><\/td>\n<\/tr>\n<tr>\n<td rowspan=\"3\" width=\"248\">Bu\u1ed3ng ch\u1ee9a l\u01b0u tr\u1eef v\u00f2i m\u1edf r\u1ed9ng<\/td>\n<td width=\"107\"><\/td>\n<td width=\"152\">\u0110\u1ed1i v\u1edbi t\u1ea5t c\u1ea3 c\u00e1c thi\u1ebft b\u1ecb<\/td>\n<td rowspan=\"3\" width=\"95\"><\/td>\n<\/tr>\n<tr>\n<td width=\"107\"><\/td>\n<td width=\"152\">Cho UVM 6\/7 Light<\/td>\n<\/tr>\n<tr>\n<td width=\"107\"><\/td>\n<td width=\"152\">Cho UVM 6\/7 Cao c\u1ea5p<\/td>\n<\/tr>\n<tr>\n<td width=\"248\">C\u1ed9t ngh\u1ecbch \u0111\u1ea3o<\/td>\n<td width=\"107\"><\/td>\n<td width=\"152\">Cho \u0421\u041c\u041c R<\/td>\n<td width=\"95\"><\/td>\n<\/tr>\n<tr>\n<td width=\"248\">D\u1ea5u Viton<\/td>\n<td width=\"107\"><\/td>\n<td width=\"152\">For \u0421\u041c\u041c 0,6<\/td>\n<td width=\"95\"><\/td>\n<\/tr>\n<tr>\n<td width=\"248\">Chi ph\u00ed th\u00eam cho vi\u1ec7c t\u00f9y ch\u1ec9nh m\u00e0u<\/td>\n<td width=\"107\"><\/td>\n<td width=\"152\">For \u0421\u041c\u041c 0,6<\/td>\n<td width=\"95\"><\/td>\n<\/tr>\n<tr>\n<td width=\"248\">\u0110\u1ed3ng h\u1ed3 c\u01a1 t\u1eeb xa<\/td>\n<td width=\"107\"><\/td>\n<td width=\"152\">For \u0421\u041c\u041c 0,6<\/td>\n<td width=\"95\"><\/td>\n<\/tr>\n<tr>\n<td colspan=\"3\" width=\"507\">Th\u00e0nh ph\u1ea7n l\u1ecdc 5 micron<\/td>\n<td width=\"95\"><\/td>\n<\/tr>\n<tr>\n<td rowspan=\"3\" width=\"248\">Ng\u0103n kim lo\u1ea1i<\/td>\n<td width=\"107\">Nh\u1eb9<\/td>\n<td width=\"152\">UVM 4\/7, UVM 6\/7<\/td>\n<td rowspan=\"3\" width=\"95\"><\/td>\n<\/tr>\n<tr>\n<td width=\"107\">Th\u1ed1ng s\u1ed1 thi\u1ebft k\u1ebf PVC m\u1edbi<\/td>\n<td width=\"152\">UVM 4\/7, UVM 6\/7<\/td>\n<\/tr>\n<tr>\n<td width=\"107\">V\u1ecf th\u00e9p kh\u00f4ng r\u1ec9<\/td>\n<td width=\"152\">UVM 4\/7, UVM 6\/7, UVM 4\/7 FULL<\/td>\n<\/tr>\n<tr>\n<td rowspan=\"3\" width=\"248\">B\u01a1m ch\u00e2n kh\u00f4ng<\/td>\n<td width=\"107\">\u0421\u042010<\/td>\n<td width=\"152\"><\/td>\n<td rowspan=\"3\" width=\"95\"><\/td>\n<\/tr>\n<tr>\n<td width=\"107\">\u0421\u042030<\/td>\n<td width=\"152\"><\/td>\n<\/tr>\n<tr>\n<td width=\"107\">\u0421\u042040<\/td>\n<td width=\"152\"><\/td>\n<\/tr>\n<tr>\n<td width=\"248\">B\u01a1m ch\u00e2n kh\u00f4ng RVS \u2013 800<\/td>\n<td width=\"107\">V\u1edbi \u0111\u1ed9ng c\u01a1 \u0111i\u1ec7n 15 kW 380-660V 60Hz<\/td>\n<td width=\"152\"><\/td>\n<td width=\"95\"><\/td>\n<\/tr>\n<tr>\n<td rowspan=\"4\" width=\"248\">Kho\u1ea3ng gia nhi\u1ec7t<\/td>\n<td width=\"107\">50 kW<\/td>\n<td width=\"152\"><\/td>\n<td rowspan=\"4\" width=\"95\"><\/td>\n<\/tr>\n<tr>\n<td width=\"107\">70 kW<\/td>\n<td width=\"152\"><\/td>\n<\/tr>\n<tr>\n<td width=\"107\">100 kW<\/td>\n<td width=\"152\"><\/td>\n<\/tr>\n<tr>\n<td width=\"107\">150 kW<\/td>\n<td width=\"152\"><\/td>\n<\/tr>\n<\/tbody>\n<\/table>\n","protected":false},"excerpt":{"rendered":"<p>M\u1ee5c Ch\u1ec9 s\u1ed1 D\u00f9ng cho H\u00ecnh \u1ea3nh C\u1ea3m bi\u1ebfn \u0111\u1ed9 \u1ea9m d\u1ea7u kho\u00e1ng bi\u1ebfn \u00e1p Vaisala 0\u2026100 ppm CMM-R, UVM, CMM, UVM 4\/7 FULL* C\u1ea3m bi\u1ebfn h\u1ea1t r\u1eafn d\u1ea7u bi\u1ebfn \u00e1p CS1320-A-0-0-0-1\/-000 Theo ch\u1ec9 d\u1eabn ti\u00eau chu\u1ea9n tinh l\u1ecdc ISO 4406 CMM-R, CMM, UVM, CFU \u0110\u1ed3ng h\u1ed3 d\u1ea7u c\u01a1 kh\u00ed 3209,58 l\u00ean \u0111\u1ebfn 1000 l<a class=\"cg-read-more\" href=\"https:\/\/globecore.dev\/vi\/products\/accessories-and-options\/accessories\/\" target=\"_blank\">Read More <\/a><\/p>\n","protected":false},"author":1,"featured_media":53585,"parent":22926,"menu_order":0,"comment_status":"closed","ping_status":"closed","template":"templates\/single-product.php","meta":{"_acf_changed":false,"_bbp_topic_count":0,"_bbp_reply_count":0,"_bbp_total_topic_count":0,"_bbp_total_reply_count":0,"_bbp_voice_count":0,"_bbp_anonymous_reply_count":0,"_bbp_topic_count_hidden":0,"_bbp_reply_count_hidden":0,"_bbp_forum_subforum_count":0,"footnotes":""},"categories":[],"class_list":["post-22929","page","type-page","status-publish","has-post-thumbnail","hentry"],"acf":[],"language":"vi","_links":{"self":[{"href":"https:\/\/globecore.dev\/vi\/wp-json\/wp\/v2\/pages\/22929","targetHints":{"allow":["GET"]}}],"collection":[{"href":"https:\/\/globecore.dev\/vi\/wp-json\/wp\/v2\/pages"}],"about":[{"href":"https:\/\/globecore.dev\/vi\/wp-json\/wp\/v2\/types\/page"}],"author":[{"embeddable":true,"href":"https:\/\/globecore.dev\/vi\/wp-json\/wp\/v2\/users\/1"}],"replies":[{"embeddable":true,"href":"https:\/\/globecore.dev\/vi\/wp-json\/wp\/v2\/comments?post=22929"}],"version-history":[{"count":0,"href":"https:\/\/globecore.dev\/vi\/wp-json\/wp\/v2\/pages\/22929\/revisions"}],"up":[{"embeddable":true,"href":"https:\/\/globecore.dev\/vi\/wp-json\/wp\/v2\/pages\/22926"}],"wp:featuredmedia":[{"embeddable":true,"href":"https:\/\/globecore.dev\/vi\/wp-json\/wp\/v2\/media\/53585"}],"wp:attachment":[{"href":"https:\/\/globecore.dev\/vi\/wp-json\/wp\/v2\/media?parent=22929"}],"wp:term":[{"taxonomy":"category","embeddable":true,"href":"https:\/\/globecore.dev\/vi\/wp-json\/wp\/v2\/categories?post=22929"}],"curies":[{"name":"wp","href":"https:\/\/api.w.org\/{rel}","templated":true}]}}