{"id":22721,"date":"2016-04-01T07:28:13","date_gmt":"2016-04-01T07:28:13","guid":{"rendered":"https:\/\/globecore.dev\/products\/oil-processing-equipment\/degassing-thermal-vacuum-drying-oil.html"},"modified":"2024-12-04T09:21:56","modified_gmt":"2024-12-04T09:21:56","slug":"degassing-thermal-vacuum-drying-oil","status":"publish","type":"page","link":"https:\/\/globecore.dev\/vi\/products\/degassing-thermal-vacuum-drying-oil\/","title":{"rendered":"KH\u1eec KH\u00cd D\u1ea6U, S\u1ea4Y D\u1ea6U NHI\u1ec6T CH\u00c2N KH\u00d4NG"},"content":{"rendered":"<p style=\"text-align: justify;\"><strong><em>Kh\u1eed kh\u00ed d\u1ea7u<\/em><\/strong> C\u00f3 c\u00e1c thi\u1ebft b\u1ecb kh\u1eed kh\u00ed d\u1ea7u \u0111\u1eb7c bi\u1ec7t \u0111\u01b0\u1ee3c s\u1eed d\u1ee5ng \u0111\u1ec3 th\u1ef1c hi\u1ec7n ti\u1ebfn tr\u00ecnh kh\u1eed kh\u00ed v\u00e0 h\u00fat b\u1ee5i. Ph\u1ea7n ch\u00ednh c\u1ee7a thi\u1ebft b\u1ecb n\u00e0y l\u00e0 m\u1ed9t b\u1ed9 kh\u1eed kh\u00ed bao g\u1ed3m hai b\u1ec3. Ch\u00e2n kh\u00f4ng trong c\u00e1c b\u1ec3 \u0111\u01b0\u1ee3c t\u1ea1o ra b\u1edfi h\u1ec7 th\u1ed1ng b\u01a1m ch\u00e2n kh\u00f4ng. Qu\u00e1 tr\u00ecnh kh\u1eed d\u1ea7u di\u1ec5n ra khi d\u1ea7u ch\u1ea3y th\u00e0nh d\u00f2ng m\u1ecfng tr\u00ean b\u1ec1 m\u1eb7t c\u00e1c v\u00f2ng Raschig. <strong><em>S\u1ea5y d\u1ea7u nhi\u1ec7t ch\u00e2n kh\u00f4ng<\/em><\/strong> M\u00e1y \u0111\u01b0\u1ee3c l\u1eafp r\u00e1p tr\u00ean khung, h\u1ed7 tr\u1ee3 c\u00e1c b\u1ed9 ph\u1eadn c\u1ee7a thi\u1ebft b\u1ecb: b\u01a1m d\u1ea7u \u0111\u1ea7u v\u00e0o v\u00e0 \u0111\u1ea7u ra, t\u1ee7 \u0111i\u1ec1u khi\u1ec3n \u0111i\u1ec7n m\u00f4i, bu\u1ed3ng ch\u00e2n kh\u00f4ng, b\u1ed9 l\u1ecdc h\u1ed9p th\u00f4 v\u00e0 m\u1ecbn, b\u01a1m ch\u00e2n kh\u00f4ng v\u00e0 \u0111\u01b0\u1eddng \u1ed1ng c\u00f3 van. Thi\u1ebft b\u1ecb d\u1ea7u di \u0111\u1ed9ng CMM c\u00f3 th\u1ec3 \u0111\u01b0\u1ee3c s\u1eed d\u1ee5ng \u0111\u1ec3: (1) \u0111\u1ed1t n\u00f3ng thi\u1ebft b\u1ecb \u0111i\u1ec7n c\u00f3 ch\u1ee9a d\u1ea7u \u0111i\u1ec7n m\u00f4i c\u00e1ch \u0111i\u1ec7n b\u1eb1ng d\u1ea7u \u0111\u1ed1t; (2) \u0111\u1ec3 s\u1ea5y ch\u00e2n kh\u00f4ng m\u00e1y bi\u1ebfn \u00e1p; v\u00e0 (3) \u0111\u1ec3 h\u00fat b\u1ee5i. Thi\u1ebft b\u1ecb n\u00e0y ph\u00f9 h\u1ee3p nh\u1ea5t v\u1edbi c\u00e1c c\u01a1 s\u1edf l\u1eafp \u0111\u1eb7t, s\u1eeda ch\u1eefa v\u00e0 b\u1ea3o d\u01b0\u1ee1ng m\u00e1y bi\u1ebfn \u00e1p \u0111i\u1ec7n ng\u00e2m d\u1ea7u v\u00e0 c\u00e1c thi\u1ebft b\u1ecb \u0111i\u1ec7n ng\u00e2m d\u1ea7u kh\u00e1c.<\/p>\n","protected":false},"excerpt":{"rendered":"<p>Kh\u1eed kh\u00ed d\u1ea7u C\u00f3 c\u00e1c thi\u1ebft b\u1ecb kh\u1eed kh\u00ed d\u1ea7u \u0111\u1eb7c bi\u1ec7t \u0111\u01b0\u1ee3c s\u1eed d\u1ee5ng \u0111\u1ec3 th\u1ef1c hi\u1ec7n ti\u1ebfn tr\u00ecnh kh\u1eed kh\u00ed v\u00e0 h\u00fat b\u1ee5i. Ph\u1ea7n ch\u00ednh c\u1ee7a thi\u1ebft b\u1ecb n\u00e0y l\u00e0 m\u1ed9t b\u1ed9 kh\u1eed kh\u00ed bao g\u1ed3m hai b\u1ec3. Ch\u00e2n kh\u00f4ng trong c\u00e1c b\u1ec3 \u0111\u01b0\u1ee3c t\u1ea1o ra b\u1edfi h\u1ec7 th\u1ed1ng b\u01a1m ch\u00e2n kh\u00f4ng. Qu\u00e1<a class=\"cg-read-more\" href=\"https:\/\/globecore.dev\/vi\/products\/degassing-thermal-vacuum-drying-oil\/\" target=\"_blank\">Read More <\/a><\/p>\n","protected":false},"author":7,"featured_media":38315,"parent":22627,"menu_order":0,"comment_status":"closed","ping_status":"closed","template":"templates\/products-sidebar.php","meta":{"_acf_changed":false,"_bbp_topic_count":0,"_bbp_reply_count":0,"_bbp_total_topic_count":0,"_bbp_total_reply_count":0,"_bbp_voice_count":0,"_bbp_anonymous_reply_count":0,"_bbp_topic_count_hidden":0,"_bbp_reply_count_hidden":0,"_bbp_forum_subforum_count":0,"footnotes":""},"categories":[],"class_list":["post-22721","page","type-page","status-publish","has-post-thumbnail","hentry"],"acf":[],"language":"vi","_links":{"self":[{"href":"https:\/\/globecore.dev\/vi\/wp-json\/wp\/v2\/pages\/22721","targetHints":{"allow":["GET"]}}],"collection":[{"href":"https:\/\/globecore.dev\/vi\/wp-json\/wp\/v2\/pages"}],"about":[{"href":"https:\/\/globecore.dev\/vi\/wp-json\/wp\/v2\/types\/page"}],"author":[{"embeddable":true,"href":"https:\/\/globecore.dev\/vi\/wp-json\/wp\/v2\/users\/7"}],"replies":[{"embeddable":true,"href":"https:\/\/globecore.dev\/vi\/wp-json\/wp\/v2\/comments?post=22721"}],"version-history":[{"count":0,"href":"https:\/\/globecore.dev\/vi\/wp-json\/wp\/v2\/pages\/22721\/revisions"}],"up":[{"embeddable":true,"href":"https:\/\/globecore.dev\/vi\/wp-json\/wp\/v2\/pages\/22627"}],"wp:featuredmedia":[{"embeddable":true,"href":"https:\/\/globecore.dev\/vi\/wp-json\/wp\/v2\/media\/38315"}],"wp:attachment":[{"href":"https:\/\/globecore.dev\/vi\/wp-json\/wp\/v2\/media?parent=22721"}],"wp:term":[{"taxonomy":"category","embeddable":true,"href":"https:\/\/globecore.dev\/vi\/wp-json\/wp\/v2\/categories?post=22721"}],"curies":[{"name":"wp","href":"https:\/\/api.w.org\/{rel}","templated":true}]}}