{"id":22634,"date":"2017-07-31T12:06:31","date_gmt":"2017-07-31T12:06:31","guid":{"rendered":"https:\/\/globecore.dev\/products\/oil-processing-equipment\/oil-regeneration.html"},"modified":"2024-02-16T06:17:42","modified_gmt":"2024-02-16T06:17:42","slug":"oil-regeneration","status":"publish","type":"page","link":"https:\/\/globecore.dev\/vi\/products\/oil-regeneration\/","title":{"rendered":"T\u00c1I SINH D\u1ea6U"},"content":{"rendered":"<div id=\"pl-1604\" class=\"panel-layout\">\n<div id=\"pg-1604-1\" class=\"panel-grid panel-no-style\">\n<div id=\"pgc-1604-1-0\" class=\"panel-grid-cell\">\n<div id=\"panel-1604-1-0-0\" class=\"so-panel widget widget_sow-editor panel-first-child panel-last-child\">\n<div class=\"so-widget-sow-editor so-widget-sow-editor-base\">\n<div class=\"siteorigin-widget-tinymce textwidget\">\n<h2 style=\"text-align: center;\"><strong>T\u00c1I SINH D\u1ea6U M\u00c1Y BI\u1ebeN \u00c1P<\/strong><\/h2>\n<p style=\"text-align: justify;\">\u0110i\u1ec1u ki\u1ec7n c\u00e1ch \u0111i\u1ec7n gi\u1ea5y v\u00e0 m\u1ea1ch t\u1eeb c\u1ee7a m\u00e1y bi\u1ebfn \u00e1p l\u00e0 y\u1ebfu t\u1ed1 quy\u1ebft \u0111\u1ecbnh \u0111\u1ed9 d\u00e0i tu\u1ed5i th\u1ecd. Kh\u00f4ng c\u00f3 gi\u1edbi h\u1ea1n n\u00e0o \u00fd ngh\u0129a \u0111\u1ed1i v\u1edbi tu\u1ed5i th\u1ecd c\u1ee7a c\u00e1c ph\u1ea7n t\u1eed t\u1eeb t\u00ednh, nh\u01b0ng c\u00e1ch \u0111i\u1ec7n b\u1eb1ng gi\u1ea5y th\u00ec d\u1ec5 b\u1ecb \u00e9p c\u0103ng v\u00e0 hao m\u00f2n theo th\u1eddi gian; n\u00ean \u0111i\u1ec1u ki\u1ec7n c\u1ee7a c\u00e1ch \u0111i\u1ec7n b\u1eb1ng gi\u1ea5y l\u00e0 y\u1ebfu t\u1ed1 quan tr\u1ecdng nh\u1ea5t trong vi\u1ec7c s\u1eed d\u1ee5ng d\u00e0i l\u00e2u m\u00e1y bi\u1ebfn \u00e1p.Th\u00f4ng th\u01b0\u1eddng, c\u00e1ch \u0111i\u1ec7n b\u1eb1ng gi\u1ea5y c\u00f3 hi\u1ec7u qu\u1ea3 m\u1ed9t th\u1eddi gian d\u00e0i, nh\u01b0ng hi\u1ec7u qu\u1ea3 n\u00e0y c\u00f3 th\u1ec3 \u0111\u01b0\u1ee3c gi\u1ea3m \u0111i \u0111\u00e1ng k\u1ec3 b\u1edfi nhi\u1ec7t, oxy, n\u01b0\u1edbc v\u00e0 c\u00e1c s\u1ea3n ph\u1ea9m trong qu\u00e1 tr\u00ecnh oxy h\u00f3a d\u1ea7u bi\u1ebfn th\u1ebf. Nh\u1eefng t\u1ea1p ch\u1ea5t n\u00e0y t\u00edch l\u0169y v\u00e0o gi\u1ea5y c\u00e1ch \u0111i\u1ec7n theo th\u1eddi gian.<\/p>\n<p style=\"text-align: center;\"><strong>T\u00c1I SINH D\u1ea6U V\u00c0 S\u1ef0 L\u00c0M S\u1ea0CH GI\u1ea4Y C\u00c1CH \u0110I\u1ec6N <\/strong><\/p>\n<p style=\"text-align: justify;\">Nh\u01b0 \u0111\u00e3 \u0111\u1ec1 c\u1eadp \u1edf tr\u00ean, c\u00e1ch \u0111i\u1ec7n b\u1eb1ng gi\u1ea5y, thu ch\u1eb7n v\u00e0 t\u00edch l\u0169y c\u00e1c s\u1ea3n ph\u1ea9m d\u1ea7u bi\u1ebfn th\u1ec3 ng\u01b0ng k\u1ebft, ho\u1ea1t \u0111\u1ed9ng nh\u01b0 b\u1ed9 l\u1ecdc cho d\u1ea7u. Thay d\u1ea7u m\u00e1y bi\u1ebfn \u00e1p kh\u00f4ng ph\u1ea3i l\u00e0 gi\u1ea3i ph\u00e1p to\u00e0n di\u1ec7n: d\u00f9 cho m\u00e1y bi\u1ebfn \u00e1p \u0111\u01b0\u1ee3c \u0111\u1ed5 \u0111\u1ea7y d\u1ea7u m\u1edbi, c\u00e1c t\u1ea1p ch\u1ea5t t\u00edch l\u0169y t\u1eeb ch\u1ea5t c\u00e1ch ly cellulose s\u1ebd b\u1ecb r\u1eeda tr\u00f4i v\u00e0 tan v\u00e0o trong d\u1ea7u. Nh\u1eefng t\u1ea1p ch\u1ea5t n\u00e0y l\u00e0m t\u0103ng qu\u00e1 tr\u00ecnh oxy h\u00f3a d\u1ea7u, h\u00ecnh th\u00e0nh c\u00e1c c\u1eb7n m\u1edbi trong l\u1edbp c\u00e1ch \u0111i\u1ec7n gi\u1ea5y v\u00e0 chu tr\u00ecnh c\u1ee9 th\u1ebf \u0111\u01b0\u1ee3c l\u1eb7p l\u1ea1i nhi\u1ec1u l\u1ea7n. Do \u0111\u00f3 trong vi\u1ec7c k\u00e9o d\u00e0i tu\u1ed5i th\u1ecd m\u00e1y bi\u1ebfn \u00e1p, thay d\u1ea7u kh\u00f4ng ph\u1ea3i l\u00e0 gi\u1ea3i ph\u00e1p c\u00f3 \u00edch tri\u1ec7t \u0111\u1ec3. T\u01b0\u01a1ng t\u1ef1 nh\u01b0 qu\u00e1 tr\u00ecnh th\u00e1o d\u1ea7u ra kh\u1ecfi m\u00e1y bi\u1ebfn \u00e1p, t\u00e1i sinh d\u1ea7u v\u00e0 \u0111\u1ed5 l\u1ea1i v\u00e0o b\u1ed3n m\u00e1y bi\u1ebfn \u00e1p, k\u1ebft qu\u1ea3 thu \u0111\u01b0\u1ee3c \u0111\u01a1n gi\u1ea3n c\u0169ng gi\u1ed1ng nh\u01b0 vi\u1ec7c thay d\u1ea7u, ch\u1ec9 c\u00f3 l\u1ee3i \u00edch duy nh\u1ea5t l\u00e0 gi\u1ea3m thi\u1ec3u chi ph\u00ed ti\u1ebfn tr\u00ecnh. V\u1ea5n \u0111\u1ec1 c\u00f3 th\u1ec3 \u0111\u01b0\u1ee3c gi\u1ea3i quy\u1ebft, \u1edf m\u1ed9t m\u1ee9c \u0111\u1ed9, trong qu\u00e1 tr\u00ecnh \u0111\u1ea1i tu m\u00e1y bi\u1ebfn \u00e1p. R\u1eeda gi\u1ea5y b\u1eb1ng d\u1ea7u s\u1ea1ch c\u00f3 th\u1ec3 lo\u1ea1i b\u1ecf nhi\u1ec1u t\u1ea1p ch\u1ea5t; tuy nhi\u00ean, c\u00e1c s\u1ea3n ph\u1ea9m oxy h\u00f3a l\u1eafng \u0111\u1ecdng b\u00ean trong t\u1edd gi\u1ea5y v\u1eabn l\u00e0 v\u1ea5n \u0111\u1ec1 kh\u00f3 kh\u0103n n\u1ebfu kh\u00f4ng mu\u1ed1n n\u00f3i l\u00e0 g\u1ea7n nh\u01b0 b\u1ea5t kh\u1ea3 thi. S\u1eed d\u1ee5ng ch\u1ea5t t\u1ea9y r\u1eeda \u0111\u1eb7c bi\u1ec7t s\u1ebd c\u00f3 \u00edch trong tr\u01b0\u1eddng h\u1ee3p n\u00e0y, nh\u01b0ng bi\u1ec7n ph\u00e1p n\u00e0y t\u1ed1n chi ph\u00ed \u0111\u00e1ng k\u1ec3 c\u0169ng nh\u01b0 m\u1ea5t th\u1eddi gian. Th\u1eadt s\u1ef1 th\u00ec, s\u1eeda ch\u1eefa m\u00e1y bi\u1ebfn \u00e1p v\u00e0 r\u1eeda gi\u1ea5y c\u00e1ch \u0111i\u1ec7n t\u1ed1n chi ph\u00ed b\u1eb1ng m\u1ed9t ph\u1ea7n ba gi\u00e1 trung b\u00ecnh c\u1ee7a m\u00e1y bi\u1ebfn \u00e1p m\u1edbi<\/p>\n<h3 style=\"text-align: center;\"><strong>THI\u1ebeT B\u1eca T\u00c1I SINH D\u1ea6U <\/strong><\/h3>\n<p style=\"text-align: justify;\">M\u1ed9t ph\u01b0\u01a1ng ph\u00e1p gi\u1ea3i quy\u1ebft c\u00e1c v\u1ea5n \u0111\u1ec1 tr\u00ean m\u1ed9t c\u00e1ch ti\u1ebft ki\u1ec7m l\u00e0 c\u00e1c thi\u1ebft b\u1ecb t\u00e1i sinh d\u1ea7u <em><strong>GlobeCore<\/strong><\/em> CMM-R. M\u1ed9t trong nh\u1eefng \u0111i\u1ec3m kh\u00e1c bi\u1ec7t c\u1ee7a h\u1ec7 th\u1ed1ng hi\u1ec7u qu\u1ea3 cao n\u00e0y l\u00e0 kh\u1ea3 n\u0103ng x\u1eed l\u00fd d\u1ea7u trong m\u00e1y bi\u1ebfn \u00e1p \u0111\u00e3 v\u1eadn h\u00e0nh. Kh\u1ea3 n\u0103ng n\u00e0y c\u0169ng l\u00e0 gi\u1ea3i ph\u00e1p l\u00fd t\u01b0\u1edfng cho v\u1ea5n \u0111\u1ec1 x\u1eed l\u00fd gi\u1ea5y c\u00e1ch \u0111i\u1ec7n. Qu\u00e1 tr\u00ecnh v\u1eadn h\u00e0nh c\u1ee7a CMM-R b\u1eaft \u0111\u1ea7u b\u1eb1ng k\u1ebft n\u1ed1i v\u1edbi m\u00e1y bi\u1ebfn \u00e1p \u0111\u01b0\u1ee3c c\u1ea5p ngu\u1ed3n. D\u1ea7u t\u1eeb m\u00e1y bi\u1ebfn \u00e1p \u0111i v\u00e0o b\u1ed9 ph\u1eadn x\u1eed l\u00fd; c\u00e1c s\u1ea3n ph\u1ea9m oxy h\u00f3a \u0111\u01b0\u1ee3c lo\u1ea1i b\u1ecf kh\u1ecfi m\u00e1y bi\u1ebfn \u00e1p v\u1edbi d\u1ea7u, tr\u1ea3i qua c\u00e1c qu\u00e1 tr\u00ecnh t\u00e1i sinh v\u00e0 kh\u1eed kh\u00ed. Sau khi x\u1eed l\u00fd, d\u1ea7u quay tr\u1edf l\u1ea1i m\u00e1y bi\u1ebfn \u00e1p v\u00e0 quy tr\u00ecnh \u0111\u01b0\u1ee3c l\u1eb7p l\u1ea1i theo nhi\u1ec1u chu k\u1ef3; d\u1ea7u t\u00e1i sinh \u0111\u00e3 r\u1eeda s\u1ea1ch c\u00e1c ch\u1ea5t oxy h\u00f3a t\u1eeb gi\u1ea5y c\u00e1ch \u0111i\u1ec7n.Qu\u00e1 tr\u00ecnh l\u00e0m s\u1ea1ch n\u00e0y \u0111\u01b0\u1ee3c th\u00fac \u0111\u1ea9y b\u1edfi t\u1ed1c \u0111\u1ed9 l\u01b0u th\u00f4ng nhanh, nhi\u1ec7t v\u00e0 \u0111\u1ed9 rung c\u1ee7a m\u00e1y bi\u1ebfn \u00e1p \u0111ang v\u1eadn h\u00e0nh, khi c\u00e1c t\u1ea1p ch\u1ea5t \u00f4 nhi\u1ec5m \u0111\u01b0\u1ee3c gi\u1ea3i ph\u00f3ng t\u1eeb gi\u1ea5y v\u00e0o d\u1ea7u v\u00e0 \u0111\u01b0\u1ee3c h\u1ea5p th\u1ee5 b\u1edfi ch\u1ea5t h\u1ea5p ph\u1ee5 trong thi\u1ebft b\u1ecb khi d\u1ea7u \u0111\u01b0\u1ee3c t\u00e1i sinh v\u00e0 kh\u1eed kh\u00ed. Thi\u1ebft b\u1ecb n\u00e0y t\u1ea1o kh\u1ea3 n\u0103ng t\u00e1i sinh v\u00e0 tinh ch\u1ebf d\u1ea7u m\u00e1y bi\u1ebfn \u00e1p, \u0111\u1ed3ng th\u1eddi l\u00e0m s\u1ea1ch ph\u1ea7n l\u1edbn gi\u1ea5y c\u00e1ch \u0111i\u1ec7n. CMM-R c\u0169ng c\u00f3 nh\u1eefng \u01b0u \u0111i\u1ec3m sau:<\/p>\n<ul>\n<li style=\"text-align: justify;\">K\u00e9o d\u00e0i tu\u1ed5i th\u1ecd m\u00e1y bi\u1ebfn \u00e1p<\/li>\n<li style=\"text-align: justify;\">L\u00e0m s\u1ea1ch l\u1edbp c\u00e1ch ly cellulose, ng\u0103n ch\u1eb7n s\u1ef1 xu\u1ed1ng c\u1ea5p kh\u00f4ng th\u1ec3 ph\u1ee5c h\u1ed3i g\u00e2y ra b\u1edfi c\u00e1c ph\u1ebf ph\u1ea9m oxy h\u00f3a v\u00e0 c\u00e1c ch\u1ea5t g\u00e2y \u00f4 nhi\u1ec5m kh\u00e1c<\/li>\n<li style=\"text-align: justify;\">V\u1eadn h\u00e0nh c\u1ee7a c\u00e1c b\u1ed9 ph\u1eadn tr\u00ean m\u00e1y bi\u1ebfn \u00e1p di\u1ec5n ra li\u00ean t\u1ee5c<\/li>\n<li style=\"text-align: justify;\">Ch\u1ea5t h\u1ea5p ph\u1ee5 \u0111\u1ea5t s\u00e9t Fuller ch\u1ee9a trong thi\u1ebft b\u1ecb c\u00f3 th\u1ec3 \u0111\u01b0\u1ee3c t\u00e1i k\u00edch ho\u1ea1t v\u00e0 t\u00e1i s\u1eed d\u1ee5ng, lo\u1ea1i b\u1ecf c\u00e1c m\u1ed1i quan ng\u1ea1i v\u1ec1 m\u00f4i tr\u01b0\u1eddng<\/li>\n<li style=\"text-align: justify;\">Gi\u1ea3m thi\u1ec3u vi\u1ec7c th\u1ea5t tho\u00e1t d\u1ea7u trong ch\u1ea5t h\u1ea5p th\u1ee5 trong qu\u00e1 tr\u00ecnh t\u00e1i sinh<\/li>\n<li style=\"text-align: justify;\">\u0110\u1ed3ng th\u1eddi t\u00e1i sinh d\u1ea7u v\u00e0 gi\u1ea5y c\u00e1ch \u0111i\u1ec7n c\u00f9ng l\u00fac<\/li>\n<\/ul>\n<h3 style=\"text-align: center;\"><strong>D\u1ea6U M\u00c1Y BI\u1ebeN \u00c1P<\/strong><\/h3>\n<p style=\"text-align: justify;\">Ngo\u00e0i vi\u1ec7c b\u1ea3o v\u1ec7 gi\u1ea5y trong c\u00e1c th\u00e0nh ph\u1ea7n m\u00e1y bi\u1ebfn \u00e1p v\u00e0 c\u00e1ch \u0111i\u1ec7n, d\u1ea7u bi\u1ebfn \u00e1p c\u00f2n l\u00e0 ph\u01b0\u01a1ng ti\u1ec7n \u0111\u1ec3 t\u1ea3n nhi\u1ec7t trong m\u00e1y bi\u1ebfn \u00e1p, c\u00f4ng t\u1eafc \u0111i\u1ec7n cao th\u1ebf, c\u00e1p OF v\u00e0 t\u1ee5 \u0111i\u1ec7n. D\u1ea7u bi\u1ebfn \u00e1p l\u00e0 m\u1ed9t s\u1ea3n ph\u1ea9m c\u1ee7a qu\u00e1 tr\u00ecnh ch\u1ebf bi\u1ebfn d\u1ea7u th\u00f4 kho\u00e1ng s\u1ea3n. Do t\u00ednh ch\u1ea5t c\u1ee7a d\u1ea7u th\u00f4 thay \u0111\u1ed5i l\u1edbn theo t\u1eebng lo\u1ea1i c\u1ee5 th\u1ec3 (th\u00e0nh ph\u1ea7n h\u00f3a h\u1ecdc kh\u00e1c nhau) n\u00ean t\u00ednh ch\u1ea5t c\u1ee7a d\u1ea7u kho\u00e1ng bi\u1ebfn \u00e1p c\u0169ng t\u01b0\u01a1ng t\u1ef1 nh\u01b0 v\u1eady. B\u00ean trong m\u00e1y bi\u1ebfn \u00e1p, d\u1ea7u ph\u1ea3i tr\u1ea3i qua c\u00e1c qu\u00e1 tr\u00ecnh v\u00e0 v\u00e0 b\u1ecb t\u00e1c \u0111\u1ed9ng b\u1edfi s\u1ef1 oxy h\u00f3a v\u00e0 xu\u1ed1ng c\u1ea5p. Ch\u1ea5t l\u01b0\u1ee3ng v\u00e0 hi\u1ec7u su\u1ea5t c\u1ee7a d\u1ea7u gi\u1ea3m, l\u00e0m cho qu\u00e1 tr\u00ecnh oxy h\u00f3a d\u1ea7u tr\u1edf th\u00e0nh m\u1ed9t y\u1ebfu t\u1ed1 quan tr\u1ecdng \u0111\u1ed1i v\u1edbi t\u1ed5ng th\u1ec3 m\u00e1y bi\u1ebfn \u00e1p v\u00e0 to\u00e0n b\u1ed9 tu\u1ed5i th\u1ecd c\u1ee7a n\u00f3. <em>D\u1ea7u m\u00e1y bi\u1ebfn \u00e1p<\/em> c\u00f3 th\u1ec3 \u0111\u01b0\u1ee3c x\u1eed l\u00fd: t\u00e1i sinh v\u00e0 tinh ch\u1ebf \u0111\u1ec3 lo\u1ea1i b\u1ecf axit, n\u01b0\u1edbc, kh\u00ed, ch\u1ea5t d\u1ea1ng h\u1ea1t v\u00e0 c\u00e1c ch\u1ea5t g\u00e2y \u00f4 nhi\u1ec5m kh\u00e1c, ch\u1eb3ng h\u1ea1n nh\u01b0 nh\u1ef1a \u0111\u01b0\u1eddng, nh\u1ef1a, m\u1ed9t lo\u1ea1t g\u1ed1c hydrocarbon, l\u01b0u hu\u1ef3nh v\u00e0 h\u1ee3p ch\u1ea5t nit\u01a1, v.v. C\u00f3 nhi\u1ec1u ph\u01b0\u01a1ng ph\u00e1p x\u1eed l\u00fd d\u1ea7u m\u00e1y bi\u1ebfn \u00e1p, c\u00f3 th\u1ec3 t\u1ea1m chia th\u00e0nh c\u00e1c lo\u1ea1i sau: ph\u01b0\u01a1ng ph\u00e1p c\u01a1 h\u1ecdc, nhi\u1ec7t, v\u1eadt l\u00fd k\u1ebft h\u1ee3p h\u00f3a h\u1ecdc, v\u00e0 ph\u01b0\u01a1ng ph\u00e1p thu\u1ea7n h\u00f3a h\u1ecdc. Lo\u1ea1i th\u1ee9 hai \u0111\u1eaft ti\u1ec1n v\u00e0 \u0111\u00f2i h\u1ecfi c\u00e1c h\u1ec7 th\u1ed1ng ph\u1ee9c t\u1ea1p, ch\u1ec9 \u0111\u01b0\u1ee3c \u00e1p d\u1ee5ng n\u1ebfu nh\u1eefng ph\u01b0\u01a1ng ph\u00e1p \u0111\u01a1n gi\u1ea3n h\u01a1n kh\u00f4ng mang l\u1ea1i hi\u1ec7u qu\u1ea3 th\u1ecfa \u0111\u00e1ng. Quy tr\u00ecnh CMM-R t\u01b0\u01a1ng \u0111\u1ed1i \u0111\u01a1n gi\u1ea3n v\u00e0 hi\u1ec7u qu\u1ea3: t\u00ecnh tr\u1ea1ng c\u1ee7a d\u1ea7u \u0111\u01b0\u1ee3c x\u1eed l\u00fd t\u1ed1t nh\u01b0 m\u1edbi, ch\u1ea5t l\u01b0\u1ee3ng c\u1ee7a d\u1ea7u cho ra t\u01b0\u01a1ng \u1ee9ng v\u1edbi c\u00e1c quy \u0111\u1ecbnh c\u1ee7a ti\u00eau chu\u1ea9n IEC 60296. S\u1eed d\u1ee5ng h\u1ec7 th\u1ed1ng \u0111\u1ec3 gi\u1ea3i quy\u1ebft v\u1ea5n \u0111\u1ec1 l\u00e0m s\u1ea1ch l\u1edbp c\u00e1ch \u0111i\u1ec7n b\u1eb1ng gi\u1ea5y v\u00e0 d\u1ea7u gi\u00fap c\u1ea3i thi\u1ec7n ch\u1ea5t l\u01b0\u1ee3ng c\u00e1ch \u0111i\u1ec7n c\u1ee7a m\u00e1y bi\u1ebfn \u00e1p, t\u0103ng kh\u1ea3 n\u0103ng ho\u1ea1t \u0111\u1ed9ng, ti\u1ebft ki\u1ec7m chi ph\u00ed s\u1eeda ch\u1eefa h\u1ecfng h\u00f3c b\u1ea5t ng\u1edd v\u00e0 k\u00e9o d\u00e0i th\u1eddi gian xu\u1ed1ng c\u1ea5p c\u1ee7a thi\u1ebft b\u1ecb.<\/p>\n<p style=\"text-align: justify;\">Sau khi x\u1eed l\u00fd d\u1ea7u m\u00e1y bi\u1ebfn \u00e1p t\u1ea1i c\u00e1c nh\u00e0 m\u00e1y <em><strong>GlobeCore<\/strong> <\/em>\u0421MM-R, c\u00e1c th\u00f4ng s\u1ed1 ph\u1ea3i tu\u00e2n th\u1ee7 \u0111\u1ea7y \u0111\u1ee7 c\u00e1c y\u00eau c\u1ea7u c\u1ee7a ti\u00eau chu\u1ea9n qu\u1ed1c t\u1ebf IEC 60296.<\/p>\n<h2 style=\"text-align: center;\"><strong>H\u1ec6 TH\u1ed0NG T\u00c1I SINH GLOBECORE<\/strong><\/h2>\n<p style=\"text-align: justify;\">C\u00e1c v\u1ea5n \u0111\u1ec1 m\u00f4i tr\u01b0\u1eddng \u0111ang tr\u1edf th\u00e0nh m\u1ed1i quan t\u00e2m c\u1ea5p b\u00e1ch h\u01a1n bao gi\u1edd h\u1ebft \u0111\u1ed1i v\u1edbi c\u00f4ng nghi\u1ec7p ch\u1ebf bi\u1ebfn, c\u00f3 th\u1ec3 th\u1ea5y \u1edf vi\u1ec7c nh\u01b0 c\u00e1c nh\u00e0 \u0111\u1ea7u t\u01b0 th\u01b0\u1eddng c\u00f3 xu h\u01b0\u1edbng tham gia v\u00e0o c\u00e1c d\u1ef1 \u00e1n s\u1ea3n xu\u1ea5t \u2018xanh\u2019 v\u00e0 c\u00e1c ph\u01b0\u01a1ng ph\u00e1p ti\u1ebfp c\u1eadn th\u00e2n thi\u1ec7n v\u1edbi m\u00f4i tr\u01b0\u1eddng. Thi\u1ebft b\u1ecb CMM-R \u0111\u01b0\u1ee3c ch\u1ebf t\u1ea1o ph\u00f9 h\u1ee3p v\u1edbi gi\u00e1 tr\u1ecb c\u1ed1t l\u00f5i m\u00f4i tr\u01b0\u1eddng, b\u1edfi v\u00ec n\u00f3 c\u00f3 kh\u1ea3 n\u0103ng t\u00e1i k\u00edch ho\u1ea1t l\u1ea1i ch\u1ea5t h\u1ea5p ph\u1ee5 \u0111\u01b0\u1ee3c s\u1eed d\u1ee5ng trong qu\u00e1 tr\u00ecnh t\u00e1i sinh d\u1ea7u nhi\u1ec1u l\u1ea7n, tr\u01b0\u1edbc khi ch\u00ednh n\u00f3 c\u1ea1n ki\u1ec7t v\u00e0 b\u1ecb lo\u1ea1i b\u1ecf &#8211; nh\u01b0 m\u1ed9t ch\u1ea5t th\u1ea3i kho\u00e1ng s\u1ea1ch. T\u1ea5t nhi\u00ean, vi\u1ec7c t\u00e1i k\u00edch ho\u1ea1t c\u0169ng gi\u00fap ti\u1ebft ki\u1ec7m chi ph\u00ed, v\u00ec kh\u00f4ng ph\u1ea3i chi cho vi\u1ec7c mua ch\u1ea5t h\u1ea5p th\u1ee5 m\u1edbi m\u1ed7i khi n\u00f3 b\u00e3o h\u00f2a, c\u0169ng nh\u01b0 l\u1ee3i \u00edch lo\u1ea1i b\u1ecf nhu c\u1ea7u mua d\u1ea7u thay th\u1ebf m\u1edbi.Tu\u1ed5i th\u1ecd c\u1ee7a m\u00e1y bi\u1ebfn \u00e1p s\u1ebd t\u0103ng l\u00ean <strong>\u0111\u00e1ng k\u1ec3 t\u1eeb 20 \u0111\u1ebfn 30 n\u0103m<\/strong>, \u0111i\u1ec1u n\u00e0y gi\u00fap c\u1ea3i thi\u1ec7n h\u01a1n n\u1eefa <em>t\u01b0\u01a1ng quan c\u00e2n b\u1eb1ng m\u00f4i tr\u01b0\u1eddng c\u1ee7a c\u00f4ng ngh\u1ec7<\/em>. GlobeCore l\u00e0 nh\u00e0 s\u1ea3n xu\u1ea5t c\u00e1c h\u1ec7 th\u1ed1ng t\u00e1i sinh d\u1ea7u ph\u00f9 h\u1ee3p v\u1edbi nhu c\u1ea7u c\u1ee7a c\u00e1c nh\u00e0 v\u1eadn h\u00e0nh m\u00e1y bi\u1ebfn \u00e1p, ph\u1ee5c v\u1ee5\u00a0 doanh nghi\u1ec7p v\u00e0 nh\u00e0 s\u1ea3n xu\u1ea5t. Ph\u1ea1m vi s\u1ea3n ph\u1ea9m c\u1ee7a c\u00f4ng ty bao g\u1ed3m c\u00e1c gi\u1ea3i ph\u00e1p <em>thanh l\u1ecdc m\u00e1y bi\u1ebfn \u00e1p<\/em>, tuabin, c\u00f4ng nghi\u1ec7p v\u00e0 c\u00e1c lo\u1ea1i d\u1ea7u kh\u00e1c v\u1edbi c\u00e1c nh\u00e0 m\u00e1y t\u00e1i ch\u1ebf d\u1ea7u th\u1ef1c t\u1ebf, hi\u1ec7u su\u1ea5t cao v\u00e0 th\u1ef1c t\u1ebf. C\u00e1c s\u1ea3n ph\u1ea9m c\u1ee7a c\u00f4ng ty v\u1eadn h\u00e0nh m\u00e0 kh\u00f4ng th\u1ea3i kh\u00ed \u0111\u1ed9c h\u1ea1i v\u1edbi m\u00f4i tr\u01b0\u1eddng, c\u00f3 hi\u1ec7u qu\u1ea3 n\u0103ng l\u01b0\u1ee3ng gi\u00fap gi\u1ea3m chi ph\u00ed v\u1eadn h\u00e0nh.<\/p>\n<h2 style=\"text-align: center;\">NH\u00c0 S\u1ea2N XU\u1ea4T<\/h2>\n<p><img loading=\"lazy\" decoding=\"async\" class=\"alignnone size-full wp-image-3841 lazyload\" src=\"data:image\/gif;base64,R0lGODlhAQABAAAAACH5BAEKAAEALAAAAAABAAEAAAICTAEAOw==\" alt=\"Globecore oil regeneration offices\" width=\"1200\" height=\"1239\" sizes=\"auto, (max-width: 1200px) 100vw, 1200px\" data-src=\"https:\/\/globecore.dev\/wp-content\/uploads\/2016\/03\/oil-regeneration-1.jpg\" data-srcset=\"https:\/\/globecore.dev\/wp-content\/uploads\/2016\/03\/oil-regeneration-1.jpg 1200w, https:\/\/globecore.dev\/wp-content\/uploads\/2016\/03\/oil-regeneration-1-581x600.jpg 581w, https:\/\/globecore.dev\/wp-content\/uploads\/2016\/03\/oil-regeneration-1-1162x1200.jpg 1162w\"><\/p>\n<\/div>\n<\/div>\n<\/div>\n<\/div>\n<\/div>\n<\/div>\n","protected":false},"excerpt":{"rendered":"<p>T\u00c1I SINH D\u1ea6U M\u00c1Y BI\u1ebeN \u00c1P \u0110i\u1ec1u ki\u1ec7n c\u00e1ch \u0111i\u1ec7n gi\u1ea5y v\u00e0 m\u1ea1ch t\u1eeb c\u1ee7a m\u00e1y bi\u1ebfn \u00e1p l\u00e0 y\u1ebfu t\u1ed1 quy\u1ebft \u0111\u1ecbnh \u0111\u1ed9 d\u00e0i tu\u1ed5i th\u1ecd. Kh\u00f4ng c\u00f3 gi\u1edbi h\u1ea1n n\u00e0o \u00fd ngh\u0129a \u0111\u1ed1i v\u1edbi tu\u1ed5i th\u1ecd c\u1ee7a c\u00e1c ph\u1ea7n t\u1eed t\u1eeb t\u00ednh, nh\u01b0ng c\u00e1ch \u0111i\u1ec7n b\u1eb1ng gi\u1ea5y th\u00ec d\u1ec5 b\u1ecb \u00e9p c\u0103ng v\u00e0<a class=\"cg-read-more\" href=\"https:\/\/globecore.dev\/vi\/products\/oil-regeneration\/\" target=\"_blank\">Read More <\/a><\/p>\n","protected":false},"author":1,"featured_media":58789,"parent":22627,"menu_order":0,"comment_status":"closed","ping_status":"closed","template":"templates\/products-sidebar.php","meta":{"_acf_changed":false,"_bbp_topic_count":0,"_bbp_reply_count":0,"_bbp_total_topic_count":0,"_bbp_total_reply_count":0,"_bbp_voice_count":0,"_bbp_anonymous_reply_count":0,"_bbp_topic_count_hidden":0,"_bbp_reply_count_hidden":0,"_bbp_forum_subforum_count":0,"footnotes":""},"categories":[],"class_list":["post-22634","page","type-page","status-publish","has-post-thumbnail","hentry"],"acf":[],"language":"vi","_links":{"self":[{"href":"https:\/\/globecore.dev\/vi\/wp-json\/wp\/v2\/pages\/22634","targetHints":{"allow":["GET"]}}],"collection":[{"href":"https:\/\/globecore.dev\/vi\/wp-json\/wp\/v2\/pages"}],"about":[{"href":"https:\/\/globecore.dev\/vi\/wp-json\/wp\/v2\/types\/page"}],"author":[{"embeddable":true,"href":"https:\/\/globecore.dev\/vi\/wp-json\/wp\/v2\/users\/1"}],"replies":[{"embeddable":true,"href":"https:\/\/globecore.dev\/vi\/wp-json\/wp\/v2\/comments?post=22634"}],"version-history":[{"count":0,"href":"https:\/\/globecore.dev\/vi\/wp-json\/wp\/v2\/pages\/22634\/revisions"}],"up":[{"embeddable":true,"href":"https:\/\/globecore.dev\/vi\/wp-json\/wp\/v2\/pages\/22627"}],"wp:featuredmedia":[{"embeddable":true,"href":"https:\/\/globecore.dev\/vi\/wp-json\/wp\/v2\/media\/58789"}],"wp:attachment":[{"href":"https:\/\/globecore.dev\/vi\/wp-json\/wp\/v2\/media?parent=22634"}],"wp:term":[{"taxonomy":"category","embeddable":true,"href":"https:\/\/globecore.dev\/vi\/wp-json\/wp\/v2\/categories?post=22634"}],"curies":[{"name":"wp","href":"https:\/\/api.w.org\/{rel}","templated":true}]}}