{"id":22631,"date":"2016-03-31T12:20:45","date_gmt":"2016-03-31T12:20:45","guid":{"rendered":"https:\/\/globecore.dev\/products\/oil-processing-equipment.html"},"modified":"2024-12-24T12:51:49","modified_gmt":"2024-12-24T12:51:49","slug":"oil-processing-equipment","status":"publish","type":"page","link":"https:\/\/globecore.dev\/vi\/products\/oil-processing-equipment\/","title":{"rendered":"THI\u1ebeT B\u1eca X\u1eec L\u00dd D\u1ea6U KHO\u00c1NG"},"content":{"rendered":"<p style=\"text-align: justify;\">Thi\u1ebft b\u1ecb <em><strong>GlobeCore<\/strong><\/em> l\u00e0m s\u1ea1ch d\u1ea7u m\u00e1y bi\u1ebfn \u00e1p, lo\u1ea1i b\u1ecf c\u00e1c t\u1ea1p ch\u1ea5t c\u01a1 h\u1ecdc, n\u01b0\u1edbc v\u00e0 kh\u00ed;\u00a0 thi\u1ebft b\u1ecb n\u00e0y c\u0169ng kh\u00f4i ph\u1ee5c c\u00e1c thu\u1ed9c t\u00ednh ban \u0111\u1ea7u c\u1ee7a m\u00e1y v\u00e0 c\u00e1c th\u00f4ng s\u1ed1 quan tr\u1ecdng cho ph\u00e9p vi\u1ec7c v\u1eadn h\u00e0nh m\u00e1y bi\u1ebfn \u00e1p kh\u00f4ng g\u1eb7p s\u1ef1 c\u1ed1. K\u1ebft qu\u1ea3 n\u00e0y \u0111\u1ea1t \u0111\u01b0\u1ee3c nh\u1edd \u00e1p d\u1ee5ng \u0111\u1ed3ng th\u1eddi c\u00f4ng ngh\u1ec7 c\u1ed5 \u0111i\u1ec3n v\u00e0 hi\u1ec7n \u0111\u1ea1i: t\u00e1c \u0111\u1ed9ng c\u1ee7a nhi\u1ec7t \u0111\u1ed9 v\u00e0 ch\u00e2n kh\u00f4ng, x\u1eed l\u00fd b\u1eb1ng ch\u1ea5t h\u1ea5p ph\u1ee5, l\u1ecdc vi ch\u00e2n kh\u00f4ng, v.v.<\/p>\n","protected":false},"excerpt":{"rendered":"<p>Thi\u1ebft b\u1ecb GlobeCore l\u00e0m s\u1ea1ch d\u1ea7u m\u00e1y bi\u1ebfn \u00e1p, lo\u1ea1i b\u1ecf c\u00e1c t\u1ea1p ch\u1ea5t c\u01a1 h\u1ecdc, n\u01b0\u1edbc v\u00e0 kh\u00ed;\u00a0 thi\u1ebft b\u1ecb n\u00e0y c\u0169ng kh\u00f4i ph\u1ee5c c\u00e1c thu\u1ed9c t\u00ednh ban \u0111\u1ea7u c\u1ee7a m\u00e1y v\u00e0 c\u00e1c th\u00f4ng s\u1ed1 quan tr\u1ecdng cho ph\u00e9p vi\u1ec7c v\u1eadn h\u00e0nh m\u00e1y bi\u1ebfn \u00e1p kh\u00f4ng g\u1eb7p s\u1ef1 c\u1ed1. K\u1ebft qu\u1ea3 n\u00e0y \u0111\u1ea1t \u0111\u01b0\u1ee3c<a class=\"cg-read-more\" href=\"https:\/\/globecore.dev\/vi\/products\/oil-processing-equipment\/\" target=\"_blank\">Read More <\/a><\/p>\n","protected":false},"author":7,"featured_media":0,"parent":22627,"menu_order":0,"comment_status":"closed","ping_status":"closed","template":"templates\/products-sidebar.php","meta":{"_acf_changed":false,"_bbp_topic_count":0,"_bbp_reply_count":0,"_bbp_total_topic_count":0,"_bbp_total_reply_count":0,"_bbp_voice_count":0,"_bbp_anonymous_reply_count":0,"_bbp_topic_count_hidden":0,"_bbp_reply_count_hidden":0,"_bbp_forum_subforum_count":0,"footnotes":""},"categories":[],"class_list":["post-22631","page","type-page","status-publish","hentry"],"acf":[],"language":"vi","_links":{"self":[{"href":"https:\/\/globecore.dev\/vi\/wp-json\/wp\/v2\/pages\/22631","targetHints":{"allow":["GET"]}}],"collection":[{"href":"https:\/\/globecore.dev\/vi\/wp-json\/wp\/v2\/pages"}],"about":[{"href":"https:\/\/globecore.dev\/vi\/wp-json\/wp\/v2\/types\/page"}],"author":[{"embeddable":true,"href":"https:\/\/globecore.dev\/vi\/wp-json\/wp\/v2\/users\/7"}],"replies":[{"embeddable":true,"href":"https:\/\/globecore.dev\/vi\/wp-json\/wp\/v2\/comments?post=22631"}],"version-history":[{"count":0,"href":"https:\/\/globecore.dev\/vi\/wp-json\/wp\/v2\/pages\/22631\/revisions"}],"up":[{"embeddable":true,"href":"https:\/\/globecore.dev\/vi\/wp-json\/wp\/v2\/pages\/22627"}],"wp:attachment":[{"href":"https:\/\/globecore.dev\/vi\/wp-json\/wp\/v2\/media?parent=22631"}],"wp:term":[{"taxonomy":"category","embeddable":true,"href":"https:\/\/globecore.dev\/vi\/wp-json\/wp\/v2\/categories?post=22631"}],"curies":[{"name":"wp","href":"https:\/\/api.w.org\/{rel}","templated":true}]}}