{"id":326670,"date":"2025-10-24T15:31:40","date_gmt":"2025-10-24T15:31:40","guid":{"rendered":"https:\/\/globecore.dev\/?page_id=326670"},"modified":"2025-10-24T15:32:14","modified_gmt":"2025-10-24T15:32:14","slug":"cookie-policy","status":"publish","type":"page","link":"https:\/\/globecore.dev\/ro\/cookie-policy\/","title":{"rendered":"Politica privind cookie-urile"},"content":{"rendered":"<p>Despre aceast\u0103 politic\u0103 privind cookie-urile<\/p>\n<p>Aceast\u0103 Politic\u0103 privind cookie-urile explic\u0103 ce sunt cookie-urile \u0219i cum le folosim. Ar trebui s\u0103 citi\u021bi aceast\u0103 politic\u0103 pentru a \u00een\u021belege ce sunt cookie-urile, cum le folosim, tipurile de cookie-uri pe care le folosim, adic\u0103 informa\u021biile pe care le colect\u0103m folosind cookie-uri \u0219i cum sunt utilizate aceste informa\u021bii \u0219i cum s\u0103 controla\u021bi preferin\u021bele privind cookie-urile. Pentru informa\u021bii suplimentare despre modul \u00een care utiliz\u0103m, stoc\u0103m \u0219i p\u0103str\u0103m \u00een siguran\u021b\u0103 datele dvs. personale, consulta\u021bi Politica noastr\u0103 de confiden\u021bialitate.<\/p>\n<p>Pute\u021bi oric\u00e2nd s\u0103 modifica\u021bi sau s\u0103 v\u0103 retrage\u021bi consim\u021b\u0103m\u00e2ntul din Declara\u021bia privind cookie-urile de pe site-ul nostru web.<br \/>\nAfla\u021bi mai multe despre cine suntem, cum ne pute\u021bi contacta \u0219i cum prelucr\u0103m datele personale \u00een Politica noastr\u0103 de confiden\u021bialitate.<br \/>\nConsim\u021b\u0103m\u00e2ntul dvs. se aplic\u0103 urm\u0103toarelor domenii: globecore.com<br \/>\n[user_consent_state]<\/p>\n<p>Ce sunt cookie-urile?<br \/>\nCookie-urile sunt fi\u0219iere text mici care sunt utilizate pentru a stoca mici fragmente de informa\u021bii. Cookie-urile sunt stocate pe dispozitivul dvs. atunci c\u00e2nd site-ul web este \u00eenc\u0103rcat \u00een browserul dvs. Aceste cookie-uri ne ajut\u0103 s\u0103 facem site-ul web s\u0103 func\u021bioneze corect, s\u0103 \u00eel facem mai sigur, s\u0103 oferim o experien\u021b\u0103 mai bun\u0103 utilizatorului \u0219i s\u0103 \u00een\u021belegem cum func\u021bioneaz\u0103 site-ul web \u0219i s\u0103 analiz\u0103m ce func\u021bioneaz\u0103 \u0219i unde trebuie \u00eembun\u0103t\u0103\u021bite.<br \/>\nCum folosim cookie-urile?<\/p>\n<p>Ca majoritatea serviciilor online, site-ul nostru web utilizeaz\u0103 cookie-uri proprii \u0219i ter\u021be \u00een mai multe scopuri. Cookie-urile proprii sunt \u00een mare parte necesare pentru ca site-ul web s\u0103 func\u021bioneze corect \u0219i nu colecteaz\u0103 nicio informa\u021bie personal\u0103 de identificare.<\/p>\n<p>Cookie-urile ter\u021be utilizate pe site-urile noastre web sunt folosite \u00een principal pentru a \u00een\u021belege cum func\u021bioneaz\u0103 site-ul web, cum interac\u021biona\u021bi cu site-ul nostru web, pentru a men\u021bine serviciile noastre \u00een siguran\u021b\u0103, pentru a oferi reclame relevante pentru dvs. \u0219i, \u00een general, pentru a v\u0103 oferi o experien\u021b\u0103 de utilizare mai bun\u0103 \u0219i \u00eembun\u0103t\u0103\u021bit\u0103 \u0219i pentru a v\u0103 ajuta s\u0103 accelera\u021bi interac\u021biunile viitoare cu site-ul nostru web.<\/p>\n<p>Ce tipuri de cookie-uri folosim?<\/p>\n<p>Esen\u021biale: Unele cookie-uri sunt esen\u021biale pentru a putea beneficia de func\u021bionalitatea complet\u0103 a site-ului nostru. Acestea ne permit s\u0103 men\u021binem sesiunile de utilizare \u0219i s\u0103 prevenim orice amenin\u021b\u0103ri de securitate. Nu colecteaz\u0103 sau stocheaz\u0103 nicio informa\u021bie personal\u0103. De exemplu, aceste cookie-uri v\u0103 permit s\u0103 v\u0103 conecta\u021bi la contul dvs., s\u0103 ad\u0103uga\u021bi produse \u00een co\u0219 \u0219i s\u0103 finaliza\u021bi comanda \u00een siguran\u021b\u0103.<\/p>\n<p>Statistici: Aceste cookie-uri stocheaz\u0103 informa\u021bii precum num\u0103rul de vizitatori ai site-ului web, num\u0103rul de vizitatori unici, paginile site-ului web vizitate, sursa vizitei etc. Aceste date ne ajut\u0103 s\u0103 \u00een\u021belegem \u0219i s\u0103 analiz\u0103m performan\u021ba site-ului web \u0219i unde este nevoie de \u00eembun\u0103t\u0103\u021biri.<\/p>\n<p>Marketing: Site-ul nostru web afi\u0219eaz\u0103 reclame. Aceste cookie-uri sunt utilizate pentru a personaliza reclamele pe care vi le afi\u0219\u0103m, astfel \u00eenc\u00e2t acestea s\u0103 fie semnificative pentru dvs. Aceste cookie-uri ne ajut\u0103, de asemenea, s\u0103 urm\u0103rim eficien\u021ba acestor campanii publicitare.<\/p>\n<p>Informa\u021biile stocate \u00een aceste cookie-uri pot fi utilizate \u0219i de furnizorii ter\u021bi de reclame pentru a v\u0103 afi\u0219a reclame \u0219i pe alte site-uri web, \u00een \u200b\u200bbrowser.<\/p>\n<p>Func\u021bionale: Acestea sunt cookie-urile care ajut\u0103 la anumite func\u021bionalit\u0103\u021bi neesen\u021biale ale site-ului nostru web. Aceste func\u021bionalit\u0103\u021bi includ \u00eencorporarea de con\u021binut, cum ar fi videoclipuri, sau partajarea de con\u021binut pe site pe platformele de socializare.<\/p>\n<p>Preferin\u021be: Aceste cookie-uri ne ajut\u0103 s\u0103 stoc\u0103m set\u0103rile \u0219i preferin\u021bele dvs. de navigare, cum ar fi preferin\u021bele lingvistice, astfel \u00eenc\u00e2t s\u0103 ave\u021bi o experien\u021b\u0103 mai bun\u0103 \u0219i mai eficient\u0103 la vizitele viitoare pe site.<\/p>\n<p>Cum pot controla preferin\u021bele privind cookie-urile?<\/p>\n<p>Dac\u0103 decide\u021bi s\u0103 v\u0103 modifica\u021bi preferin\u021bele ulterior \u00een timpul sesiunii de navigare, pute\u021bi face clic pe fila \u201ePolitica de confiden\u021bialitate \u0219i cookie-uri\u201d de pe ecran. Aceasta va afi\u0219a din nou notificarea de consim\u021b\u0103m\u00e2nt, permi\u021b\u00e2ndu-v\u0103 s\u0103 v\u0103 modifica\u021bi preferin\u021bele sau s\u0103 v\u0103 retrage\u021bi complet consim\u021b\u0103m\u00e2ntul.<\/p>\n<p>\u00cen plus, diferite browsere ofer\u0103 diferite metode de blocare \u0219i \u0219tergere a cookie-urilor utilizate de site-uri web. Pute\u021bi modifica set\u0103rile browserului dvs. pentru a bloca\/\u0219terge cookie-urile. Pentru a afla mai multe despre cum s\u0103 gestiona\u021bi \u0219i s\u0103 \u0219terge\u021bi cookie-urile, vizita\u021bi wikipedia.org, www.allaboutcookies.org.<\/p>\n","protected":false},"excerpt":{"rendered":"<p>Despre aceast\u0103 politic\u0103 privind cookie-urile Aceast\u0103 Politic\u0103 privind cookie-urile explic\u0103 ce sunt cookie-urile \u0219i cum le folosim. Ar trebui s\u0103 citi\u021bi aceast\u0103 politic\u0103 pentru a \u00een\u021belege ce sunt cookie-urile, cum le folosim, tipurile de cookie-uri pe care le folosim, adic\u0103 informa\u021biile pe care le colect\u0103m folosind cookie-uri \u0219i cum sunt utilizate aceste informa\u021bii \u0219i cum<a class=\"cg-read-more\" href=\"https:\/\/globecore.dev\/ro\/cookie-policy\/\" target=\"_blank\">Read More <\/a><\/p>\n","protected":false},"author":41,"featured_media":0,"parent":0,"menu_order":0,"comment_status":"closed","ping_status":"closed","template":"templates\/privacy.php","meta":{"_acf_changed":false,"_bbp_topic_count":0,"_bbp_reply_count":0,"_bbp_total_topic_count":0,"_bbp_total_reply_count":0,"_bbp_voice_count":0,"_bbp_anonymous_reply_count":0,"_bbp_topic_count_hidden":0,"_bbp_reply_count_hidden":0,"_bbp_forum_subforum_count":0,"footnotes":""},"categories":[],"class_list":["post-326670","page","type-page","status-publish","hentry"],"acf":[],"language":"ro","_links":{"self":[{"href":"https:\/\/globecore.dev\/ro\/wp-json\/wp\/v2\/pages\/326670","targetHints":{"allow":["GET"]}}],"collection":[{"href":"https:\/\/globecore.dev\/ro\/wp-json\/wp\/v2\/pages"}],"about":[{"href":"https:\/\/globecore.dev\/ro\/wp-json\/wp\/v2\/types\/page"}],"author":[{"embeddable":true,"href":"https:\/\/globecore.dev\/ro\/wp-json\/wp\/v2\/users\/41"}],"replies":[{"embeddable":true,"href":"https:\/\/globecore.dev\/ro\/wp-json\/wp\/v2\/comments?post=326670"}],"version-history":[{"count":0,"href":"https:\/\/globecore.dev\/ro\/wp-json\/wp\/v2\/pages\/326670\/revisions"}],"wp:attachment":[{"href":"https:\/\/globecore.dev\/ro\/wp-json\/wp\/v2\/media?parent=326670"}],"wp:term":[{"taxonomy":"category","embeddable":true,"href":"https:\/\/globecore.dev\/ro\/wp-json\/wp\/v2\/categories?post=326670"}],"curies":[{"name":"wp","href":"https:\/\/api.w.org\/{rel}","templated":true}]}}