{"id":296807,"date":"2016-04-06T05:49:16","date_gmt":"2016-04-06T05:49:16","guid":{"rendered":"https:\/\/globecore.dev\/products\/degassing-thermal-vacuum-drying-oil\/uvm-1015-mobile-oil-plant\/"},"modified":"2025-06-26T13:04:33","modified_gmt":"2025-06-26T13:04:33","slug":"uvm-1015-mobile-oil-plant","status":"publish","type":"page","link":"https:\/\/globecore.dev\/ro\/products\/degassing-thermal-vacuum-drying-oil\/uvm-1015-mobile-oil-plant\/","title":{"rendered":"CMM-10 Unitate Mobil\u0103 de Purificare a Uleiului"},"content":{"rendered":"","protected":false},"excerpt":{"rendered":"<p>The unit is built as a self-contained unit with all components and operating assemblies protected by metal panels and easy opening gas-spring loaded doors on the sides and back of the unit.<\/p>\n","protected":false},"author":7,"featured_media":296809,"parent":296766,"menu_order":0,"comment_status":"closed","ping_status":"closed","template":"templates\/single-product.php","meta":{"_acf_changed":false,"_bbp_topic_count":0,"_bbp_reply_count":0,"_bbp_total_topic_count":0,"_bbp_total_reply_count":0,"_bbp_voice_count":0,"_bbp_anonymous_reply_count":0,"_bbp_topic_count_hidden":0,"_bbp_reply_count_hidden":0,"_bbp_forum_subforum_count":0,"footnotes":""},"categories":[],"class_list":["post-296807","page","type-page","status-publish","has-post-thumbnail","hentry"],"acf":{"add_tab":[{"tab_title":"Descriere","tab_content":"<p style=\"text-align: justify;\"><span style=\"font-weight: 400;\">Unitatea este construit\u0103 ca o unitate autonom\u0103, cu toate componentele \u0219i ansamblurile de operare protejate de panouri metalice \u0219i u\u0219i cu deschidere u\u0219oar\u0103, cu arcuri cu gaz, pe laterale \u0219i \u00een spatele unit\u0103\u021bii. Unitatea \u201econtainerizat\u0103\u201d este plasat\u0103 pe o remorc\u0103 cu ax\u0103 tandem, care este omologat\u0103 pentru circula\u021bie \u0219i preg\u0103tit\u0103 pentru a fi tractat\u0103 c\u0103tre orice loca\u021bie \u00eendep\u0103rtat\u0103.<\/span><\/p>\r\n<p style=\"text-align: justify;\"><span style=\"font-weight: 400;\">Unitatea const\u0103 dintr-o camer\u0103 de vid, pompe de ulei de intrare \u0219i ie\u0219ire, filtre grosiere \u0219i fine, capcan\u0103 de ulei, \u00eenc\u0103lzitor de ulei, conducte cu vane, sec\u021biune de pomp\u0103 de vid \u0219i un dulap de control.<\/span><\/p>"}],"add_def_tab":[{"tab_title":"Specifica\u021bii","tab_content":"<table>\r\n<tbody>\r\n<tr>\r\n<td style=\"text-align: center;\"><strong>Parametru<\/strong><\/td>\r\n<td>\r\n<p style=\"text-align: center;\"><strong>Valoare<\/strong><\/p>\r\n<\/td>\r\n<\/tr>\r\n<tr>\r\n<td><span style=\"font-weight: 400;\">Capacitate, m\u00b3\/or\u0103 \/ galoane pe or\u0103:<\/span><\/td>\r\n<td><\/td>\r\n<\/tr>\r\n<tr>\r\n<td><span style=\"font-weight: 400;\">mod de degazare, uscare \u0219i filtrare<\/span><\/td>\r\n<td><span style=\"font-weight: 400;\">10 \/ 2642<\/span><\/td>\r\n<\/tr>\r\n<tr>\r\n<td><span style=\"font-weight: 400;\">mod de \u00eenc\u0103lzire \u0219i filtrare<\/span><\/td>\r\n<td><span style=\"font-weight: 400;\">15 \/ 3970<\/span><\/td>\r\n<\/tr>\r\n<tr>\r\n<td><span style=\"font-weight: 400;\">Parametrii uleiului procesat*:<\/span><\/td>\r\n<td><\/td>\r\n<\/tr>\r\n<tr>\r\n<td><span style=\"font-weight: 400;\">con\u021binut volumetric de gaz %, max<\/span><\/td>\r\n<td><span style=\"font-weight: 400;\">0,1<\/span><\/td>\r\n<\/tr>\r\n<tr>\r\n<td><span style=\"font-weight: 400;\">con\u021binut de umiditate \u00een mas\u0103, ppm, max<\/span><\/td>\r\n<td><span style=\"font-weight: 400;\">10<\/span><\/td>\r\n<\/tr>\r\n<tr>\r\n<td><span style=\"font-weight: 400;\">fine\u021bea filtr\u0103rii, microni<\/span><\/td>\r\n<td><span style=\"font-weight: 400;\">1<\/span><\/td>\r\n<\/tr>\r\n<tr>\r\n<td><span style=\"font-weight: 400;\">Temperatura uleiului la ie\u0219ire \u00een modul de \u00eenc\u0103lzire, \u00baC\/\u00baF<\/span><\/td>\r\n<td><span style=\"font-weight: 400;\">90 \/ 194<\/span><\/td>\r\n<\/tr>\r\n<tr>\r\n<td><span style=\"font-weight: 400;\">Presiunea la ie\u0219ire, MPa<\/span><\/td>\r\n<td><span style=\"font-weight: 400;\">0,4<\/span><\/td>\r\n<\/tr>\r\n<tr>\r\n<td><span style=\"font-weight: 400;\">Consum maxim de putere, kW<\/span><\/td>\r\n<td><span style=\"font-weight: 400;\">200<\/span><\/td>\r\n<\/tr>\r\n<tr>\r\n<td><span style=\"font-weight: 400;\">Presiunea rezidual\u0103 \u00een camera de vid \u00een timpul degaz\u0103rii, Pa, max<\/span><\/td>\r\n<td><span style=\"font-weight: 400;\">267<\/span><\/td>\r\n<\/tr>\r\n<tr>\r\n<td><span style=\"font-weight: 400;\">Presiunea rezidual\u0103 \u00een camera de vid \u00een timpul testului de etan\u0219eitate, Pa, max<\/span><\/td>\r\n<td><span style=\"font-weight: 400;\">26,7<\/span><\/td>\r\n<\/tr>\r\n<tr>\r\n<td><span style=\"font-weight: 400;\">Scurgere de aer \u00een camer\u0103 \u00een 1 or\u0103, Pa, max<\/span><\/td>\r\n<td><span style=\"font-weight: 400;\">267<\/span><\/td>\r\n<\/tr>\r\n<tr>\r\n<td><span style=\"font-weight: 400;\">Parametrii de alimentare electric\u0103<\/span><\/td>\r\n<td><\/td>\r\n<\/tr>\r\n<tr>\r\n<td><span style=\"font-weight: 400;\">tensiune, V<\/span><\/td>\r\n<td><span style=\"font-weight: 400;\">415<\/span><\/td>\r\n<\/tr>\r\n<tr>\r\n<td><span style=\"font-weight: 400;\">frecven\u021b\u0103 AC, Hz**<\/span><\/td>\r\n<td><span style=\"font-weight: 400;\">50 \/ 60<\/span><\/td>\r\n<\/tr>\r\n<tr>\r\n<td><span style=\"font-weight: 400;\">Dimensiuni, mm, max (f\u0103r\u0103 remorc\u0103 \/ cu remorc\u0103)<\/span><\/td>\r\n<td><\/td>\r\n<\/tr>\r\n<tr>\r\n<td><span style=\"font-weight: 400;\">lungime<\/span><\/td>\r\n<td><span style=\"font-weight: 400;\">2240 \/ 4365<\/span><\/td>\r\n<\/tr>\r\n<tr>\r\n<td><span style=\"font-weight: 400;\">\u00een\u0103l\u021bime<\/span><\/td>\r\n<td><span style=\"font-weight: 400;\">1600 \/ 2270<\/span><\/td>\r\n<\/tr>\r\n<tr>\r\n<td><span style=\"font-weight: 400;\">l\u0103\u021bime<\/span><\/td>\r\n<td><span style=\"font-weight: 400;\">1750 \/ 2300<\/span><\/td>\r\n<\/tr>\r\n<tr>\r\n<td><span style=\"font-weight: 400;\">Greutate, kg, max<\/span><\/td>\r\n<td><span style=\"font-weight: 400;\">2350 \/ 3100<\/span><\/td>\r\n<\/tr>\r\n<\/tbody>\r\n<\/table>\r\n<p style=\"text-align: justify;\"><i><span style=\"font-weight: 400;\">Not\u0103: * Parametrii ini\u021biali ai uleiului:<\/span><\/i><\/p>\r\n\r\n<ul style=\"text-align: justify;\">\r\n \t<li style=\"font-weight: 400;\" aria-level=\"1\"><i><span style=\"font-weight: 400;\">con\u021binut volumetric de gaz \u2013 sub 5%;<\/span><\/i><\/li>\r\n \t<li style=\"font-weight: 400;\" aria-level=\"1\"><i><span style=\"font-weight: 400;\">con\u021binut de umiditate \u00een mas\u0103 \u2013 sub 0,1% (100 g\/ton\u0103);<\/span><\/i><\/li>\r\n \t<li style=\"font-weight: 400;\" aria-level=\"1\"><i><span style=\"font-weight: 400;\">temperatura \u2013 peste 0 \u00baC\/32 \u00baF.<\/span><\/i><\/li>\r\n<\/ul>\r\n<p style=\"text-align: justify;\"><i><span style=\"font-weight: 400;\">**Toate echipamentele v\u00e2ndute \u00een SUA sunt proiectate pentru a func\u021biona la 60 Hz AC.<\/span><\/i><\/p>"},{"tab_title":"Avantaje","tab_content":"<ul>\r\n \t<li style=\"font-weight: 400;\" aria-level=\"1\"><span style=\"font-weight: 400;\">cre\u0219terea rezisten\u021bei dielectrice a uleiului de transformator la cel pu\u021bin 70 kV;<\/span><\/li>\r\n \t<li style=\"font-weight: 400;\" aria-level=\"1\"><span style=\"font-weight: 400;\">uscare a transformatorului cu procesare simultan\u0103 a uleiului;<\/span><\/li>\r\n \t<li style=\"font-weight: 400;\" aria-level=\"1\"><span style=\"font-weight: 400;\">umplerea ini\u021bial\u0103 a echipamentelor electrice cu ulei izolator;<\/span><\/li>\r\n \t<li style=\"font-weight: 400;\" aria-level=\"1\"><span style=\"font-weight: 400;\">evacuarea transformatoarelor \u0219i a altor echipamente electrice;<\/span><\/li>\r\n \t<li style=\"font-weight: 400;\" aria-level=\"1\"><span style=\"font-weight: 400;\">operare \u0219i \u00eentre\u021binere simpl\u0103.<\/span><\/li>\r\n<\/ul>"}],"add_video_tab":null,"add_gallery_tab":[{"gallery_tab_title":"Galerie","add_img":[7969,33448,33457,33466]}],"add_price_tab":[{"price_tab_title":"Get a Quote"}]},"language":"ro","_links":{"self":[{"href":"https:\/\/globecore.dev\/ro\/wp-json\/wp\/v2\/pages\/296807","targetHints":{"allow":["GET"]}}],"collection":[{"href":"https:\/\/globecore.dev\/ro\/wp-json\/wp\/v2\/pages"}],"about":[{"href":"https:\/\/globecore.dev\/ro\/wp-json\/wp\/v2\/types\/page"}],"author":[{"embeddable":true,"href":"https:\/\/globecore.dev\/ro\/wp-json\/wp\/v2\/users\/7"}],"replies":[{"embeddable":true,"href":"https:\/\/globecore.dev\/ro\/wp-json\/wp\/v2\/comments?post=296807"}],"version-history":[{"count":0,"href":"https:\/\/globecore.dev\/ro\/wp-json\/wp\/v2\/pages\/296807\/revisions"}],"up":[{"embeddable":true,"href":"https:\/\/globecore.dev\/ro\/wp-json\/wp\/v2\/pages\/296766"}],"wp:featuredmedia":[{"embeddable":true,"href":"https:\/\/globecore.dev\/ro\/wp-json\/wp\/v2\/media\/296809"}],"wp:attachment":[{"href":"https:\/\/globecore.dev\/ro\/wp-json\/wp\/v2\/media?parent=296807"}],"wp:term":[{"taxonomy":"category","embeddable":true,"href":"https:\/\/globecore.dev\/ro\/wp-json\/wp\/v2\/categories?post=296807"}],"curies":[{"name":"wp","href":"https:\/\/api.w.org\/{rel}","templated":true}]}}