{"id":296797,"date":"2016-04-06T05:26:37","date_gmt":"2016-04-06T05:26:37","guid":{"rendered":"https:\/\/globecore.dev\/products\/degassing-thermal-vacuum-drying-oil\/uvm-47-mobile-oil-plant\/"},"modified":"2025-02-11T14:28:23","modified_gmt":"2025-02-11T14:28:23","slug":"uvm-47-mobile-oil-plant","status":"publish","type":"page","link":"https:\/\/globecore.dev\/ro\/products\/degassing-thermal-vacuum-drying-oil\/uvm-47-mobile-oil-plant\/","title":{"rendered":"CMM-4\/7 Unitate Portabil\u0103 de Degazare a Uleiului"},"content":{"rendered":"","protected":false},"excerpt":{"rendered":"<p>This GlobeCore mobile oil processing unit is designed for degassing1, removal of solids and heating2 of oil for power transformers3 with voltage up to 1,150 kV.<\/p>\n","protected":false},"author":7,"featured_media":296799,"parent":296766,"menu_order":0,"comment_status":"closed","ping_status":"closed","template":"templates\/single-product.php","meta":{"_acf_changed":false,"_bbp_topic_count":0,"_bbp_reply_count":0,"_bbp_total_topic_count":0,"_bbp_total_reply_count":0,"_bbp_voice_count":0,"_bbp_anonymous_reply_count":0,"_bbp_topic_count_hidden":0,"_bbp_reply_count_hidden":0,"_bbp_forum_subforum_count":0,"footnotes":""},"categories":[1],"class_list":["post-296797","page","type-page","status-publish","has-post-thumbnail","hentry","category-news"],"acf":{"add_tab":[{"tab_title":"Descriere","tab_content":"<p style=\"text-align: justify;\"><span style=\"font-weight: 400;\">Aceast\u0103 unitate mobil\u0103 de procesare a uleiului GlobeCore este proiectat\u0103 pentru degazarea, \u00eendep\u0103rtarea solidelor \u0219i \u00eenc\u0103lzirea uleiului pentru transformatoarele de putere cu tensiune de p\u00e2n\u0103 la 1.150 kV.<\/span><\/p>\r\n<p style=\"text-align: justify;\"><span style=\"font-weight: 400;\">Unitatea poate fi utilizat\u0103 pentru: \u00eenc\u0103lzirea sistemelor electrice care con\u021bin ulei izolator cu ulei fierbinte; pentru uscarea \u00een vid a transformatoarelor \u0219ipentru vidare. Unitatea este cea mai potrivit\u0103 pentru facilit\u0103\u021bile care instaleaz\u0103, repar\u0103 \u0219i \u00eentre\u021bin transformatoare electrice de putere umplute cu ulei \u0219i alte echipamente electrice umplute cu ulei.<\/span><\/p>\r\n<p style=\"text-align: justify;\"><span style=\"font-weight: 400;\">Unitatea nu este certificat\u0103 pentru utilizare \u00een \u0219i \u00een jurul gazelor explozive, gazelor toxice sau altor medii agresive.<\/span><\/p>\r\n<p style=\"text-align: justify;\"><span style=\"font-weight: 400;\">C\u00e2nd este utilizat\u0103 \u00een interior sau \u00een alte spa\u021bii \u00eenchise, gazele de e\u0219apament trebuie evacuate \u00een exterior prin furtunuri sau conducte.<\/span><\/p>"}],"add_def_tab":[{"tab_title":"Specifica\u021bii","tab_content":"<table>\r\n<tbody>\r\n<tr>\r\n<td>\r\n<p style=\"text-align: center;\"><strong>Parametri<\/strong><\/p>\r\n<\/td>\r\n<td>\r\n<p style=\"text-align: center;\"><strong>Valoare<\/strong><\/p>\r\n<\/td>\r\n<\/tr>\r\n<tr>\r\n<td><span style=\"font-weight: 400;\">Capacitate, m\u00b3\/or\u0103 \/ galoane pe or\u0103:<\/span><\/td>\r\n<td><\/td>\r\n<\/tr>\r\n<tr>\r\n<td><span style=\"font-weight: 400;\">mod de degazare, azotare, uscare \u0219i filtrare<\/span><\/td>\r\n<td><span style=\"font-weight: 400;\">4 \/ 1059,0<\/span><\/td>\r\n<\/tr>\r\n<tr>\r\n<td><span style=\"font-weight: 400;\">mod de \u00eenc\u0103lzire \u0219i filtrare<\/span><\/td>\r\n<td><span style=\"font-weight: 400;\">7 \/ 1853,0<\/span><\/td>\r\n<\/tr>\r\n<tr>\r\n<td><span style=\"font-weight: 400;\">Interval de ajustare a capacit\u0103\u021bii, m\u00b3\/or\u0103 \/ galoane pe or\u0103:<\/span><\/td>\r\n<td><span style=\"font-weight: 400;\">0,5\u20134,0 \/ 132\u20131059,0<\/span><\/td>\r\n<\/tr>\r\n<tr>\r\n<td><span style=\"font-weight: 400;\">Parametrii uleiului procesat*:<\/span><\/td>\r\n<td><\/td>\r\n<\/tr>\r\n<tr>\r\n<td><span style=\"font-weight: 400;\">con\u021binut volumetric de gaz %, max<\/span><\/td>\r\n<td><span style=\"font-weight: 400;\">0,1<\/span><\/td>\r\n<\/tr>\r\n<tr>\r\n<td><span style=\"font-weight: 400;\">con\u021binut de umiditate \u00een mas\u0103, g\/ton\u0103, max<\/span><\/td>\r\n<td><span style=\"font-weight: 400;\">10<\/span><\/td>\r\n<\/tr>\r\n<tr>\r\n<td><span style=\"font-weight: 400;\">clasa de puritate ISO 4406<\/span><\/td>\r\n<td><span style=\"font-weight: 400;\">16\/14\/12<\/span><\/td>\r\n<\/tr>\r\n<tr>\r\n<td><span style=\"font-weight: 400;\">fine\u021bea filtr\u0103rii, microni<\/span><\/td>\r\n<td><span style=\"font-weight: 400;\">5<\/span><\/td>\r\n<\/tr>\r\n<tr>\r\n<td><span style=\"font-weight: 400;\">rezisten\u021ba dielectric\u0103, kV, min<\/span><\/td>\r\n<td><span style=\"font-weight: 400;\">70<\/span><\/td>\r\n<\/tr>\r\n<tr>\r\n<td><span style=\"font-weight: 400;\">Temperatura uleiului \u00een modul de \u00eenc\u0103lzire, \u00ba\u0421 \/ \u00baF<\/span><\/td>\r\n<td><span style=\"font-weight: 400;\">90 \/ 194<\/span><\/td>\r\n<\/tr>\r\n<tr>\r\n<td><span style=\"font-weight: 400;\">Rata de filtrare<\/span><\/td>\r\n<td><span style=\"font-weight: 400;\">\u226550<\/span><\/td>\r\n<\/tr>\r\n<tr>\r\n<td><span style=\"font-weight: 400;\">Presiunea la ie\u0219ire, MPa<\/span><\/td>\r\n<td><span style=\"font-weight: 400;\">0,2<\/span><\/td>\r\n<\/tr>\r\n<tr>\r\n<td><span style=\"font-weight: 400;\">\u00cen\u0103l\u021bimea de pompare a uleiului, metri \/ yarzi<\/span><\/td>\r\n<td><span style=\"font-weight: 400;\">20 \/ 22<\/span><\/td>\r\n<\/tr>\r\n<tr>\r\n<td><span style=\"font-weight: 400;\">Puterea \u00eenc\u0103lzitorului de ulei, kW<\/span><\/td>\r\n<td><span style=\"font-weight: 400;\">50<\/span><\/td>\r\n<\/tr>\r\n<tr>\r\n<td><span style=\"font-weight: 400;\">Puterea medie a suprafe\u021bei \u00eenc\u0103lzitorului de ulei, W\/cm\u00b2, max<\/span><\/td>\r\n<td><span style=\"font-weight: 400;\">1,15<\/span><\/td>\r\n<\/tr>\r\n<tr>\r\n<td><span style=\"font-weight: 400;\">Consum maxim de energie, kW<\/span><\/td>\r\n<td><span style=\"font-weight: 400;\">65<\/span><\/td>\r\n<\/tr>\r\n<tr>\r\n<td><span style=\"font-weight: 400;\">Putere electric\u0103<\/span><\/td>\r\n<td><\/td>\r\n<\/tr>\r\n<tr>\r\n<td><span style=\"font-weight: 400;\">tensiune, V<\/span><\/td>\r\n<td><span style=\"font-weight: 400;\">400<\/span><\/td>\r\n<\/tr>\r\n<tr>\r\n<td><span style=\"font-weight: 400;\">frecven\u021ba AC, Hz**<\/span><\/td>\r\n<td><span style=\"font-weight: 400;\">50 \/ 60<\/span><\/td>\r\n<\/tr>\r\n<tr>\r\n<td><span style=\"font-weight: 400;\">Dimensiuni, mm (f\u0103r\u0103 remorc\u0103 \/ cu remorc\u0103):<\/span><\/td>\r\n<td><\/td>\r\n<\/tr>\r\n<tr>\r\n<td><span style=\"font-weight: 400;\">lungime<\/span><\/td>\r\n<td><span style=\"font-weight: 400;\">2600 \/ 3750<\/span><\/td>\r\n<\/tr>\r\n<tr>\r\n<td><span style=\"font-weight: 400;\">\u00een\u0103l\u021bime<\/span><\/td>\r\n<td><span style=\"font-weight: 400;\">1250 \/ 1840<\/span><\/td>\r\n<\/tr>\r\n<tr>\r\n<td><span style=\"font-weight: 400;\">l\u0103\u021bime<\/span><\/td>\r\n<td><span style=\"font-weight: 400;\">1500 \/ 1940<\/span><\/td>\r\n<\/tr>\r\n<tr>\r\n<td><span style=\"font-weight: 400;\">Greutate, kg (f\u0103r\u0103 remorc\u0103 \/ cu remorc\u0103)<\/span><\/td>\r\n<td><span style=\"font-weight: 400;\">1000 \/ 1400<\/span><\/td>\r\n<\/tr>\r\n<\/tbody>\r\n<\/table>\r\n<i><span style=\"font-weight: 400;\">Not\u0103: * Parametrii ini\u021biali ai uleiului:<\/span><\/i>\r\n<ul>\r\n \t<li style=\"font-weight: 400;\" aria-level=\"1\"><i><span style=\"font-weight: 400;\">con\u021binut volumetric de gaz \u2013 sub 10,5%;<\/span><\/i><\/li>\r\n \t<li style=\"font-weight: 400;\" aria-level=\"1\"><i><span style=\"font-weight: 400;\">con\u021binut de umiditate \u00een mas\u0103 \u2013 sub 0,05% (50 g\/ton\u0103);<\/span><\/i><\/li>\r\n \t<li style=\"font-weight: 400;\" aria-level=\"1\"><i><span style=\"font-weight: 400;\">temperatur\u0103 \u2013 peste 0 \u00ba\u0421 \/ 32 \u00baF.<\/span><\/i><\/li>\r\n<\/ul>\r\n<i><span style=\"font-weight: 400;\">**Toate echipamentele v\u00e2ndute \u00een SUA sunt proiectate s\u0103 func\u021bioneze la o frecven\u021b\u0103 AC de 60 Hz.<\/span><\/i>"},{"tab_title":"Avantaje","tab_content":"<ul>\r\n \t<li style=\"font-weight: 400;\" aria-level=\"1\"><span style=\"font-weight: 400;\">Nu este nevoie s\u0103 utiliza\u021bi adsorban\u021bi pentru a deshidrata uleiul de transformator;<\/span><\/li>\r\n \t<li style=\"font-weight: 400;\" aria-level=\"1\"><span style=\"font-weight: 400;\">Func\u021bionarea echipamentului nu cauzeaz\u0103 poluare a aerului sau de\u0219euri care necesit\u0103 depozitare \u0219i eliminare;<\/span><\/li>\r\n \t<li style=\"font-weight: 400;\" aria-level=\"1\"><span style=\"font-weight: 400;\">U\u0219or de operat \u0219i \u00eentre\u021binut;<\/span><\/li>\r\n \t<li style=\"font-weight: 400;\" aria-level=\"1\"><span style=\"font-weight: 400;\">Specifica\u021bii maxime ale uleiului chiar \u0219i dup\u0103 un singur ciclu de tratare;<\/span><\/li>\r\n \t<li style=\"font-weight: 400;\" aria-level=\"1\"><span style=\"font-weight: 400;\">Consum redus de energie;<\/span><\/li>\r\n \t<li style=\"font-weight: 400;\" aria-level=\"1\"><span style=\"font-weight: 400;\">Nivel sc\u0103zut de zgomot;<\/span><\/li>\r\n \t<li style=\"font-weight: 400;\" aria-level=\"1\"><span style=\"font-weight: 400;\">Unitatea poate fi u\u0219or plasat\u0103 pe o remorc\u0103 \u0219i utilizat\u0103 la fa\u021ba locului.<\/span><\/li>\r\n<\/ul>"}],"add_video_tab":null,"add_gallery_tab":[{"gallery_tab_title":"Galerie","add_img":[58290,60033,60084,39333,11137,11140,11158,9626,9625,35963]}],"add_price_tab":[{"price_tab_title":"Configurator"}]},"language":"ro","_links":{"self":[{"href":"https:\/\/globecore.dev\/ro\/wp-json\/wp\/v2\/pages\/296797","targetHints":{"allow":["GET"]}}],"collection":[{"href":"https:\/\/globecore.dev\/ro\/wp-json\/wp\/v2\/pages"}],"about":[{"href":"https:\/\/globecore.dev\/ro\/wp-json\/wp\/v2\/types\/page"}],"author":[{"embeddable":true,"href":"https:\/\/globecore.dev\/ro\/wp-json\/wp\/v2\/users\/7"}],"replies":[{"embeddable":true,"href":"https:\/\/globecore.dev\/ro\/wp-json\/wp\/v2\/comments?post=296797"}],"version-history":[{"count":0,"href":"https:\/\/globecore.dev\/ro\/wp-json\/wp\/v2\/pages\/296797\/revisions"}],"up":[{"embeddable":true,"href":"https:\/\/globecore.dev\/ro\/wp-json\/wp\/v2\/pages\/296766"}],"wp:featuredmedia":[{"embeddable":true,"href":"https:\/\/globecore.dev\/ro\/wp-json\/wp\/v2\/media\/296799"}],"wp:attachment":[{"href":"https:\/\/globecore.dev\/ro\/wp-json\/wp\/v2\/media?parent=296797"}],"wp:term":[{"taxonomy":"category","embeddable":true,"href":"https:\/\/globecore.dev\/ro\/wp-json\/wp\/v2\/categories?post=296797"}],"curies":[{"name":"wp","href":"https:\/\/api.w.org\/{rel}","templated":true}]}}