{"id":296793,"date":"2021-03-11T09:55:13","date_gmt":"2021-03-11T09:55:13","guid":{"rendered":"https:\/\/globecore.dev\/products\/degassing-thermal-vacuum-drying-oil\/cmm-4lt-transformer-oil-purification-unit\/"},"modified":"2025-02-11T14:24:55","modified_gmt":"2025-02-11T14:24:55","slug":"cmm-4lt-transformer-oil-purification-unit","status":"publish","type":"page","link":"https:\/\/globecore.dev\/ro\/products\/degassing-thermal-vacuum-drying-oil\/cmm-4lt-transformer-oil-purification-unit\/","title":{"rendered":"CMM-4,0LT Unitatea de Purificare a Uleiului de Transformator"},"content":{"rendered":"","protected":false},"excerpt":{"rendered":"","protected":false},"author":7,"featured_media":255448,"parent":296766,"menu_order":0,"comment_status":"closed","ping_status":"closed","template":"templates\/single-product.php","meta":{"_acf_changed":false,"_bbp_topic_count":0,"_bbp_reply_count":0,"_bbp_total_topic_count":0,"_bbp_total_reply_count":0,"_bbp_voice_count":0,"_bbp_anonymous_reply_count":0,"_bbp_topic_count_hidden":0,"_bbp_reply_count_hidden":0,"_bbp_forum_subforum_count":0,"footnotes":""},"categories":[],"class_list":["post-296793","page","type-page","status-publish","has-post-thumbnail","hentry"],"acf":{"add_tab":[{"tab_title":"Descriere","tab_content":"<p style=\"text-align: justify;\"><span style=\"font-weight: 400;\">Unitatea CMM-4,0LT este proiectat\u0103 pentru uscarea termic\u0103 \u00een vid \u0219i filtrarea uleiurilor industriale utilizate \u00een sistemele de lubrifiere, etan\u0219are \u0219i control hidraulic ale turbinelor cu gaz, unit\u0103\u021bilor de pompare a gazului, compresoarelor cu motor pe gaz \u0219i \u00een transformatoare. Pe l\u00e2ng\u0103 purificarea uleiului, CMM-4,0LT poate fi utilizat\u0103 pentru \u00eenc\u0103lzirea \u0219i uscarea dispozitivelor electrice umplute cu ulei.<\/span><\/p>\r\n\r\n<h2 style=\"text-align: center;\">Principiul de func\u021bionare<\/h2>\r\n<p style=\"text-align: justify;\"><span style=\"font-weight: 400;\">Uleiul condus prin vid trece printr-un filtru grosier cu o fine\u021be de filtrare de 200 microni, dup\u0103 care ajunge \u00eentr-un rezervor de vid unde este amplasat un \u00eenc\u0103lzitor. Ridic\u00e2ndu-se de jos \u00een sus, uleiul se \u00eenc\u0103lze\u0219te \u0219i intr\u0103 \u00een cealalt\u0103 parte a camerei printr-un capac special canalizat, ajung\u00e2nd direct la materiale speciale de umplere. \u00cen continuare, uleiul curge pe materialele de umplere, \u00een timp ce vaporii de umiditate \u0219i gazele sunt \u00eendep\u0103rtate din ulei prin vid. Apoi, uleiul este pompat din partea de jos a rezervorului prin dou\u0103 filtre fine c\u0103tre ie\u0219irea unit\u0103\u021bii. Fine\u021bea de filtrare a filtrelor poate fi selectat\u0103 la 5, 3, 1 sau 0,3 microni.<\/span><\/p>\r\n\r\n<h2 style=\"text-align: center;\">Caracteristici de design<\/h2>\r\n<p style=\"text-align: justify;\"><span style=\"font-weight: 400;\">\u00cenc\u0103lzitorul este amplasat \u00een interiorul rezervorului de vid, ceea ce a f\u0103cut posibil\u0103 reducerea dimensiunilor unit\u0103\u021bii \u0219i diminuarea pierderilor de c\u0103ldur\u0103 \u00een timpul \u00eenc\u0103lzirii uleiului.<\/span><\/p>\r\n<p style=\"text-align: justify;\"><span style=\"font-weight: 400;\">Uleiul este aspirat \u00een camera de vid datorit\u0103 presiunii reduse generate de un sistem de vid \u00een dou\u0103 trepte, format dintr-o pomp\u0103 de sprijin \u0219i o pomp\u0103 booster. O nou\u0103 dispunere a fost aplicat\u0103 restului componentelor unit\u0103\u021bii. Toate aceste inova\u021bii au dat rezultate bune \u00een ceea ce prive\u0219te dimensiunea mic\u0103 a echipamentului.<\/span><\/p>"}],"add_def_tab":[{"tab_title":"Specifica\u021bii","tab_content":"<table>\r\n<tbody>\r\n<tr>\r\n<td>\r\n<p style=\"text-align: center;\"><strong>Parametru<\/strong><\/p>\r\n<\/td>\r\n<td>\r\n<p style=\"text-align: center;\"><strong>Valoare<\/strong><\/p>\r\n<\/td>\r\n<\/tr>\r\n<tr>\r\n<td><span style=\"font-weight: 400;\">1. Capacitate, m\u00b3\/h (gpm), nu mai pu\u021bin de<\/span><\/td>\r\n<td><\/td>\r\n<\/tr>\r\n<tr>\r\n<td><span style=\"font-weight: 400;\">\u2013 \u00een modul de uscare termic\u0103 \u00een vid \u0219i filtrare<\/span><\/td>\r\n<td><span style=\"font-weight: 400;\">4,0 (17,6)<\/span><\/td>\r\n<\/tr>\r\n<tr>\r\n<td><span style=\"font-weight: 400;\">2.* Parametrii uleiului procesat (\u00een mai multe treceri):<\/span><\/td>\r\n<td><\/td>\r\n<\/tr>\r\n<tr>\r\n<td><span style=\"font-weight: 400;\">\u2013 con\u021binut total de gaz, %, nu mai mult de<\/span><\/td>\r\n<td><span style=\"font-weight: 400;\">1,5<\/span><\/td>\r\n<\/tr>\r\n<tr>\r\n<td><span style=\"font-weight: 400;\">\u2013 con\u021binut de umiditate \u00een mas\u0103 al uleiului, g\/t (ppm), nu mai mult de<\/span><\/td>\r\n<td><span style=\"font-weight: 400;\">10<\/span><\/td>\r\n<\/tr>\r\n<tr>\r\n<td><span style=\"font-weight: 400;\">\u2013 clasa de puritate industrial\u0103 conform ISO 4406<\/span><\/td>\r\n<td><span style=\"font-weight: 400;\">-\/14\/12<\/span><\/td>\r\n<\/tr>\r\n<tr>\r\n<td><span style=\"font-weight: 400;\">3. Temperatura maxim\u0103 a uleiului la ie\u0219ire, \u00ba\u0421 (\u00baF)<\/span><\/td>\r\n<td><span style=\"font-weight: 400;\">55 (131)<\/span><\/td>\r\n<\/tr>\r\n<tr>\r\n<td><span style=\"font-weight: 400;\">4. Presiunea la ie\u0219ire, bar (psi)<\/span><\/td>\r\n<td><span style=\"font-weight: 400;\">3 (43,5)<\/span><\/td>\r\n<\/tr>\r\n<tr>\r\n<td><span style=\"font-weight: 400;\">5. Puterea \u00eenc\u0103lzitorului de ulei, kW, nu mai mult de<\/span><\/td>\r\n<td><span style=\"font-weight: 400;\">36<\/span><\/td>\r\n<\/tr>\r\n<tr>\r\n<td><span style=\"font-weight: 400;\">6. Consum maxim de energie, kW, nu mai mult de<\/span><\/td>\r\n<td><span style=\"font-weight: 400;\">46<\/span><\/td>\r\n<\/tr>\r\n<tr>\r\n<td><span style=\"font-weight: 400;\">7. Parametrii curentului electric<\/span><\/td>\r\n<td><\/td>\r\n<\/tr>\r\n<tr>\r\n<td><span style=\"font-weight: 400;\">\u2013 tensiune, V<\/span><\/td>\r\n<td><span style=\"font-weight: 400;\">380<\/span><\/td>\r\n<\/tr>\r\n<tr>\r\n<td><span style=\"font-weight: 400;\">\u2013 AC cu frecven\u021ba, Hz<\/span><\/td>\r\n<td><span style=\"font-weight: 400;\">50<\/span><\/td>\r\n<\/tr>\r\n<tr>\r\n<td><span style=\"font-weight: 400;\">\u2013 num\u0103rul de faze<\/span><\/td>\r\n<td><span style=\"font-weight: 400;\">3<\/span><\/td>\r\n<\/tr>\r\n<tr>\r\n<td><span style=\"font-weight: 400;\">8. Dimensiuni, mm (in), nu mai mult de (f\u0103r\u0103 remorc\u0103\/cu remorc\u0103)<\/span><\/td>\r\n<td><\/td>\r\n<\/tr>\r\n<tr>\r\n<td><span style=\"font-weight: 400;\">\u2013 lungime<\/span><\/td>\r\n<td><span style=\"font-weight: 400;\">1100 (43)\/2450 (96)<\/span><\/td>\r\n<\/tr>\r\n<tr>\r\n<td><span style=\"font-weight: 400;\">\u2013 l\u0103\u021bime<\/span><\/td>\r\n<td><span style=\"font-weight: 400;\">780 (31)\/1420 (56)<\/span><\/td>\r\n<\/tr>\r\n<tr>\r\n<td><span style=\"font-weight: 400;\">\u2013 \u00een\u0103l\u021bime<\/span><\/td>\r\n<td><span style=\"font-weight: 400;\">1470 (58)\/1910 (75)<\/span><\/td>\r\n<\/tr>\r\n<tr>\r\n<td><span style=\"font-weight: 400;\">9. Greutate, kg, nu mai mult de (f\u0103r\u0103 remorc\u0103\/cu remorc\u0103)<\/span><\/td>\r\n<td><span style=\"font-weight: 400;\">450 (992)\/900 (1980)<\/span><\/td>\r\n<\/tr>\r\n<\/tbody>\r\n<\/table>\r\n<i><span style=\"font-weight: 400;\">Not\u0103:<\/span><\/i>\r\n\r\n<span style=\"font-weight: 400;\">* La parametrii ini\u021biali ai uleiului:<\/span>\r\n<ul>\r\n \t<li style=\"font-weight: 400;\" aria-level=\"1\"><span style=\"font-weight: 400;\">con\u021binut volumetric de gaz \u2014 nu mai mult de 10,5%;<\/span><\/li>\r\n \t<li style=\"font-weight: 400;\" aria-level=\"1\"><span style=\"font-weight: 400;\">con\u021binut de umiditate \u00een mas\u0103 \u2014 nu mai mult de 0,005% (50 ppm);<\/span><\/li>\r\n \t<li style=\"font-weight: 400;\" aria-level=\"1\"><span style=\"font-weight: 400;\">temperatura \u2014 nu mai mic\u0103 de 0\u00baC (32\u00baF)<\/span><\/li>\r\n \t<li style=\"font-weight: 400;\" aria-level=\"1\"><span style=\"font-weight: 400;\">c\u00e2nd uleiul trece prin unitate de mai multe ori.<\/span><\/li>\r\n<\/ul>"},{"tab_title":"Avantaje","tab_content":"<ul>\r\n \t<li style=\"font-weight: 400;\" aria-level=\"1\"><span style=\"font-weight: 400;\">Compactitate;<\/span><\/li>\r\n \t<li style=\"font-weight: 400;\" aria-level=\"1\"><span style=\"font-weight: 400;\">Mobilitate;<\/span><\/li>\r\n \t<li style=\"font-weight: 400;\" aria-level=\"1\"><span style=\"font-weight: 400;\">U\u0219urin\u021b\u0103 \u00een control;<\/span><\/li>\r\n \t<li style=\"font-weight: 400;\" aria-level=\"1\"><span style=\"font-weight: 400;\">Utilizat\u0103 pentru purificarea uleiurilor industriale de diferite tipuri: turbine, hidraulice, compresoare etc.<\/span><\/li>\r\n<\/ul>"}],"add_video_tab":null,"add_gallery_tab":[{"gallery_tab_title":"Galerie","add_img":[60232]}],"add_price_tab":[{"price_tab_title":"Get a quote"}]},"language":"ro","_links":{"self":[{"href":"https:\/\/globecore.dev\/ro\/wp-json\/wp\/v2\/pages\/296793","targetHints":{"allow":["GET"]}}],"collection":[{"href":"https:\/\/globecore.dev\/ro\/wp-json\/wp\/v2\/pages"}],"about":[{"href":"https:\/\/globecore.dev\/ro\/wp-json\/wp\/v2\/types\/page"}],"author":[{"embeddable":true,"href":"https:\/\/globecore.dev\/ro\/wp-json\/wp\/v2\/users\/7"}],"replies":[{"embeddable":true,"href":"https:\/\/globecore.dev\/ro\/wp-json\/wp\/v2\/comments?post=296793"}],"version-history":[{"count":0,"href":"https:\/\/globecore.dev\/ro\/wp-json\/wp\/v2\/pages\/296793\/revisions"}],"up":[{"embeddable":true,"href":"https:\/\/globecore.dev\/ro\/wp-json\/wp\/v2\/pages\/296766"}],"wp:featuredmedia":[{"embeddable":true,"href":"https:\/\/globecore.dev\/ro\/wp-json\/wp\/v2\/media\/255448"}],"wp:attachment":[{"href":"https:\/\/globecore.dev\/ro\/wp-json\/wp\/v2\/media?parent=296793"}],"wp:term":[{"taxonomy":"category","embeddable":true,"href":"https:\/\/globecore.dev\/ro\/wp-json\/wp\/v2\/categories?post=296793"}],"curies":[{"name":"wp","href":"https:\/\/api.w.org\/{rel}","templated":true}]}}