{"id":296783,"date":"2018-07-13T05:21:57","date_gmt":"2018-07-13T05:21:57","guid":{"rendered":"https:\/\/globecore.dev\/products\/degassing-thermal-vacuum-drying-oil\/cmm-1-1-mobile-oil-plant\/"},"modified":"2025-02-11T14:17:34","modified_gmt":"2025-02-11T14:17:34","slug":"cmm-1-1-mobile-oil-plant","status":"publish","type":"page","link":"https:\/\/globecore.dev\/ro\/products\/degassing-thermal-vacuum-drying-oil\/cmm-1-1-mobile-oil-plant\/","title":{"rendered":"CMMur-1L Unitate Mobil\u0103 de Purificare a Uleiului"},"content":{"rendered":"","protected":false},"excerpt":{"rendered":"<p>The CMM-1\/1 continues the excellent functionality of this series of equipment, but is designed to be more compact and economical.<\/p>\n","protected":false},"author":7,"featured_media":296785,"parent":296766,"menu_order":0,"comment_status":"closed","ping_status":"closed","template":"templates\/single-product.php","meta":{"_acf_changed":false,"_bbp_topic_count":0,"_bbp_reply_count":0,"_bbp_total_topic_count":0,"_bbp_total_reply_count":0,"_bbp_voice_count":0,"_bbp_anonymous_reply_count":0,"_bbp_topic_count_hidden":0,"_bbp_reply_count_hidden":0,"_bbp_forum_subforum_count":0,"footnotes":""},"categories":[],"class_list":["post-296783","page","type-page","status-publish","has-post-thumbnail","hentry"],"acf":{"add_tab":[{"tab_title":"Descriere","tab_content":"<span style=\"font-weight: 400;\">CMMur-1L continu\u0103 func\u021bionalitatea excelent\u0103 a acestei serii de echipamente, dar este conceput pentru a fi mai compact \u0219i mai economic.<\/span>\r\n\r\n<span style=\"font-weight: 400;\">CMMur-1L purific\u0103 uleiul de izola\u021bie electric\u0103\u00b9 cu v\u00e2scozitate\u00b2 sub 70 cSt la 50\u00b0C, elimin\u00e2nd apa \u0219i particulele solide.<\/span>\r\n\r\n<span style=\"font-weight: 400;\">Acest dispozitiv poate \u00eenc\u0103lzi echipamentele electrice umplute cu ulei folosind ulei de transformator fierbinte \u0219i poate evacua aerul din sistemele de vid\u00b3.<\/span>\r\n\r\n<span style=\"font-weight: 400;\">Unitatea asigur\u0103 purificarea uleiului\u2074 conform clasei -\/14\/12 de la clasa ini\u021bial\u0103 -\/18\/16 (con\u021binut de contaminan\u021bi \u00een greutate mai mic de 0,004%) dup\u0103 treceri multiple ale produsului prin filtre\u2075.<\/span>\r\n\r\n<span style=\"font-weight: 400;\">CMMur-1L este utilizat \u00een timpul punerii \u00een func\u021biune, repara\u021biilor \u0219i exploat\u0103rii sistemelor de \u00eenalt\u0103 tensiune umplute cu ulei (transformatoare de putere\u2076, \u00eentrerup\u0103toare de \u00eenalt\u0103 tensiune\u2077 etc).<\/span>"}],"add_def_tab":[{"tab_title":"Specifica\u021bii","tab_content":"<table>\r\n<tbody>\r\n<tr>\r\n<td style=\"text-align: center;\"><span style=\"font-weight: 400;\">\u2116<\/span><\/td>\r\n<td style=\"text-align: center;\"><span style=\"font-weight: 400;\">Parametru<\/span><\/td>\r\n<td>\r\n<p style=\"text-align: center;\"><span style=\"font-weight: 400;\">Valoare<\/span><\/p>\r\n<\/td>\r\n<\/tr>\r\n<tr>\r\n<td><span style=\"font-weight: 400;\">1<\/span><\/td>\r\n<td><span style=\"font-weight: 400;\">Rat\u0103 de procesare, m\u00b3\/or\u0103<\/span><\/td>\r\n<td><span style=\"font-weight: 400;\">1,0<\/span><\/td>\r\n<\/tr>\r\n<tr>\r\n<td><span style=\"font-weight: 400;\">2<\/span><\/td>\r\n<td><span style=\"font-weight: 400;\">Temperatura maxim\u0103 a uleiului la ie\u0219ire \u00een modul de \u00eenc\u0103lzire, \u00b0C<\/span><\/td>\r\n<td><span style=\"font-weight: 400;\">60<\/span><\/td>\r\n<\/tr>\r\n<tr>\r\n<td><span style=\"font-weight: 400;\">3*<\/span><\/td>\r\n<td><span style=\"font-weight: 400;\">Parametrii uleiului procesat (umiditate ini\u021bial\u0103 mai mic\u0103 de 100 ppm):<\/span><\/td>\r\n<td><\/td>\r\n<\/tr>\r\n<tr>\r\n<td><\/td>\r\n<td><span style=\"font-weight: 400;\">\u2013 filtrare, \u03bcm<\/span><\/td>\r\n<td><span style=\"font-weight: 400;\">5<\/span><\/td>\r\n<\/tr>\r\n<tr>\r\n<td><\/td>\r\n<td><span style=\"font-weight: 400;\">\u2013 tensiune dielectric\u0103 minim\u0103, kV<\/span><\/td>\r\n<td><span style=\"font-weight: 400;\">75<\/span><\/td>\r\n<\/tr>\r\n<tr>\r\n<td><\/td>\r\n<td><span style=\"font-weight: 400;\">\u2013 clasa de puritate ISO 4406<\/span><\/td>\r\n<td><span style=\"font-weight: 400;\">-\/14\/12<\/span><\/td>\r\n<\/tr>\r\n<tr>\r\n<td><span style=\"font-weight: 400;\">4<\/span><\/td>\r\n<td><span style=\"font-weight: 400;\">\u00cen\u0103l\u021bimea de ie\u0219ire relativ\u0103 la ie\u0219ire, metri<\/span><\/td>\r\n<td><span style=\"font-weight: 400;\">20<\/span><\/td>\r\n<\/tr>\r\n<tr>\r\n<td><span style=\"font-weight: 400;\">5<\/span><\/td>\r\n<td><span style=\"font-weight: 400;\">Presiunea maxim\u0103 la intrare, MPa<\/span><\/td>\r\n<td><span style=\"font-weight: 400;\">0,1<\/span><\/td>\r\n<\/tr>\r\n<tr>\r\n<td><span style=\"font-weight: 400;\">6<\/span><\/td>\r\n<td><span style=\"font-weight: 400;\">Presiunea maxim\u0103 la ie\u0219ire, MPa<\/span><\/td>\r\n<td><span style=\"font-weight: 400;\">0,25<\/span><\/td>\r\n<\/tr>\r\n<tr>\r\n<td><span style=\"font-weight: 400;\">7<\/span><\/td>\r\n<td><span style=\"font-weight: 400;\">Puterea \u00eenc\u0103lzitorului de ulei, kW<\/span><\/td>\r\n<td><span style=\"font-weight: 400;\">20,4<\/span><\/td>\r\n<\/tr>\r\n<tr>\r\n<td><span style=\"font-weight: 400;\">8<\/span><\/td>\r\n<td><span style=\"font-weight: 400;\">Puterea medie a suprafe\u021bei \u00eenc\u0103lzitorului, W\/cm\u00b2, max<\/span><\/td>\r\n<td><span style=\"font-weight: 400;\">1,1<\/span><\/td>\r\n<\/tr>\r\n<tr>\r\n<td><span style=\"font-weight: 400;\">9<\/span><\/td>\r\n<td><span style=\"font-weight: 400;\">Putere nominal\u0103, kW<\/span><\/td>\r\n<td><span style=\"font-weight: 400;\">25<\/span><\/td>\r\n<\/tr>\r\n<tr>\r\n<td><span style=\"font-weight: 400;\">10<\/span><\/td>\r\n<td><span style=\"font-weight: 400;\">Alimentare electric\u0103 trifazat\u0103 (tensiune, frecven\u021b\u0103)<\/span><\/td>\r\n<td><span style=\"font-weight: 400;\">La cerere<\/span><\/td>\r\n<\/tr>\r\n<tr>\r\n<td><span style=\"font-weight: 400;\">11<\/span><\/td>\r\n<td><span style=\"font-weight: 400;\">Dimensiuni maxime, mm<\/span><\/td>\r\n<td><\/td>\r\n<\/tr>\r\n<tr>\r\n<td><\/td>\r\n<td><span style=\"font-weight: 400;\">\u2013 lungime<\/span><\/td>\r\n<td><span style=\"font-weight: 400;\">1500<\/span><\/td>\r\n<\/tr>\r\n<tr>\r\n<td><\/td>\r\n<td><span style=\"font-weight: 400;\">\u2013 l\u0103\u021bime<\/span><\/td>\r\n<td><span style=\"font-weight: 400;\">1000<\/span><\/td>\r\n<\/tr>\r\n<tr>\r\n<td><\/td>\r\n<td><span style=\"font-weight: 400;\">\u2013 \u00een\u0103l\u021bime<\/span><\/td>\r\n<td><span style=\"font-weight: 400;\">1550<\/span><\/td>\r\n<\/tr>\r\n<tr>\r\n<td><span style=\"font-weight: 400;\">12<\/span><\/td>\r\n<td><span style=\"font-weight: 400;\">Greutate, kg, max<\/span><\/td>\r\n<td><span style=\"font-weight: 400;\">650<\/span><\/td>\r\n<\/tr>\r\n<\/tbody>\r\n<\/table>\r\n<span style=\"font-weight: 400;\">*Not\u0103: Parametrii ini\u021biali ai uleiului:<\/span>\r\n<ul>\r\n \t<li style=\"font-weight: 400;\" aria-level=\"1\"><span style=\"font-weight: 400;\">umiditate sub 0,005% (50 ppm);<\/span><\/li>\r\n \t<li style=\"font-weight: 400;\" aria-level=\"1\"><span style=\"font-weight: 400;\">ulei \u00eenc\u0103lzit la +60\u00b15\u00baC timp de 30 de minute;<\/span><\/li>\r\n \t<li style=\"font-weight: 400;\" aria-level=\"1\"><span style=\"font-weight: 400;\">con\u021binut de gaz sub 10%.<\/span><\/li>\r\n<\/ul>"},{"tab_title":"Avantaje","tab_content":"<ul>\r\n \t<li style=\"font-weight: 400;\" aria-level=\"1\"><span style=\"font-weight: 400;\">Dimensiuni compacte. Unitatea poate fi transportat\u0103 cu diverse vehicule (terestre, maritime, aeriene);<\/span><\/li>\r\n \t<li style=\"font-weight: 400;\" aria-level=\"1\"><span style=\"font-weight: 400;\">Operare \u0219i \u00eentre\u021binere simple;<\/span><\/li>\r\n \t<li style=\"font-weight: 400;\" aria-level=\"1\"><span style=\"font-weight: 400;\">Cre\u0219terea tensiunii dielectrice de la 15 la 75 kV \u00een mai multe treceri;<\/span><\/li>\r\n \t<li style=\"font-weight: 400;\" aria-level=\"1\"><span style=\"font-weight: 400;\">Design optimizat al \u00eenc\u0103lzitorului cu rat\u0103 crescut\u0103 de \u00eenc\u0103lzire f\u0103r\u0103 cerin\u021be excesive de putere;<\/span><\/li>\r\n \t<li style=\"font-weight: 400;\" aria-level=\"1\"><span style=\"font-weight: 400;\">Vizor de dimensiuni suficiente pentru monitorizarea vizual\u0103 simpl\u0103 a proces\u0103rii uleiului.<\/span><\/li>\r\n<\/ul>"}],"add_video_tab":null,"add_gallery_tab":[{"gallery_tab_title":"Galerie","add_img":[33249,33295,33277,33286,33313,33322,33349,33340]}],"add_price_tab":[{"price_tab_title":"Get a quote"}]},"language":"ro","_links":{"self":[{"href":"https:\/\/globecore.dev\/ro\/wp-json\/wp\/v2\/pages\/296783","targetHints":{"allow":["GET"]}}],"collection":[{"href":"https:\/\/globecore.dev\/ro\/wp-json\/wp\/v2\/pages"}],"about":[{"href":"https:\/\/globecore.dev\/ro\/wp-json\/wp\/v2\/types\/page"}],"author":[{"embeddable":true,"href":"https:\/\/globecore.dev\/ro\/wp-json\/wp\/v2\/users\/7"}],"replies":[{"embeddable":true,"href":"https:\/\/globecore.dev\/ro\/wp-json\/wp\/v2\/comments?post=296783"}],"version-history":[{"count":0,"href":"https:\/\/globecore.dev\/ro\/wp-json\/wp\/v2\/pages\/296783\/revisions"}],"up":[{"embeddable":true,"href":"https:\/\/globecore.dev\/ro\/wp-json\/wp\/v2\/pages\/296766"}],"wp:featuredmedia":[{"embeddable":true,"href":"https:\/\/globecore.dev\/ro\/wp-json\/wp\/v2\/media\/296785"}],"wp:attachment":[{"href":"https:\/\/globecore.dev\/ro\/wp-json\/wp\/v2\/media?parent=296783"}],"wp:term":[{"taxonomy":"category","embeddable":true,"href":"https:\/\/globecore.dev\/ro\/wp-json\/wp\/v2\/categories?post=296783"}],"curies":[{"name":"wp","href":"https:\/\/api.w.org\/{rel}","templated":true}]}}