{"id":296769,"date":"2016-07-21T09:30:18","date_gmt":"2016-07-21T09:30:18","guid":{"rendered":"https:\/\/globecore.dev\/products\/degassing-thermal-vacuum-drying-oil\/cmm-0-6-oil-filtration-oil-degassing-cart\/"},"modified":"2025-09-10T11:50:09","modified_gmt":"2025-09-10T11:50:09","slug":"cmm-0-6-oil-filtration-oil-degassing-cart","status":"publish","type":"page","link":"https:\/\/globecore.dev\/ro\/products\/degassing-thermal-vacuum-drying-oil\/cmm-0-6-oil-filtration-oil-degassing-cart\/","title":{"rendered":"CMM-0.6L C\u0103ru\u021b de Filtrare \u0219i Degazare a Uleiului"},"content":{"rendered":"","protected":false},"excerpt":{"rendered":"<p>The CMM-0.6 is designed for heating, pumping  and processing electrical insulation and cooling oil (in transformers, on load tap changers, bushings, high voltage switches etc).<\/p>\n","protected":false},"author":1,"featured_media":296771,"parent":296766,"menu_order":0,"comment_status":"closed","ping_status":"closed","template":"templates\/single-product.php","meta":{"_acf_changed":false,"_bbp_topic_count":0,"_bbp_reply_count":0,"_bbp_total_topic_count":0,"_bbp_total_reply_count":0,"_bbp_voice_count":0,"_bbp_anonymous_reply_count":0,"_bbp_topic_count_hidden":0,"_bbp_reply_count_hidden":0,"_bbp_forum_subforum_count":0,"footnotes":""},"categories":[1],"class_list":["post-296769","page","type-page","status-publish","has-post-thumbnail","hentry","category-news"],"acf":{"add_tab":[{"tab_title":"Descriere","tab_content":"<p style=\"text-align: justify;\"><span style=\"font-weight: 400;\">CMM-0.6L este conceput pentru \u00eenc\u0103lzirea, pomparea \u0219i procesarea uleiului de izola\u021bie electric\u0103 \u0219i de r\u0103cire (\u00een transformatoare, comutatoare sub sarcin\u0103, travers\u0103ri, \u00eentrerup\u0103toare de \u00eenalt\u0103 tensiune etc.). Procesul include \u00eendep\u0103rtarea particulelor solide, a gazului \u0219i a apei.<\/span><\/p>\r\n<p style=\"text-align: justify;\"><span style=\"font-weight: 400;\">Aceast\u0103 ma\u0219in\u0103 apar\u021bine categoriei CMM cu cea mai mic\u0103 rat\u0103 de procesare (p\u00e2n\u0103 la 600 litri pe or\u0103).<\/span><\/p>\r\n\r\n<h2 style=\"text-align: center;\"><span style=\"font-weight: 400;\">Design<\/span><\/h2>\r\n<p style=\"text-align: justify;\"><span style=\"font-weight: 400;\">C\u041c\u041c-0.6L este construit pe un c\u0103ru\u021b care sus\u021bine componentele:<\/span><\/p>\r\n\r\n<ul style=\"text-align: justify;\">\r\n \t<li style=\"font-weight: 400;\" aria-level=\"1\"><span style=\"font-weight: 400;\">Un dispozitiv pentru transportul uleiului (pomp\u0103);<\/span><\/li>\r\n \t<li style=\"font-weight: 400;\" aria-level=\"1\"><span style=\"font-weight: 400;\">Un dispozitiv pentru cre\u0219terea temperaturii uleiului (\u00eenc\u0103lzitor);<\/span><\/li>\r\n \t<li style=\"font-weight: 400;\" aria-level=\"1\"><span style=\"font-weight: 400;\">Dispozitive pentru \u00eendep\u0103rtarea particulelor solide (filtre grosiere \u0219i fine);<\/span><\/li>\r\n \t<li style=\"font-weight: 400;\" aria-level=\"1\"><span style=\"font-weight: 400;\">Un vas cilindric cu un material special de umplere, din care a fost eliminat aerul pentru a crea vid;<\/span><\/li>\r\n \t<li style=\"font-weight: 400;\" aria-level=\"1\"><span style=\"font-weight: 400;\">Un dispozitiv pentru evacuarea camerei de vid (pomp\u0103 de vid);<\/span><\/li>\r\n \t<li style=\"font-weight: 400;\" aria-level=\"1\"><span style=\"font-weight: 400;\">Un sistem de control cu butoane \u0219i senzori de parametri ai procesului.<\/span><\/li>\r\n<\/ul>\r\n<p style=\"text-align: justify;\"><span style=\"font-weight: 400;\">Componentele sunt conectate prin conducte.<\/span><\/p>\r\n\r\n<h2 style=\"text-align: center;\"><span style=\"font-weight: 400;\">Func\u021bionare<\/span><\/h2>\r\n<p style=\"text-align: justify;\"><span style=\"font-weight: 400;\">Vidul este influen\u021ba cea mai important\u0103 asupra uleiului \u00een CMM-0.6L. Pompa de vid elimin\u0103 aerul din camera cilindric\u0103 de vid. Vidul atrage uleiul prin dispozitivele de \u00eendep\u0103rtare a particulelor solide \u00een \u00eenc\u0103lzitor, unde uleiul este \u00eenc\u0103lzit la temperatura de procesare. Apoi, uleiul este transportat \u00een camera cilindric\u0103, care con\u021bine un material special de umplere, m\u0103rind suprafa\u021ba uleiului. Uleiul curge \u00een jos, iar vidul extrage apa \u0219i gazul din ulei. Din partea de jos a camerei de vid, uleiul curge \u00een filtre, apoi la ie\u0219irea unit\u0103\u021bii.<\/span><\/p>\r\n\r\n<h2 style=\"text-align: center;\"><span style=\"font-weight: 400;\">Implicarea operatorului<\/span><\/h2>\r\n<p style=\"text-align: justify;\"><span style=\"font-weight: 400;\">Participarea operatorului uman este limitat\u0103 la ap\u0103sarea butoanelor de control de pe panoul de control. C\u00e2nd operatorul apas\u0103 un buton, modul asociat este activat \u0219i func\u021bioneaz\u0103 f\u0103r\u0103 interferen\u021b\u0103 uman\u0103. Panoul de control este echipat \u0219i cu diferite dispozitive de semnalizare care indic\u0103 ce componente sunt active \u0219i ofer\u0103 semnale de alarm\u0103.<\/span><\/p>\r\n<p style=\"text-align: justify;\"><span style=\"font-weight: 400;\">Temperatura de proces a uleiului este selectat\u0103 de operator pe un ecran afi\u0219aj electronic \u0219i este men\u021binut\u0103 f\u0103r\u0103 participarea uman\u0103.<\/span><\/p>\r\n\r\n<h2 style=\"text-align: center;\"><span style=\"font-weight: 400;\">Siguran\u021b\u0103<\/span><\/h2>\r\n<p style=\"text-align: justify;\"><span style=\"font-weight: 400;\">Siguran\u021ba func\u021bion\u0103rii CMM-0.6L este asigurat\u0103 de dispozitive de control al parametrilor procesului \u0219i protec\u021bii speciale:<\/span><\/p>\r\n\r\n<ul style=\"text-align: justify;\">\r\n \t<li style=\"font-weight: 400;\" aria-level=\"1\"><span style=\"font-weight: 400;\">Controlul temperaturii \u00eenc\u0103lzitorului (protec\u021bie la supra\u00eenc\u0103lzire);<\/span><\/li>\r\n \t<li style=\"font-weight: 400;\" aria-level=\"1\"><span style=\"font-weight: 400;\">Controlul nivelului uleiului (oprirea prompt\u0103 a pompelor dac\u0103 nu este detectat ulei \u00een sistem);<\/span><\/li>\r\n \t<li style=\"font-weight: 400;\" aria-level=\"1\"><span style=\"font-weight: 400;\">Controlul scurgerilor de ulei (oprirea ma\u0219inii \u00een caz de rupere a furtunului de ulei \u0219i scurgeri);<\/span><\/li>\r\n \t<li style=\"font-weight: 400;\" aria-level=\"1\"><span style=\"font-weight: 400;\">Prevenirea spum\u0103rii;<\/span><\/li>\r\n \t<li style=\"font-weight: 400;\" aria-level=\"1\"><span style=\"font-weight: 400;\">Protec\u021bia motorului electric \u0219i a circuitului de control.<\/span><\/li>\r\n<\/ul>\r\n<h2 style=\"text-align: center;\"><span style=\"font-weight: 400;\">Pentru cine este construit\u0103 aceast\u0103 ma\u0219in\u0103<\/span><\/h2>\r\n<p style=\"text-align: justify;\"><span style=\"font-weight: 400;\">CMM-0.6L este conceput pentru companiile de asamblare, \u00eentre\u021binere \u0219i reparare a transformatoarelor (\u0219i a altor echipamente electrice umplute cu ulei mineral).<\/span><\/p>"}],"add_def_tab":[{"tab_title":"Specifica\u021bii","tab_content":"<table>\r\n<tbody>\r\n<tr>\r\n<td>\r\n<p style=\"text-align: center;\"><strong>Nr.<\/strong><\/p>\r\n<\/td>\r\n<td style=\"text-align: center;\"><strong>Descrierea parametrului<\/strong><\/td>\r\n<td>\r\n<p style=\"text-align: center;\"><strong>Valoare<\/strong><\/p>\r\n<\/td>\r\n<\/tr>\r\n<tr>\r\n<td><span style=\"font-weight: 400;\">1<\/span><\/td>\r\n<td><span style=\"font-weight: 400;\">Eficien\u021b\u0103, m\u00b3\/or\u0103<\/span><\/td>\r\n<td><span style=\"font-weight: 400;\">0,6<\/span><\/td>\r\n<\/tr>\r\n<tr>\r\n<td><span style=\"font-weight: 400;\">2<\/span><\/td>\r\n<td><span style=\"font-weight: 400;\">Alimentare electric\u0103 (AC 50Hz, V)<\/span><\/td>\r\n<td><span style=\"font-weight: 400;\">380*<\/span><\/td>\r\n<\/tr>\r\n<tr>\r\n<td><span style=\"font-weight: 400;\">3<\/span><\/td>\r\n<td><span style=\"font-weight: 400;\">Putere nominal\u0103 de intrare, kW<\/span><\/td>\r\n<td><span style=\"font-weight: 400;\">14<\/span><\/td>\r\n<\/tr>\r\n<tr>\r\n<td><span style=\"font-weight: 400;\">4<\/span><\/td>\r\n<td><span style=\"font-weight: 400;\">Pre-filtru, microni<\/span><\/td>\r\n<td><span style=\"font-weight: 400;\">200<\/span><\/td>\r\n<\/tr>\r\n<tr>\r\n<td><span style=\"font-weight: 400;\">5<\/span><\/td>\r\n<td><span style=\"font-weight: 400;\">Gradul de filtrare, microni<\/span><\/td>\r\n<td><span style=\"font-weight: 400;\">5<\/span><\/td>\r\n<\/tr>\r\n<tr>\r\n<td><span style=\"font-weight: 400;\">6<\/span><\/td>\r\n<td><span style=\"font-weight: 400;\">Nivel de cur\u0103\u021benie dup\u0103 procesare (conform ISO 4406)<\/span><\/td>\r\n<td><span style=\"font-weight: 400;\">-\/14\/12<\/span><\/td>\r\n<\/tr>\r\n<tr>\r\n<td><span style=\"font-weight: 400;\">7<\/span><\/td>\r\n<td><span style=\"font-weight: 400;\">Tensiunea de str\u0103pungere a uleiului nu mai pu\u021bin, kV<\/span><\/td>\r\n<td><span style=\"font-weight: 400;\">60**<\/span><\/td>\r\n<\/tr>\r\n<tr>\r\n<td><span style=\"font-weight: 400;\">8<\/span><\/td>\r\n<td><span style=\"font-weight: 400;\">Dimensiuni exterioare (f\u0103r\u0103 furtunuri) nu mai mult, mm<\/span><\/td>\r\n<td><\/td>\r\n<\/tr>\r\n<tr>\r\n<td><\/td>\r\n<td><span style=\"font-weight: 400;\">\u2014 lungime<\/span><\/td>\r\n<td><span style=\"font-weight: 400;\">750<\/span><\/td>\r\n<\/tr>\r\n<tr>\r\n<td><\/td>\r\n<td><span style=\"font-weight: 400;\">\u2014 l\u0103\u021bime<\/span><\/td>\r\n<td><span style=\"font-weight: 400;\">525<\/span><\/td>\r\n<\/tr>\r\n<tr>\r\n<td><\/td>\r\n<td><span style=\"font-weight: 400;\">\u2014 \u00een\u0103l\u021bime<\/span><\/td>\r\n<td><span style=\"font-weight: 400;\">1450<\/span><\/td>\r\n<\/tr>\r\n<tr>\r\n<td><span style=\"font-weight: 400;\">9<\/span><\/td>\r\n<td><span style=\"font-weight: 400;\">Greutate (f\u0103r\u0103 ulei) nu mai mult, kg<\/span><\/td>\r\n<td><span style=\"font-weight: 400;\">230<\/span><\/td>\r\n<\/tr>\r\n<\/tbody>\r\n<\/table>\r\n<ul>\r\n \t<li style=\"font-weight: 400;\" aria-level=\"1\"><span style=\"font-weight: 400;\">\u2013 orice tensiune disponibil\u0103 la cererea clientului<\/span><\/li>\r\n<\/ul>\r\n<span style=\"font-weight: 400;\">** \u2013 cu condi\u021bia ca uleiul procesat s\u0103 nu fi fost utilizat.<\/span>\r\n\r\n<span style=\"font-weight: 400;\">Pute\u021bi achizi\u021biona unitatea de degazare CMM-0.6 chiar acum contact\u00e2nd unul dintre managerii no\u0219tri din lista de contacte.<\/span>\r\n\r\n<span style=\"font-weight: 400;\">Pentru a modifica parametrii standard \u00een func\u021bie de nevoile dvs. specifice, clientul trebuie s\u0103 completeze un chestionar, \u00een care trebuie s\u0103 include\u021bi cerin\u021bele tehnice necesare.<\/span>"},{"tab_title":"Avantaje","tab_content":"<ul>\r\n \t<li style=\"font-weight: 400;\" aria-level=\"1\"><span style=\"font-weight: 400;\">Dimensiuni compacte;<\/span><\/li>\r\n \t<li style=\"font-weight: 400;\" aria-level=\"1\"><span style=\"font-weight: 400;\">U\u0219urin\u021b\u0103 \u00een \u00eentre\u021binere \u0219i operare;<\/span><\/li>\r\n \t<li style=\"font-weight: 400;\" aria-level=\"1\"><span style=\"font-weight: 400;\">Func\u021bionare silen\u021bioas\u0103;<\/span><\/li>\r\n \t<li style=\"font-weight: 400;\" aria-level=\"1\"><span style=\"font-weight: 400;\">Posibilitatea de a fi alimentat printr-o priz\u0103 electric\u0103 conven\u021bional\u0103 de 220V.<\/span><\/li>\r\n<\/ul>"}],"add_video_tab":null,"add_gallery_tab":[{"gallery_tab_title":"Galerie","add_img":[60074,60065,60053,60243,12849,8550,8549,8545,23656]}],"add_price_tab":[{"price_tab_title":"Get a Quote"}]},"language":"ro","_links":{"self":[{"href":"https:\/\/globecore.dev\/ro\/wp-json\/wp\/v2\/pages\/296769","targetHints":{"allow":["GET"]}}],"collection":[{"href":"https:\/\/globecore.dev\/ro\/wp-json\/wp\/v2\/pages"}],"about":[{"href":"https:\/\/globecore.dev\/ro\/wp-json\/wp\/v2\/types\/page"}],"author":[{"embeddable":true,"href":"https:\/\/globecore.dev\/ro\/wp-json\/wp\/v2\/users\/1"}],"replies":[{"embeddable":true,"href":"https:\/\/globecore.dev\/ro\/wp-json\/wp\/v2\/comments?post=296769"}],"version-history":[{"count":0,"href":"https:\/\/globecore.dev\/ro\/wp-json\/wp\/v2\/pages\/296769\/revisions"}],"up":[{"embeddable":true,"href":"https:\/\/globecore.dev\/ro\/wp-json\/wp\/v2\/pages\/296766"}],"wp:featuredmedia":[{"embeddable":true,"href":"https:\/\/globecore.dev\/ro\/wp-json\/wp\/v2\/media\/296771"}],"wp:attachment":[{"href":"https:\/\/globecore.dev\/ro\/wp-json\/wp\/v2\/media?parent=296769"}],"wp:term":[{"taxonomy":"category","embeddable":true,"href":"https:\/\/globecore.dev\/ro\/wp-json\/wp\/v2\/categories?post=296769"}],"curies":[{"name":"wp","href":"https:\/\/api.w.org\/{rel}","templated":true}]}}