{"id":296766,"date":"2016-04-01T07:28:13","date_gmt":"2016-04-01T07:28:13","guid":{"rendered":"https:\/\/globecore.dev\/products\/degassing-thermal-vacuum-drying-oil\/"},"modified":"2025-09-10T12:25:16","modified_gmt":"2025-09-10T12:25:16","slug":"degassing-thermal-vacuum-drying-oil","status":"publish","type":"page","link":"https:\/\/globecore.dev\/ro\/products\/degassing-thermal-vacuum-drying-oil\/","title":{"rendered":"Degazarea uleiului, uscarea \u00een vid a uleiului termic"},"content":{"rendered":"<p><b>Degazarea Uleiului<sup class=\"modern-footnotes-footnote \" data-mfn=\"1\" data-mfn-post-scope=\"0000000000003d020000000000000000_296766\"><a href=\"javascript:void(0)\"  role=\"button\" aria-pressed=\"false\" aria-describedby=\"mfn-content-0000000000003d020000000000000000_296766-1\">1<\/a><\/sup><span id=\"mfn-content-0000000000003d020000000000000000_296766-1\" role=\"tooltip\" class=\"modern-footnotes-footnote__note\" tabindex=\"0\" data-mfn=\"1\">Degazarea uleiului de transformator este un complex de procese care au ca scop eliminarea apei, gazelor \u0219i impurit\u0103\u021bilor mecanice din uleiul dielectronic.<\/span><\/b><\/p>\n<p>Exist\u0103 unit\u0103\u021bi speciale de degazare a uleiului utilizate pentru a realiza procesele de degazare \u0219i vid. Partea principal\u0103 a unui astfel de echipament este un degazificator care const\u0103 din dou\u0103 rezervoare. <strong>Vidul<\/strong><b><sup class=\"modern-footnotes-footnote \" data-mfn=\"2\" data-mfn-post-scope=\"0000000000003d020000000000000000_296766\"><a href=\"javascript:void(0)\"  role=\"button\" aria-pressed=\"false\" aria-describedby=\"mfn-content-0000000000003d020000000000000000_296766-2\">2<\/a><\/sup><span id=\"mfn-content-0000000000003d020000000000000000_296766-2\" role=\"tooltip\" class=\"modern-footnotes-footnote__note\" tabindex=\"0\" data-mfn=\"2\">Vidul este un spa\u021biu lipsit de materie. O aproximare a unui astfel de vid este o regiune cu o presiune a gazului mult mai mic\u0103 dec\u00e2t presiunea atmosferic\u0103.[\/b]<b><\/span><\/b> \u00een rezervoare este creat de un <strong>pompa de vid<b><sup class=\"modern-footnotes-footnote \" data-mfn=\"3\" data-mfn-post-scope=\"0000000000003d020000000000000000_296766\"><a href=\"javascript:void(0)\"  role=\"button\" aria-pressed=\"false\" aria-describedby=\"mfn-content-0000000000003d020000000000000000_296766-3\">3<\/a><\/sup><span id=\"mfn-content-0000000000003d020000000000000000_296766-3\" role=\"tooltip\" class=\"modern-footnotes-footnote__note\" tabindex=\"0\" data-mfn=\"3\">O pomp\u0103 de vid este un dispozitiv care elimin\u0103 moleculele de gaz dintr-un volum sigilat pentru a l\u0103sa \u00een urm\u0103 un vid par\u021bial.[\/b]<b><\/span><\/b><\/b><\/strong> sistem. Degazarea uleiului are loc atunci c\u00e2nd uleiul curge \u00een fluxuri sub\u021biri pe suprafa\u021ba <strong>inelor Raschig<b><sup class=\"modern-footnotes-footnote \" data-mfn=\"4\" data-mfn-post-scope=\"0000000000003d020000000000000000_296766\"><a href=\"javascript:void(0)\"  role=\"button\" aria-pressed=\"false\" aria-describedby=\"mfn-content-0000000000003d020000000000000000_296766-4\">4<\/a><\/sup><span id=\"mfn-content-0000000000003d020000000000000000_296766-4\" role=\"tooltip\" class=\"modern-footnotes-footnote__note\" tabindex=\"0\" data-mfn=\"4\">Inelurile Raschig sunt buc\u0103\u021bi de \u021beav\u0103, aproximativ egale ca lungime \u0219i diametru, utilizate \u00een num\u0103r mare ca pat \u00een coloane pentru distilare \u0219i alte procese de inginerie chimic\u0103.[\/b]<b><\/span><\/b><\/b><\/strong>.<\/b><\/p>\n<p><b>Uscarea \u00een Vid a Uleiului Termic<strong><sup class=\"modern-footnotes-footnote \" data-mfn=\"5\" data-mfn-post-scope=\"0000000000003d020000000000000000_296766\"><a href=\"javascript:void(0)\"  role=\"button\" aria-pressed=\"false\" aria-describedby=\"mfn-content-0000000000003d020000000000000000_296766-5\">5<\/a><\/sup><span id=\"mfn-content-0000000000003d020000000000000000_296766-5\" role=\"tooltip\" class=\"modern-footnotes-footnote__note\" tabindex=\"0\" data-mfn=\"5\">Uscarea\u00a0<span class=\"normal-c-c7-C\">este un proces de eliminare a apei din uleiul de transformator.<\/span><\/strong><strong><\/span><\/strong><\/b><\/p>\n<p>Instala\u021bia este asamblat\u0103 pe un cadru, care sus\u021bine componentele unit\u0103\u021bii: pompe de ulei pentru intrare \u0219i ie\u0219ire, dulap de control dielectric, camer\u0103 de vid, filtre de cartu\u0219 grosiere \u0219i fine, pomp\u0103 de vid \u0219i \u021bevi cu valve. Unitatea mobil\u0103 de ulei CMM poate fi utilizat\u0103 pentru: (1) \u00eenc\u0103lzirea echipamentelor electrice care con\u021bin ulei dielectronic cu ulei fierbinte; (2) pentru uscarea \u00een vid a <strong>transformatoarelor<b><sup class=\"modern-footnotes-footnote \" data-mfn=\"6\" data-mfn-post-scope=\"0000000000003d020000000000000000_296766\"><a href=\"javascript:void(0)\"  role=\"button\" aria-pressed=\"false\" aria-describedby=\"mfn-content-0000000000003d020000000000000000_296766-6\">6<\/a><\/sup><span id=\"mfn-content-0000000000003d020000000000000000_296766-6\" role=\"tooltip\" class=\"modern-footnotes-footnote__note\" tabindex=\"0\" data-mfn=\"6\">Un transformator este un dispozitiv static care transfer\u0103 energie electric\u0103 \u00eentre dou\u0103 sau mai multe circuite.[\/b]<b><\/span><\/b><\/b><\/strong>; \u0219i (3) pentru <strong>vidarea<b><sup class=\"modern-footnotes-footnote \" data-mfn=\"7\" data-mfn-post-scope=\"0000000000003d020000000000000000_296766\"><a href=\"javascript:void(0)\"  role=\"button\" aria-pressed=\"false\" aria-describedby=\"mfn-content-0000000000003d020000000000000000_296766-7\">7<\/a><\/sup><span id=\"mfn-content-0000000000003d020000000000000000_296766-7\" role=\"tooltip\" class=\"modern-footnotes-footnote__note\" tabindex=\"0\" data-mfn=\"7\">Vidarea se realizeaz\u0103 pentru a elimina umezeala din interiorul transformatorului sau pentru a-l proteja de umezeal\u0103.[\/b]<b><\/span><\/b><\/b><\/strong>. Unitatea este cel mai bine potrivit\u0103 pentru facilit\u0103\u021bi care instaleaz\u0103, repar\u0103 \u0219i \u00eentre\u021bin transformatoare electrice umplute cu ulei \u0219i alte echipamente electrice umplute cu ulei.<\/p>\n","protected":false},"excerpt":{"rendered":"<p>Degazarea Uleiului Exist\u0103 unit\u0103\u021bi speciale de degazare a uleiului utilizate pentru a realiza procesele de degazare \u0219i vid. Partea principal\u0103 a unui astfel de echipament este un degazificator care const\u0103 din dou\u0103 rezervoare. Vidul \u00een rezervoare este creat de un pompa de vid sistem. Degazarea uleiului are loc atunci c\u00e2nd uleiul curge \u00een fluxuri sub\u021biri<a class=\"cg-read-more\" href=\"https:\/\/globecore.dev\/ro\/products\/degassing-thermal-vacuum-drying-oil\/\" target=\"_blank\">Read More <\/a><\/p>\n","protected":false},"author":7,"featured_media":296768,"parent":296636,"menu_order":0,"comment_status":"closed","ping_status":"closed","template":"templates\/products-sidebar.php","meta":{"_acf_changed":false,"_bbp_topic_count":0,"_bbp_reply_count":0,"_bbp_total_topic_count":0,"_bbp_total_reply_count":0,"_bbp_voice_count":0,"_bbp_anonymous_reply_count":0,"_bbp_topic_count_hidden":0,"_bbp_reply_count_hidden":0,"_bbp_forum_subforum_count":0,"footnotes":""},"categories":[],"class_list":["post-296766","page","type-page","status-publish","has-post-thumbnail","hentry"],"acf":[],"language":"ro","_links":{"self":[{"href":"https:\/\/globecore.dev\/ro\/wp-json\/wp\/v2\/pages\/296766","targetHints":{"allow":["GET"]}}],"collection":[{"href":"https:\/\/globecore.dev\/ro\/wp-json\/wp\/v2\/pages"}],"about":[{"href":"https:\/\/globecore.dev\/ro\/wp-json\/wp\/v2\/types\/page"}],"author":[{"embeddable":true,"href":"https:\/\/globecore.dev\/ro\/wp-json\/wp\/v2\/users\/7"}],"replies":[{"embeddable":true,"href":"https:\/\/globecore.dev\/ro\/wp-json\/wp\/v2\/comments?post=296766"}],"version-history":[{"count":0,"href":"https:\/\/globecore.dev\/ro\/wp-json\/wp\/v2\/pages\/296766\/revisions"}],"up":[{"embeddable":true,"href":"https:\/\/globecore.dev\/ro\/wp-json\/wp\/v2\/pages\/296636"}],"wp:featuredmedia":[{"embeddable":true,"href":"https:\/\/globecore.dev\/ro\/wp-json\/wp\/v2\/media\/296768"}],"wp:attachment":[{"href":"https:\/\/globecore.dev\/ro\/wp-json\/wp\/v2\/media?parent=296766"}],"wp:term":[{"taxonomy":"category","embeddable":true,"href":"https:\/\/globecore.dev\/ro\/wp-json\/wp\/v2\/categories?post=296766"}],"curies":[{"name":"wp","href":"https:\/\/api.w.org\/{rel}","templated":true}]}}