{"id":296753,"date":"2020-11-23T13:42:09","date_gmt":"2020-11-23T13:42:09","guid":{"rendered":"https:\/\/globecore.dev\/products\/instruments\/insulation-fluid-dielectric-strength-measurement-tor-80\/"},"modified":"2025-02-11T13:51:39","modified_gmt":"2025-02-11T13:51:39","slug":"insulation-fluid-dielectric-strength-measurement-tor-80","status":"publish","type":"page","link":"https:\/\/globecore.dev\/ro\/products\/instruments\/insulation-fluid-dielectric-strength-measurement-tor-80\/","title":{"rendered":"TOR-80 (TOR-80 LSL) Tester de Tensiune de Str\u0103pungere"},"content":{"rendered":"","protected":false},"excerpt":{"rendered":"","protected":false},"author":7,"featured_media":291069,"parent":296727,"menu_order":0,"comment_status":"closed","ping_status":"closed","template":"templates\/single-product.php","meta":{"_acf_changed":false,"_bbp_topic_count":0,"_bbp_reply_count":0,"_bbp_total_topic_count":0,"_bbp_total_reply_count":0,"_bbp_voice_count":0,"_bbp_anonymous_reply_count":0,"_bbp_topic_count_hidden":0,"_bbp_reply_count_hidden":0,"_bbp_forum_subforum_count":0,"footnotes":""},"categories":[2132],"class_list":["post-296753","page","type-page","status-publish","has-post-thumbnail","hentry","category-instruments-ro"],"acf":{"add_tab":[{"tab_title":"Descriere","tab_content":"<p style=\"text-align: justify;\"><span style=\"font-weight: 400;\">Unitatea este proiectat\u0103 pentru a m\u0103sura rezisten\u021ba dielectric\u0103 a uleiului de transformator \u0219i a altor fluide dielectrice conform IEC 60156, ASTM D877, ASTM D1816.<\/span><\/p>\r\n<p style=\"text-align: justify;\"><span style=\"font-weight: 400;\">Este un dispozitiv complet automat care permite testarea conform procedurilor definite \u00een aceste standarde, precum \u0219i conform procedurilor definite de utilizator specificate \u00een sec\u021biunea corespunz\u0103toare a meniului de configurare.<\/span><\/p>\r\n\r\n<h2 style=\"text-align: center;\">Principiul de func\u021bionare<\/h2>\r\n<p style=\"text-align: justify;\"><span style=\"font-weight: 400;\">Nucleul unit\u0103\u021bii este transformatorul de \u00eenalt\u0103 tensiune \u0219i modulele electronice. Unitatea opereaz\u0103 prin cre\u0219terea treptat\u0103 a tensiunii pe \u00eenf\u0103\u0219urarea secundar\u0103 a transformatorului de \u00eenalt\u0103 tensiune de la zero p\u00e2n\u0103 la tensiunea maxim\u0103 sau p\u00e2n\u0103 la tensiunea la care apare o str\u0103pungere electric\u0103 \u00een fluidul dielectric din celula de m\u0103surare instalat\u0103 pe contactele de \u00eenalt\u0103 tensiune ale transformatorului.<\/span><\/p>\r\n<p style=\"text-align: justify;\"><span style=\"font-weight: 400;\">Tensiunea \u00een \u00eenf\u0103\u0219urarea secundar\u0103 a transformatorului apare datorit\u0103 cre\u0219terii treptate a tensiunii \u00een \u00eenf\u0103\u0219urarea primar\u0103, alimentat\u0103 cu tensiune sinusoidal\u0103 de la invertorul de control, unul dintre modulele electronice.<\/span><\/p>\r\n<p style=\"text-align: justify;\"><span style=\"font-weight: 400;\">Cre\u0219terea tensiunii este gestionat\u0103 de un microcontroler prin invertorul de control. Invertorul de control este comandat de modulul de control al unit\u0103\u021bii.<\/span><\/p>\r\n<p style=\"text-align: justify;\"><span style=\"font-weight: 400;\">\u00cen timpul func\u021bion\u0103rii, tensiunea AC (50-60Hz) este furnizat\u0103 de la bornele \u00eenf\u0103\u0219ur\u0103rii secundare prin electrozii celulei \u00een fluidul dielectric din celula de m\u0103surare. Str\u0103pungerea apare \u00eentre electrozi \u00een spa\u021biul umplut cu fluid dielectric.<\/span><\/p>"}],"add_def_tab":[{"tab_title":"Specifica\u021bii","tab_content":"<table>\r\n<tbody>\r\n<tr>\r\n<td style=\"text-align: center;\"><b>Nr.<\/b><\/td>\r\n<td style=\"text-align: center;\"><b>Articol<\/b><\/td>\r\n<td>\r\n<p style=\"text-align: center;\"><b>Valoare<\/b><\/p>\r\n<\/td>\r\n<\/tr>\r\n<tr>\r\n<td><span style=\"font-weight: 400;\">1<\/span><\/td>\r\n<td><span style=\"font-weight: 400;\">Tensiune de operare AC (baterie re\u00eenc\u0103rcabil\u0103 intern\u0103 12V 7.2Ah), V<\/span><\/td>\r\n<td><span style=\"font-weight: 400;\">85 \u2013 264<\/span><\/td>\r\n<\/tr>\r\n<tr>\r\n<td><span style=\"font-weight: 400;\">2<\/span><\/td>\r\n<td><span style=\"font-weight: 400;\">Frecven\u021ba de alimentare, Hz<\/span><\/td>\r\n<td><span style=\"font-weight: 400;\">48 \u2013 63<\/span><\/td>\r\n<\/tr>\r\n<tr>\r\n<td><span style=\"font-weight: 400;\">3<\/span><\/td>\r\n<td><span style=\"font-weight: 400;\">Consum de putere, VA<\/span><\/td>\r\n<td><span style=\"font-weight: 400;\">Max 70<\/span><\/td>\r\n<\/tr>\r\n<tr>\r\n<td><span style=\"font-weight: 400;\">4<\/span><\/td>\r\n<td><span style=\"font-weight: 400;\">Tensiune maxim\u0103 de ie\u0219ire, kV<\/span><\/td>\r\n<td><span style=\"font-weight: 400;\">Sinusoidal\u0103, p\u00e2n\u0103 la 80 kV<\/span><\/td>\r\n<\/tr>\r\n<tr>\r\n<td><span style=\"font-weight: 400;\">5<\/span><\/td>\r\n<td><span style=\"font-weight: 400;\">Acurate\u021bea m\u0103sur\u0103rii tensiunii de ie\u0219ire<\/span><\/td>\r\n<td><span style=\"font-weight: 400;\">\u00b11 %<\/span><\/td>\r\n<\/tr>\r\n<tr>\r\n<td><span style=\"font-weight: 400;\">6<\/span><\/td>\r\n<td><span style=\"font-weight: 400;\">Rata de cre\u0219tere a tensiunii, kV\/sec<\/span><\/td>\r\n<td><span style=\"font-weight: 400;\">0,5 p\u00e2n\u0103 la 10 *<\/span><\/td>\r\n<\/tr>\r\n<tr>\r\n<td><span style=\"font-weight: 400;\">7<\/span><\/td>\r\n<td><span style=\"font-weight: 400;\">Rezolu\u021bia indica\u021biei tensiunii de ie\u0219ire, V<\/span><\/td>\r\n<td><span style=\"font-weight: 400;\">100<\/span><\/td>\r\n<\/tr>\r\n<tr>\r\n<td><span style=\"font-weight: 400;\">8<\/span><\/td>\r\n<td><span style=\"font-weight: 400;\">Timp de oprire a tensiunii \u00eenalte dup\u0103 str\u0103pungere, \u03bcs<\/span><\/td>\r\n<td><span style=\"font-weight: 400;\">Max 10, tipic 4<\/span><\/td>\r\n<\/tr>\r\n<tr>\r\n<td><span style=\"font-weight: 400;\">9<\/span><\/td>\r\n<td><span style=\"font-weight: 400;\">Volumul celulei de m\u0103surare, cm\u00b3 (in\u00b3)<\/span><\/td>\r\n<td><span style=\"font-weight: 400;\">500 (30)<\/span><\/td>\r\n<\/tr>\r\n<tr>\r\n<td><span style=\"font-weight: 400;\">10<\/span><\/td>\r\n<td><span style=\"font-weight: 400;\">Intervalul de m\u0103surare a temperaturii, \u00b0\u0421 (\u00b0F)<\/span><\/td>\r\n<td><span style=\"font-weight: 400;\">0 \u2013 100 (32 \u2013 212)<\/span><\/td>\r\n<\/tr>\r\n<tr>\r\n<td><span style=\"font-weight: 400;\">11<\/span><\/td>\r\n<td><span style=\"font-weight: 400;\">Rezolu\u021bia m\u0103sur\u0103rii temperaturii, \u00b0\u0421 (\u00b0F)<\/span><\/td>\r\n<td><span style=\"font-weight: 400;\">0,1 (0,18)<\/span><\/td>\r\n<\/tr>\r\n<tr>\r\n<td><span style=\"font-weight: 400;\">12<\/span><\/td>\r\n<td><span style=\"font-weight: 400;\">Imprimant\u0103 \u00eencorporat\u0103 \u0219i USB<\/span><\/td>\r\n<td><span style=\"font-weight: 400;\">Da<\/span><\/td>\r\n<\/tr>\r\n<tr>\r\n<td><span style=\"font-weight: 400;\">13<\/span><\/td>\r\n<td><span style=\"font-weight: 400;\">Temperatura de operare, \u00b0\u0421 (\u00b0F)<\/span><\/td>\r\n<td><span style=\"font-weight: 400;\">-10 \u2013 50 (14 \u2013 122)<\/span><\/td>\r\n<\/tr>\r\n<tr>\r\n<td><span style=\"font-weight: 400;\">14<\/span><\/td>\r\n<td><span style=\"font-weight: 400;\">Temperatura de depozitare, \u00b0\u0421 (\u00b0F)<\/span><\/td>\r\n<td><span style=\"font-weight: 400;\">De la \u201320 (\u20134) la +60 (+140)<\/span><\/td>\r\n<\/tr>\r\n<tr>\r\n<td><span style=\"font-weight: 400;\">15<\/span><\/td>\r\n<td><span style=\"font-weight: 400;\">Umiditate relativ\u0103, %<\/span><\/td>\r\n<td><span style=\"font-weight: 400;\">P\u00e2n\u0103 la 90 f\u0103r\u0103 condens<\/span><\/td>\r\n<\/tr>\r\n<tr>\r\n<td><span style=\"font-weight: 400;\">16<\/span><\/td>\r\n<td><span style=\"font-weight: 400;\">Dimensiuni, mm (in)<\/span><\/td>\r\n<td><span style=\"font-weight: 400;\">510 (20) \u00d7 300 (12) \u00d7 334 (13)<\/span><\/td>\r\n<\/tr>\r\n<tr>\r\n<td><span style=\"font-weight: 400;\">17<\/span><\/td>\r\n<td><span style=\"font-weight: 400;\">Greutate, kg (lbs), max<\/span><\/td>\r\n<td><span style=\"font-weight: 400;\">30 (66)<\/span><\/td>\r\n<\/tr>\r\n<tr>\r\n<td><span style=\"font-weight: 400;\">18<\/span><\/td>\r\n<td><span style=\"font-weight: 400;\">Ecran color de 3,5\"<\/span><\/td>\r\n<td><span style=\"font-weight: 400;\">Da<\/span><\/td>\r\n<\/tr>\r\n<tr>\r\n<td><span style=\"font-weight: 400;\">19<\/span><\/td>\r\n<td><span style=\"font-weight: 400;\">Amestecare automat\u0103 \u00een timpul m\u0103sur\u0103rii<\/span><\/td>\r\n<td><span style=\"font-weight: 400;\">Da<\/span><\/td>\r\n<\/tr>\r\n<\/tbody>\r\n<\/table>\r\n<span style=\"font-weight: 400;\">*- Ajustabil<\/span>"},{"tab_title":"Avantaje","tab_content":"<ul>\r\n \t<li style=\"font-weight: 400;\" aria-level=\"1\"><span style=\"font-weight: 400;\">M\u0103surare automat\u0103 \u0219i precis\u0103 a tensiunii de str\u0103pungere p\u00e2n\u0103 la 80 kV;<\/span><\/li>\r\n \t<li style=\"font-weight: 400;\" aria-level=\"1\"><span style=\"font-weight: 400;\">Deconectare instantanee (4 \u03bcs) a tensiunii de testare la str\u0103pungere;<\/span><\/li>\r\n \t<li style=\"font-weight: 400;\" aria-level=\"1\"><span style=\"font-weight: 400;\">Poate func\u021biona autonom sau \u00een re\u021bea cu transferul rezultatelor c\u0103tre un PC, crearea unei baze de date locale, generarea de rapoarte, afi\u0219area graficelor \u0219i imprimarea rezultatelor;<\/span><\/li>\r\n \t<li style=\"font-weight: 400;\" aria-level=\"1\"><span style=\"font-weight: 400;\">Exist\u0103 software pentru implementarea procedurilor de m\u0103surare standard \u0219i personalizate \u2013 dispozitivul poate fi utilizat \u00een scopuri de cercetare;<\/span><\/li>\r\n \t<li style=\"font-weight: 400;\" aria-level=\"1\"><span style=\"font-weight: 400;\">Simplu \u0219i u\u0219or de operat \u0219i \u00eentre\u021binut.<\/span><\/li>\r\n<\/ul>"}],"add_video_tab":null,"add_gallery_tab":[{"gallery_tab_title":"Galerie","add_img":[41370,41362]}],"add_price_tab":[{"price_tab_title":"Get a quote"}]},"language":"ro","_links":{"self":[{"href":"https:\/\/globecore.dev\/ro\/wp-json\/wp\/v2\/pages\/296753","targetHints":{"allow":["GET"]}}],"collection":[{"href":"https:\/\/globecore.dev\/ro\/wp-json\/wp\/v2\/pages"}],"about":[{"href":"https:\/\/globecore.dev\/ro\/wp-json\/wp\/v2\/types\/page"}],"author":[{"embeddable":true,"href":"https:\/\/globecore.dev\/ro\/wp-json\/wp\/v2\/users\/7"}],"replies":[{"embeddable":true,"href":"https:\/\/globecore.dev\/ro\/wp-json\/wp\/v2\/comments?post=296753"}],"version-history":[{"count":0,"href":"https:\/\/globecore.dev\/ro\/wp-json\/wp\/v2\/pages\/296753\/revisions"}],"up":[{"embeddable":true,"href":"https:\/\/globecore.dev\/ro\/wp-json\/wp\/v2\/pages\/296727"}],"wp:featuredmedia":[{"embeddable":true,"href":"https:\/\/globecore.dev\/ro\/wp-json\/wp\/v2\/media\/291069"}],"wp:attachment":[{"href":"https:\/\/globecore.dev\/ro\/wp-json\/wp\/v2\/media?parent=296753"}],"wp:term":[{"taxonomy":"category","embeddable":true,"href":"https:\/\/globecore.dev\/ro\/wp-json\/wp\/v2\/categories?post=296753"}],"curies":[{"name":"wp","href":"https:\/\/api.w.org\/{rel}","templated":true}]}}