{"id":296747,"date":"2024-01-25T12:31:37","date_gmt":"2024-01-25T12:31:37","guid":{"rendered":"https:\/\/globecore.dev\/products\/instruments\/tor-8-tester-for-residual-gas-content-of-insulating-oil\/"},"modified":"2025-02-11T13:36:48","modified_gmt":"2025-02-11T13:36:48","slug":"tor-8-tester-for-residual-gas-content-of-insulating-oil","status":"publish","type":"page","link":"https:\/\/globecore.dev\/ro\/products\/instruments\/tor-8-tester-for-residual-gas-content-of-insulating-oil\/","title":{"rendered":"TOR-8 Tester pentru Con\u021binutul de Gaz Rezidual din Uleiul Izolator"},"content":{"rendered":"","protected":false},"excerpt":{"rendered":"","protected":false},"author":7,"featured_media":292457,"parent":296727,"menu_order":0,"comment_status":"closed","ping_status":"closed","template":"templates\/single-product.php","meta":{"_acf_changed":false,"_bbp_topic_count":0,"_bbp_reply_count":0,"_bbp_total_topic_count":0,"_bbp_total_reply_count":0,"_bbp_voice_count":0,"_bbp_anonymous_reply_count":0,"_bbp_topic_count_hidden":0,"_bbp_reply_count_hidden":0,"_bbp_forum_subforum_count":0,"footnotes":""},"categories":[2132],"class_list":["post-296747","page","type-page","status-publish","has-post-thumbnail","hentry","category-instruments-ro"],"acf":{"add_tab":[{"tab_title":"Descriere","tab_content":"<p style=\"text-align: justify;\"><span style=\"font-weight: 400;\">Degazarea uleiului de transformator este necesar\u0103 pentru \u00eendep\u0103rtarea gazelor dizolvate, ceea ce \u00eembun\u0103t\u0103\u021be\u0219te propriet\u0103\u021bile izolatoare ale uleiului \u0219i previne coroziunea \u0219i uzura echipamentelor de producere a energiei. Instrumentul TOR-8 este utilizat \u00een procesele de \u00eendep\u0103rtare a gazelor dizolvate din uleiurile izolatoare (degazarea uleiului) \u00een ma\u0219inile de degazare. Scopul s\u0103u principal este de a facilita m\u0103surarea eficien\u021bei procedurilor de degazare efectuate de aceste ma\u0219ini. Utilizarea acestui instrument face posibil\u0103 evaluarea precis\u0103 a ratei de \u00eendep\u0103rtare a gazelor din ulei.<\/span><\/p>\r\n<p style=\"text-align: justify;\"><span style=\"font-weight: 400;\">Instrumentul este utilizat pe scar\u0103 larg\u0103 \u00een entit\u0103\u021bi de instalare, repara\u021bii \u0219i opera\u021biuni care se ocup\u0103 cu prelucrarea uleiului de transformator. Datorit\u0103 acestui instrument, profesioni\u0219tii pot monitoriza u\u0219or \u0219i eficient procesul de degazare, care constituie o parte important\u0103 \u00een \u00eentre\u021binerea \u0219i operarea echipamentelor de transformator.<\/span><\/p>\r\n\r\n<h2 style=\"text-align: center;\">Principiul de func\u021bionare<\/h2>\r\n<p style=\"text-align: justify;\"><span style=\"font-weight: 400;\">Principiul de func\u021bionare al instrumentului se bazeaz\u0103 pe \u00eenregistrarea unei modific\u0103ri a presiunii gazului din interiorul unui cilindru sub vid atunci c\u00e2nd este umplut cu o por\u021biune de ulei. Cunosc\u00e2nd volumele cilindrului \u0219i ale uleiului umplut, valorile presiunii din interiorul cilindrului \u00eenainte \u0219i dup\u0103 umplere, este posibil s\u0103 se determine con\u021binutul volumetric de gaz.<\/span><\/p>\r\n<p style=\"text-align: justify;\"><span style=\"font-weight: 400;\">Con\u021binutul de gaz rezidual este m\u0103surat \u00een timpul func\u021bion\u0103rii ma\u0219inii de degazare.<\/span><\/p>"}],"add_def_tab":[{"tab_title":"Specifica\u021bii","tab_content":"<table>\r\n<tbody>\r\n<tr>\r\n<td>\r\n<p style=\"text-align: center;\"><b>Nr.<\/b><\/p>\r\n<\/td>\r\n<td style=\"text-align: center;\"><b>Parametru<\/b><\/td>\r\n<td>\r\n<p style=\"text-align: center;\"><b>Valoare<\/b><\/p>\r\n<\/td>\r\n<\/tr>\r\n<tr>\r\n<td><span style=\"font-weight: 400;\">1<\/span><\/td>\r\n<td><span style=\"font-weight: 400;\">Volumul celulei de m\u0103surare, L<\/span><\/td>\r\n<td><span style=\"font-weight: 400;\">1,2<\/span><\/td>\r\n<\/tr>\r\n<tr>\r\n<td><span style=\"font-weight: 400;\">2<\/span><\/td>\r\n<td><span style=\"font-weight: 400;\">Volumul probei de ulei, L<\/span><\/td>\r\n<td><span style=\"font-weight: 400;\">0,5 \u2013 0,7<\/span><\/td>\r\n<\/tr>\r\n<tr>\r\n<td><span style=\"font-weight: 400;\">3<\/span><\/td>\r\n<td><span style=\"font-weight: 400;\">Presiunea maxim\u0103 \u00een interiorul instrumentului, Pa<\/span><\/td>\r\n<td><span style=\"font-weight: 400;\">0,3<\/span><\/td>\r\n<\/tr>\r\n<tr>\r\n<td><span style=\"font-weight: 400;\">4<\/span><\/td>\r\n<td><span style=\"font-weight: 400;\">Pierderea maxim\u0103 \u00een interiorul instrumentului, Pa<\/span><\/td>\r\n<td><span style=\"font-weight: 400;\">26<\/span><\/td>\r\n<\/tr>\r\n<tr>\r\n<td><span style=\"font-weight: 400;\">5<\/span><\/td>\r\n<td><span style=\"font-weight: 400;\">Presiunea de intrare a uleiului, bar<\/span><\/td>\r\n<td><span style=\"font-weight: 400;\">0,3 \u2013 10<\/span><\/td>\r\n<\/tr>\r\n<tr>\r\n<td><span style=\"font-weight: 400;\">6<\/span><\/td>\r\n<td><span style=\"font-weight: 400;\">Temperatura uleiului testat, \u00ba\u0421<\/span><\/td>\r\n<td><span style=\"font-weight: 400;\">20 \u2013 90<\/span><\/td>\r\n<\/tr>\r\n<tr>\r\n<td><span style=\"font-weight: 400;\">7<\/span><\/td>\r\n<td><span style=\"font-weight: 400;\">Cerin\u021b\u0103 maxim\u0103 de putere, kW, nu mai mult de<\/span><\/td>\r\n<td><span style=\"font-weight: 400;\">1<\/span><\/td>\r\n<\/tr>\r\n<tr>\r\n<td><span style=\"font-weight: 400;\">8<\/span><\/td>\r\n<td><span style=\"font-weight: 400;\">Parametrii de alimentare<\/span>\r\n\r\n<span style=\"font-weight: 400;\">(\u00een form\u0103 standard; altfel \u2014 la cerere):<\/span>\r\n\r\n<span style=\"font-weight: 400;\">\u25cf tensiune, V<\/span>\r\n\r\n<span style=\"font-weight: 400;\">\u25cf frecven\u021b\u0103 AC, Hz<\/span><\/td>\r\n<td><span style=\"font-weight: 400;\">230<\/span>\r\n\r\n<span style=\"font-weight: 400;\">50<\/span><\/td>\r\n<\/tr>\r\n<tr>\r\n<td><span style=\"font-weight: 400;\">9<\/span><\/td>\r\n<td><span style=\"font-weight: 400;\">Dimensiuni generale, mm, nu mai mult de:<\/span>\r\n\r\n<span style=\"font-weight: 400;\">\u2013 lungime<\/span>\r\n\r\n<span style=\"font-weight: 400;\">\u2013 \u00een\u0103l\u021bime<\/span>\r\n\r\n<span style=\"font-weight: 400;\">\u2013 l\u0103\u021bime<\/span><\/td>\r\n<td><span style=\"font-weight: 400;\">330<\/span>\r\n\r\n<span style=\"font-weight: 400;\">300<\/span>\r\n\r\n<span style=\"font-weight: 400;\">275<\/span><\/td>\r\n<\/tr>\r\n<tr>\r\n<td><span style=\"font-weight: 400;\">10<\/span><\/td>\r\n<td><span style=\"font-weight: 400;\">Greutate, kg, nu mai mult de<\/span><\/td>\r\n<td><span style=\"font-weight: 400;\">25<\/span><\/td>\r\n<\/tr>\r\n<\/tbody>\r\n<\/table>"},{"tab_title":"Avantaje","tab_content":"<ul>\r\n \t<li style=\"font-weight: 400;\" aria-level=\"1\"><span style=\"font-weight: 400;\">M\u0103surare precis\u0103 a con\u021binutului de gaz rezidual din uleiul de transformator;<\/span><\/li>\r\n \t<li style=\"font-weight: 400;\" aria-level=\"1\"><span style=\"font-weight: 400;\">Func\u021bionare fiabil\u0103;<\/span><\/li>\r\n \t<li style=\"font-weight: 400;\" aria-level=\"1\"><span style=\"font-weight: 400;\">Carcas\u0103 convenabil\u0103 \u0219i robust\u0103;<\/span><\/li>\r\n \t<li style=\"font-weight: 400;\" aria-level=\"1\"><span style=\"font-weight: 400;\">Procesul de m\u0103surare dureaz\u0103 p\u00e2n\u0103 la 10 minute;<\/span><\/li>\r\n \t<li style=\"font-weight: 400;\" aria-level=\"1\"><span style=\"font-weight: 400;\">Posibilitatea de a imprima rezultatele folosind o imprimant\u0103 termic\u0103 integrat\u0103.<\/span><\/li>\r\n<\/ul>"},{"tab_title":"Webinar","tab_content":"https:\/\/youtube.com\/live\/WFonOVRp3xM"}],"add_video_tab":null,"add_gallery_tab":null,"add_price_tab":null},"language":"ro","_links":{"self":[{"href":"https:\/\/globecore.dev\/ro\/wp-json\/wp\/v2\/pages\/296747","targetHints":{"allow":["GET"]}}],"collection":[{"href":"https:\/\/globecore.dev\/ro\/wp-json\/wp\/v2\/pages"}],"about":[{"href":"https:\/\/globecore.dev\/ro\/wp-json\/wp\/v2\/types\/page"}],"author":[{"embeddable":true,"href":"https:\/\/globecore.dev\/ro\/wp-json\/wp\/v2\/users\/7"}],"replies":[{"embeddable":true,"href":"https:\/\/globecore.dev\/ro\/wp-json\/wp\/v2\/comments?post=296747"}],"version-history":[{"count":0,"href":"https:\/\/globecore.dev\/ro\/wp-json\/wp\/v2\/pages\/296747\/revisions"}],"up":[{"embeddable":true,"href":"https:\/\/globecore.dev\/ro\/wp-json\/wp\/v2\/pages\/296727"}],"wp:featuredmedia":[{"embeddable":true,"href":"https:\/\/globecore.dev\/ro\/wp-json\/wp\/v2\/media\/292457"}],"wp:attachment":[{"href":"https:\/\/globecore.dev\/ro\/wp-json\/wp\/v2\/media?parent=296747"}],"wp:term":[{"taxonomy":"category","embeddable":true,"href":"https:\/\/globecore.dev\/ro\/wp-json\/wp\/v2\/categories?post=296747"}],"curies":[{"name":"wp","href":"https:\/\/api.w.org\/{rel}","templated":true}]}}