{"id":296744,"date":"2023-12-29T12:43:30","date_gmt":"2023-12-29T12:43:30","guid":{"rendered":"https:\/\/globecore.dev\/products\/instruments\/universal-transformer-oil-tester-tor-7-moisture-gases-solid-particles\/"},"modified":"2025-02-11T13:33:13","modified_gmt":"2025-02-11T13:33:13","slug":"universal-transformer-oil-tester-tor-7-moisture-gases-solid-particles","status":"publish","type":"page","link":"https:\/\/globecore.dev\/ro\/products\/instruments\/universal-transformer-oil-tester-tor-7-moisture-gases-solid-particles\/","title":{"rendered":"TOR-7 Tester Universal de Ulei de Transformator (umiditate, gaze, particule solide)"},"content":{"rendered":"","protected":false},"excerpt":{"rendered":"","protected":false},"author":7,"featured_media":292459,"parent":296727,"menu_order":0,"comment_status":"closed","ping_status":"closed","template":"templates\/single-product.php","meta":{"_acf_changed":false,"_bbp_topic_count":0,"_bbp_reply_count":0,"_bbp_total_topic_count":0,"_bbp_total_reply_count":0,"_bbp_voice_count":0,"_bbp_anonymous_reply_count":0,"_bbp_topic_count_hidden":0,"_bbp_reply_count_hidden":0,"_bbp_forum_subforum_count":0,"footnotes":""},"categories":[2132],"class_list":["post-296744","page","type-page","status-publish","has-post-thumbnail","hentry","category-instruments-ro"],"acf":{"add_tab":[{"tab_title":"Descriere","tab_content":"<p style=\"text-align: justify;\"><span style=\"font-weight: 400;\">Testerul de ulei de transformator TOR-7 este proiectat pentru a determina con\u021binutul volumetric de gaze, umiditatea, contaminarea cu particule solide \u0219i con\u021binutul de hidrogen \u00een ulei. Dispozitivul poate analiza uleiurile de transformator minerale cu caracteristici specifice:<\/span><\/p>\r\n\r\n<ul style=\"text-align: justify;\">\r\n \t<li style=\"font-weight: 400;\" aria-level=\"1\"><b>V\u00e2scozitate cinematic\u0103 la 50 \u00b0C<\/b><span style=\"font-weight: 400;\">: 2\u202612 mm\u00b2\/s;<\/span><\/li>\r\n \t<li style=\"font-weight: 400;\" aria-level=\"1\"><b>Densitate la 20 \u00b0C<\/b><span style=\"font-weight: 400;\">: 800\u2026950 kg\/m\u00b3;<\/span><\/li>\r\n \t<li style=\"font-weight: 400;\" aria-level=\"1\"><b>Con\u021binut de umiditate \u00een mas\u0103 \u00een ulei<\/b><span style=\"font-weight: 400;\">: nu mai mult de 10 ppm;<\/span><\/li>\r\n \t<li style=\"font-weight: 400;\" aria-level=\"1\"><b>Clasa de puritate industrial\u0103 conform ISO 4406<\/b><span style=\"font-weight: 400;\">: nu mai r\u0103u de 21\/19\/16.<\/span><\/li>\r\n<\/ul>\r\n<h2 style=\"text-align: center;\">Principiul de func\u021bionare<\/h2>\r\n<p style=\"text-align: justify;\"><span style=\"font-weight: 400;\">M\u0103sur\u0103torile se bazeaz\u0103 pe urm\u0103rirea schimb\u0103rii presiunii gazului \u00eentr-un cilindru vidat \u00een timpul turn\u0103rii unei por\u021biuni de ulei. Lu\u00e2nd \u00een considerare volumele cilindrului \u0219i ale uleiului turnat, precum \u0219i presiunea din interiorul cilindrului \u00eenainte \u0219i dup\u0103 turnare, se poate determina con\u021binutul volumetric de gaze. Cu ajutorul senzorilor \u0219i a unei pl\u0103ci de control, con\u021binutul de umiditate, temperatura uleiului, con\u021binutul de hidrogen \u0219i num\u0103rul de particule solide din ulei sunt calculate \u0219i afi\u0219ate pe ecran.<\/span><\/p>"}],"add_def_tab":[{"tab_title":"Specifica\u021bii","tab_content":"<h2 style=\"text-align: center;\">Specifica\u021bii tehnice generale<\/h2>\r\n<table>\r\n<tbody>\r\n<tr>\r\n<td><b>\u2116<\/b><\/td>\r\n<td><b>Articol<\/b><\/td>\r\n<td><b>Valoare<\/b><\/td>\r\n<\/tr>\r\n<tr>\r\n<td><span style=\"font-weight: 400;\">1<\/span><\/td>\r\n<td><span style=\"font-weight: 400;\">Volumul celulei de m\u0103surare, l<\/span><\/td>\r\n<td><span style=\"font-weight: 400;\">1,2<\/span><\/td>\r\n<\/tr>\r\n<tr>\r\n<td><span style=\"font-weight: 400;\">2<\/span><\/td>\r\n<td><span style=\"font-weight: 400;\">Volumul probei de ulei, l<\/span><\/td>\r\n<td><span style=\"font-weight: 400;\">0,5 \u2013 0,7<\/span><\/td>\r\n<\/tr>\r\n<tr>\r\n<td><span style=\"font-weight: 400;\">3<\/span><\/td>\r\n<td><span style=\"font-weight: 400;\">Presiunea maxim\u0103 \u00een dispozitiv, Pa<\/span><\/td>\r\n<td><span style=\"font-weight: 400;\">0,3<\/span><\/td>\r\n<\/tr>\r\n<tr>\r\n<td><span style=\"font-weight: 400;\">4<\/span><\/td>\r\n<td><span style=\"font-weight: 400;\">Pierdere maxim\u0103 \u00een dispozitiv, Pa<\/span><\/td>\r\n<td><span style=\"font-weight: 400;\">26<\/span><\/td>\r\n<\/tr>\r\n<tr>\r\n<td><span style=\"font-weight: 400;\">5<\/span><\/td>\r\n<td><span style=\"font-weight: 400;\">Presiunea de intrare a uleiului, bar<\/span><\/td>\r\n<td><span style=\"font-weight: 400;\">0,3 \u2013 3<\/span><\/td>\r\n<\/tr>\r\n<tr>\r\n<td><span style=\"font-weight: 400;\">6<\/span><\/td>\r\n<td><span style=\"font-weight: 400;\">Temperatura uleiului m\u0103surat, \u00ba\u0421<\/span><\/td>\r\n<td><span style=\"font-weight: 400;\">20 \u2013 90<\/span><\/td>\r\n<\/tr>\r\n<tr>\r\n<td><span style=\"font-weight: 400;\">7<\/span><\/td>\r\n<td><span style=\"font-weight: 400;\">Consum maxim de putere, kW, nu mai mult de<\/span><\/td>\r\n<td><span style=\"font-weight: 400;\">1<\/span><\/td>\r\n<\/tr>\r\n<tr>\r\n<td><span style=\"font-weight: 400;\">8<\/span><\/td>\r\n<td><span style=\"font-weight: 400;\">Parametrii curentului electric:<\/span>\r\n\r\n<span style=\"font-weight: 400;\">\u2013 tensiune, V<\/span>\r\n\r\n<span style=\"font-weight: 400;\">\u2013 variabil cu frecven\u021ba, Hz<\/span><\/td>\r\n<td><span style=\"font-weight: 400;\">La cererea clientului<\/span><\/td>\r\n<\/tr>\r\n<tr>\r\n<td><span style=\"font-weight: 400;\">9<\/span><\/td>\r\n<td><span style=\"font-weight: 400;\">Dimensiuni generale, mm, nu mai mult de:<\/span>\r\n\r\n<span style=\"font-weight: 400;\">\u2013 lungime<\/span>\r\n\r\n<span style=\"font-weight: 400;\">\u2013 \u00een\u0103l\u021bime<\/span>\r\n\r\n<span style=\"font-weight: 400;\">\u2013 l\u0103\u021bime<\/span><\/td>\r\n<td><span style=\"font-weight: 400;\">465<\/span>\r\n\r\n<span style=\"font-weight: 400;\">530<\/span>\r\n\r\n<span style=\"font-weight: 400;\">375<\/span><\/td>\r\n<\/tr>\r\n<tr>\r\n<td><span style=\"font-weight: 400;\">10<\/span><\/td>\r\n<td><span style=\"font-weight: 400;\">Greutate, kg, nu mai mult de<\/span><\/td>\r\n<td><span style=\"font-weight: 400;\">40<\/span><\/td>\r\n<\/tr>\r\n<\/tbody>\r\n<\/table>\r\n<h2 style=\"text-align: center;\">Caracteristici de m\u0103surare a uleiului<\/h2>\r\n<h2 style=\"text-align: center;\">Caracteristici de m\u0103surare a umidit\u0103\u021bii<\/h2>\r\n<table>\r\n<tbody>\r\n<tr>\r\n<td><b>\u2116<\/b><\/td>\r\n<td><b>Articol<\/b><\/td>\r\n<td><b>Valoare<\/b><\/td>\r\n<\/tr>\r\n<tr>\r\n<td><span style=\"font-weight: 400;\">1<\/span><\/td>\r\n<td><span style=\"font-weight: 400;\">Interval de operare, aw (activitatea apei (aw))<\/span><\/td>\r\n<td><span style=\"font-weight: 400;\">0\u20261<\/span><\/td>\r\n<\/tr>\r\n<tr>\r\n<td><span style=\"font-weight: 400;\">2<\/span><\/td>\r\n<td><span style=\"font-weight: 400;\">Acurate\u021be la 20 \u00b0C<\/span><\/td>\r\n<td><span style=\"font-weight: 400;\">\u00b10,02 aw (0\u20260,9 aw)<\/span>\r\n\r\n<span style=\"font-weight: 400;\">\u00b10,03 aw (0,9\u20261 aw)<\/span><\/td>\r\n<\/tr>\r\n<tr>\r\n<td><span style=\"font-weight: 400;\">3<\/span><\/td>\r\n<td><span style=\"font-weight: 400;\">M\u0103surarea temperaturii<\/span><\/td>\r\n<td><span style=\"font-weight: 400;\">Da<\/span><\/td>\r\n<\/tr>\r\n<tr>\r\n<td><span style=\"font-weight: 400;\">4<\/span><\/td>\r\n<td><span style=\"font-weight: 400;\">Temperatura mediului de lucru, \u00b0C<\/span><\/td>\r\n<td><span style=\"font-weight: 400;\">0\u202655<\/span><\/td>\r\n<\/tr>\r\n<\/tbody>\r\n<\/table>\r\n<h2 style=\"text-align: center;\">Caracteristici de m\u0103surare a hidrogenului<\/h2>\r\n<table>\r\n<tbody>\r\n<tr>\r\n<td><b>\u2116<\/b><\/td>\r\n<td><b>Articol<\/b><\/td>\r\n<td><b>Valoare<\/b><\/td>\r\n<\/tr>\r\n<tr>\r\n<td><span style=\"font-weight: 400;\">6<\/span><\/td>\r\n<td><span style=\"font-weight: 400;\">Interval de m\u0103surare, ppm<\/span><\/td>\r\n<td><span style=\"font-weight: 400;\">25-5000<\/span><\/td>\r\n<\/tr>\r\n<tr>\r\n<td><span style=\"font-weight: 400;\">7<\/span><\/td>\r\n<td><span style=\"font-weight: 400;\">Acurate\u021be<\/span><\/td>\r\n<td><span style=\"font-weight: 400;\">20% din m\u0103surare sau 25 ppm<\/span><\/td>\r\n<\/tr>\r\n<tr>\r\n<td><span style=\"font-weight: 400;\">8<\/span><\/td>\r\n<td><span style=\"font-weight: 400;\">Repetabilitate<\/span><\/td>\r\n<td><span style=\"font-weight: 400;\">10% din m\u0103surare sau 15 ppm<\/span><\/td>\r\n<\/tr>\r\n<tr>\r\n<td><span style=\"font-weight: 400;\">9<\/span><\/td>\r\n<td><span style=\"font-weight: 400;\">Timp de r\u0103spuns<\/span><\/td>\r\n<td><span style=\"font-weight: 400;\">&lt;60 min (schimbare de 90% \u00een trepte)<\/span><\/td>\r\n<\/tr>\r\n<tr>\r\n<td><span style=\"font-weight: 400;\">10<\/span><\/td>\r\n<td><span style=\"font-weight: 400;\">Cros-sensibilitate<\/span><\/td>\r\n<td><span style=\"font-weight: 400;\">Mai pu\u021bin de 2% cros-sensibilitate la alte gaze (CO, CO\u2082, hidrocarburi)<\/span><\/td>\r\n<\/tr>\r\n<tr>\r\n<td><span style=\"font-weight: 400;\">11<\/span><\/td>\r\n<td><span style=\"font-weight: 400;\">Temperatura mediului de lucru, \u00b0C<\/span><\/td>\r\n<td><span style=\"font-weight: 400;\">0\u202655<\/span><\/td>\r\n<\/tr>\r\n<\/tbody>\r\n<\/table>\r\n<h2 style=\"text-align: center;\">Caracteristici de m\u0103surare a contamin\u0103rii<\/h2>\r\n<table>\r\n<tbody>\r\n<tr>\r\n<td><b>\u2116<\/b><\/td>\r\n<td><b>Articol<\/b><\/td>\r\n<td><b>Valoare<\/b><\/td>\r\n<\/tr>\r\n<tr>\r\n<td><span style=\"font-weight: 400;\">12<\/span><\/td>\r\n<td><span style=\"font-weight: 400;\">Interval de m\u0103surare, ppm<\/span><\/td>\r\n<td><span style=\"font-weight: 400;\">25-5000<\/span><\/td>\r\n<\/tr>\r\n<tr>\r\n<td><span style=\"font-weight: 400;\">13<\/span><\/td>\r\n<td><span style=\"font-weight: 400;\">Acurate\u021be<\/span><\/td>\r\n<td><span style=\"font-weight: 400;\">20% din m\u0103surare sau 25 ppm<\/span><\/td>\r\n<\/tr>\r\n<tr>\r\n<td><span style=\"font-weight: 400;\">14<\/span><\/td>\r\n<td><span style=\"font-weight: 400;\">Repetabilitate<\/span><\/td>\r\n<td><span style=\"font-weight: 400;\">10% din m\u0103surare sau 15 ppm<\/span><\/td>\r\n<\/tr>\r\n<tr>\r\n<td><span style=\"font-weight: 400;\">15<\/span><\/td>\r\n<td><span style=\"font-weight: 400;\">Timp de r\u0103spuns<\/span><\/td>\r\n<td><span style=\"font-weight: 400;\">&lt;60 min (schimbare de 90% \u00een trepte)<\/span><\/td>\r\n<\/tr>\r\n<tr>\r\n<td><span style=\"font-weight: 400;\">16<\/span><\/td>\r\n<td><span style=\"font-weight: 400;\">Cros-sensibilitate<\/span><\/td>\r\n<td><span style=\"font-weight: 400;\">Mai pu\u021bin de 2% cros-sensibilitate la alte gaze (CO, CO\u2082, hidrocarburi)<\/span><\/td>\r\n<\/tr>\r\n<tr>\r\n<td><span style=\"font-weight: 400;\">17<\/span><\/td>\r\n<td><span style=\"font-weight: 400;\">Temperatura mediului de lucru, \u00b0C<\/span><\/td>\r\n<td><span style=\"font-weight: 400;\">0\u202655<\/span><\/td>\r\n<\/tr>\r\n<\/tbody>\r\n<\/table>\r\n<h2 style=\"text-align: center;\">Caracteristici ale gradului de puritate sau nivelului de contaminare<\/h2>\r\n<table>\r\n<tbody>\r\n<tr>\r\n<td><b>\u2116<\/b><\/td>\r\n<td><b>Articol<\/b><\/td>\r\n<td><b>Valoare<\/b><\/td>\r\n<\/tr>\r\n<tr>\r\n<td><span style=\"font-weight: 400;\">18<\/span><\/td>\r\n<td><span style=\"font-weight: 400;\">Interval acceptabil de v\u00e2scozitate<\/span><\/td>\r\n<td><span style=\"font-weight: 400;\">1 p\u00e2n\u0103 la 1000 mm\u00b2\/s<\/span><\/td>\r\n<\/tr>\r\n<tr>\r\n<td><span style=\"font-weight: 400;\">19<\/span><\/td>\r\n<td><span style=\"font-weight: 400;\">Variabile m\u0103surate<\/span><\/td>\r\n<td><span style=\"font-weight: 400;\">ISO 99 (ISO 4406:1999)<\/span>\r\n\r\n<span style=\"font-weight: 400;\">SAE (SAE AS 4059) sau<\/span>\r\n\r\n<span style=\"font-weight: 400;\">ISO 87 (ISO 4406:1987)<\/span>\r\n\r\n<span style=\"font-weight: 400;\">NAS (NAS 1638)<\/span><\/td>\r\n<\/tr>\r\n<tr>\r\n<td><span style=\"font-weight: 400;\">20<\/span><\/td>\r\n<td><span style=\"font-weight: 400;\">Interval de m\u0103surare<\/span><\/td>\r\n<td><span style=\"font-weight: 400;\">M\u0103surare de la clasa ISO 9\/8\/7 (MIN) la clasa ISO 25\/24\/23 (MAX)<\/span>\r\n\r\n<span style=\"font-weight: 400;\">Calibrat la intervalul ISO de la 11\/13\/10 la 23\/21\/18<\/span><\/td>\r\n<\/tr>\r\n<tr>\r\n<td><span style=\"font-weight: 400;\">21<\/span><\/td>\r\n<td><span style=\"font-weight: 400;\">Acurate\u021be<\/span><\/td>\r\n<td><span style=\"font-weight: 400;\">+\/- \u00bd clas\u0103 ISO \u00een intervalul calibrat<\/span><\/td>\r\n<\/tr>\r\n<tr>\r\n<td><span style=\"font-weight: 400;\">22<\/span><\/td>\r\n<td><span style=\"font-weight: 400;\">Temperatura mediului de lucru, \u00b0C<\/span><\/td>\r\n<td><span style=\"font-weight: 400;\">0 \u2026 +85<\/span><\/td>\r\n<\/tr>\r\n<\/tbody>\r\n<\/table>\r\n<h2 style=\"text-align: center;\"><\/h2>"},{"tab_title":"Avantaje","tab_content":"<ul>\r\n \t<li style=\"font-weight: 400; text-align: justify;\" aria-level=\"1\"><span style=\"font-weight: 400;\">M\u0103surarea a patru parametri cruciali ai uleiului de transformator (umiditate, hidrogen, contaminare cu particule solide, con\u021binut de gaze) \u00eentr-un singur dispozitiv;<\/span><\/li>\r\n \t<li style=\"font-weight: 400; text-align: justify;\" aria-level=\"1\"><span style=\"font-weight: 400;\">Imprimant\u0103 integrat\u0103 disponibil\u0103; rezultatele m\u0103sur\u0103torilor pot fi tip\u0103rite;<\/span><\/li>\r\n \t<li style=\"font-weight: 400; text-align: justify;\" aria-level=\"1\"><span style=\"font-weight: 400;\">Performan\u021b\u0103 fiabil\u0103;<\/span><\/li>\r\n \t<li style=\"font-weight: 400; text-align: justify;\" aria-level=\"1\"><span style=\"font-weight: 400;\">Carcas\u0103 convenabil\u0103 \u0219i durabil\u0103.<\/span><\/li>\r\n<\/ul>"}],"add_video_tab":null,"add_gallery_tab":null,"add_price_tab":null},"language":"ro","_links":{"self":[{"href":"https:\/\/globecore.dev\/ro\/wp-json\/wp\/v2\/pages\/296744","targetHints":{"allow":["GET"]}}],"collection":[{"href":"https:\/\/globecore.dev\/ro\/wp-json\/wp\/v2\/pages"}],"about":[{"href":"https:\/\/globecore.dev\/ro\/wp-json\/wp\/v2\/types\/page"}],"author":[{"embeddable":true,"href":"https:\/\/globecore.dev\/ro\/wp-json\/wp\/v2\/users\/7"}],"replies":[{"embeddable":true,"href":"https:\/\/globecore.dev\/ro\/wp-json\/wp\/v2\/comments?post=296744"}],"version-history":[{"count":0,"href":"https:\/\/globecore.dev\/ro\/wp-json\/wp\/v2\/pages\/296744\/revisions"}],"up":[{"embeddable":true,"href":"https:\/\/globecore.dev\/ro\/wp-json\/wp\/v2\/pages\/296727"}],"wp:featuredmedia":[{"embeddable":true,"href":"https:\/\/globecore.dev\/ro\/wp-json\/wp\/v2\/media\/292459"}],"wp:attachment":[{"href":"https:\/\/globecore.dev\/ro\/wp-json\/wp\/v2\/media?parent=296744"}],"wp:term":[{"taxonomy":"category","embeddable":true,"href":"https:\/\/globecore.dev\/ro\/wp-json\/wp\/v2\/categories?post=296744"}],"curies":[{"name":"wp","href":"https:\/\/api.w.org\/{rel}","templated":true}]}}