{"id":296741,"date":"2024-11-01T12:57:30","date_gmt":"2024-11-01T12:57:30","guid":{"rendered":"https:\/\/globecore.dev\/products\/instruments\/tor-6-transformer-oil-moisture-and-particles-tester\/"},"modified":"2025-02-11T13:28:58","modified_gmt":"2025-02-11T13:28:58","slug":"tor-6-transformer-oil-moisture-and-particles-tester","status":"publish","type":"page","link":"https:\/\/globecore.dev\/ro\/products\/instruments\/tor-6-transformer-oil-moisture-and-particles-tester\/","title":{"rendered":"Tester de umiditate \u0219i particule din ulei de transformator TOR-6"},"content":{"rendered":"","protected":false},"excerpt":{"rendered":"","protected":false},"author":7,"featured_media":294772,"parent":296727,"menu_order":0,"comment_status":"closed","ping_status":"closed","template":"templates\/single-product.php","meta":{"_acf_changed":false,"_bbp_topic_count":0,"_bbp_reply_count":0,"_bbp_total_topic_count":0,"_bbp_total_reply_count":0,"_bbp_voice_count":0,"_bbp_anonymous_reply_count":0,"_bbp_topic_count_hidden":0,"_bbp_reply_count_hidden":0,"_bbp_forum_subforum_count":0,"footnotes":""},"categories":[2132],"class_list":["post-296741","page","type-page","status-publish","has-post-thumbnail","hentry","category-instruments-ro"],"acf":{"add_tab":[{"tab_title":"Descriere","tab_content":"Testerul expres de ulei de transformator TOR-6 efectueaz\u0103 un test de \u00eenalt\u0103 precizie pentru determinarea con\u021binutului de umiditate \u0219i a nivelului de puritate sau contaminare at\u00e2t \u00een uleiurile minerale, c\u00e2t \u0219i \u00een cele pe baz\u0103 de esteri."}],"add_def_tab":[{"tab_title":"Caracteristici","tab_content":"<table width=\"602\">\r\n<tbody>\r\n<tr>\r\n<td width=\"52\"><strong>Nr.<\/strong><\/td>\r\n<td width=\"269\"><strong>Parametru<\/strong><\/td>\r\n<td width=\"281\"><strong>Valoare<\/strong><\/td>\r\n<\/tr>\r\n<tr>\r\n<td colspan=\"3\" width=\"602\">\r\n<p style=\"text-align: center;\"><strong>Caracteristici de m\u0103surare a umidit\u0103\u021bii<\/strong><\/p>\r\n<\/td>\r\n<\/tr>\r\n<tr>\r\n<td width=\"52\">1<\/td>\r\n<td width=\"269\">Domeniu de func\u021bionare, aw (ap\u0103 activ\u0103)<\/td>\r\n<td width=\"281\">\r\n<p style=\"text-align: center;\">0...1<\/p>\r\n<\/td>\r\n<\/tr>\r\n<tr>\r\n<td width=\"52\">2<\/td>\r\n<td width=\"269\">Precizie la 20 \u00b0C<\/td>\r\n<td width=\"281\">\r\n<p style=\"text-align: center;\">\u00b110 % sau \u00b110 ppm<\/p>\r\n<\/td>\r\n<\/tr>\r\n<tr>\r\n<td width=\"52\">3<\/td>\r\n<td width=\"269\">M\u0103surarea temperaturii<\/td>\r\n<td width=\"281\">\r\n<p style=\"text-align: center;\">Da<\/p>\r\n<\/td>\r\n<\/tr>\r\n<tr>\r\n<td colspan=\"3\" width=\"602\">\r\n<p style=\"text-align: center;\"><strong>Caracteristici ale nivelului de puritate sau contaminare<\/strong><\/p>\r\n<\/td>\r\n<\/tr>\r\n<tr>\r\n<td width=\"52\">4<\/td>\r\n<td width=\"269\">Domeniu de v\u00e2scozitate permis, mm\u00b2\/sec<\/td>\r\n<td width=\"281\">\r\n<p style=\"text-align: center;\">1 p\u00e2n\u0103 la 1.000<\/p>\r\n<\/td>\r\n<\/tr>\r\n<tr>\r\n<td width=\"52\">5<\/td>\r\n<td width=\"269\">Standardele respectate \u00een determinarea clasei de puritate<\/td>\r\n<td width=\"281\">\r\n<p style=\"text-align: center;\">ISO 99 (ISO 4406:1999)<\/p>\r\n<p style=\"text-align: center;\">SAE (SAE AS 4059) sau<\/p>\r\n<p style=\"text-align: center;\">ISO 87 (ISO 4406:1987)<\/p>\r\n<p style=\"text-align: center;\">NAS (NAS 1638)<\/p>\r\n<\/td>\r\n<\/tr>\r\n<tr>\r\n<td width=\"52\">6<\/td>\r\n<td width=\"269\">Domeniu de m\u0103surare<\/td>\r\n<td width=\"281\">\r\n<p style=\"text-align: center;\">M\u0103surare de la ISO 9\/8\/7 (min) la ISO 25\/24\/23 (max)<\/p>\r\n<p style=\"text-align: center;\">Calibrat \u00een domeniul ISO de la 13\/11\/10 la 23\/21\/18<\/p>\r\n<\/td>\r\n<\/tr>\r\n<tr>\r\n<td width=\"52\">7<\/td>\r\n<td width=\"269\">Precizie<\/td>\r\n<td width=\"281\">\r\n<p style=\"text-align: center;\">Clas\u0103 ISO \u00b1 1\/2 \u00een domeniul calibrat<\/p>\r\n<\/td>\r\n<\/tr>\r\n<tr>\r\n<td width=\"52\">8<\/td>\r\n<td width=\"269\">Putere necesar\u0103, W<\/td>\r\n<td width=\"281\">\r\n<p style=\"text-align: center;\">3<\/p>\r\n<\/td>\r\n<\/tr>\r\n<tr>\r\n<td width=\"52\">9<\/td>\r\n<td width=\"269\">Tensiune de alimentare AC monofazat\u0103 50 Hz, V<\/td>\r\n<td width=\"281\">\r\n<p style=\"text-align: center;\">220<\/p>\r\n<\/td>\r\n<\/tr>\r\n<tr>\r\n<td width=\"52\">10<\/td>\r\n<td width=\"269\">Dimensiuni, mm, nu mai mult de\r\nlungimel\u0103\u021bime\r\n\r\n\u00een\u0103l\u021bime<\/td>\r\n<td width=\"281\">\r\n<p style=\"text-align: center;\">235<\/p>\r\n<p style=\"text-align: center;\">275<\/p>\r\n<p style=\"text-align: center;\">370<\/p>\r\n<\/td>\r\n<\/tr>\r\n<tr>\r\n<td width=\"52\">11<\/td>\r\n<td width=\"269\">Greutate, kg, nu mai mult de<\/td>\r\n<td width=\"281\">\r\n<p style=\"text-align: center;\">10<\/p>\r\n<\/td>\r\n<\/tr>\r\n<\/tbody>\r\n<\/table>"},{"tab_title":"Avantaje","tab_content":"<ul> <li>dimensiune compact\u0103;<\/li> <li>versatilitate.<\/li> <\/ul>"}],"add_video_tab":null,"add_gallery_tab":null,"add_price_tab":null},"language":"ro","_links":{"self":[{"href":"https:\/\/globecore.dev\/ro\/wp-json\/wp\/v2\/pages\/296741","targetHints":{"allow":["GET"]}}],"collection":[{"href":"https:\/\/globecore.dev\/ro\/wp-json\/wp\/v2\/pages"}],"about":[{"href":"https:\/\/globecore.dev\/ro\/wp-json\/wp\/v2\/types\/page"}],"author":[{"embeddable":true,"href":"https:\/\/globecore.dev\/ro\/wp-json\/wp\/v2\/users\/7"}],"replies":[{"embeddable":true,"href":"https:\/\/globecore.dev\/ro\/wp-json\/wp\/v2\/comments?post=296741"}],"version-history":[{"count":0,"href":"https:\/\/globecore.dev\/ro\/wp-json\/wp\/v2\/pages\/296741\/revisions"}],"up":[{"embeddable":true,"href":"https:\/\/globecore.dev\/ro\/wp-json\/wp\/v2\/pages\/296727"}],"wp:featuredmedia":[{"embeddable":true,"href":"https:\/\/globecore.dev\/ro\/wp-json\/wp\/v2\/media\/294772"}],"wp:attachment":[{"href":"https:\/\/globecore.dev\/ro\/wp-json\/wp\/v2\/media?parent=296741"}],"wp:term":[{"taxonomy":"category","embeddable":true,"href":"https:\/\/globecore.dev\/ro\/wp-json\/wp\/v2\/categories?post=296741"}],"curies":[{"name":"wp","href":"https:\/\/api.w.org\/{rel}","templated":true}]}}