{"id":296733,"date":"2020-12-24T13:11:48","date_gmt":"2020-12-24T13:11:48","guid":{"rendered":"https:\/\/globecore.dev\/products\/instruments\/toet-2-tester-for-moisture-and-hydrogen-content-measurement-in-transformer-oil\/"},"modified":"2025-02-11T13:19:02","modified_gmt":"2025-02-11T13:19:02","slug":"toet-2-tester-for-moisture-and-hydrogen-content-measurement-in-transformer-oil","status":"publish","type":"page","link":"https:\/\/globecore.dev\/ro\/products\/instruments\/toet-2-tester-for-moisture-and-hydrogen-content-measurement-in-transformer-oil\/","title":{"rendered":"TOR-2 Analizor de Hidrogen \u0219i Umiditate pentru Monitorizarea Uleiului de Transformator"},"content":{"rendered":"","protected":false},"excerpt":{"rendered":"","protected":false},"author":7,"featured_media":294753,"parent":296727,"menu_order":0,"comment_status":"closed","ping_status":"closed","template":"templates\/single-product.php","meta":{"_acf_changed":false,"_bbp_topic_count":0,"_bbp_reply_count":0,"_bbp_total_topic_count":0,"_bbp_total_reply_count":0,"_bbp_voice_count":0,"_bbp_anonymous_reply_count":0,"_bbp_topic_count_hidden":0,"_bbp_reply_count_hidden":0,"_bbp_forum_subforum_count":0,"footnotes":""},"categories":[2132],"class_list":["post-296733","page","type-page","status-publish","has-post-thumbnail","hentry","category-instruments-ro"],"acf":{"add_tab":[{"tab_title":"Descriere","tab_content":"<p style=\"text-align: justify;\"><span style=\"font-weight: 400;\">Testerul expres de ulei de transformator TOR-2 este conceput pentru a determina con\u021binutul de umiditate \u0219i hidrogen \u00een uleiurile izolante minerale \u0219i uleiurile izolante pe baz\u0103 de eter. Con\u021binutul de umiditate \u0219i hidrogen este m\u0103surat \u00een p\u0103r\u021bi per milion (ppm).<\/span><\/p>\r\n<p style=\"text-align: justify;\"><span style=\"font-weight: 400;\">Cunosc\u00e2nd con\u021binutul de hidrogen \u0219i umiditate \u00een ulei, precum \u0219i rata de schimbare a parametrilor, este posibil s\u0103 se detecteze \u00een avans problemele care se dezvolt\u0103 \u00een transformator \u0219i s\u0103 se ia m\u0103suri \u00een timp util pentru a preveni avarierea transformatorului.<\/span><\/p>\r\n\r\n<h2 style=\"text-align: center;\">M\u0103surarea umidit\u0103\u021bii<\/h2>\r\n<p style=\"text-align: justify;\"><span style=\"font-weight: 400;\"> Dispozitivul m\u0103soar\u0103 activitatea apei folosind un senzor capacitiv, care asigur\u0103 stabilitate \u00een timp \u0219i rezisten\u021b\u0103 la contaminare. Temperatura uleiului este de asemenea m\u0103surat\u0103. Con\u021binutul de umiditate este calculat din aceste m\u0103sur\u0103tori.<\/span><\/p>\r\n\r\n<h2 style=\"text-align: center;\">M\u0103surarea hidrogenului<\/h2>\r\n<p style=\"text-align: justify;\"><span style=\"font-weight: 400;\"> Un senzor solid de \u00eenalt\u0103 selectivitate, imersat direct \u00een ulei, este utilizat pentru a m\u0103sura con\u021binutul de hidrogen. Senzorul asigur\u0103 acurate\u021bea \u0219i fiabilitatea m\u0103sur\u0103torilor directe. Solubilitatea sc\u0103zut\u0103 a hidrogenului \u00een ulei \u0219i capacitatea sa ridicat\u0103 de difuzie \u00eel fac mai u\u0219or de detectat la concentra\u021bii sc\u0103zute, astfel \u00eenc\u00e2t o problem\u0103 \u00een transformator poate fi identificat\u0103 devreme.<\/span><\/p>"}],"add_def_tab":[{"tab_title":"Specifica\u021bii","tab_content":"<table>\r\n<tbody>\r\n<tr>\r\n<td><b>\u2116<\/b><\/td>\r\n<td><b>Parametru<\/b><\/td>\r\n<td><b>Valoare<\/b><\/td>\r\n<\/tr>\r\n<tr>\r\n<td><b>M\u0103surarea umidit\u0103\u021bii<\/b><\/td>\r\n<td><\/td>\r\n<td><\/td>\r\n<\/tr>\r\n<tr>\r\n<td><span style=\"font-weight: 400;\">1<\/span><\/td>\r\n<td><span style=\"font-weight: 400;\">Interval, aw (ap\u0103 activ\u0103 (aw))<\/span><\/td>\r\n<td><span style=\"font-weight: 400;\">0\u20261<\/span><\/td>\r\n<\/tr>\r\n<tr>\r\n<td><span style=\"font-weight: 400;\">2<\/span><\/td>\r\n<td><span style=\"font-weight: 400;\">Acurate\u021be la 20 \u00b0C (68 \u00b0F)<\/span><\/td>\r\n<td><span style=\"font-weight: 400;\">\u00b10,02 aw (0\u20260,9 aw) \u00b10,03 aw (0,9\u20261 aw)<\/span><\/td>\r\n<\/tr>\r\n<tr>\r\n<td><span style=\"font-weight: 400;\">3<\/span><\/td>\r\n<td><span style=\"font-weight: 400;\">M\u0103surarea temperaturii<\/span><\/td>\r\n<td><span style=\"font-weight: 400;\">Da<\/span><\/td>\r\n<\/tr>\r\n<tr>\r\n<td><span style=\"font-weight: 400;\">4<\/span><\/td>\r\n<td><span style=\"font-weight: 400;\">Temperatura uleiului, \u00b0\u0421 (\u00b0F)<\/span><\/td>\r\n<td><span style=\"font-weight: 400;\">0\u202655 (32\u2026131)<\/span><\/td>\r\n<\/tr>\r\n<tr>\r\n<td><b>M\u0103surarea hidrogenului<\/b><\/td>\r\n<td><\/td>\r\n<td><\/td>\r\n<\/tr>\r\n<tr>\r\n<td><span style=\"font-weight: 400;\">6<\/span><\/td>\r\n<td><span style=\"font-weight: 400;\">Interval, ppm<\/span><\/td>\r\n<td><span style=\"font-weight: 400;\">25-5000<\/span><\/td>\r\n<\/tr>\r\n<tr>\r\n<td><span style=\"font-weight: 400;\">7<\/span><\/td>\r\n<td><span style=\"font-weight: 400;\">Acurate\u021be<\/span><\/td>\r\n<td><span style=\"font-weight: 400;\">20% din citire sau 25 ppm<\/span><\/td>\r\n<\/tr>\r\n<tr>\r\n<td><span style=\"font-weight: 400;\">8<\/span><\/td>\r\n<td><span style=\"font-weight: 400;\">Repetabilitate<\/span><\/td>\r\n<td><span style=\"font-weight: 400;\">10% din citire sau 15 ppm<\/span><\/td>\r\n<\/tr>\r\n<tr>\r\n<td><span style=\"font-weight: 400;\">9<\/span><\/td>\r\n<td><span style=\"font-weight: 400;\">Timp de r\u0103spuns<\/span><\/td>\r\n<td><span style=\"font-weight: 400;\">&lt;60 min (schimbare treapt\u0103 de 90%)<\/span><\/td>\r\n<\/tr>\r\n<tr>\r\n<td><span style=\"font-weight: 400;\">10<\/span><\/td>\r\n<td><span style=\"font-weight: 400;\">Cros-sensibilitate<\/span><\/td>\r\n<td><span style=\"font-weight: 400;\">Sub 2% cros-sensibilitate la alte gaze (CO, CO\u2082, hidrocarburi)<\/span><\/td>\r\n<\/tr>\r\n<tr>\r\n<td><span style=\"font-weight: 400;\">11<\/span><\/td>\r\n<td><span style=\"font-weight: 400;\">Temperatura uleiului, \u00b0\u0421 (\u00b0F)<\/span><\/td>\r\n<td><span style=\"font-weight: 400;\">0\u202655 (32\u2026131)<\/span><\/td>\r\n<\/tr>\r\n<tr>\r\n<td><span style=\"font-weight: 400;\">13<\/span><\/td>\r\n<td><span style=\"font-weight: 400;\">Putere, W<\/span><\/td>\r\n<td><span style=\"font-weight: 400;\">60<\/span><\/td>\r\n<\/tr>\r\n<tr>\r\n<td><span style=\"font-weight: 400;\">14<\/span><\/td>\r\n<td><span style=\"font-weight: 400;\">Tensiune de alimentare CA 50 Hz, V<\/span><\/td>\r\n<td><span style=\"font-weight: 400;\">220<\/span><\/td>\r\n<\/tr>\r\n<tr>\r\n<td><span style=\"font-weight: 400;\">15<\/span><\/td>\r\n<td><span style=\"font-weight: 400;\">Dimensiuni, mm (in)<\/span><\/td>\r\n<td><\/td>\r\n<\/tr>\r\n<tr>\r\n<td><\/td>\r\n<td><span style=\"font-weight: 400;\">\u2013 lungime<\/span><\/td>\r\n<td><span style=\"font-weight: 400;\">190 (7)<\/span><\/td>\r\n<\/tr>\r\n<tr>\r\n<td><\/td>\r\n<td><span style=\"font-weight: 400;\">\u2013 l\u0103\u021bime<\/span><\/td>\r\n<td><span style=\"font-weight: 400;\">255 (10)<\/span><\/td>\r\n<\/tr>\r\n<tr>\r\n<td><\/td>\r\n<td><span style=\"font-weight: 400;\">\u2013 \u00een\u0103l\u021bime<\/span><\/td>\r\n<td><span style=\"font-weight: 400;\">365 (14)<\/span><\/td>\r\n<\/tr>\r\n<tr>\r\n<td><span style=\"font-weight: 400;\">16<\/span><\/td>\r\n<td><span style=\"font-weight: 400;\">Greutate, kg (lbs) max<\/span><\/td>\r\n<td><span style=\"font-weight: 400;\">5,5 (12)<\/span><\/td>\r\n<\/tr>\r\n<\/tbody>\r\n<\/table>\r\n&nbsp;"},{"tab_title":"Avantaje","tab_content":"<ul>\r\n \t<li style=\"font-weight: 400;\" aria-level=\"1\"><span style=\"font-weight: 400;\">Detectarea umidit\u0103\u021bii \u0219i hidrogenului chiar \u0219i \u00een cantit\u0103\u021bi mici;<\/span><\/li>\r\n \t<li style=\"font-weight: 400;\" aria-level=\"1\"><span style=\"font-weight: 400;\">Monitorizarea continu\u0103 a con\u021binutului de hidrogen ofer\u0103 informa\u021bii fiabile despre deterior\u0103ri incipiente care pot duce la e\u0219ecul transformatorului;<\/span><\/li>\r\n \t<li style=\"font-weight: 400;\" aria-level=\"1\"><span style=\"font-weight: 400;\">Dimensiuni reduse;<\/span><\/li>\r\n \t<li style=\"font-weight: 400;\" aria-level=\"1\"><span style=\"font-weight: 400;\">Simplitate \u00een operare (pentru a schimba proba, este suficient s\u0103 \u00eenlocui\u021bi paharul deta\u0219abil \u0219i s\u0103 ap\u0103sa\u021bi butonul \"Start\" pentru a \u00eencepe m\u0103surarea);<\/span><\/li>\r\n \t<li style=\"font-weight: 400;\" aria-level=\"1\"><span style=\"font-weight: 400;\">Nu sunt necesare consumabile pentru m\u0103sur\u0103tori;<\/span><\/li>\r\n \t<li style=\"font-weight: 400;\" aria-level=\"1\"><span style=\"font-weight: 400;\">Prezen\u021ba altor gaze \u00een ulei nu afecteaz\u0103 fiabilitatea m\u0103sur\u0103torilor;<\/span><\/li>\r\n \t<li style=\"font-weight: 400;\" aria-level=\"1\"><span style=\"font-weight: 400;\">Calibrare simpl\u0103;<\/span><\/li>\r\n \t<li style=\"font-weight: 400;\" aria-level=\"1\"><span style=\"font-weight: 400;\">F\u0103r\u0103 necesit\u0103\u021bi de \u00eentre\u021binere.<\/span><\/li>\r\n<\/ul>"}],"add_video_tab":null,"add_gallery_tab":[{"gallery_tab_title":"Galerie","add_img":[67740,67751,67762,67773,67784]}],"add_price_tab":[{"price_tab_title":"Get a quote"}]},"language":"ro","_links":{"self":[{"href":"https:\/\/globecore.dev\/ro\/wp-json\/wp\/v2\/pages\/296733","targetHints":{"allow":["GET"]}}],"collection":[{"href":"https:\/\/globecore.dev\/ro\/wp-json\/wp\/v2\/pages"}],"about":[{"href":"https:\/\/globecore.dev\/ro\/wp-json\/wp\/v2\/types\/page"}],"author":[{"embeddable":true,"href":"https:\/\/globecore.dev\/ro\/wp-json\/wp\/v2\/users\/7"}],"replies":[{"embeddable":true,"href":"https:\/\/globecore.dev\/ro\/wp-json\/wp\/v2\/comments?post=296733"}],"version-history":[{"count":0,"href":"https:\/\/globecore.dev\/ro\/wp-json\/wp\/v2\/pages\/296733\/revisions"}],"up":[{"embeddable":true,"href":"https:\/\/globecore.dev\/ro\/wp-json\/wp\/v2\/pages\/296727"}],"wp:featuredmedia":[{"embeddable":true,"href":"https:\/\/globecore.dev\/ro\/wp-json\/wp\/v2\/media\/294753"}],"wp:attachment":[{"href":"https:\/\/globecore.dev\/ro\/wp-json\/wp\/v2\/media?parent=296733"}],"wp:term":[{"taxonomy":"category","embeddable":true,"href":"https:\/\/globecore.dev\/ro\/wp-json\/wp\/v2\/categories?post=296733"}],"curies":[{"name":"wp","href":"https:\/\/api.w.org\/{rel}","templated":true}]}}