{"id":296729,"date":"2020-07-01T17:09:03","date_gmt":"2020-07-01T17:09:03","guid":{"rendered":"https:\/\/globecore.dev\/products\/instruments\/toet-transformer-oil-express-tester\/"},"modified":"2025-05-15T06:05:53","modified_gmt":"2025-05-15T06:05:53","slug":"toet-transformer-oil-express-tester","status":"publish","type":"page","link":"https:\/\/globecore.dev\/ro\/products\/instruments\/toet-transformer-oil-express-tester\/","title":{"rendered":"TOR-1 Aparat de M\u0103surare a Umidit\u0103\u021bii Uleiului"},"content":{"rendered":"","protected":false},"excerpt":{"rendered":"<p>TOR-1 is a device for quick and precise measurement of the moisture content in insulation oil, even in miniscule quantities. <\/p>\n","protected":false},"author":7,"featured_media":320479,"parent":296727,"menu_order":0,"comment_status":"closed","ping_status":"closed","template":"templates\/single-product.php","meta":{"_acf_changed":false,"_bbp_topic_count":0,"_bbp_reply_count":0,"_bbp_total_topic_count":0,"_bbp_total_reply_count":0,"_bbp_voice_count":0,"_bbp_anonymous_reply_count":0,"_bbp_topic_count_hidden":0,"_bbp_reply_count_hidden":0,"_bbp_forum_subforum_count":0,"footnotes":""},"categories":[2132],"class_list":["post-296729","page","type-page","status-publish","has-post-thumbnail","hentry","category-instruments-ro"],"acf":{"add_tab":[{"tab_title":"Descriere","tab_content":"<p style=\"text-align: justify;\"><span style=\"font-weight: 400;\">Testerul de ulei de transformator <\/span><b>TOR-1<\/b><span style=\"font-weight: 400;\"> este conceput pentru a detecta frac\u021bia masic\u0103 de ap\u0103 dizolvat\u0103 \u00een uleiurile minerale izolatoare a c\u0103ror v\u00e2scozitate nu dep\u0103\u0219e\u0219te 70 cSt la temperatura de 50\u202f\u00b0C.<\/span><\/p>\r\n<p style=\"text-align: justify;\"><span style=\"font-weight: 400;\">La operarea acestui dispozitiv, este necesar s\u0103 se ia \u00een considerare faptul c\u0103 testerul este doar un punct de referin\u021b\u0103 pentru detectarea rapid\u0103 a con\u021binutului de umiditate; o analiz\u0103 final\u0103 necesit\u0103 contactarea unui laborator certificat.<\/span><\/p>\r\n<p style=\"text-align: justify;\"><span style=\"font-weight: 400;\">\u00cen cel mai bun caz, analizele standard de laborator dureaz\u0103 o zi \u0219i necesit\u0103 un aport mare de resurse umane \u0219i financiare. Utilizarea <\/span><b>TOR-1<\/b><span style=\"font-weight: 400;\"> permite diagnosticarea uleiului de transformator c\u00e2t mai rapid posibil \u0219i luarea unei decizii rapide \u00een teren, l\u00e2ng\u0103 transformator.<\/span><\/p>\r\n\r\n<h2 style=\"text-align: center;\"><span style=\"font-weight: 400;\">Componentele Instrumentului TOR-1<\/span><\/h2>\r\n<p style=\"text-align: justify;\"><span style=\"font-weight: 400;\">Dispozitivul combin\u0103 toate instrumentele necesare pentru o operare simpl\u0103 \u0219i convenabil\u0103:<\/span><\/p>\r\n\r\n<ul style=\"text-align: justify;\">\r\n \t<li style=\"font-weight: 400;\" aria-level=\"1\"><b>Panou LCD<\/b><span style=\"font-weight: 400;\"> pentru afi\u0219area con\u021binutului de umiditate al uleiului testat;<\/span><\/li>\r\n \t<li style=\"font-weight: 400;\" aria-level=\"1\"><b>Recipient de admisie<\/b><span style=\"font-weight: 400;\"> pentru uleiul testat;<\/span><\/li>\r\n \t<li style=\"font-weight: 400;\" aria-level=\"1\"><b>Senzor de umiditate<\/b><span style=\"font-weight: 400;\"> pentru detectarea frac\u021biei masice de umiditate \u00een uleiurile lubrifiante \u0219i izolatoare;<\/span><\/li>\r\n \t<li style=\"font-weight: 400;\" aria-level=\"1\"><b>Imprimant\u0103<\/b><span style=\"font-weight: 400;\"> pentru tip\u0103rirea rezultatelor testelor pe h\u00e2rtie.<\/span><\/li>\r\n<\/ul>\r\n<h2 style=\"text-align: center;\"><span style=\"font-weight: 400;\">Principiul de Func\u021bionare<\/span><\/h2>\r\n<p style=\"text-align: justify;\"><span style=\"font-weight: 400;\">M\u0103surarea umidit\u0103\u021bii \u00een ulei este similar\u0103 cu cea a umidit\u0103\u021bii \u00een aer. Con\u021binutul de ap\u0103 \u00een ulei poate fi descris ca o valoare absolut\u0103 \u00een <\/span><b>ppm<\/b><span style=\"font-weight: 400;\"> sau ca o valoare relativ\u0103 de <\/span><b>aw<\/b><span style=\"font-weight: 400;\">:<\/span><\/p>\r\n\r\n<ul style=\"text-align: justify;\">\r\n \t<li style=\"font-weight: 400;\" aria-level=\"1\"><b>ppm<\/b><span style=\"font-weight: 400;\"> \u00eenseamn\u0103 raportul dintre greutatea apei \u0219i greutatea uleiului;<\/span><\/li>\r\n \t<li style=\"font-weight: 400;\" aria-level=\"1\"><b>aw<\/b><span style=\"font-weight: 400;\"> \u00eenseamn\u0103 con\u021binutul actual de umiditate ca procent din uleiul complet saturat cu umiditate.<\/span><\/li>\r\n<\/ul>\r\n<p style=\"text-align: justify;\"><span style=\"font-weight: 400;\">Valoarea <\/span><b>aw = 0<\/b><span style=\"font-weight: 400;\"> reprezint\u0103 uleiul f\u0103r\u0103 umiditate, \u00een timp ce <\/span><b>aw = 1<\/b><span style=\"font-weight: 400;\"> reprezint\u0103 uleiul complet saturat cu umiditate.<\/span><\/p>\r\n<p style=\"text-align: justify;\"><span style=\"font-weight: 400;\">Instrumentul m\u0103soar\u0103 <\/span><b>aw<\/b><span style=\"font-weight: 400;\"> folosind un senzor capacitiv care asigur\u0103 stabilitate pe termen lung \u0219i rezisten\u021b\u0103 excelent\u0103 la contaminare. M\u0103rimile fizice m\u0103surate includ apa activ\u0103 (<\/span><b>aw<\/b><span style=\"font-weight: 400;\">) \u0219i temperatura (<\/span><b>T<\/b><span style=\"font-weight: 400;\">). Folosind aceste m\u0103rimi, testerul calculeaz\u0103 con\u021binutul de umiditate (<\/span><b>ppm<\/b><span style=\"font-weight: 400;\">) \u00een uleiul mineral de transformator. Con\u021binutul de ap\u0103 \u00een uleiurile de transformator neminerale \u0219i \u00een uleiurile lubrifiante poate fi calculat prin introducerea parametrilor specifici ai acestor uleiuri. Valorile m\u0103surate \u0219i calculate sunt disponibile pe dou\u0103 ie\u0219iri analogice scalabile \u0219i configurabile liber.<\/span><\/p>"}],"add_def_tab":[{"tab_title":"Specifica\u021bii","tab_content":"<table>\r\n<tbody>\r\n<tr>\r\n<td><b>\u2116<\/b><\/td>\r\n<td><b>Parametru<\/b><\/td>\r\n<td><b>Valoare<\/b><\/td>\r\n<\/tr>\r\n<tr>\r\n<td><span style=\"font-weight: 400;\">1<\/span><\/td>\r\n<td><span style=\"font-weight: 400;\">Interval de operare, <\/span><b>aw<\/b><span style=\"font-weight: 400;\"> (ap\u0103 activ\u0103 <\/span><b>aw<\/b><span style=\"font-weight: 400;\">)<\/span><\/td>\r\n<td><span style=\"font-weight: 400;\">0\u20261<\/span><\/td>\r\n<\/tr>\r\n<tr>\r\n<td><span style=\"font-weight: 400;\">2<\/span><\/td>\r\n<td><span style=\"font-weight: 400;\">Interval de operare a m\u0103sur\u0103rii con\u021binutului de ap\u0103 dizolvat\u0103, <\/span><b>ppm<\/b><\/td>\r\n<td><span style=\"font-weight: 400;\">0\u2026500<\/span><\/td>\r\n<\/tr>\r\n<tr>\r\n<td><span style=\"font-weight: 400;\">3<\/span><\/td>\r\n<td><span style=\"font-weight: 400;\">Precizie la 20\u202f\u00b0C<\/span><\/td>\r\n<td><span style=\"font-weight: 400;\">\u00b10,02 <\/span><b>aw<\/b><span style=\"font-weight: 400;\"> (0\u20260,9 <\/span><b>aw<\/b><span style=\"font-weight: 400;\">)<\/span>\r\n\r\n<span style=\"font-weight: 400;\">\u00b10,03 <\/span><b>aw<\/b><span style=\"font-weight: 400;\"> (0,9\u20261 <\/span><b>aw<\/b><span style=\"font-weight: 400;\">)<\/span><\/td>\r\n<\/tr>\r\n<tr>\r\n<td><span style=\"font-weight: 400;\">4<\/span><\/td>\r\n<td><span style=\"font-weight: 400;\">M\u0103surarea temperaturii<\/span><\/td>\r\n<td><span style=\"font-weight: 400;\">Da<\/span><\/td>\r\n<\/tr>\r\n<tr>\r\n<td><span style=\"font-weight: 400;\">5<\/span><\/td>\r\n<td><span style=\"font-weight: 400;\">Temperatura mediului de operare, \u00b0\u0421<\/span><\/td>\r\n<td><span style=\"font-weight: 400;\">0\u202655<\/span><\/td>\r\n<\/tr>\r\n<tr>\r\n<td><span style=\"font-weight: 400;\">6<\/span><\/td>\r\n<td><span style=\"font-weight: 400;\">Putere necesar\u0103, W<\/span><\/td>\r\n<td><span style=\"font-weight: 400;\">10<\/span><\/td>\r\n<\/tr>\r\n<tr>\r\n<td><span style=\"font-weight: 400;\">7<\/span><\/td>\r\n<td><span style=\"font-weight: 400;\">Tensiune de alimentare CA monofazat\u0103 50\u202fHz, V<\/span><\/td>\r\n<td><span style=\"font-weight: 400;\">220<\/span><\/td>\r\n<\/tr>\r\n<tr>\r\n<td><span style=\"font-weight: 400;\">8<\/span><\/td>\r\n<td><span style=\"font-weight: 400;\">Dimensiuni, mm, nu mai mult de:<\/span><\/td>\r\n<td><\/td>\r\n<\/tr>\r\n<tr>\r\n<td><\/td>\r\n<td><span style=\"font-weight: 400;\">\u2013 lungime<\/span><\/td>\r\n<td><span style=\"font-weight: 400;\">190<\/span><\/td>\r\n<\/tr>\r\n<tr>\r\n<td><\/td>\r\n<td><span style=\"font-weight: 400;\">\u2013 l\u0103\u021bime<\/span><\/td>\r\n<td><span style=\"font-weight: 400;\">255<\/span><\/td>\r\n<\/tr>\r\n<tr>\r\n<td><\/td>\r\n<td><span style=\"font-weight: 400;\">\u2013 \u00een\u0103l\u021bime<\/span><\/td>\r\n<td><span style=\"font-weight: 400;\">365<\/span><\/td>\r\n<\/tr>\r\n<tr>\r\n<td><span style=\"font-weight: 400;\">9<\/span><\/td>\r\n<td><span style=\"font-weight: 400;\">Greutate, kg, nu mai mult de<\/span><\/td>\r\n<td><span style=\"font-weight: 400;\">6<\/span><\/td>\r\n<\/tr>\r\n<\/tbody>\r\n<\/table>\r\n&nbsp;"},{"tab_title":"Avantaje","tab_content":"<ul>\r\n \t<li style=\"font-weight: 400;\" aria-level=\"1\"><b>Compactitate<\/b><span style=\"font-weight: 400;\">;<\/span><\/li>\r\n \t<li style=\"font-weight: 400;\" aria-level=\"1\"><b>U\u0219urin\u021b\u0103 \u00een operare<\/b><span style=\"font-weight: 400;\">: pentru a schimba e\u0219antionul, este suficient s\u0103 schimba\u021bi recipientul deta\u0219abil \u0219i s\u0103 ap\u0103sa\u021bi butonul <\/span><b>Start<\/b><span style=\"font-weight: 400;\"> pentru a \u00eencepe m\u0103surarea;<\/span><\/li>\r\n \t<li style=\"font-weight: 400;\" aria-level=\"1\"><b>Multifunc\u021bionalitate<\/b><span style=\"font-weight: 400;\">;<\/span><\/li>\r\n \t<li style=\"font-weight: 400;\" aria-level=\"1\"><b>Func\u021bioneaz\u0103 f\u0103r\u0103 un computer personal<\/b><span style=\"font-weight: 400;\">;<\/span><\/li>\r\n \t<li style=\"font-weight: 400;\" aria-level=\"1\"><b>Utilizare \u00een teren<\/b><span style=\"font-weight: 400;\">: poate fi utilizat pentru testarea uleiului \u00een teren l\u00e2ng\u0103 transformator datorit\u0103 unui grad suficient de protec\u021bie (butoane metalice rezistente la vandalism, protec\u021bie a elementului sensibil, protec\u021bie integrat\u0103 a echipamentelor electrice) \u0219i a unei surse de alimentare stabilizate;<\/span><\/li>\r\n \t<li style=\"font-weight: 400;\" aria-level=\"1\"><b>Rezultate tip\u0103rite<\/b><span style=\"font-weight: 400;\">: rezultatele m\u0103sur\u0103torilor pot fi tip\u0103rite folosind o imprimant\u0103 integrat\u0103.<\/span><\/li>\r\n \t<li style=\"text-align: justify;\"><\/li>\r\n<\/ul>"}],"add_video_tab":null,"add_gallery_tab":[{"gallery_tab_title":"Galerie","add_img":[102368,102380,102392,102404]}],"add_price_tab":[{"price_tab_title":"Get a quote"}]},"language":"ro","_links":{"self":[{"href":"https:\/\/globecore.dev\/ro\/wp-json\/wp\/v2\/pages\/296729","targetHints":{"allow":["GET"]}}],"collection":[{"href":"https:\/\/globecore.dev\/ro\/wp-json\/wp\/v2\/pages"}],"about":[{"href":"https:\/\/globecore.dev\/ro\/wp-json\/wp\/v2\/types\/page"}],"author":[{"embeddable":true,"href":"https:\/\/globecore.dev\/ro\/wp-json\/wp\/v2\/users\/7"}],"replies":[{"embeddable":true,"href":"https:\/\/globecore.dev\/ro\/wp-json\/wp\/v2\/comments?post=296729"}],"version-history":[{"count":0,"href":"https:\/\/globecore.dev\/ro\/wp-json\/wp\/v2\/pages\/296729\/revisions"}],"up":[{"embeddable":true,"href":"https:\/\/globecore.dev\/ro\/wp-json\/wp\/v2\/pages\/296727"}],"wp:featuredmedia":[{"embeddable":true,"href":"https:\/\/globecore.dev\/ro\/wp-json\/wp\/v2\/media\/320479"}],"wp:attachment":[{"href":"https:\/\/globecore.dev\/ro\/wp-json\/wp\/v2\/media?parent=296729"}],"wp:term":[{"taxonomy":"category","embeddable":true,"href":"https:\/\/globecore.dev\/ro\/wp-json\/wp\/v2\/categories?post=296729"}],"curies":[{"name":"wp","href":"https:\/\/api.w.org\/{rel}","templated":true}]}}