{"id":296727,"date":"2020-07-01T17:01:50","date_gmt":"2020-07-01T17:01:50","guid":{"rendered":"https:\/\/globecore.dev\/products\/instruments\/"},"modified":"2025-05-15T06:20:01","modified_gmt":"2025-05-15T06:20:01","slug":"instruments","status":"publish","type":"page","link":"https:\/\/globecore.dev\/ro\/products\/instruments\/","title":{"rendered":"Instrumente &#8211; Testere pentru ulei de transformator"},"content":{"rendered":"<p style=\"text-align: justify;\">Testerul de ulei de transformator este un dispozitiv care m\u0103soar\u0103 unul sau mai mul\u021bi parametri ai uleiului pentru a determina starea sa actual\u0103. Pia\u021ba pentru astfel de echipamente este vast\u0103, a\u0219a c\u0103 \u00een acest articol ne vom concentra doar pe parametrii de baz\u0103 \u0219i solu\u021biile oferite de <em><strong>GlobeCore<\/strong> <\/em>pentru determinarea acestora.<\/p>\n","protected":false},"excerpt":{"rendered":"<p>Testerul de ulei de transformator este un dispozitiv care m\u0103soar\u0103 unul sau mai mul\u021bi parametri ai uleiului pentru a determina starea sa actual\u0103. Pia\u021ba pentru astfel de echipamente este vast\u0103, a\u0219a c\u0103 \u00een acest articol ne vom concentra doar pe parametrii de baz\u0103 \u0219i solu\u021biile oferite de GlobeCore pentru determinarea acestora.<\/p>\n","protected":false},"author":7,"featured_media":252345,"parent":296636,"menu_order":0,"comment_status":"closed","ping_status":"closed","template":"templates\/products-sidebar.php","meta":{"_acf_changed":false,"_bbp_topic_count":0,"_bbp_reply_count":0,"_bbp_total_topic_count":0,"_bbp_total_reply_count":0,"_bbp_voice_count":0,"_bbp_anonymous_reply_count":0,"_bbp_topic_count_hidden":0,"_bbp_reply_count_hidden":0,"_bbp_forum_subforum_count":0,"footnotes":""},"categories":[],"class_list":["post-296727","page","type-page","status-publish","has-post-thumbnail","hentry"],"acf":[],"language":"ro","_links":{"self":[{"href":"https:\/\/globecore.dev\/ro\/wp-json\/wp\/v2\/pages\/296727","targetHints":{"allow":["GET"]}}],"collection":[{"href":"https:\/\/globecore.dev\/ro\/wp-json\/wp\/v2\/pages"}],"about":[{"href":"https:\/\/globecore.dev\/ro\/wp-json\/wp\/v2\/types\/page"}],"author":[{"embeddable":true,"href":"https:\/\/globecore.dev\/ro\/wp-json\/wp\/v2\/users\/7"}],"replies":[{"embeddable":true,"href":"https:\/\/globecore.dev\/ro\/wp-json\/wp\/v2\/comments?post=296727"}],"version-history":[{"count":0,"href":"https:\/\/globecore.dev\/ro\/wp-json\/wp\/v2\/pages\/296727\/revisions"}],"up":[{"embeddable":true,"href":"https:\/\/globecore.dev\/ro\/wp-json\/wp\/v2\/pages\/296636"}],"wp:featuredmedia":[{"embeddable":true,"href":"https:\/\/globecore.dev\/ro\/wp-json\/wp\/v2\/media\/252345"}],"wp:attachment":[{"href":"https:\/\/globecore.dev\/ro\/wp-json\/wp\/v2\/media?parent=296727"}],"wp:term":[{"taxonomy":"category","embeddable":true,"href":"https:\/\/globecore.dev\/ro\/wp-json\/wp\/v2\/categories?post=296727"}],"curies":[{"name":"wp","href":"https:\/\/api.w.org\/{rel}","templated":true}]}}