{"id":296715,"date":"2024-05-22T06:45:08","date_gmt":"2024-05-22T06:45:08","guid":{"rendered":"https:\/\/globecore.dev\/products\/oil-regeneration\/oxidation-inhibitor-injection-unit\/"},"modified":"2025-02-11T09:01:34","modified_gmt":"2025-02-11T09:01:34","slug":"oxidation-inhibitor-injection-unit","status":"publish","type":"page","link":"https:\/\/globecore.dev\/ro\/products\/oil-regeneration\/oxidation-inhibitor-injection-unit\/","title":{"rendered":"Unitatea de injec\u021bie a inhibitorilor de oxidare USB-6"},"content":{"rendered":"","protected":false},"excerpt":{"rendered":"","protected":false},"author":7,"featured_media":292771,"parent":296678,"menu_order":0,"comment_status":"closed","ping_status":"closed","template":"templates\/single-product.php","meta":{"_acf_changed":false,"_bbp_topic_count":0,"_bbp_reply_count":0,"_bbp_total_topic_count":0,"_bbp_total_reply_count":0,"_bbp_voice_count":0,"_bbp_anonymous_reply_count":0,"_bbp_topic_count_hidden":0,"_bbp_reply_count_hidden":0,"_bbp_forum_subforum_count":0,"footnotes":""},"categories":[],"class_list":["post-296715","page","type-page","status-publish","has-post-thumbnail","hentry"],"acf":{"add_tab":[{"tab_title":"Descriere","tab_content":"<p style=\"text-align: justify;\"><span style=\"font-weight: 400;\">Uleiurile de transformator sunt folosite pentru a r\u0103ci \u0219i izola componentele interne ale unui transformator. Totu\u0219i, \u00een timp, oxidarea poate degrada calitatea \u0219i eficien\u021ba uleiului. Pentru a \u00eencetini acest proces \u0219i a extinde durata de via\u021b\u0103 a uleiului, se adaug\u0103 inhibitori (aditivi antioxidan\u021bi).<\/span><\/p>\r\n<p style=\"text-align: justify;\"><span style=\"font-weight: 400;\">Unitatea de injec\u021bie a inhibitorilor este o unitate mobil\u0103 special conceput\u0103 pentru preg\u0103tirea \u0219i injectarea inhibitorului \u00een uleiurile de transformator. Principiul de func\u021bionare al unit\u0103\u021bii este c\u0103 opera\u021biunile de pompare a uleiului, amestecarea acestuia cu inhibitorul \u0219i pomparea acestuia \u00eenapoi sunt realizate secven\u021bial \u00een mod automat. Aceast\u0103 automatizare asigur\u0103 un amestec rapid \u0219i eficient al componentelor, ceea ce contribuie la distribuirea uniform\u0103 a inhibitorului \u00een ulei. Unitatea poate fi, de asemenea, operat\u0103 \u00een mod manual pentru a verifica func\u021bionalitatea componentelor individuale.<\/span><\/p>\r\n<p style=\"text-align: justify;\"><span style=\"font-weight: 400;\">O aten\u021bie deosebit\u0103 este acordat\u0103 siguran\u021bei. Dac\u0103 se detecteaz\u0103 o situa\u021bie periculoas\u0103, func\u021bionarea unit\u0103\u021bii este imediat suspendat\u0103. Motivul opririi este afi\u0219at pe ecranul controlerului, permi\u021b\u00e2nd operatorului s\u0103 identifice rapid \u0219i s\u0103 elimine cauza problemei.<\/span><\/p>"}],"add_def_tab":[{"tab_title":"Specifica\u021bii","tab_content":"<table>\r\n<tbody>\r\n<tr>\r\n<td>\r\n<p style=\"text-align: center;\"><strong>\u2116<\/strong><\/p>\r\n<\/td>\r\n<td style=\"text-align: center;\"><strong>Parameter<\/strong><\/td>\r\n<td colspan=\"2\">\r\n<p style=\"text-align: center;\"><strong>Valoare<\/strong><\/p>\r\n<\/td>\r\n<\/tr>\r\n<tr>\r\n<td><span style=\"font-weight: 400;\">1<\/span><\/td>\r\n<td><span style=\"font-weight: 400;\">Capacitatea rezervorului, l<\/span><\/td>\r\n<td>\r\n<p style=\"text-align: center;\"><span style=\"font-weight: 400;\">55<\/span><\/p>\r\n<\/td>\r\n<\/tr>\r\n<tr>\r\n<td><span style=\"font-weight: 400;\">2<\/span><\/td>\r\n<td><span style=\"font-weight: 400;\">Capacitatea co\u0219ului de inhibitor, l<\/span><\/td>\r\n<td>\r\n<p style=\"text-align: center;\"><span style=\"font-weight: 400;\">25<\/span><\/p>\r\n<\/td>\r\n<\/tr>\r\n<tr>\r\n<td><span style=\"font-weight: 400;\">3<\/span><\/td>\r\n<td><span style=\"font-weight: 400;\">Consum total de energie, kW<\/span><\/td>\r\n<td>\r\n<p style=\"text-align: center;\"><span style=\"font-weight: 400;\">0,7<\/span><\/p>\r\n<\/td>\r\n<\/tr>\r\n<tr>\r\n<td><span style=\"font-weight: 400;\">4<\/span><\/td>\r\n<td><span style=\"font-weight: 400;\">Tensiune de alimentare pentru re\u021beaua trifazic\u0103 AC de 50 Hz, V<\/span><\/td>\r\n<td>\r\n<p style=\"text-align: center;\"><span style=\"font-weight: 400;\">380<\/span><\/p>\r\n<\/td>\r\n<\/tr>\r\n<tr>\r\n<td><span style=\"font-weight: 400;\">5<\/span><\/td>\r\n<td><span style=\"font-weight: 400;\">Dimensiuni totale, mm, max.<\/span>\r\n\r\n<span style=\"font-weight: 400;\">lungime<\/span>\r\n\r\n<span style=\"font-weight: 400;\">l\u0103\u021bime<\/span>\r\n\r\n<span style=\"font-weight: 400;\">\u00een\u0103l\u021bime<\/span><\/td>\r\n<td><span style=\"font-weight: 400;\">\u00a0<\/span>\r\n<p style=\"text-align: center;\"><span style=\"font-weight: 400;\">1000<\/span><\/p>\r\n<p style=\"text-align: center;\"><span style=\"font-weight: 400;\">560<\/span><\/p>\r\n<p style=\"text-align: center;\"><span style=\"font-weight: 400;\">1500<\/span><\/p>\r\n<\/td>\r\n<\/tr>\r\n<tr>\r\n<td><span style=\"font-weight: 400;\">6<\/span><\/td>\r\n<td><span style=\"font-weight: 400;\">Greutate, kg, max.<\/span><\/td>\r\n<td>\r\n<p style=\"text-align: center;\"><span style=\"font-weight: 400;\">500<\/span><\/p>\r\n<\/td>\r\n<\/tr>\r\n<\/tbody>\r\n<\/table>"},{"tab_title":"Avantaje","tab_content":"<ul>\r\n \t<li style=\"font-weight: 400;\" aria-level=\"1\"><span style=\"font-weight: 400;\">procesele automatizate \u00eembun\u0103t\u0103\u021besc precizia \u0219i eficien\u021ba injec\u021biei inhibitorului.<\/span><\/li>\r\n \t<li style=\"font-weight: 400;\" aria-level=\"1\"><span style=\"font-weight: 400;\">mobilitate;<\/span><\/li>\r\n \t<li style=\"font-weight: 400;\" aria-level=\"1\"><span style=\"font-weight: 400;\">caracteristicile de siguran\u021b\u0103 \u00eencorporate asigur\u0103 protec\u021bia echipamentului \u0219i operatorului;<\/span><\/li>\r\n \t<li style=\"font-weight: 400;\" aria-level=\"1\"><span style=\"font-weight: 400;\">monitorizare \u0219i diagnosticare convenabile datorit\u0103 ecranului controllerului.<\/span><\/li>\r\n<\/ul>"}],"add_video_tab":null,"add_gallery_tab":null,"add_price_tab":null},"language":"ro","_links":{"self":[{"href":"https:\/\/globecore.dev\/ro\/wp-json\/wp\/v2\/pages\/296715","targetHints":{"allow":["GET"]}}],"collection":[{"href":"https:\/\/globecore.dev\/ro\/wp-json\/wp\/v2\/pages"}],"about":[{"href":"https:\/\/globecore.dev\/ro\/wp-json\/wp\/v2\/types\/page"}],"author":[{"embeddable":true,"href":"https:\/\/globecore.dev\/ro\/wp-json\/wp\/v2\/users\/7"}],"replies":[{"embeddable":true,"href":"https:\/\/globecore.dev\/ro\/wp-json\/wp\/v2\/comments?post=296715"}],"version-history":[{"count":0,"href":"https:\/\/globecore.dev\/ro\/wp-json\/wp\/v2\/pages\/296715\/revisions"}],"up":[{"embeddable":true,"href":"https:\/\/globecore.dev\/ro\/wp-json\/wp\/v2\/pages\/296678"}],"wp:featuredmedia":[{"embeddable":true,"href":"https:\/\/globecore.dev\/ro\/wp-json\/wp\/v2\/media\/292771"}],"wp:attachment":[{"href":"https:\/\/globecore.dev\/ro\/wp-json\/wp\/v2\/media?parent=296715"}],"wp:term":[{"taxonomy":"category","embeddable":true,"href":"https:\/\/globecore.dev\/ro\/wp-json\/wp\/v2\/categories?post=296715"}],"curies":[{"name":"wp","href":"https:\/\/api.w.org\/{rel}","templated":true}]}}