{"id":296702,"date":"2016-03-31T12:25:05","date_gmt":"2016-03-31T12:25:05","guid":{"rendered":"https:\/\/globecore.dev\/products\/oil-regeneration\/cmm-r-oil-regeneration-systems\/"},"modified":"2025-02-11T08:57:04","modified_gmt":"2025-02-11T08:57:04","slug":"cmm-r-oil-regeneration-systems","status":"publish","type":"page","link":"https:\/\/globecore.dev\/ro\/products\/oil-regeneration\/cmm-r-oil-regeneration-systems\/","title":{"rendered":"Sisteme de Regenerare a Uleiului CMM-12R"},"content":{"rendered":"","protected":false},"excerpt":{"rendered":"<p>The GlobeCore regeneration1 process restores used oils to new like condition.  This process makes it possible to fill transformers2 with oil that would previously have required disposal.  The oil in the transformer3 can be used without replacement for the entire service life of the transformer.<\/p>\n","protected":false},"author":7,"featured_media":296704,"parent":296678,"menu_order":0,"comment_status":"closed","ping_status":"closed","template":"templates\/single-product.php","meta":{"_acf_changed":false,"_bbp_topic_count":0,"_bbp_reply_count":0,"_bbp_total_topic_count":0,"_bbp_total_reply_count":0,"_bbp_voice_count":0,"_bbp_anonymous_reply_count":0,"_bbp_topic_count_hidden":0,"_bbp_reply_count_hidden":0,"_bbp_forum_subforum_count":0,"footnotes":""},"categories":[1328],"class_list":["post-296702","page","type-page","status-publish","has-post-thumbnail","hentry","category-oil-processing"],"acf":{"add_tab":[{"tab_title":"Descriere","tab_content":"<p class=\"p1\" style=\"text-align: justify;\">Procesul de regenerare a uleiului al GlobeCore restaureaz\u0103 uleiurile uzate \u00eentr-o condi\u021bie apropiat\u0103 de uleiul nou. Acest proces permite umplerea transformatoarelor cu ulei care, altfel, ar fi fost aruncat. Uleiul poate fi utilizat \u00een transformator f\u0103r\u0103 a fi \u00eenlocuit pe \u00eentreaga durat\u0103 de via\u021b\u0103 a acestuia.<\/p>\r\n<p class=\"p1\" style=\"text-align: justify;\">Sistemele CMM-R ale GlobeCore sunt concepute pentru a extinde durata de via\u021b\u0103 a transformatorului prin restaurarea rezisten\u021bei dielectrice \u0219i a compozi\u021biei chimice a uleiului izolant dielectric.<\/p>\r\n<p class=\"p1\" style=\"text-align: justify;\">\u00cen procesul de regenerare a uleiului, produsele de degradare ale uleiului \u0219i compu\u0219ii acizi sunt elimina\u021bi, uleiul devine limpede, rezisten\u021ba la oxidare se \u00eembun\u0103t\u0103\u021be\u0219te, iar solubilitatea gazelor se reduce.<\/p>"}],"add_def_tab":[{"tab_title":"Specifica\u021bii","tab_content":"<table width=\"90%\">\r\n<tbody>\r\n<tr>\r\n<td width=\"7%\"><strong>Nr.<\/strong><\/td>\r\n<td width=\"71%\">\r\n<p style=\"text-align: center;\"><strong>Parametru<\/strong><\/p>\r\n<\/td>\r\n<td width=\"20%\">\r\n<p style=\"text-align: center;\"><strong>Valoare<\/strong><\/p>\r\n<\/td>\r\n<\/tr>\r\n<tr>\r\n<td width=\"7%\">1<\/td>\r\n<td width=\"71%\">Capacitate nominal\u0103, l\/h (gpm)<\/td>\r\n<td width=\"20%\">\r\n<p style=\"text-align: center;\">1000-2000 (4.4-8.8)<\/p>\r\n<\/td>\r\n<\/tr>\r\n<tr>\r\n<td width=\"7%\">2<\/td>\r\n<td width=\"71%\">Pierderi de ulei \u00een timpul oper\u0103rii, %<\/td>\r\n<td width=\"20%\">\r\n<p style=\"text-align: center;\">2-25<\/p>\r\n<\/td>\r\n<\/tr>\r\n<tr>\r\n<td width=\"7%\">3<\/td>\r\n<td width=\"71%\">Temperatura maxim\u0103 permis\u0103 a uleiului, \u00b0C (\u00b0F)<\/td>\r\n<td width=\"20%\">\r\n<p style=\"text-align: center;\">90 (194)<\/p>\r\n<\/td>\r\n<\/tr>\r\n<tr>\r\n<td width=\"7%\">4<\/td>\r\n<td width=\"71%\">Presiune de ie\u0219ire, bar (psi)<\/td>\r\n<td width=\"20%\">\r\n<p style=\"text-align: center;\">2.5 (36.25)<\/p>\r\n<\/td>\r\n<\/tr>\r\n<tr>\r\n<td width=\"7%\">5<\/td>\r\n<td width=\"71%\">Consumul maxim de energie, kW<\/td>\r\n<td width=\"20%\">\r\n<p style=\"text-align: center;\">55<\/p>\r\n<\/td>\r\n<\/tr>\r\n<tr>\r\n<td width=\"7%\">6<\/td>\r\n<td width=\"71%\">Vitez\u0103 de aspira\u021bie sub vid nominal\u0103, l\/h (gpm)<\/td>\r\n<td width=\"20%\">\r\n<p style=\"text-align: center;\">280,000 (1232.8)<\/p>\r\n<\/td>\r\n<\/tr>\r\n<tr>\r\n<td width=\"7%\">7<\/td>\r\n<td width=\"71%\">Masa de Fuller\u2019s Earth, kg (lbs)<\/td>\r\n<td width=\"20%\">\r\n<p style=\"text-align: center;\">1600 (3527.4)<\/p>\r\n<\/td>\r\n<\/tr>\r\n<tr>\r\n<td width=\"7%\">8<\/td>\r\n<td width=\"71%\">Parametri de energie electric\u0103<\/td>\r\n<td width=\"20%\"><\/td>\r\n<\/tr>\r\n<tr>\r\n<td rowspan=\"2\" width=\"7%\"><\/td>\r\n<td width=\"71%\">Tensiune, V<\/td>\r\n<td rowspan=\"2\" width=\"20%\">\r\n<p style=\"text-align: center;\">Personalizabil\u0103<\/p>\r\n<\/td>\r\n<\/tr>\r\n<tr>\r\n<td width=\"71%\">Frecven\u021b\u0103, Hz<\/td>\r\n<\/tr>\r\n<tr>\r\n<td width=\"7%\">9<\/td>\r\n<td width=\"71%\">Fine\u021bea filtr\u0103rii grosiere (filtru de plas\u0103), \u00b5m<\/td>\r\n<td width=\"20%\">\r\n<p style=\"text-align: center;\">100<\/p>\r\n<\/td>\r\n<\/tr>\r\n<tr>\r\n<td width=\"7%\">10<\/td>\r\n<td width=\"71%\">Fine\u021bea pre-filtr\u0103rii, \u00b5m<\/td>\r\n<td width=\"20%\">\r\n<p style=\"text-align: center;\">25<\/p>\r\n<\/td>\r\n<\/tr>\r\n<tr>\r\n<td width=\"7%\">11<\/td>\r\n<td width=\"71%\">Fine\u021bea filtr\u0103rii fine, \u00b5m<\/td>\r\n<td width=\"20%\">\r\n<p style=\"text-align: center;\">5<\/p>\r\n<\/td>\r\n<\/tr>\r\n<tr>\r\n<td width=\"7%\">12<\/td>\r\n<td width=\"71%\">Dimensiuni, mm (in)<\/td>\r\n<td width=\"20%\"><\/td>\r\n<\/tr>\r\n<tr>\r\n<td rowspan=\"3\" width=\"7%\"><\/td>\r\n<td width=\"71%\">Lungime<\/td>\r\n<td width=\"20%\">\r\n<p style=\"text-align: center;\">5500 (217)<\/p>\r\n<\/td>\r\n<\/tr>\r\n<tr>\r\n<td width=\"71%\">L\u0103\u021bime<\/td>\r\n<td width=\"20%\">\r\n<p style=\"text-align: center;\">2320 (91)<\/p>\r\n<\/td>\r\n<\/tr>\r\n<tr>\r\n<td width=\"71%\">\u00cen\u0103l\u021bime<\/td>\r\n<td width=\"20%\">\r\n<p style=\"text-align: center;\">2450 (96)<\/p>\r\n<\/td>\r\n<\/tr>\r\n<tr>\r\n<td width=\"7%\">13<\/td>\r\n<td width=\"71%\">Greutate, kg (lbs)<\/td>\r\n<td width=\"20%\">\r\n<p style=\"text-align: center;\">6000 (13227)<\/p>\r\n<\/td>\r\n<\/tr>\r\n<\/tbody>\r\n<\/table>\r\n<strong>Regenerarea uleiului \u00eentr-un transformator restabile\u0219te uleiul uzat \u00eentr-o stare apropiat\u0103 de uleiul nou:<\/strong>\r\n<table>\r\n<tbody>\r\n<tr>\r\n<td style=\"text-align: center;\"><strong>Parametru<\/strong><\/td>\r\n<td style=\"text-align: center;\"><strong>\u00cenainte de procesare<\/strong><\/td>\r\n<td style=\"text-align: center;\"><strong>Dup\u0103 procesare<\/strong><\/td>\r\n<\/tr>\r\n<tr>\r\n<td>Con\u021binut de umiditate \u00een greutate, g\/t (ppm) conform IEC 733; ASTM D-1533<\/td>\r\n<td>43<\/td>\r\n<td>5<\/td>\r\n<\/tr>\r\n<tr>\r\n<td>Clasa de puritate industrial\u0103 ISO 4406<\/td>\r\n<td>-\/18\/16<\/td>\r\n<td>-\/14\/12<\/td>\r\n<\/tr>\r\n<tr>\r\n<td>Con\u021binutul gazos volumetric % conform IEC 60599; ASTM D-3612<\/td>\r\n<td>-<\/td>\r\n<td>0.1<\/td>\r\n<\/tr>\r\n<tr>\r\n<td>Num\u0103rul acid, mg KOH\/g conform IEC 296; ASTM D-664<\/td>\r\n<td>0.2<\/td>\r\n<td>0.01<\/td>\r\n<\/tr>\r\n<tr>\r\n<td>Sulfur\u0103 coroziv\u0103 conform IEC 5662; ASTM D-1275<\/td>\r\n<td>prezent<\/td>\r\n<td>absent<\/td>\r\n<\/tr>\r\n<tr>\r\n<td>Rezisten\u021ba dielectric\u0103, kV conform IEC 156; ASTM D-18116<\/td>\r\n<td>30<\/td>\r\n<td>70<\/td>\r\n<\/tr>\r\n<tr>\r\n<td>Tensiunea interfe\u021bial\u0103, N\/m, la 25\u00baC conform IEC 6295; ASTM D-664<\/td>\r\n<td>-<\/td>\r\n<td>45<\/td>\r\n<\/tr>\r\n<tr>\r\n<td>Factorul de disipare la 90\u00baC conform IEC 247; ASTM D-924<\/td>\r\n<td>0.095<\/td>\r\n<td>0.001<\/td>\r\n<\/tr>\r\n<tr>\r\n<td>Stabilitatea la oxidare conform IEC 74; 164 ore<\/td>\r\n<td>-<\/td>\r\n<td>restaurat\u0103<\/td>\r\n<\/tr>\r\n<\/tbody>\r\n<\/table>\r\n(*I.A.W. \u00cen conformitate cu)"},{"tab_title":"Avantaje","tab_content":"GlobeCore fabric\u0103 sisteme de regenerare a uleiului at\u00e2t pentru produc\u0103torii de transformatoare, c\u00e2t \u0219i pentru furnizorii de servicii de \u00eentre\u021binere a transformatoarelor.\r\n\r\nUnit\u0103\u021bile GlobeCore sunt \u00eenc\u0103rcate cu un sorbent care captureaz\u0103 to\u021bi produ\u0219ii de descompunere a uleiului.\r\n\r\nSistemele de regenerare GlobeCore pot utiliza acela\u0219i sorbent timp de p\u00e2n\u0103 la 3 ani \u00eenainte de prima \u00eenlocuire. Nu mai este nevoie de consumabile \u0219i de munc\u0103 costisitoare legat\u0103 de \u00eenlocuirea sorbentului epuizat pe locul de munc\u0103.\r\n\r\nSistemele de regenerare pot fi combinate cu unit\u0103\u021bi de degajare a gazelor sau achizi\u021bionate ca sisteme independente.\r\n\r\nSistemele de regenerare GlobeCore pot fi utilizate \u00een combina\u021bie cu unitatea dumneavoastr\u0103 existent\u0103 de degajare a gazelor sau de uscare.\r\n\r\nFiecare unitate GlobeCore poate fi personalizat\u0103 \u0219i include o serie de op\u021biuni:\r\n<ul>\r\n \t<li>Asamblare suplimentar\u0103 a pompei de vid pentru vidanjarea transformatoarelor;<\/li>\r\n \t<li>Montat\u0103 pe remorc\u0103 sau semi-remorc\u0103;<\/li>\r\n \t<li>Teste de umiditate la intrarea \u0219i\/sau ie\u0219irea fluxului de ulei;<\/li>\r\n \t<li>Control de la distan\u021b\u0103 \u0219i monitorizare a procesului prin smartphone sau PC;<\/li>\r\n \t<li>Sal\u0103 de lucru pentru operatori cu climatizare.<\/li>\r\n<\/ul>"}],"add_video_tab":null,"add_gallery_tab":[{"gallery_tab_title":"Galerie","add_img":[59936,33484,60104,33529,33493,12869,12866,12863,12857,6939,3233]}],"add_price_tab":[{"price_tab_title":"Get a Quote"}]},"language":"ro","_links":{"self":[{"href":"https:\/\/globecore.dev\/ro\/wp-json\/wp\/v2\/pages\/296702","targetHints":{"allow":["GET"]}}],"collection":[{"href":"https:\/\/globecore.dev\/ro\/wp-json\/wp\/v2\/pages"}],"about":[{"href":"https:\/\/globecore.dev\/ro\/wp-json\/wp\/v2\/types\/page"}],"author":[{"embeddable":true,"href":"https:\/\/globecore.dev\/ro\/wp-json\/wp\/v2\/users\/7"}],"replies":[{"embeddable":true,"href":"https:\/\/globecore.dev\/ro\/wp-json\/wp\/v2\/comments?post=296702"}],"version-history":[{"count":0,"href":"https:\/\/globecore.dev\/ro\/wp-json\/wp\/v2\/pages\/296702\/revisions"}],"up":[{"embeddable":true,"href":"https:\/\/globecore.dev\/ro\/wp-json\/wp\/v2\/pages\/296678"}],"wp:featuredmedia":[{"embeddable":true,"href":"https:\/\/globecore.dev\/ro\/wp-json\/wp\/v2\/media\/296704"}],"wp:attachment":[{"href":"https:\/\/globecore.dev\/ro\/wp-json\/wp\/v2\/media?parent=296702"}],"wp:term":[{"taxonomy":"category","embeddable":true,"href":"https:\/\/globecore.dev\/ro\/wp-json\/wp\/v2\/categories?post=296702"}],"curies":[{"name":"wp","href":"https:\/\/api.w.org\/{rel}","templated":true}]}}