{"id":296699,"date":"2023-10-16T06:13:19","date_gmt":"2023-10-16T06:13:19","guid":{"rendered":"https:\/\/globecore.dev\/products\/oil-regeneration\/cmm-10rl-transformer-oil-regeneration-plant\/"},"modified":"2025-02-11T08:51:48","modified_gmt":"2025-02-11T08:51:48","slug":"cmm-10rl-transformer-oil-regeneration-plant","status":"publish","type":"page","link":"https:\/\/globecore.dev\/ro\/products\/oil-regeneration\/cmm-10rl-transformer-oil-regeneration-plant\/","title":{"rendered":"Unitatea de regenerare a uleiului de transformator CMM-10RL"},"content":{"rendered":"","protected":false},"excerpt":{"rendered":"","protected":false},"author":7,"featured_media":291972,"parent":296678,"menu_order":0,"comment_status":"closed","ping_status":"closed","template":"templates\/single-product.php","meta":{"_acf_changed":false,"_bbp_topic_count":0,"_bbp_reply_count":0,"_bbp_total_topic_count":0,"_bbp_total_reply_count":0,"_bbp_voice_count":0,"_bbp_anonymous_reply_count":0,"_bbp_topic_count_hidden":0,"_bbp_reply_count_hidden":0,"_bbp_forum_subforum_count":0,"footnotes":""},"categories":[2121],"class_list":["post-296699","page","type-page","status-publish","has-post-thumbnail","hentry","category-oil-regeneration-ro"],"acf":{"add_tab":[{"tab_title":"Descriere","tab_content":"<p style=\"text-align: justify;\"><strong>CMM-10RL<\/strong> este proiectat\u0103 pentru regenerarea uleiurilor de transformator.<\/p>\r\n<p style=\"text-align: justify;\">Procesul de recuperare a uleiului presupune trecerea uleiului prin zece coloane, fiecare con\u021bin\u00e2nd 75 kg de sorbent Fuller\u2019s earth, un material cu o structur\u0103 microporoas\u0103 fin\u0103. \u00cen timpul procesului de filtrare, toate impurit\u0103\u021bile nedorite \u0219i produsele de oxidare sunt capturate \u00een granulele sorbentului. Astfel, uleiul \u00eenchis la culoare \u0219i tulbure devine clar \u0219i luminos. \u00cen acela\u0219i timp, rezisten\u021ba dielectric\u0103 cre\u0219te, num\u0103rul de acid scade \u0219i al\u021bi parametri se \u00eembun\u0103t\u0103\u021besc.<\/p>\r\n<p style=\"text-align: justify;\">Datorit\u0103 acestei recuper\u0103ri, uleiul uzat cap\u0103t\u0103 propriet\u0103\u021bile uleiului nou \u0219i poate fi utilizat din nou \u00een transformatoare \u0219i alte echipamente de \u00eenalt\u0103 tensiune.<\/p>\r\n<p style=\"text-align: justify;\">Caracteristica distinctiv\u0103 a unit\u0103\u021bii CMM-10RL este posibilitatea de a reutiliza sorbentul f\u0103r\u0103 a fi eliminat prin reactivare direct \u00een cadrul unit\u0103\u021bii, unde sorbentul nu este scos din coloanele de regenerare.<\/p>"}],"add_def_tab":[{"tab_title":"Specifica\u021bii","tab_content":"<table width=\"600\">\r\n<tbody>\r\n<tr>\r\n<td width=\"47\"><strong>Nr.<\/strong><\/td>\r\n<td width=\"353\">\r\n<p style=\"text-align: center;\"><strong>Parametru<\/strong><\/p>\r\n<\/td>\r\n<td width=\"200\">\r\n<p style=\"text-align: center;\"><strong>Valoare<\/strong><\/p>\r\n<\/td>\r\n<\/tr>\r\n<tr>\r\n<td width=\"47\">1<\/td>\r\n<td width=\"353\">Capacitate, m<sup>3<\/sup>\/h<\/td>\r\n<td width=\"200\">\r\n<p style=\"text-align: center;\">0.75*<\/p>\r\n<\/td>\r\n<\/tr>\r\n<tr>\r\n<td width=\"47\">2<\/td>\r\n<td width=\"353\">Timp de reactivare a sorbentului, ore, max<\/td>\r\n<td width=\"200\">\r\n<p style=\"text-align: center;\">19<\/p>\r\n<\/td>\r\n<\/tr>\r\n<tr>\r\n<td width=\"47\">3<\/td>\r\n<td width=\"353\">Consumul de energie necesar, kW<\/td>\r\n<td width=\"200\">\r\n<p style=\"text-align: center;\">25<\/p>\r\n<\/td>\r\n<\/tr>\r\n<tr>\r\n<td width=\"47\">4<\/td>\r\n<td width=\"353\">Tensiune alimentare AC trifazat\u0103 50 (60) Hz, V<\/td>\r\n<td width=\"200\">\r\n<p style=\"text-align: center;\">380<\/p>\r\n<\/td>\r\n<\/tr>\r\n<tr>\r\n<td width=\"47\">5<\/td>\r\n<td width=\"353\">Dimensiuni, mm, max<\/td>\r\n<td width=\"200\"><\/td>\r\n<\/tr>\r\n<tr>\r\n<td width=\"47\"><\/td>\r\n<td width=\"353\">- lungime<\/td>\r\n<td width=\"200\">\r\n<p style=\"text-align: center;\">3.320<\/p>\r\n<\/td>\r\n<\/tr>\r\n<tr>\r\n<td width=\"47\"><\/td>\r\n<td width=\"353\">- l\u0103\u021bime<\/td>\r\n<td width=\"200\">\r\n<p style=\"text-align: center;\">1.570<\/p>\r\n<\/td>\r\n<\/tr>\r\n<tr>\r\n<td width=\"47\"><\/td>\r\n<td width=\"353\">- \u00een\u0103l\u021bime<\/td>\r\n<td width=\"200\">\r\n<p style=\"text-align: center;\">1.520<\/p>\r\n<\/td>\r\n<\/tr>\r\n<tr>\r\n<td width=\"47\">6<\/td>\r\n<td width=\"353\">Greutate, kg, max<\/td>\r\n<td width=\"200\">\r\n<p style=\"text-align: center;\">2.500<\/p>\r\n<\/td>\r\n<\/tr>\r\n<\/tbody>\r\n<\/table>\r\n<strong>* Capacitatea unit\u0103\u021bii depinde de performan\u021ba calit\u0103\u021bii uleiului procesat<\/strong>"},{"tab_title":"Avantaje","tab_content":"<ul>\r\n \t<li>Regenerare complet\u0103 a uleiurilor uzate de transformator la o condi\u021bie aproape de nou;<\/li>\r\n \t<li>Posibilitatea utiliz\u0103rii \u00eempreun\u0103 cu unit\u0103\u021bi de degazare;<\/li>\r\n \t<li>Posibilitatea de a reactiva sorbentul de 300 p\u00e2n\u0103 la 500 de ori;<\/li>\r\n \t<li>Economii de bani prin regenerarea \u0219i reutilizarea uleiului \u00een transformatoare.<\/li>\r\n<\/ul>"}],"add_video_tab":null,"add_gallery_tab":null,"add_price_tab":null},"language":"ro","_links":{"self":[{"href":"https:\/\/globecore.dev\/ro\/wp-json\/wp\/v2\/pages\/296699","targetHints":{"allow":["GET"]}}],"collection":[{"href":"https:\/\/globecore.dev\/ro\/wp-json\/wp\/v2\/pages"}],"about":[{"href":"https:\/\/globecore.dev\/ro\/wp-json\/wp\/v2\/types\/page"}],"author":[{"embeddable":true,"href":"https:\/\/globecore.dev\/ro\/wp-json\/wp\/v2\/users\/7"}],"replies":[{"embeddable":true,"href":"https:\/\/globecore.dev\/ro\/wp-json\/wp\/v2\/comments?post=296699"}],"version-history":[{"count":0,"href":"https:\/\/globecore.dev\/ro\/wp-json\/wp\/v2\/pages\/296699\/revisions"}],"up":[{"embeddable":true,"href":"https:\/\/globecore.dev\/ro\/wp-json\/wp\/v2\/pages\/296678"}],"wp:featuredmedia":[{"embeddable":true,"href":"https:\/\/globecore.dev\/ro\/wp-json\/wp\/v2\/media\/291972"}],"wp:attachment":[{"href":"https:\/\/globecore.dev\/ro\/wp-json\/wp\/v2\/media?parent=296699"}],"wp:term":[{"taxonomy":"category","embeddable":true,"href":"https:\/\/globecore.dev\/ro\/wp-json\/wp\/v2\/categories?post=296699"}],"curies":[{"name":"wp","href":"https:\/\/api.w.org\/{rel}","templated":true}]}}