{"id":296678,"date":"2017-07-31T12:06:31","date_gmt":"2017-07-31T12:06:31","guid":{"rendered":"https:\/\/globecore.dev\/products\/oil-regeneration\/"},"modified":"2025-04-28T11:10:03","modified_gmt":"2025-04-28T11:10:03","slug":"oil-regeneration","status":"publish","type":"page","link":"https:\/\/globecore.dev\/ro\/products\/oil-regeneration\/","title":{"rendered":"Regenerarea uleiului"},"content":{"rendered":"<h2 style=\"text-align: center;\"><strong>Instala\u021biile GlobeCore pentru regenerarea uleiului de transformator<\/strong><\/h2>\n<p style=\"text-align: justify;\">Instala\u021biile de regenerare a uleiului CMM-R de la GlobeCore ofer\u0103 o solu\u021bie de ultim\u0103 genera\u021bie pentru <strong>regenerarea eficient\u0103<\/strong> a uleiului \u00een <strong>transformatoare<\/strong>, inclusiv \u00een <strong>transformatoare aflate sub tensiune<\/strong>. Spre deosebire de sistemele tradi\u021bionale, unitatea CMM-R poate procesa uleiul \u00een timp ce transformatorul este \u00een func\u021biune, fiind o alegere ideal\u0103 pentru <strong>\u00eentre\u021binerea uleiului de transformator<\/strong> \u0219i prelungirea duratei de via\u021b\u0103 a infrastructurii electrice.<\/p>\n<h3 style=\"text-align: center;\">Caracteristici principale ale regener\u0103rii uleiului GlobeCore<\/h3>\n<p style=\"text-align: justify;\">Procesul de <strong>regenerare a uleiului<\/strong> \u00eencepe prin conectarea unit\u0103\u021bii CMM-R la un transformator aflat sub tensiune. Uleiul din transformator intr\u0103 \u00een unitate, unde este supus unui proces complet de <strong>regenerare<\/strong> \u0219i <strong>degazare<\/strong>. Aceast\u0103 metod\u0103 inovatoare elimin\u0103 eficient produsele de oxidare \u0219i contaminan\u021bii din uleiul transformatorului, restabilindu-i propriet\u0103\u021bile \u0219i prevenind degradarea. Uleiul tratat este apoi returnat \u00een transformator \u00een mai multe cicluri, cre\u00e2nd un circuit continuu care cur\u0103\u021b\u0103 treptat izola\u021bia de h\u00e2rtie a transformatorului.<\/p>\n<p style=\"text-align: justify;\">Pe m\u0103sur\u0103 ce uleiul circul\u0103 prin transformatorul aflat sub tensiune, <strong>rata ridicat\u0103 de circula\u021bie<\/strong>, <strong>c\u0103ldura<\/strong> \u0219i <strong>vibra\u021biile<\/strong> creeaz\u0103 un mediu optim pentru cur\u0103\u021bare. Contaminan\u021bii din izola\u021bia de h\u00e2rtie sunt elibera\u021bi \u0219i re\u021binu\u021bi de adsorbantul din unitate. Aceast\u0103 metod\u0103 simultan\u0103 de <strong>regenerare a uleiului<\/strong> \u0219i <strong>cur\u0103\u021bare a izola\u021biei de h\u00e2rtie<\/strong> reduce timpul de nefunc\u021bionare al transformatorului \u0219i \u00eembun\u0103t\u0103\u021be\u0219te calitatea izola\u021biei.<\/p>\n<p style=\"text-align: justify;\"><strong>Ma\u0219ina de regenerare a uleiului GlobeCore CMM-R<\/strong> asigur\u0103 men\u021binerea uleiului \u0219i a izola\u021biei de h\u00e2rtie \u00een condi\u021bii optime, oferind o solu\u021bie fiabil\u0103, durabil\u0103 \u0219i rentabil\u0103 pentru <strong>regenerarea \u0219i purificarea uleiului de transformator<\/strong>.<\/p>\n","protected":false},"excerpt":{"rendered":"<p>Instala\u021biile GlobeCore pentru regenerarea uleiului de transformator Instala\u021biile de regenerare a uleiului CMM-R de la GlobeCore ofer\u0103 o solu\u021bie de ultim\u0103 genera\u021bie pentru regenerarea eficient\u0103 a uleiului \u00een transformatoare, inclusiv \u00een transformatoare aflate sub tensiune. Spre deosebire de sistemele tradi\u021bionale, unitatea CMM-R poate procesa uleiul \u00een timp ce transformatorul este \u00een func\u021biune, fiind o alegere<a class=\"cg-read-more\" href=\"https:\/\/globecore.dev\/ro\/products\/oil-regeneration\/\" target=\"_blank\">Read More <\/a><\/p>\n","protected":false},"author":1,"featured_media":296349,"parent":296636,"menu_order":0,"comment_status":"closed","ping_status":"closed","template":"templates\/products-sidebar.php","meta":{"_acf_changed":false,"_bbp_topic_count":0,"_bbp_reply_count":0,"_bbp_total_topic_count":0,"_bbp_total_reply_count":0,"_bbp_voice_count":0,"_bbp_anonymous_reply_count":0,"_bbp_topic_count_hidden":0,"_bbp_reply_count_hidden":0,"_bbp_forum_subforum_count":0,"footnotes":""},"categories":[],"class_list":["post-296678","page","type-page","status-publish","has-post-thumbnail","hentry"],"acf":[],"language":"ro","_links":{"self":[{"href":"https:\/\/globecore.dev\/ro\/wp-json\/wp\/v2\/pages\/296678","targetHints":{"allow":["GET"]}}],"collection":[{"href":"https:\/\/globecore.dev\/ro\/wp-json\/wp\/v2\/pages"}],"about":[{"href":"https:\/\/globecore.dev\/ro\/wp-json\/wp\/v2\/types\/page"}],"author":[{"embeddable":true,"href":"https:\/\/globecore.dev\/ro\/wp-json\/wp\/v2\/users\/1"}],"replies":[{"embeddable":true,"href":"https:\/\/globecore.dev\/ro\/wp-json\/wp\/v2\/comments?post=296678"}],"version-history":[{"count":0,"href":"https:\/\/globecore.dev\/ro\/wp-json\/wp\/v2\/pages\/296678\/revisions"}],"up":[{"embeddable":true,"href":"https:\/\/globecore.dev\/ro\/wp-json\/wp\/v2\/pages\/296636"}],"wp:featuredmedia":[{"embeddable":true,"href":"https:\/\/globecore.dev\/ro\/wp-json\/wp\/v2\/media\/296349"}],"wp:attachment":[{"href":"https:\/\/globecore.dev\/ro\/wp-json\/wp\/v2\/media?parent=296678"}],"wp:term":[{"taxonomy":"category","embeddable":true,"href":"https:\/\/globecore.dev\/ro\/wp-json\/wp\/v2\/categories?post=296678"}],"curies":[{"name":"wp","href":"https:\/\/api.w.org\/{rel}","templated":true}]}}