{"id":296348,"date":"2021-04-26T10:30:27","date_gmt":"2021-04-26T10:30:27","guid":{"rendered":"https:\/\/globecore.dev\/cmm-6r-light-transformer-oil-regeneration-unit\/"},"modified":"2025-02-11T08:44:27","modified_gmt":"2025-02-11T08:44:27","slug":"cmm-6r-light-transformer-oil-regeneration-unit","status":"publish","type":"page","link":"https:\/\/globecore.dev\/ro\/products\/oil-regeneration\/cmm-6r-light-transformer-oil-regeneration-unit\/","title":{"rendered":"Unitatea de regenerare a uleiului de transformator CMM-6RL"},"content":{"rendered":"","protected":false},"excerpt":{"rendered":"","protected":false},"author":7,"featured_media":296349,"parent":296678,"menu_order":0,"comment_status":"closed","ping_status":"closed","template":"templates\/single-product.php","meta":{"_acf_changed":false,"_bbp_topic_count":0,"_bbp_reply_count":0,"_bbp_total_topic_count":0,"_bbp_total_reply_count":0,"_bbp_voice_count":0,"_bbp_anonymous_reply_count":0,"_bbp_topic_count_hidden":0,"_bbp_reply_count_hidden":0,"_bbp_forum_subforum_count":0,"footnotes":""},"categories":[2121],"class_list":["post-296348","page","type-page","status-publish","has-post-thumbnail","hentry","category-oil-regeneration-ro"],"acf":{"add_tab":[{"tab_title":"Descriere","tab_content":"<p class=\"p1\">Unitatea <b>CMM-6RL<\/b> este proiectat\u0103 pentru regenerarea uleiului de transformator.<\/p>\r\n<p class=\"p1\">Procesul de regenerare presupune trecerea uleiului prin \u0219ase coloane, fiecare con\u021bin\u00e2nd 75 de kilograme de adsorbent Fuller\u2019s earth \u2014 o substan\u021b\u0103 cu o structur\u0103 microporoas\u0103. Toate impurit\u0103\u021bile d\u0103un\u0103toare \u0219i produsele de \u00eemb\u0103tr\u00e2nire sunt capturate \u00een granulele adsorbentului. Uleiul tulbure \u0219i maroniu devine curat \u0219i limpede. Tensiunea de rupere cre\u0219te, num\u0103rul de acid scade, iar tangenta pierderii dielectrice scade. Datorit\u0103 regener\u0103rii, uleiul uzat rec\u0103p\u0103t\u0103 propriet\u0103\u021bile uleiului nou \u0219i poate fi reutilizat \u00een transformator pentru izola\u021bie \u0219i evacuarea c\u0103ldurii.<\/p>\r\n<p class=\"p1\">Dup\u0103 ce calitatea regener\u0103rii nu mai \u00eendepline\u0219te cerin\u021bele, unitatea poate fi comutat\u0103 \u00een modul de reactivare a sorbentului. Sorbentul este refolosit prin ardere \u0219i apoi utilizat din nou pentru regenerarea uleiului de transformator.<\/p>"}],"add_def_tab":[{"tab_title":"Specifica\u021bii","tab_content":"<table width=\"602\">\r\n<tbody>\r\n<tr>\r\n<td width=\"63\"><strong>Nr.<\/strong><\/td>\r\n<td width=\"435\">\r\n<p style=\"text-align: center;\"><strong>Parametru<\/strong><\/p>\r\n<\/td>\r\n<td width=\"103\">\r\n<p style=\"text-align: center;\"><strong>Valoare<\/strong><\/p>\r\n<\/td>\r\n<\/tr>\r\n<tr>\r\n<td width=\"63\">1<\/td>\r\n<td width=\"435\">\r\n<p style=\"text-align: left;\">Capacitate, m<sup>3<\/sup>\/h<\/p>\r\n<\/td>\r\n<td width=\"103\">\r\n<p style=\"text-align: center;\">0.45*<\/p>\r\n<\/td>\r\n<\/tr>\r\n<tr>\r\n<td width=\"63\">2<\/td>\r\n<td width=\"435\">Timp de reactivare a sorbentului, nu mai mult de<\/td>\r\n<td width=\"103\">\r\n<p style=\"text-align: center;\">19 ore<\/p>\r\n<\/td>\r\n<\/tr>\r\n<tr>\r\n<td width=\"63\">3<\/td>\r\n<td width=\"435\">\r\n<p style=\"text-align: left;\">Consumul de energie necesar, kW<\/p>\r\n<\/td>\r\n<td width=\"103\">\r\n<p style=\"text-align: center;\">14.5<\/p>\r\n<\/td>\r\n<\/tr>\r\n<tr>\r\n<td width=\"63\">4<\/td>\r\n<td width=\"435\">\r\n<p style=\"text-align: left;\">Tensiune de alimentare cu energie AC trifazat\u0103 50, 60 Hz, V<\/p>\r\n<\/td>\r\n<td width=\"103\">\r\n<p style=\"text-align: center;\">380<\/p>\r\n<\/td>\r\n<\/tr>\r\n<tr>\r\n<td width=\"63\">5<\/td>\r\n<td width=\"435\">\r\n<p style=\"text-align: left;\">Dimensiuni, mm, nu mai mult de<\/p>\r\n<p style=\"text-align: left;\">- lungime<\/p>\r\n<p style=\"text-align: left;\">- l\u0103\u021bime<\/p>\r\n<p style=\"text-align: left;\">- \u00een\u0103l\u021bime<\/p>\r\n<\/td>\r\n<td width=\"103\">&nbsp;\r\n<p style=\"text-align: center;\">2820<\/p>\r\n<p style=\"text-align: center;\">1570<\/p>\r\n<p style=\"text-align: center;\">1520<\/p>\r\n<\/td>\r\n<\/tr>\r\n<tr>\r\n<td width=\"63\">6<\/td>\r\n<td width=\"435\">\r\n<p style=\"text-align: left;\">Greutate, kg, nu mai mult de<\/p>\r\n<\/td>\r\n<td width=\"103\">\r\n<p style=\"text-align: center;\">2100<\/p>\r\n<\/td>\r\n<\/tr>\r\n<\/tbody>\r\n<\/table>\r\n<strong>\u00a0<\/strong><strong>* Capacitatea unit\u0103\u021bii depinde de indicatorii de calitate ai uleiului procesat.<\/strong>"},{"tab_title":"Avantaje","tab_content":"<ul>\r\n \t<li style=\"text-align: justify;\">Convenien\u021ba \u00een operare. Unitatea se conecteaz\u0103 rapid la rezervoarele de ulei curat \u0219i murdar prin cuple rapide camlock; procesul de purificare a uleiului este monitorizat vizual prin intermediul geamurilor de observa\u021bie; o trap\u0103 de service este prev\u0103zut\u0103 la baza coloanelor pentru \u00eentre\u021binerea \u0219i cur\u0103\u021barea acestora.<\/li>\r\n \t<li style=\"text-align: justify;\">Unitatea poate func\u021biona \u00een mod automat. Modul de operare necesar este selectat, iar actuatoarele sunt controlate de pe panoul tactil, care afi\u0219eaz\u0103 un diagram\u0103 mnemonic\u0103 a unit\u0103\u021bii. Pentru a activa butoanele de control, operatorul trebuie doar s\u0103 le ating\u0103.<\/li>\r\n \t<li style=\"text-align: justify;\">Sorbentul este refolosit f\u0103r\u0103 a fi scos din unitate \u0219i poate fi utilizat pentru urm\u0103torul ciclu de regenerare imediat dup\u0103 r\u0103cire. La finalul ultimei reactiv\u0103ri, sorbentul poate fi folosit ca agregat de construc\u021bie sau \u00een agricultur\u0103 pentru a descompune solurile compacte.<\/li>\r\n \t<li style=\"text-align: justify;\">Nu apar emisii d\u0103un\u0103toare \u00een mediu \u00een timpul func\u021bion\u0103rii unit\u0103\u021bii. Unitatea este echipat\u0103 cu un sistem cu dou\u0103 etape pentru neutralizarea produselor de combustie, care const\u0103 dintr-un filtru de carbon \u0219i un catalizator.<\/li>\r\n<\/ul>"}],"add_video_tab":null,"add_gallery_tab":[{"gallery_tab_title":"Galerie","add_img":[59070,59079,59088]}],"add_price_tab":[{"price_tab_title":"Get a Quote"}]},"language":"ro","_links":{"self":[{"href":"https:\/\/globecore.dev\/ro\/wp-json\/wp\/v2\/pages\/296348","targetHints":{"allow":["GET"]}}],"collection":[{"href":"https:\/\/globecore.dev\/ro\/wp-json\/wp\/v2\/pages"}],"about":[{"href":"https:\/\/globecore.dev\/ro\/wp-json\/wp\/v2\/types\/page"}],"author":[{"embeddable":true,"href":"https:\/\/globecore.dev\/ro\/wp-json\/wp\/v2\/users\/7"}],"replies":[{"embeddable":true,"href":"https:\/\/globecore.dev\/ro\/wp-json\/wp\/v2\/comments?post=296348"}],"version-history":[{"count":0,"href":"https:\/\/globecore.dev\/ro\/wp-json\/wp\/v2\/pages\/296348\/revisions"}],"up":[{"embeddable":true,"href":"https:\/\/globecore.dev\/ro\/wp-json\/wp\/v2\/pages\/296678"}],"wp:featuredmedia":[{"embeddable":true,"href":"https:\/\/globecore.dev\/ro\/wp-json\/wp\/v2\/media\/296349"}],"wp:attachment":[{"href":"https:\/\/globecore.dev\/ro\/wp-json\/wp\/v2\/media?parent=296348"}],"wp:term":[{"taxonomy":"category","embeddable":true,"href":"https:\/\/globecore.dev\/ro\/wp-json\/wp\/v2\/categories?post=296348"}],"curies":[{"name":"wp","href":"https:\/\/api.w.org\/{rel}","templated":true}]}}