{"id":68089,"date":"2023-05-22T06:59:45","date_gmt":"2023-05-22T06:59:45","guid":{"rendered":"https:\/\/globecore.dev\/products\/moinho-coloidal\/colloid-mills-for-different-applications\/"},"modified":"2025-01-22T09:28:39","modified_gmt":"2025-01-22T09:28:39","slug":"colloid-mills-for-different-applications","status":"publish","type":"page","link":"https:\/\/globecore.dev\/pt-pt\/products\/moinho-coloidal\/colloid-mills-for-different-applications\/","title":{"rendered":"Moinhos col\u00f3ides para diferentes aplica\u00e7\u00f5es"},"content":{"rendered":"","protected":false},"excerpt":{"rendered":"","protected":false},"author":7,"featured_media":32842,"parent":19255,"menu_order":0,"comment_status":"closed","ping_status":"closed","template":"templates\/products-sidebar.php","meta":{"_acf_changed":false,"_bbp_topic_count":0,"_bbp_reply_count":0,"_bbp_total_topic_count":0,"_bbp_total_reply_count":0,"_bbp_voice_count":0,"_bbp_anonymous_reply_count":0,"_bbp_topic_count_hidden":0,"_bbp_reply_count_hidden":0,"_bbp_forum_subforum_count":0,"footnotes":""},"categories":[],"class_list":["post-68089","page","type-page","status-publish","has-post-thumbnail","hentry"],"acf":[],"language":"pt-pt","_links":{"self":[{"href":"https:\/\/globecore.dev\/pt-pt\/wp-json\/wp\/v2\/pages\/68089","targetHints":{"allow":["GET"]}}],"collection":[{"href":"https:\/\/globecore.dev\/pt-pt\/wp-json\/wp\/v2\/pages"}],"about":[{"href":"https:\/\/globecore.dev\/pt-pt\/wp-json\/wp\/v2\/types\/page"}],"author":[{"embeddable":true,"href":"https:\/\/globecore.dev\/pt-pt\/wp-json\/wp\/v2\/users\/7"}],"replies":[{"embeddable":true,"href":"https:\/\/globecore.dev\/pt-pt\/wp-json\/wp\/v2\/comments?post=68089"}],"version-history":[{"count":0,"href":"https:\/\/globecore.dev\/pt-pt\/wp-json\/wp\/v2\/pages\/68089\/revisions"}],"up":[{"embeddable":true,"href":"https:\/\/globecore.dev\/pt-pt\/wp-json\/wp\/v2\/pages\/19255"}],"wp:featuredmedia":[{"embeddable":true,"href":"https:\/\/globecore.dev\/pt-pt\/wp-json\/wp\/v2\/media\/32842"}],"wp:attachment":[{"href":"https:\/\/globecore.dev\/pt-pt\/wp-json\/wp\/v2\/media?parent=68089"}],"wp:term":[{"taxonomy":"category","embeddable":true,"href":"https:\/\/globecore.dev\/pt-pt\/wp-json\/wp\/v2\/categories?post=68089"}],"curies":[{"name":"wp","href":"https:\/\/api.w.org\/{rel}","templated":true}]}}