{"id":293854,"date":"2024-11-01T12:57:30","date_gmt":"2024-11-01T12:57:30","guid":{"rendered":"https:\/\/globecore.dev\/products\/instrumentospt\/tor-6-transformer-oil-moisture-and-particles-tester\/"},"modified":"2026-01-15T09:04:40","modified_gmt":"2026-01-15T09:04:40","slug":"tor-6-transformer-oil-moisture-and-particles-tester","status":"publish","type":"page","link":"https:\/\/globecore.dev\/pt-pt\/products\/instrumentospt\/tor-6-transformer-oil-moisture-and-particles-tester\/","title":{"rendered":"TOR-6 Testador de Umidade e Part\u00edculas em \u00d3leo de Transformador"},"content":{"rendered":"","protected":false},"excerpt":{"rendered":"<p>O TOR-6 \u00e9 um testador expresso de \u00f3leo para transformadores que realiza medi\u00e7\u00f5es de alta precis\u00e3o do teor de umidade e pureza (n\u00edveis de contamina\u00e7\u00e3o) em \u00f3leos minerais e \u00e0 base de \u00e9ster. Mede a atividade da \u00e1gua (aw) de 0 a 1 com uma precis\u00e3o de \u00b110\u202f% ou \u00b110\u202fppm a 20\u202f\u00b0C e tamb\u00e9m registra a temperatura. O dispositivo avalia a pureza do \u00f3leo de acordo com os padr\u00f5es ISO 99 (ISO 4406:1999), SAE AS 4059, ISO 87 (ISO 4406:1987) e NAS 1638.<\/p>\n","protected":false},"author":7,"featured_media":129847,"parent":32199,"menu_order":0,"comment_status":"closed","ping_status":"closed","template":"templates\/single-product.php","meta":{"_acf_changed":false,"_bbp_topic_count":0,"_bbp_reply_count":0,"_bbp_total_topic_count":0,"_bbp_total_reply_count":0,"_bbp_voice_count":0,"_bbp_anonymous_reply_count":0,"_bbp_topic_count_hidden":0,"_bbp_reply_count_hidden":0,"_bbp_forum_subforum_count":0,"footnotes":""},"categories":[1684],"class_list":["post-293854","page","type-page","status-publish","has-post-thumbnail","hentry","category-instruments-pt-pt","oil_type-combustivel-diesel","oil_type-oleo-hidraulico","oil_type-oleo-industrial","oil_type-oleo-para-transformadores","process_type-teste-de-classe-de-limpeza-de-particulas","process_type-teste-de-humidade"],"acf":{"add_tab":[{"tab_title":"Descri\u00e7\u00e3o","tab_content":"O testador expresso TOR-6 para \u00f3leo de transformador realiza um teste de alta precis\u00e3o para o conte\u00fado de umidade e n\u00edveis de pureza ou contamina\u00e7\u00e3o em \u00f3leos minerais e \u00e0 base de \u00e9steres."}],"add_def_tab":[{"tab_title":"Carater\u00edsticas","tab_content":"<table width=\"602\">\n<tbody>\n<tr>\n<td width=\"52\"><strong>N\u00ba<\/strong><\/td>\n<td width=\"269\"><strong>Par\u00e2metro<\/strong><\/td>\n<td width=\"281\"><strong>Valor<\/strong><\/td>\n<\/tr>\n<tr>\n<td colspan=\"3\" width=\"602\">\n<p style=\"text-align: center;\"><strong>Caracter\u00edsticas de medi\u00e7\u00e3o de umidade<\/strong><\/p>\n<\/td>\n<\/tr>\n<tr>\n<td width=\"52\">1<\/td>\n<td width=\"269\">Faixa de opera\u00e7\u00e3o, aw (\u00e1gua ativa)<\/td>\n<td width=\"281\">\n<p style=\"text-align: center;\">0&#8230;1<\/p>\n<\/td>\n<\/tr>\n<tr>\n<td width=\"52\">2<\/td>\n<td width=\"269\">Precis\u00e3o a 20 \u00b0C<\/td>\n<td width=\"281\">\n<p style=\"text-align: center;\">\u00b110 % ou \u00b110 ppm<\/p>\n<\/td>\n<\/tr>\n<tr>\n<td width=\"52\">3<\/td>\n<td width=\"269\">Medi\u00e7\u00e3o de temperatura<\/td>\n<td width=\"281\">\n<p style=\"text-align: center;\">Sim<\/p>\n<\/td>\n<\/tr>\n<tr>\n<td colspan=\"3\" width=\"602\">\n<p style=\"text-align: center;\"><strong>Caracter\u00edsticas de pureza ou n\u00edvel de contamina\u00e7\u00e3o<\/strong><\/p>\n<\/td>\n<\/tr>\n<tr>\n<td width=\"52\">4<\/td>\n<td width=\"269\">Faixa de viscosidade permitida, mm\u00b2\/seg<\/td>\n<td width=\"281\">\n<p style=\"text-align: center;\">1 a 1.000<\/p>\n<\/td>\n<\/tr>\n<tr>\n<td width=\"52\">5<\/td>\n<td width=\"269\">Normas mantidas na determina\u00e7\u00e3o da classe de pureza<\/td>\n<td width=\"281\">\n<p style=\"text-align: center;\">ISO 99 (ISO 4406:1999)<\/p>\n<p style=\"text-align: center;\">SAE (SAE AS 4059) ou<\/p>\n<p style=\"text-align: center;\">ISO 87 (ISO 4406:1987)<\/p>\n<p style=\"text-align: center;\">NAS (NAS 1638)<\/p>\n<\/td>\n<\/tr>\n<tr>\n<td width=\"52\">6<\/td>\n<td width=\"269\">Faixa de medi\u00e7\u00e3o<\/td>\n<td width=\"281\">\n<p style=\"text-align: center;\">Medi\u00e7\u00e3o de ISO 9\/8\/7 (m\u00edn) at\u00e9 ISO 25\/24\/23 (m\u00e1x)<\/p>\n<p style=\"text-align: center;\">Calibrado dentro da faixa ISO de 13\/11\/10 at\u00e9 23\/21\/18<\/p>\n<\/td>\n<\/tr>\n<tr>\n<td width=\"52\">7<\/td>\n<td width=\"269\">Precis\u00e3o<\/td>\n<td width=\"281\">\n<p style=\"text-align: center;\">Classe ISO \u00b1 1\/2 na faixa calibrada<\/p>\n<\/td>\n<\/tr>\n<tr>\n<td width=\"52\">8<\/td>\n<td width=\"269\">Pot\u00eancia requerida, W<\/td>\n<td width=\"281\">\n<p style=\"text-align: center;\">3<\/p>\n<\/td>\n<\/tr>\n<tr>\n<td width=\"52\">9<\/td>\n<td width=\"269\">Tens\u00e3o da fonte de alimenta\u00e7\u00e3o monof\u00e1sica 50 Hz, V<\/td>\n<td width=\"281\">\n<p style=\"text-align: center;\">220<\/p>\n<\/td>\n<\/tr>\n<tr>\n<td width=\"52\">10<\/td>\n<td width=\"269\">Dimens\u00f5es, mm, n\u00e3o mais que<\/p>\n<p>&#8212; comprimento<\/p>\n<p>&#8212; largura<\/p>\n<p>&#8212; altura<\/td>\n<td width=\"281\">&nbsp;<\/p>\n<p style=\"text-align: center;\">235<\/p>\n<p style=\"text-align: center;\">275<\/p>\n<p style=\"text-align: center;\">370<\/p>\n<\/td>\n<\/tr>\n<tr>\n<td width=\"52\">11<\/td>\n<td width=\"269\">Peso, kg, n\u00e3o mais que<\/td>\n<td width=\"281\">\n<p style=\"text-align: center;\">10<\/p>\n<\/td>\n<\/tr>\n<\/tbody>\n<\/table>\n"},{"tab_title":"Vantagens","tab_content":"<ul>\n<li>Tamanho compacto;<\/li>\n<li>Versatilidade.<\/li>\n<\/ul>\n"},{"tab_title":"Aplica\u00e7\u00e3o","tab_content":"[product_oil_types]"},{"tab_title":"Webinar","tab_content":"<div class=\"responsive-embed widescreen\">\n<div class=\"responsive-embed widescreen\">\n<div class=\"responsive-embed widescreen\">\n<div class=\"responsive-embed widescreen\">\n<div class=\"responsive-embed widescreen\">\n<div class=\"responsive-embed widescreen\">\n<div class=\"responsive-embed widescreen\">\n<div class=\"responsive-embed widescreen\"><iframe loading=\"lazy\" title=\"Instrumentos para teste expresso de \u00f3leo diel\u00e9trico dos transformadores de pot\u00eancia\" width=\"500\" height=\"281\" src=\"https:\/\/www.youtube.com\/embed\/OKxrpDN6hME?feature=oembed\" frameborder=\"0\" allow=\"accelerometer; autoplay; clipboard-write; encrypted-media; gyroscope; picture-in-picture; web-share\" referrerpolicy=\"strict-origin-when-cross-origin\" allowfullscreen><\/iframe><\/div>\n<\/div>\n<\/div>\n<\/div>\n<\/div>\n<\/div>\n<\/div>\n<\/div>\n"}],"add_video_tab":null,"add_gallery_tab":null,"add_price_tab":null},"language":"pt-pt","_links":{"self":[{"href":"https:\/\/globecore.dev\/pt-pt\/wp-json\/wp\/v2\/pages\/293854","targetHints":{"allow":["GET"]}}],"collection":[{"href":"https:\/\/globecore.dev\/pt-pt\/wp-json\/wp\/v2\/pages"}],"about":[{"href":"https:\/\/globecore.dev\/pt-pt\/wp-json\/wp\/v2\/types\/page"}],"author":[{"embeddable":true,"href":"https:\/\/globecore.dev\/pt-pt\/wp-json\/wp\/v2\/users\/7"}],"replies":[{"embeddable":true,"href":"https:\/\/globecore.dev\/pt-pt\/wp-json\/wp\/v2\/comments?post=293854"}],"version-history":[{"count":1,"href":"https:\/\/globecore.dev\/pt-pt\/wp-json\/wp\/v2\/pages\/293854\/revisions"}],"predecessor-version":[{"id":330076,"href":"https:\/\/globecore.dev\/pt-pt\/wp-json\/wp\/v2\/pages\/293854\/revisions\/330076"}],"up":[{"embeddable":true,"href":"https:\/\/globecore.dev\/pt-pt\/wp-json\/wp\/v2\/pages\/32199"}],"wp:featuredmedia":[{"embeddable":true,"href":"https:\/\/globecore.dev\/pt-pt\/wp-json\/wp\/v2\/media\/129847"}],"wp:attachment":[{"href":"https:\/\/globecore.dev\/pt-pt\/wp-json\/wp\/v2\/media?parent=293854"}],"wp:term":[{"taxonomy":"category","embeddable":true,"href":"https:\/\/globecore.dev\/pt-pt\/wp-json\/wp\/v2\/categories?post=293854"}],"curies":[{"name":"wp","href":"https:\/\/api.w.org\/{rel}","templated":true}]}}