{"id":250013,"date":"2022-06-22T07:37:17","date_gmt":"2022-06-22T07:37:17","guid":{"rendered":"https:\/\/globecore.dev\/products\/fuel-purification-and-clarification\/dark-heating-fuel-purification-and-clarification-machine-cmm-6rl\/"},"modified":"2025-12-17T09:46:18","modified_gmt":"2025-12-17T09:46:18","slug":"dark-heating-fuel-purification-and-clarification-machine-cmm-6rl","status":"publish","type":"page","link":"https:\/\/globecore.dev\/pt-pt\/products\/fuel-purification-and-clarification\/dark-heating-fuel-purification-and-clarification-machine-cmm-6rl\/","title":{"rendered":"CMM-6RL M\u00e1quina de polimento de combust\u00edvel de aquecimento escuro"},"content":{"rendered":"","protected":false},"excerpt":{"rendered":"<p>A unidade CMM-6RL oferece polimento eficiente e ecol\u00f3gico de combust\u00edvel de aquecimento escuro. Possui seis colunas, cada uma com 150\u202fkg de adsorvente natural que remove e ret\u00e9m com seguran\u00e7a impurezas e produtos de oxida\u00e7\u00e3o nocivos. Ao passar o combust\u00edvel pelas camadas de adsorvente, obt\u00e9m-se um combust\u00edvel clarificado, sem odor, adequado para aplica\u00e7\u00f5es mais amplas ou venda de maior valor. A unidade permite a reativa\u00e7\u00e3o do adsorvente in loco sem remo\u00e7\u00e3o das colunas. Os adsorventes tamb\u00e9m podem ser recuperados por queima e reutilizados at\u00e9 300 vezes. A CMM-6RL processa 0,45\u202fm\u00b3\/h, com reativa\u00e7\u00e3o do sorvente durando at\u00e9 19 horas. O polimento padr\u00e3o do combust\u00edvel dura 6 horas e consome 1,5\u202fkW\/h.<\/p>\n","protected":false},"author":59,"featured_media":58785,"parent":249996,"menu_order":0,"comment_status":"closed","ping_status":"closed","template":"templates\/single-product.php","meta":{"_acf_changed":false,"_bbp_topic_count":0,"_bbp_reply_count":0,"_bbp_total_topic_count":0,"_bbp_total_reply_count":0,"_bbp_voice_count":0,"_bbp_anonymous_reply_count":0,"_bbp_topic_count_hidden":0,"_bbp_reply_count_hidden":0,"_bbp_forum_subforum_count":0,"footnotes":""},"categories":[2395],"class_list":["post-250013","page","type-page","status-publish","has-post-thumbnail","hentry","category-polimento-de-combustivel","oil_type-fluido-dieletrico-fr3","oil_type-fluido-dieletrico-midel-7131","oil_type-fluido-resistente-ao-fogo-fyrquel","process_type-filtragem","process_type-regeneracao"],"acf":{"add_tab":[{"tab_title":"Descri\u00e7\u00e3o","tab_content":"<p style=\"text-align: justify;\">O combust\u00edvel para aquecimento \u00e9 um tipo de produto derivado de petr\u00f3leo com o maior uso no setor de aquecimento de edif\u00edcios residenciais e industriais. Tamb\u00e9m pode ser aplicado na agricultura (secagem de gr\u00e3os) e na produ\u00e7\u00e3o de panifica\u00e7\u00e3o (combust\u00edvel para fornos). Por exemplo, o combust\u00edvel diesel que n\u00e3o cumpre os requisitos t\u00e9cnicos para operar em motores a diesel pode ser usado como combust\u00edvel para aquecimento.<\/p>\r\n<p style=\"text-align: justify;\">O combust\u00edvel para aquecimento \u00e9 classificado em tipos escuros e claros. O escopo aplic\u00e1vel do combust\u00edvel para aquecimento claro geralmente \u00e9 mais amplo devido ao menor conte\u00fado de impurezas nocivas. O combust\u00edvel para aquecimento escuro cont\u00e9m enxofre e subst\u00e2ncias asf\u00e1lticas e resinosas, que s\u00e3o complementadas com \u00e1cidos carbox\u00edlicos e hidroxicarbox\u00edlicos, fen\u00f3is, sab\u00e3o, etc., ap\u00f3s a oxida\u00e7\u00e3o. Portanto, \u00e9 aconselh\u00e1vel que o combust\u00edvel para aquecimento escuro seja purificado antes de ser utilizado. Tamb\u00e9m ocorre que o combust\u00edvel para aquecimento escuro seja semelhante ao combust\u00edvel diesel em seus par\u00e2metros, mas tenha uma cor impr\u00f3pria para comercializa\u00e7\u00e3o e um cheiro desagrad\u00e1vel, o que tamb\u00e9m reduz consideravelmente o escopo de suas aplica\u00e7\u00f5es poss\u00edveis.<\/p>\r\n\r\n<h2 style=\"text-align: center;\">Polimento de combust\u00edvel para aquecimento escuro na unidade CMM-6RL<\/h2>\r\n<p style=\"text-align: justify;\">Para evitar o armazenamento do combust\u00edvel para aquecimento escuro como lastro, ele \u00e9 purificado e clarificado para ampliar suas aplica\u00e7\u00f5es. Produtos qu\u00edmicos especiais podem ser usados. No entanto, a purifica\u00e7\u00e3o baseada em produtos qu\u00edmicos \u00e9 desafiadora de implementar e \u00e9 acompanhada pela forma\u00e7\u00e3o de subprodutos, como alcatr\u00e3o \u00e1cido, que s\u00e3o dif\u00edceis de eliminar.<\/p>\r\n<p style=\"text-align: justify;\"><strong><em>GlobeCore<\/em><\/strong> desenvolveu uma tecnologia para polimento de combust\u00edvel para aquecimento escuro que \u00e9 mais pr\u00e1tica e ambientalmente amig\u00e1vel. Esta tecnologia \u00e9 implementada na unidade CMM-6RL. A unidade consiste em seis colunas, cada uma contendo 150 quilos de adsorvente natural. O adsorvente tem uma alta capacidade de absor\u00e7\u00e3o de impurezas nocivas e produtos de oxida\u00e7\u00e3o do combust\u00edvel para aquecimento escuro. O adsorvente n\u00e3o s\u00f3 absorve essas impurezas, mas tamb\u00e9m as ret\u00e9m de forma segura em seus gr\u00e2nulos. Assim, para purificar e clarificar o combust\u00edvel, basta pass\u00e1-lo pela camada de adsorvente. Ap\u00f3s passar pela unidade CMM-6RL, o combust\u00edvel para aquecimento escuro \u00e9 clarificado e n\u00e3o possui cheiro desagrad\u00e1vel, o que permite ampliar seu escopo de aplica\u00e7\u00e3o ou vend\u00ea-lo por um pre\u00e7o mais alto.<\/p>\r\n\r\n<h2 style=\"text-align: center;\">Caracter\u00edsticas operacionais da unidade CMM-6RL para polimento de combust\u00edvel para aquecimento escuro<\/h2>\r\n<p style=\"text-align: justify;\">A principal caracter\u00edstica da unidade CMM-6RL \u00e9 a possibilidade de reativar o adsorvente sem remov\u00ea-lo das colunas de regenera\u00e7\u00e3o. Caso o adsorvente utilizado precise ser descartado em outro equipamento de finalidade semelhante, a tecnologia <strong><em>GlobeCore<\/em><\/strong> garante a recupera\u00e7\u00e3o do adsorvente por queima, bem como seu uso repetido para o polimento de combust\u00edvel para aquecimento escuro (pelo menos 300 reativa\u00e7\u00f5es).<\/p>\r\n\r\n<h2 style=\"text-align: center;\">Dura\u00e7\u00e3o dos ciclos operacionais e consumo de energia<\/h2>\r\n<p style=\"text-align: justify;\">A unidade CMM-6RL para polimento de combust\u00edvel para aquecimento escuro opera sequencialmente nos seguintes modos:<\/p>\r\n\r\n<ol style=\"text-align: justify;\">\r\n \t<li>Polimento do combust\u00edvel (dura\u00e7\u00e3o \u2014 6 h, consumo de energia \u2014 1,5 kW\/h);<\/li>\r\n<\/ol>\r\n<ol style=\"text-align: justify;\">\r\n \t<li>Reativa\u00e7\u00e3o do adsorvente:<\/li>\r\n<\/ol>\r\n<ul>\r\n \t<li style=\"text-align: justify;\">prepara\u00e7\u00e3o (dura\u00e7\u00e3o \u2014 1 h, consumo de energia \u2014 6,25 kW\/h);<\/li>\r\n \t<li style=\"text-align: justify;\">igni\u00e7\u00e3o do adsorvente (dura\u00e7\u00e3o \u2014 1 h, consumo de energia \u2014 17,5 kW\/h);<\/li>\r\n \t<li style=\"text-align: justify;\">combust\u00e3o do adsorvente (dura\u00e7\u00e3o \u2014 15 h, consumo de energia \u2014 25,5 kW\/h);<\/li>\r\n \t<li style=\"text-align: justify;\">reabastecimento (dura\u00e7\u00e3o \u2014 0,5 h, consumo de energia \u2014 6,5 kW\/h).<\/li>\r\n<\/ul>"}],"add_def_tab":[{"tab_title":"Especifica\u00e7\u00f5es","tab_content":"<table width=\"602\">\n<tbody>\n<tr>\n<td width=\"63\"><strong>N\u00ba<\/strong><\/td>\n<td style=\"text-align: center;\" width=\"435\"><strong>Par\u00e2metro<\/strong><\/td>\n<td style=\"text-align: center;\" width=\"103\"><strong>Valor<\/strong><\/td>\n<\/tr>\n<tr>\n<td width=\"63\">1<\/td>\n<td width=\"435\">Capacidade, m<sup>3<\/sup>\/h<\/td>\n<td style=\"text-align: center;\" width=\"103\">0.45*<\/td>\n<\/tr>\n<tr>\n<td width=\"63\">2<\/td>\n<td width=\"435\">Tempo de reativa\u00e7\u00e3o do adsorvente, n\u00e3o mais que<\/td>\n<td style=\"text-align: center;\" width=\"103\">19 horas<\/td>\n<\/tr>\n<tr>\n<td width=\"63\">3<\/td>\n<td width=\"435\">Consumo de pot\u00eancia necess\u00e1rio, kW<\/td>\n<td style=\"text-align: center;\" width=\"103\">14,5<\/td>\n<\/tr>\n<tr>\n<td width=\"63\">4<\/td>\n<td width=\"435\">Tens\u00e3o de alimenta\u00e7\u00e3o el\u00e9trica trif\u00e1sica 50, 60 Hz, V<\/td>\n<td style=\"text-align: center;\" width=\"103\">380<\/td>\n<\/tr>\n<tr>\n<td width=\"63\">5<\/td>\n<td width=\"435\">Dimens\u00f5es, mm, n\u00e3o mais que<br \/>\n\u2013 comprimento\u2013 largura\u2013 altura<\/td>\n<td width=\"103\">&nbsp;<\/p>\n<p style=\"text-align: center;\">2820<\/p>\n<p style=\"text-align: center;\">1570<\/p>\n<p style=\"text-align: center;\">1520<\/p>\n<\/td>\n<\/tr>\n<tr>\n<td width=\"63\">6<\/td>\n<td width=\"435\">Peso, kg, n\u00e3o mais que<\/td>\n<td style=\"text-align: center;\" width=\"103\">2100<\/td>\n<\/tr>\n<\/tbody>\n<\/table>\n<p>* \u2013 Para obter o melhor resultado no polimento do combust\u00edvel para aquecimento escuro, recomenda-se primeiro remover as impurezas mec\u00e2nicas com a unidade <a href=\"https:\/\/globecore.dev\/pt-pt\/products\/oil-filtration-pumping\/cfu-oil-filtration-unit\/\">CMM-4.0F<\/a> e a \u00e1gua com a unidade <a href=\"https:\/\/globecore.dev\/pt-pt\/products\/oil-filtration-pumping\/cmm-1cf\/\">CMM-1.0CF<\/a><\/p>\n"},{"tab_title":"Vantagens","tab_content":"<ul>\n<li style=\"text-align: justify;\">Conveni\u00eancia de opera\u00e7\u00e3o. A unidade \u00e9 rapidamente conectada aos tanques de \u00f3leo limpo e sujo por meio de acoplamentos r\u00e1pidos camlock; o processo de purifica\u00e7\u00e3o do \u00f3leo \u00e9 monitorado visualmente por meio de vidros de observa\u00e7\u00e3o; uma tampa de servi\u00e7o \u00e9 fornecida na parte inferior das colunas para sua manuten\u00e7\u00e3o e limpeza.<\/li>\n<li style=\"text-align: justify;\">A unidade pode operar no modo autom\u00e1tico. O modo de opera\u00e7\u00e3o necess\u00e1rio \u00e9 selecionado, e os atuadores s\u00e3o controlados a partir do painel sens\u00edvel ao toque que exibe um diagrama mnem\u00f4nico da unidade. Para ativar os bot\u00f5es de controle, o operador precisa apenas toc\u00e1-los.<\/li>\n<li style=\"text-align: justify;\">O adsorvente \u00e9 recuperado sem ser removido da unidade e pode ser utilizado no pr\u00f3ximo ciclo de regenera\u00e7\u00e3o imediatamente ap\u00f3s o resfriamento. Ao final da \u00faltima reativa\u00e7\u00e3o, o adsorvente pode ser utilizado como agregado para constru\u00e7\u00e3o ou na agricultura para soltar solos compactados.<\/li>\n<li style=\"text-align: justify;\">N\u00e3o ocorrem emiss\u00f5es prejudiciais para o meio ambiente durante a opera\u00e7\u00e3o da unidade. A unidade \u00e9 equipada com um sistema de duas etapas para neutraliza\u00e7\u00e3o de produtos da combust\u00e3o, que consiste em um filtro de carbono e um conversor catal\u00edtico.<\/li>\n<\/ul>\n"},{"tab_title":"Aplica\u00e7\u00e3o","tab_content":"[product_oil_types]"},{"tab_title":"Webinar","tab_content":"<div class=\"responsive-embed widescreen\">\n<div class=\"responsive-embed widescreen\">\n<div class=\"responsive-embed widescreen\">\n<div class=\"responsive-embed widescreen\">\n<div class=\"responsive-embed widescreen\">\n<div class=\"responsive-embed widescreen\">\n<div class=\"responsive-embed widescreen\">\n<div class=\"responsive-embed widescreen\">\n<div class=\"responsive-embed widescreen\"><iframe loading=\"lazy\" title=\"Webinar - Regenera\u00e7\u00e3o de \u00f3leo diel\u00e9trico: um olhar aprofundado (13.10.2021)\" src=\"https:\/\/www.youtube.com\/embed\/vYHxRcDmJqc?feature=oembed\" width=\"500\" height=\"281\" frameborder=\"0\" allowfullscreen=\"allowfullscreen\"><\/iframe><\/div>\n<\/div>\n<\/div>\n<\/div>\n<\/div>\n<\/div>\n<\/div>\n<\/div>\n<\/div>\n"}],"add_video_tab":[{"video_tab_title":"Video","add_video_id":[{"video_id":"HcT9MjRqDCk"},{"video_id":"OSNpAC_uLMw"},{"video_id":"tGaNIhL_BAY"},{"video_id":"L8TItU_DiRU"}]}],"add_gallery_tab":[{"gallery_tab_title":"Foto","add_img":[59088,59079,59070]}],"add_price_tab":[{"price_tab_title":"Get a Quote"}]},"language":"pt-pt","_links":{"self":[{"href":"https:\/\/globecore.dev\/pt-pt\/wp-json\/wp\/v2\/pages\/250013","targetHints":{"allow":["GET"]}}],"collection":[{"href":"https:\/\/globecore.dev\/pt-pt\/wp-json\/wp\/v2\/pages"}],"about":[{"href":"https:\/\/globecore.dev\/pt-pt\/wp-json\/wp\/v2\/types\/page"}],"author":[{"embeddable":true,"href":"https:\/\/globecore.dev\/pt-pt\/wp-json\/wp\/v2\/users\/59"}],"replies":[{"embeddable":true,"href":"https:\/\/globecore.dev\/pt-pt\/wp-json\/wp\/v2\/comments?post=250013"}],"version-history":[{"count":0,"href":"https:\/\/globecore.dev\/pt-pt\/wp-json\/wp\/v2\/pages\/250013\/revisions"}],"up":[{"embeddable":true,"href":"https:\/\/globecore.dev\/pt-pt\/wp-json\/wp\/v2\/pages\/249996"}],"wp:featuredmedia":[{"embeddable":true,"href":"https:\/\/globecore.dev\/pt-pt\/wp-json\/wp\/v2\/media\/58785"}],"wp:attachment":[{"href":"https:\/\/globecore.dev\/pt-pt\/wp-json\/wp\/v2\/media?parent=250013"}],"wp:term":[{"taxonomy":"category","embeddable":true,"href":"https:\/\/globecore.dev\/pt-pt\/wp-json\/wp\/v2\/categories?post=250013"}],"curies":[{"name":"wp","href":"https:\/\/api.w.org\/{rel}","templated":true}]}}