{"id":326673,"date":"2025-10-24T15:37:25","date_gmt":"2025-10-24T15:37:25","guid":{"rendered":"https:\/\/globecore.dev\/?page_id=326673"},"modified":"2025-10-24T15:38:47","modified_gmt":"2025-10-24T15:38:47","slug":"cookie-policy","status":"publish","type":"page","link":"https:\/\/globecore.dev\/ku\/cookie-policy\/","title":{"rendered":"S\u00fctikre vonatkoz\u00f3 ir\u00e1nyelvek"},"content":{"rendered":"<p>A s\u00fctikre vonatkoz\u00f3 ir\u00e1nyelvekr\u0151l<\/p>\n<p>Ez a s\u00fctikre vonatkoz\u00f3 ir\u00e1nyelv elmagyar\u00e1zza, hogy mik a s\u00fctik \u00e9s hogyan haszn\u00e1ljuk \u0151ket. Olvassa el ezt az ir\u00e1nyelvet, hogy meg\u00e9rtse, mik a s\u00fctik, hogyan haszn\u00e1ljuk \u0151ket, milyen t\u00edpus\u00fa s\u00fctiket haszn\u00e1lunk, azaz milyen inform\u00e1ci\u00f3kat gy\u0171jt\u00fcnk a s\u00fctik seg\u00edts\u00e9g\u00e9vel, hogyan haszn\u00e1ljuk fel ezeket az inform\u00e1ci\u00f3kat, \u00e9s hogyan szab\u00e1lyozhatja a s\u00fctibe\u00e1ll\u00edt\u00e1sokat. A szem\u00e9lyes adatok felhaszn\u00e1l\u00e1s\u00e1val, t\u00e1rol\u00e1s\u00e1val \u00e9s biztons\u00e1g\u00e1val kapcsolatos tov\u00e1bbi inform\u00e1ci\u00f3k\u00e9rt tekintse meg Adatv\u00e9delmi ir\u00e1nyelveinket.<\/p>\n<p>B\u00e1rmikor m\u00f3dos\u00edthatja vagy visszavonhatja hozz\u00e1j\u00e1rul\u00e1s\u00e1t a weboldalunkon tal\u00e1lhat\u00f3 S\u00fcti nyilatkozathoz.<\/p>\n<p>Tudjon meg t\u00f6bbet arr\u00f3l, hogy kik vagyunk, hogyan l\u00e9phet kapcsolatba vel\u00fcnk, \u00e9s hogyan dolgozzuk fel a szem\u00e9lyes adatokat Adatv\u00e9delmi ir\u00e1nyelveinkben.<\/p>\n<p>A hozz\u00e1j\u00e1rul\u00e1sa a k\u00f6vetkez\u0151 domainekre vonatkozik: globecore.com<br \/>\n[user_consent_state]<\/p>\n<p>Mik azok a s\u00fctik?<br \/>\nA s\u00fctik kis sz\u00f6veges f\u00e1jlok, amelyeket apr\u00f3 inform\u00e1ci\u00f3k t\u00e1rol\u00e1s\u00e1ra haszn\u00e1lunk. A s\u00fctik akkor t\u00e1rol\u00f3dnak az \u00d6n eszk\u00f6z\u00e9n, amikor a weboldal bet\u00f6lt\u0151dik a b\u00f6ng\u00e9sz\u0151j\u00e9ben. Ezek a s\u00fctik seg\u00edtenek abban, hogy a weboldal megfelel\u0151en m\u0171k\u00f6dj\u00f6n, biztons\u00e1gosabb\u00e1 tegy\u00e9k a weboldalt, jobb felhaszn\u00e1l\u00f3i \u00e9lm\u00e9nyt ny\u00fajtsanak, meg\u00e9rts\u00e9k a weboldal teljes\u00edtm\u00e9ny\u00e9t, \u00e9s elemezz\u00e9k, mi m\u0171k\u00f6dik, \u00e9s hol van sz\u00fcks\u00e9g fejleszt\u00e9sre.<br \/>\nHogyan haszn\u00e1ljuk a s\u00fctiket?<\/p>\n<p>A legt\u00f6bb online szolg\u00e1ltat\u00e1shoz hasonl\u00f3an weboldalunk is sz\u00e1mos c\u00e9lra haszn\u00e1l saj\u00e1t \u00e9s harmadik f\u00e9lt\u0151l sz\u00e1rmaz\u00f3 s\u00fctiket. Az els\u0151 f\u00e9lt\u0151l sz\u00e1rmaz\u00f3 s\u00fctik t\u00f6bbnyire sz\u00fcks\u00e9gesek a weboldal megfelel\u0151 m\u0171k\u00f6d\u00e9s\u00e9hez, \u00e9s nem gy\u0171jtenek semmilyen szem\u00e9lyazonos\u00edt\u00e1sra alkalmas adatot.<\/p>\n<p>A weboldalainkon haszn\u00e1lt harmadik f\u00e9lt\u0151l sz\u00e1rmaz\u00f3 s\u00fctiket els\u0151sorban a weboldal teljes\u00edtm\u00e9ny\u00e9nek meg\u00e9rt\u00e9s\u00e9re, a weboldallal val\u00f3 interakci\u00f3j\u00e1nak m\u00f3dj\u00e1nak meg\u00e9rt\u00e9s\u00e9re, szolg\u00e1ltat\u00e1saink biztons\u00e1g\u00e1nak meg\u0151rz\u00e9s\u00e9re, az \u00d6n sz\u00e1m\u00e1ra relev\u00e1ns hirdet\u00e9sek megjelen\u00edt\u00e9s\u00e9re, \u00e9s \u00f6sszess\u00e9g\u00e9ben jobb \u00e9s tov\u00e1bbfejlesztett felhaszn\u00e1l\u00f3i \u00e9lm\u00e9ny biztos\u00edt\u00e1s\u00e1ra, valamint a weboldalunkkal val\u00f3 j\u00f6v\u0151beni interakci\u00f3k felgyors\u00edt\u00e1s\u00e1ra haszn\u00e1ljuk.<\/p>\n<p>Milyen t\u00edpus\u00fa s\u00fctiket haszn\u00e1lunk?<\/p>\n<p>Alapvet\u0151: Egyes s\u00fctik elengedhetetlenek ahhoz, hogy weboldalunk teljes funkcionalit\u00e1s\u00e1t \u00e9lvezhesse. Lehet\u0151v\u00e9 teszik a felhaszn\u00e1l\u00f3i munkamenetek fenntart\u00e1s\u00e1t \u00e9s a biztons\u00e1gi fenyeget\u00e9sek megel\u0151z\u00e9s\u00e9t. Nem gy\u0171jtenek \u00e9s nem t\u00e1rolnak semmilyen szem\u00e9lyes adatot. P\u00e9ld\u00e1ul ezek a s\u00fctik lehet\u0151v\u00e9 teszik, hogy bejelentkezzen fi\u00f3kj\u00e1ba, term\u00e9keket adjon a kosar\u00e1hoz \u00e9s biztons\u00e1gosan fizessen.<\/p>\n<p>Statisztik\u00e1k: Ezek a s\u00fctik olyan inform\u00e1ci\u00f3kat t\u00e1rolnak, mint a weboldal l\u00e1togat\u00f3inak sz\u00e1ma, az egyedi l\u00e1togat\u00f3k sz\u00e1ma, a weboldal mely oldalait l\u00e1togatt\u00e1k meg, a l\u00e1togat\u00e1s forr\u00e1sa stb. Ezek az adatok seg\u00edtenek meg\u00e9rteni \u00e9s elemezni a weboldal teljes\u00edtm\u00e9ny\u00e9t \u00e9s a fejleszt\u00e9sre szorul\u00f3 ter\u00fcleteket.<\/p>\n<p>Marketing: Weboldalunk hirdet\u00e9seket jelen\u00edt meg. Ezeket a s\u00fctiket arra haszn\u00e1ljuk, hogy szem\u00e9lyre szabjuk az \u00d6nnek megjelen\u00edtett hirdet\u00e9seket, hogy azok \u00e9rtelmesek legyenek az \u00d6n sz\u00e1m\u00e1ra. Ezek a s\u00fctik seg\u00edtenek nyomon k\u00f6vetni a hirdet\u00e9si kamp\u00e1nyok hat\u00e9konys\u00e1g\u00e1t is.<\/p>\n<p>Az ezekben a s\u00fctikben t\u00e1rolt inform\u00e1ci\u00f3kat harmadik f\u00e9l hirdet\u00e9sszolg\u00e1ltat\u00f3k is felhaszn\u00e1lhatj\u00e1k arra, hogy m\u00e1s weboldalakon is hirdet\u00e9seket jelen\u00edtsenek meg \u00d6nnek a b\u00f6ng\u00e9sz\u0151ben.<\/p>\n<p>Funkcion\u00e1lis: Ezek azok a s\u00fctik, amelyek bizonyos, nem alapvet\u0151 funkci\u00f3kat seg\u00edtenek weboldalunkon. Ezek a funkci\u00f3k magukban foglalj\u00e1k a tartalom, p\u00e9ld\u00e1ul vide\u00f3k be\u00e1gyaz\u00e1s\u00e1t vagy a weboldalon tal\u00e1lhat\u00f3 tartalmak megoszt\u00e1s\u00e1t k\u00f6z\u00f6ss\u00e9gi m\u00e9dia platformokon.<\/p>\n<p>Be\u00e1ll\u00edt\u00e1sok: Ezek a s\u00fctik seg\u00edtenek nek\u00fcnk t\u00e1rolni a be\u00e1ll\u00edt\u00e1sait \u00e9s a b\u00f6ng\u00e9sz\u00e9si be\u00e1ll\u00edt\u00e1sait, p\u00e9ld\u00e1ul a nyelvi be\u00e1ll\u00edt\u00e1sokat, hogy jobb \u00e9s hat\u00e9konyabb \u00e9lm\u00e9nyben legyen r\u00e9sze a weboldal j\u00f6v\u0151beli l\u00e1togat\u00e1sakor.<\/p>\n<p>Hogyan tudom szab\u00e1lyozni a s\u00fctibe\u00e1ll\u00edt\u00e1sokat?<\/p>\n<p>Ha k\u00e9s\u0151bb a b\u00f6ng\u00e9sz\u00e9si munkamenet sor\u00e1n \u00fagy d\u00f6nt, hogy m\u00f3dos\u00edtja a be\u00e1ll\u00edt\u00e1sait, kattintson a k\u00e9perny\u0151n tal\u00e1lhat\u00f3 \u201eAdatv\u00e9delmi \u00e9s s\u00fcti szab\u00e1lyzat\u201d f\u00fclre. Ekkor ism\u00e9t megjelenik a hozz\u00e1j\u00e1rul\u00e1si \u00e9rtes\u00edt\u00e9s, amely lehet\u0151v\u00e9 teszi a be\u00e1ll\u00edt\u00e1sok m\u00f3dos\u00edt\u00e1s\u00e1t vagy a hozz\u00e1j\u00e1rul\u00e1s teljes visszavon\u00e1s\u00e1t.<\/p>\n<p>Ezenk\u00edv\u00fcl a k\u00fcl\u00f6nb\u00f6z\u0151 b\u00f6ng\u00e9sz\u0151k k\u00fcl\u00f6nb\u00f6z\u0151 m\u00f3dszereket k\u00edn\u00e1lnak a webhelyek \u00e1ltal haszn\u00e1lt s\u00fctik blokkol\u00e1s\u00e1ra \u00e9s t\u00f6rl\u00e9s\u00e9re. A b\u00f6ng\u00e9sz\u0151 be\u00e1ll\u00edt\u00e1sait m\u00f3dos\u00edthatja a s\u00fctik blokkol\u00e1s\u00e1hoz\/t\u00f6rl\u00e9s\u00e9hez. A s\u00fctik kezel\u00e9s\u00e9vel \u00e9s t\u00f6rl\u00e9s\u00e9vel kapcsolatos tov\u00e1bbi inform\u00e1ci\u00f3k\u00e9rt l\u00e1togasson el a wikipedia.org \u00e9s a www.allaboutcookies.org weboldalra.<\/p>\n","protected":false},"excerpt":{"rendered":"<p>A s\u00fctikre vonatkoz\u00f3 ir\u00e1nyelvekr\u0151l Ez a s\u00fctikre vonatkoz\u00f3 ir\u00e1nyelv elmagyar\u00e1zza, hogy mik a s\u00fctik \u00e9s hogyan haszn\u00e1ljuk \u0151ket. Olvassa el ezt az ir\u00e1nyelvet, hogy meg\u00e9rtse, mik a s\u00fctik, hogyan haszn\u00e1ljuk \u0151ket, milyen t\u00edpus\u00fa s\u00fctiket haszn\u00e1lunk, azaz milyen inform\u00e1ci\u00f3kat gy\u0171jt\u00fcnk a s\u00fctik seg\u00edts\u00e9g\u00e9vel, hogyan haszn\u00e1ljuk fel ezeket az inform\u00e1ci\u00f3kat, \u00e9s hogyan szab\u00e1lyozhatja a s\u00fctibe\u00e1ll\u00edt\u00e1sokat. A szem\u00e9lyes<a class=\"cg-read-more\" href=\"https:\/\/globecore.dev\/ku\/cookie-policy\/\" target=\"_blank\">Read More <\/a><\/p>\n","protected":false},"author":41,"featured_media":0,"parent":0,"menu_order":0,"comment_status":"closed","ping_status":"closed","template":"templates\/privacy.php","meta":{"_acf_changed":false,"_bbp_topic_count":0,"_bbp_reply_count":0,"_bbp_total_topic_count":0,"_bbp_total_reply_count":0,"_bbp_voice_count":0,"_bbp_anonymous_reply_count":0,"_bbp_topic_count_hidden":0,"_bbp_reply_count_hidden":0,"_bbp_forum_subforum_count":0,"footnotes":""},"categories":[],"class_list":["post-326673","page","type-page","status-publish","hentry"],"acf":[],"language":"ku","_links":{"self":[{"href":"https:\/\/globecore.dev\/ku\/wp-json\/wp\/v2\/pages\/326673","targetHints":{"allow":["GET"]}}],"collection":[{"href":"https:\/\/globecore.dev\/ku\/wp-json\/wp\/v2\/pages"}],"about":[{"href":"https:\/\/globecore.dev\/ku\/wp-json\/wp\/v2\/types\/page"}],"author":[{"embeddable":true,"href":"https:\/\/globecore.dev\/ku\/wp-json\/wp\/v2\/users\/41"}],"replies":[{"embeddable":true,"href":"https:\/\/globecore.dev\/ku\/wp-json\/wp\/v2\/comments?post=326673"}],"version-history":[{"count":0,"href":"https:\/\/globecore.dev\/ku\/wp-json\/wp\/v2\/pages\/326673\/revisions"}],"wp:attachment":[{"href":"https:\/\/globecore.dev\/ku\/wp-json\/wp\/v2\/media?parent=326673"}],"wp:term":[{"taxonomy":"category","embeddable":true,"href":"https:\/\/globecore.dev\/ku\/wp-json\/wp\/v2\/categories?post=326673"}],"curies":[{"name":"wp","href":"https:\/\/api.w.org\/{rel}","templated":true}]}}