{"id":301894,"date":"2023-10-16T06:13:19","date_gmt":"2023-10-16T06:13:19","guid":{"rendered":"https:\/\/globecore.dev\/products\/oil-regeneration\/cmm-10rl-transformer-oil-regeneration-plant\/"},"modified":"2025-02-25T12:46:16","modified_gmt":"2025-02-25T12:46:16","slug":"cmm-10rl-transformer-oil-regeneration-plant","status":"publish","type":"page","link":"https:\/\/globecore.dev\/hu\/products\/oil-regeneration\/cmm-10rl-transformer-oil-regeneration-plant\/","title":{"rendered":"CMM-10RL transzform\u00e1torolaj-regener\u00e1l\u00f3 \u00fczem"},"content":{"rendered":"","protected":false},"excerpt":{"rendered":"","protected":false},"author":7,"featured_media":301900,"parent":298475,"menu_order":0,"comment_status":"closed","ping_status":"closed","template":"templates\/single-product.php","meta":{"_acf_changed":false,"_bbp_topic_count":0,"_bbp_reply_count":0,"_bbp_total_topic_count":0,"_bbp_total_reply_count":0,"_bbp_voice_count":0,"_bbp_anonymous_reply_count":0,"_bbp_topic_count_hidden":0,"_bbp_reply_count_hidden":0,"_bbp_forum_subforum_count":0,"footnotes":""},"categories":[2184,2173],"class_list":["post-301894","page","type-page","status-publish","has-post-thumbnail","hentry","category-oil-regeneration-hu","category-oil-filtration-pumping-hu"],"acf":{"add_tab":[{"tab_title":"Le\u00edr\u00e1s","tab_content":"A \u0421\u041c\u041c-10RL-t transzform\u00e1torolajok regener\u00e1l\u00e1s\u00e1ra tervezt\u00e9k.\r\n\r\nAz olajregener\u00e1l\u00e1si folyamat sor\u00e1n az olaj t\u00edz oszlopon \u00e1ramlik kereszt\u00fcl, amelyek mindegyike 75 kg Fuller-f\u00f6ld szorbens, egy finom p\u00f3rusos szerkezet\u0171 anyagot tartalmaz. A sz\u0171r\u00e9si folyamat sor\u00e1n minden nem k\u00edv\u00e1nt szennyez\u0151d\u00e9s \u00e9s oxid\u00e1ci\u00f3s term\u00e9k a szorbens szemcs\u00e9kben k\u00f6t\u0151dik meg. \u00cdgy a s\u00f6t\u00e9t \u00e9s zavaros olaj vil\u00e1gos \u00e9s tiszta lesz. Ezzel egyidej\u0171leg n\u0151 a dielektromos szil\u00e1rds\u00e1g, cs\u00f6kken a savsz\u00e1m \u00e9s javulnak m\u00e1s param\u00e9terek is.\r\n\r\nAz ilyen visszanyer\u00e9snek k\u00f6sz\u00f6nhet\u0151en a f\u00e1radt olaj elnyeri az \u00faj olaj tulajdons\u00e1gait, \u00e9s \u00fajra felhaszn\u00e1lhat\u00f3 transzform\u00e1torokban \u00e9s m\u00e1s nagyfesz\u00fclts\u00e9g\u0171 berendez\u00e9sekben.\r\n\r\nA CMM-10RL \u00fczem megk\u00fcl\u00f6nb\u00f6ztet\u0151 jellemz\u0151je, hogy a szorbens ism\u00e9telt felhaszn\u00e1l\u00e1s\u00e1ra van lehet\u0151s\u00e9g \u00e1rtalmatlan\u00edt\u00e1s n\u00e9lk\u00fcl, k\u00f6zvetlen\u00fcl az \u00fczemen bel\u00fcli reaktiv\u00e1l\u00e1ssal, ahol a szorbenst nem t\u00e1vol\u00edtj\u00e1k el a regener\u00e1l\u00f3 oszlopokb\u00f3l."}],"add_def_tab":[{"tab_title":"M\u0171szaki adatok","tab_content":"<table width=\"600\">\r\n  <tbody>\r\n    <tr>\r\n      <td width=\"47\"><strong>Sorsz\u00e1m<\/strong><\/td>\r\n      <td width=\"353\">\r\n        <p style=\"text-align: center;\"><strong>Param\u00e9ter<\/strong><\/p>\r\n      <\/td>\r\n      <td width=\"200\">\r\n        <p style=\"text-align: center;\"><strong>\u00c9rt\u00e9k<\/strong><\/p>\r\n      <\/td>\r\n    <\/tr>\r\n    <tr>\r\n      <td width=\"47\">1<\/td>\r\n      <td width=\"353\">Kapacit\u00e1s, m<sup>3<\/sup>\/\u00f3ra<\/td>\r\n      <td width=\"200\">\r\n        <p style=\"text-align: center;\">0,75*<\/p>\r\n      <\/td>\r\n    <\/tr>\r\n    <tr>\r\n      <td width=\"47\">2<\/td>\r\n      <td width=\"353\">A szorbens reaktiv\u00e1l\u00e1si ideje, \u00f3ra, legfeljebb<\/td>\r\n      <td width=\"200\">\r\n        <p style=\"text-align: center;\">19<\/p>\r\n      <\/td>\r\n    <\/tr>\r\n    <tr>\r\n      <td width=\"47\">3<\/td>\r\n      <td width=\"353\">Sz\u00fcks\u00e9ges energiafogyaszt\u00e1s, kW<\/td>\r\n      <td width=\"200\">\r\n        <p style=\"text-align: center;\">25<\/p>\r\n      <\/td>\r\n    <\/tr>\r\n    <tr>\r\n      <td width=\"47\">4<\/td>\r\n      <td width=\"353\">H\u00e1romf\u00e1zis\u00fa 50 (60) Hz v\u00e1lt\u00f3\u00e1ram\u00fa t\u00e1pfesz\u00fclts\u00e9g, V<\/td>\r\n      <td width=\"200\">\r\n        <p style=\"text-align: center;\">380<\/p>\r\n      <\/td>\r\n    <\/tr>\r\n    <tr>\r\n      <td width=\"47\">5<\/td>\r\n      <td width=\"353\">M\u00e9retek, mm, legfeljebb<\/td>\r\n      <td width=\"200\"><\/td>\r\n    <\/tr>\r\n    <tr>\r\n      <td width=\"47\"><\/td>\r\n      <td width=\"353\">- hossz<\/td>\r\n      <td width=\"200\">\r\n        <p style=\"text-align: center;\">3,320<\/p>\r\n      <\/td>\r\n    <\/tr>\r\n    <tr>\r\n      <td width=\"47\"><\/td>\r\n      <td width=\"353\">- sz\u00e9less\u00e9g<\/td>\r\n      <td width=\"200\">\r\n        <p style=\"text-align: center;\">1,570<\/p>\r\n      <\/td>\r\n    <\/tr>\r\n    <tr>\r\n      <td width=\"47\"><\/td>\r\n      <td width=\"353\">- magass\u00e1g<\/td>\r\n      <td width=\"200\">\r\n        <p style=\"text-align: center;\">1,520<\/p>\r\n      <\/td>\r\n    <\/tr>\r\n    <tr>\r\n      <td width=\"47\">6<\/td>\r\n      <td width=\"353\">T\u00f6meg, kg, legfeljebb<\/td>\r\n      <td width=\"200\">\r\n        <p style=\"text-align: center;\">2,500<\/p>\r\n      <\/td>\r\n    <\/tr>\r\n  <\/tbody>\r\n<\/table>\r\n<strong>* A berendez\u00e9s kapacit\u00e1sa f\u00fcgg a feldolgozott olaj min\u0151s\u00e9gi mutat\u00f3it\u00f3l.<\/strong>"},{"tab_title":"El\u0151ny\u00f6k","tab_content":"<ul>\r\n  <li style=\"text-align: justify;\">\r\n    A haszn\u00e1lt transzform\u00e1torolaj teljes helyre\u00e1ll\u00edt\u00e1sa, melynek \u00e1llapota megk\u00f6zel\u00edti az \u00faj\u00e9t;\r\n  <\/li>\r\n  <li style=\"text-align: justify;\">\r\n    Haszn\u00e1lati lehet\u0151s\u00e9g g\u00e1ztalan\u00edt\u00f3 berendez\u00e9sekkel;\r\n  <\/li>\r\n  <li style=\"text-align: justify;\">\r\n    A szorbens 300-500-szori reaktiv\u00e1l\u00e1s\u00e1nak lehet\u0151s\u00e9ge;\r\n  <\/li>\r\n  <li style=\"text-align: justify;\">\r\n    K\u00f6lts\u00e9gmegtakar\u00edt\u00e1s az olaj helyre\u00e1ll\u00edt\u00e1s\u00e1nak \u00e9s transzform\u00e1torokban val\u00f3 \u00fajb\u00f3li felhaszn\u00e1l\u00e1s\u00e1nak k\u00f6sz\u00f6nhet\u0151en.\r\n  <\/li>\r\n<\/ul>"},{"tab_title":"Alkalmaz\u00e1s","tab_content":"<p><strong>A GlobeCore CMM-R berendez\u00e9sei a k\u00f6vetkez\u0151kre haszn\u00e1lhat\u00f3k:<\/strong><\/p>\r\n<ul>\r\n  <li>Transzform\u00e1torolaj regener\u00e1l\u00e1sa;<\/li>\r\n  <li>Villamos vonat von\u00f3transzform\u00e1tor\u00e1nak olajregener\u00e1l\u00e1sa;<\/li>\r\n  <li>Turbinaolaj regener\u00e1l\u00e1sa;<\/li>\r\n  <li>Hidraulikaolaj regener\u00e1l\u00e1sa;<\/li>\r\n  <li>Hajt\u00f3m\u0171olaj regener\u00e1l\u00e1sa;<\/li>\r\n  <li>Ipari olaj regener\u00e1l\u00e1sa;<\/li>\r\n  <li>Szilikonolaj regener\u00e1l\u00e1sa;<\/li>\r\n  <li>Olajfeh\u00e9r\u00edt\u00e9s;<\/li>\r\n  <li>Midel 7131 dielektromos folyad\u00e9k regener\u00e1l\u00e1sa;<\/li>\r\n  <li>FR3 dielektromos folyad\u00e9k regener\u00e1l\u00e1sa;<\/li>\r\n  <li>G\u00e1zkondenz\u00e1tum tiszt\u00edt\u00e1sa;<\/li>\r\n  <li>Tengeri \u00fczemanyag tiszt\u00edt\u00e1sa;<\/li>\r\n  <li>D\u00edzel \u00fczemanyag tiszt\u00edt\u00e1sa;<\/li>\r\n  <li>F\u0171t\u0151olaj tiszt\u00edt\u00e1sa;<\/li>\r\n  <li>Haj\u00f3 \u00fczemanyag tiszt\u00edt\u00e1sa.<\/li>\r\n<\/ul>"},{"tab_title":"Konfigur\u00e1tor","tab_content":"[ezfc id='33' \/]"},{"tab_title":"Webin\u00e1riumok","tab_content":"https:\/\/youtube.com\/live\/aortkKPptk0"},{"tab_title":"Visszafizet\u00e9si id\u0151szak","tab_content":"[ezfc id='90' \/]"}],"add_video_tab":[{"video_tab_title":"Vide\u00f3","add_video_id":[{"video_id":"45mZT0pOf2g"},{"video_id":"-AavL-Ag9Fg"},{"video_id":"_M5N7yS7kow"}]}],"add_gallery_tab":null,"add_price_tab":null},"language":"hu","_links":{"self":[{"href":"https:\/\/globecore.dev\/hu\/wp-json\/wp\/v2\/pages\/301894","targetHints":{"allow":["GET"]}}],"collection":[{"href":"https:\/\/globecore.dev\/hu\/wp-json\/wp\/v2\/pages"}],"about":[{"href":"https:\/\/globecore.dev\/hu\/wp-json\/wp\/v2\/types\/page"}],"author":[{"embeddable":true,"href":"https:\/\/globecore.dev\/hu\/wp-json\/wp\/v2\/users\/7"}],"replies":[{"embeddable":true,"href":"https:\/\/globecore.dev\/hu\/wp-json\/wp\/v2\/comments?post=301894"}],"version-history":[{"count":0,"href":"https:\/\/globecore.dev\/hu\/wp-json\/wp\/v2\/pages\/301894\/revisions"}],"up":[{"embeddable":true,"href":"https:\/\/globecore.dev\/hu\/wp-json\/wp\/v2\/pages\/298475"}],"wp:featuredmedia":[{"embeddable":true,"href":"https:\/\/globecore.dev\/hu\/wp-json\/wp\/v2\/media\/301900"}],"wp:attachment":[{"href":"https:\/\/globecore.dev\/hu\/wp-json\/wp\/v2\/media?parent=301894"}],"wp:term":[{"taxonomy":"category","embeddable":true,"href":"https:\/\/globecore.dev\/hu\/wp-json\/wp\/v2\/categories?post=301894"}],"curies":[{"name":"wp","href":"https:\/\/api.w.org\/{rel}","templated":true}]}}