{"id":301882,"date":"2021-04-26T10:30:27","date_gmt":"2021-04-26T10:30:27","guid":{"rendered":"https:\/\/globecore.dev\/products\/oil-regeneration\/cmm-6r-light-transformer-oil-regeneration-unit\/"},"modified":"2025-02-25T12:40:40","modified_gmt":"2025-02-25T12:40:40","slug":"cmm-6r-light-transformer-oil-regeneration-unit","status":"publish","type":"page","link":"https:\/\/globecore.dev\/hu\/products\/oil-regeneration\/cmm-6r-light-transformer-oil-regeneration-unit\/","title":{"rendered":"CMM-6RL transzform\u00e1torolaj-regener\u00e1l\u00f3 egys\u00e9g"},"content":{"rendered":"","protected":false},"excerpt":{"rendered":"","protected":false},"author":7,"featured_media":298479,"parent":298475,"menu_order":0,"comment_status":"closed","ping_status":"closed","template":"templates\/single-product.php","meta":{"_acf_changed":false,"_bbp_topic_count":0,"_bbp_reply_count":0,"_bbp_total_topic_count":0,"_bbp_total_reply_count":0,"_bbp_voice_count":0,"_bbp_anonymous_reply_count":0,"_bbp_topic_count_hidden":0,"_bbp_reply_count_hidden":0,"_bbp_forum_subforum_count":0,"footnotes":""},"categories":[2184,2173],"class_list":["post-301882","page","type-page","status-publish","has-post-thumbnail","hentry","category-oil-regeneration-hu","category-oil-filtration-pumping-hu"],"acf":{"add_tab":[{"tab_title":"Le\u00edr\u00e1s","tab_content":"A CMM-6RL egys\u00e9get transzform\u00e1torolaj regener\u00e1l\u00e1s\u00e1ra tervezt\u00e9k.\r\n\r\nA regener\u00e1l\u00e1si folyamat sor\u00e1n az olajat hat oszlopon vezetik \u00e1t, amelyek mindegyike 75 kilogramm Fuller-f\u00f6ld adszorbens - egy mikropor\u00f3zus szerkezet\u0171 anyag - adszorbenst tartalmaz. Az adszorbens szemcs\u00e9kben minden k\u00e1ros szennyez\u0151d\u00e9s \u00e9s \u00f6reged\u00e9si term\u00e9k megk\u00f6t\u00e9sre ker\u00fcl. A zavaros, barna olaj tiszta \u00e9s tiszta lesz. A bont\u00e1si fesz\u00fclts\u00e9g n\u0151, a savsz\u00e1m cs\u00f6kken, \u00e9s a dielektromos vesztes\u00e9gtangens cs\u00f6kken. A regener\u00e1l\u00e1snak k\u00f6sz\u00f6nhet\u0151en a haszn\u00e1lt olaj visszanyeri az \u00faj olaj tulajdons\u00e1gait, \u00e9s \u00fajra felhaszn\u00e1lhat\u00f3 a transzform\u00e1torban szigetel\u00e9sre \u00e9s h\u0151elvezet\u00e9sre.\r\n\r\nHa a regener\u00e1l\u00e1si min\u0151s\u00e9g m\u00e1r nem felel meg a k\u00f6vetelm\u00e9nyeknek, a k\u00e9sz\u00fcl\u00e9k \u00e1t\u00e1ll\u00edthat\u00f3 szorbens reaktiv\u00e1l\u00e1si \u00fczemm\u00f3dra. A szorbens \u00e9get\u00e9ssel visszanyerhet\u0151, majd \u00fajra felhaszn\u00e1lhat\u00f3 a transzform\u00e1torolaj regener\u00e1l\u00e1s\u00e1ra."}],"add_def_tab":[{"tab_title":"M\u0171szaki adatok","tab_content":"<table width=\"602\">\r\n  <tbody>\r\n    <tr>\r\n      <td width=\"63\"><strong>Sorsz\u00e1m<\/strong><\/td>\r\n      <td width=\"435\">\r\n        <p style=\"text-align: center;\"><strong>Param\u00e9ter<\/strong><\/p>\r\n      <\/td>\r\n      <td width=\"103\">\r\n        <p style=\"text-align: center;\"><strong>\u00c9rt\u00e9k<\/strong><\/p>\r\n      <\/td>\r\n    <\/tr>\r\n    <tr>\r\n      <td width=\"63\">1<\/td>\r\n      <td width=\"435\">\r\n        <p style=\"text-align: left;\">Kapacit\u00e1s, m<sup>3<\/sup>\/\u00f3ra<\/p>\r\n      <\/td>\r\n      <td width=\"103\">\r\n        <p style=\"text-align: center;\">0,45*<\/p>\r\n      <\/td>\r\n    <\/tr>\r\n    <tr>\r\n      <td width=\"63\">2<\/td>\r\n      <td width=\"435\">A szorbens reaktiv\u00e1l\u00e1si ideje, legfeljebb<\/td>\r\n      <td width=\"103\">\r\n        <p style=\"text-align: center;\">19 \u00f3ra<\/p>\r\n      <\/td>\r\n    <\/tr>\r\n    <tr>\r\n      <td width=\"63\">3<\/td>\r\n      <td width=\"435\">\r\n        <p style=\"text-align: left;\">Sz\u00fcks\u00e9ges energiafogyaszt\u00e1s, kW<\/p>\r\n      <\/td>\r\n      <td width=\"103\">\r\n        <p style=\"text-align: center;\">14,5<\/p>\r\n      <\/td>\r\n    <\/tr>\r\n    <tr>\r\n      <td width=\"63\">4<\/td>\r\n      <td width=\"435\">\r\n        <p style=\"text-align: left;\">H\u00e1romf\u00e1zis\u00fa 50, 60 Hz v\u00e1lt\u00f3\u00e1ram\u00fa t\u00e1pfesz\u00fclts\u00e9g, V<\/p>\r\n      <\/td>\r\n      <td width=\"103\">\r\n        <p style=\"text-align: center;\">380<\/p>\r\n      <\/td>\r\n    <\/tr>\r\n    <tr>\r\n      <td width=\"63\">5<\/td>\r\n      <td width=\"435\">\r\n        <p style=\"text-align: left;\">M\u00e9retek, mm, legfeljebb<\/p>\r\n        <p style=\"text-align: left;\">- hossz<\/p>\r\n        <p style=\"text-align: left;\">- sz\u00e9less\u00e9g<\/p>\r\n        <p style=\"text-align: left;\">- magass\u00e1g<\/p>\r\n      <\/td>\r\n      <td width=\"103\">\r\n        <p style=\"text-align: center;\">2820<\/p>\r\n        <p style=\"text-align: center;\">1570<\/p>\r\n        <p style=\"text-align: center;\">1520<\/p>\r\n      <\/td>\r\n    <\/tr>\r\n    <tr>\r\n      <td width=\"63\">6<\/td>\r\n      <td width=\"435\">\r\n        <p style=\"text-align: left;\">T\u00f6meg, kg, legfeljebb<\/p>\r\n      <\/td>\r\n      <td width=\"103\">\r\n        <p style=\"text-align: center;\">2100<\/p>\r\n      <\/td>\r\n    <\/tr>\r\n  <\/tbody>\r\n<\/table>\r\n<strong>* Az egys\u00e9g kapacit\u00e1sa f\u00fcgg a feldolgozott olaj min\u0151s\u00e9gi mutat\u00f3it\u00f3l.<\/strong>"},{"tab_title":"El\u0151ny\u00f6k","tab_content":"<ul>\r\n  <li style=\"text-align: justify;\">\r\n    A kezelhet\u0151s\u00e9g k\u00e9nyelme. A berendez\u00e9s gyorsan csatlakoztathat\u00f3 a tiszta \u00e9s szennyezett olaj tart\u00e1lyaihoz a camlock gyorscsatlakoz\u00f3kon kereszt\u00fcl; az olajtiszt\u00edt\u00e1s folyamata l\u00e1t\u00f3\u00fcvegeken kereszt\u00fcl nyomon k\u00f6vethet\u0151; az oszlopok alj\u00e1n szervizny\u00edl\u00e1s tal\u00e1lhat\u00f3 a karbantart\u00e1shoz \u00e9s tiszt\u00edt\u00e1shoz.\r\n  <\/li>\r\n  <li style=\"text-align: justify;\">\r\n    A berendez\u00e9s automatikus \u00fczemm\u00f3dban is m\u0171k\u00f6dtethet\u0151. A sz\u00fcks\u00e9ges \u00fczemm\u00f3d kiv\u00e1laszthat\u00f3, \u00e9s a m\u0171k\u00f6dtet\u0151 szerkezeteket a berendez\u00e9s \u00e9rint\u0151panelj\u00e9n megjelen\u0151 mnemonikus diagramr\u00f3l lehet vez\u00e9relni. A vez\u00e9rl\u0151gombok aktiv\u00e1l\u00e1s\u00e1hoz elegend\u0151, ha a kezel\u0151 meg\u00e9rinti azokat.\r\n  <\/li>\r\n  <li style=\"text-align: justify;\">\r\n    Az adszorbens a berendez\u00e9sb\u0151l val\u00f3 elt\u00e1vol\u00edt\u00e1s n\u00e9lk\u00fcl reaktiv\u00e1lhat\u00f3, \u00e9s k\u00f6zvetlen\u00fcl a leh\u0171l\u00e9s ut\u00e1n \u00fajra felhaszn\u00e1lhat\u00f3 a k\u00f6vetkez\u0151 regener\u00e1l\u00e1si ciklushoz. Az utols\u00f3 reaktiv\u00e1l\u00e1s befejez\u00e9s\u00e9t k\u00f6vet\u0151en az adszorbens \u00e9p\u00edt\u0151anyagk\u00e9nt, vagy a mez\u0151gazdas\u00e1gban \u2013 t\u00f6m\u00f6r talajok fellaz\u00edt\u00e1s\u00e1ra \u2013 is felhaszn\u00e1lhat\u00f3.\r\n  <\/li>\r\n  <li style=\"text-align: justify;\">\r\n    A berendez\u00e9s \u00fczemel\u00e9se sor\u00e1n nem keletkeznek k\u00e1ros kibocs\u00e1t\u00e1sok a k\u00f6rnyezetbe. A berendez\u00e9s egy k\u00e9tszint\u0171 rendszerrel rendelkezik a keletkez\u0151 \u00e9g\u00e9sterm\u00e9kek semleges\u00edt\u00e9s\u00e9re, amely egy sz\u00e9nsz\u0171r\u0151b\u0151l \u00e9s egy kataliz\u00e1torb\u00f3l \u00e1ll.\r\n  <\/li>\r\n<\/ul>"},{"tab_title":"Alkalmaz\u00e1s","tab_content":"<strong><em>A GlobeCore CMM-R berendez\u00e9sei<\/em> a k\u00f6vetkez\u0151kre haszn\u00e1lhat\u00f3k:<\/strong>\r\n<ul>\r\n  <li><a href=\"https:\/\/globecore.dev\/publications\/turbine-oil-regeneration\/\">turbinaolaj regener\u00e1l\u00e1sa<\/a>;<\/li>\r\n  <li><a href=\"https:\/\/globecore.dev\/publications\/transformer-oil-regeneration-theory-technologies-and-equipment\/\">transzform\u00e1torolaj regener\u00e1l\u00e1sa<\/a>;<\/li>\r\n  <li><a href=\"https:\/\/globecore.dev\/publications\/electric-train-traction-transformer-oil-purification\/\">villamos vonat von\u00f3transzform\u00e1tor\u00e1nak olajregener\u00e1l\u00e1sa<\/a>;<\/li>\r\n  <li>hidraulikaolaj regener\u00e1l\u00e1sa;<\/li>\r\n  <li>hajt\u00f3m\u0171olaj regener\u00e1l\u00e1sa;<\/li>\r\n  <li><a href=\"https:\/\/globecore.dev\/publications\/industrial-oils-regeneration\/\">ipari olaj regener\u00e1l\u00e1sa<\/a>;<\/li>\r\n  <li>szilikonolaj regener\u00e1l\u00e1sa;<\/li>\r\n  <li><a href=\"https:\/\/globecore.dev\/oil-regeneration\/oil-bleaching-machine-cmm-6rl\/\">olajfeh\u00e9r\u00edt\u00e9s<\/a>;<\/li>\r\n  <li><a href=\"https:\/\/globecore.dev\/oil-regeneration\/dielectric-fluid-midel-713-regeneration-machine-cmm-6rl\/\">Midel 713 dielektromos folyad\u00e9k regener\u00e1l\u00e1sa<\/a>;<\/li>\r\n  <li>FR3 dielektromos folyad\u00e9k regener\u00e1l\u00e1sa;<\/li>\r\n  <li><a href=\"https:\/\/globecore.dev\/fuel-polishing\/gas-condensate-polishing-system-cmm-6rl\/\">g\u00e1zkondenz\u00e1tum tiszt\u00edt\u00e1sa<\/a>;<\/li>\r\n  <li><a href=\"https:\/\/globecore.dev\/fuel-polishing\/marine-fuel-polishing-system\/\">tengeri \u00fczemanyag tiszt\u00edt\u00e1sa<\/a>;<\/li>\r\n  <li><a href=\"https:\/\/globecore.dev\/publications\/dark-diesel-fuel-polishing\/\">d\u00edzel \u00fczemanyag tiszt\u00edt\u00e1sa<\/a>;<\/li>\r\n  <li><a href=\"https:\/\/globecore.dev\/publications\/fuel-oil-polishing\/\">f\u0171t\u0151olaj tiszt\u00edt\u00e1sa<\/a>;<\/li>\r\n  <li><a href=\"https:\/\/globecore.dev\/fuel-polishing\/boat-fuel-polishing-system-cmm-6rl\/\">haj\u00f3\u00fczemanyag tiszt\u00edt\u00e1sa<\/a>.<\/li>\r\n<\/ul>"},{"tab_title":"Konfigur\u00e1tor","tab_content":"[ezfc id='33' \/]"},{"tab_title":"Webin\u00e1riumok","tab_content":"https:\/\/www.youtube.com\/live\/5Yaq_nGM1nA"},{"tab_title":"Visszafizet\u00e9si id\u0151szak","tab_content":"[ezfc id='90' \/]"}],"add_video_tab":[{"video_tab_title":"Vide\u00f3","add_video_id":[{"video_id":"-AavL-Ag9Fg"},{"video_id":"5yVvvUk3e4Q"},{"video_id":"_M5N7yS7kow"}]}],"add_gallery_tab":[{"gallery_tab_title":"Gal\u00e9ria","add_img":[59070,59079,59088]}],"add_price_tab":[{"price_tab_title":"Get a Quote"}]},"language":"hu","_links":{"self":[{"href":"https:\/\/globecore.dev\/hu\/wp-json\/wp\/v2\/pages\/301882","targetHints":{"allow":["GET"]}}],"collection":[{"href":"https:\/\/globecore.dev\/hu\/wp-json\/wp\/v2\/pages"}],"about":[{"href":"https:\/\/globecore.dev\/hu\/wp-json\/wp\/v2\/types\/page"}],"author":[{"embeddable":true,"href":"https:\/\/globecore.dev\/hu\/wp-json\/wp\/v2\/users\/7"}],"replies":[{"embeddable":true,"href":"https:\/\/globecore.dev\/hu\/wp-json\/wp\/v2\/comments?post=301882"}],"version-history":[{"count":0,"href":"https:\/\/globecore.dev\/hu\/wp-json\/wp\/v2\/pages\/301882\/revisions"}],"up":[{"embeddable":true,"href":"https:\/\/globecore.dev\/hu\/wp-json\/wp\/v2\/pages\/298475"}],"wp:featuredmedia":[{"embeddable":true,"href":"https:\/\/globecore.dev\/hu\/wp-json\/wp\/v2\/media\/298479"}],"wp:attachment":[{"href":"https:\/\/globecore.dev\/hu\/wp-json\/wp\/v2\/media?parent=301882"}],"wp:term":[{"taxonomy":"category","embeddable":true,"href":"https:\/\/globecore.dev\/hu\/wp-json\/wp\/v2\/categories?post=301882"}],"curies":[{"name":"wp","href":"https:\/\/api.w.org\/{rel}","templated":true}]}}