{"id":301552,"date":"2020-11-23T13:42:09","date_gmt":"2020-11-23T13:42:09","guid":{"rendered":"https:\/\/globecore.dev\/products\/instruments\/insulation-fluid-dielectric-strength-measurement-tor-80\/"},"modified":"2025-02-25T19:22:56","modified_gmt":"2025-02-25T19:22:56","slug":"insulation-fluid-dielectric-strength-measurement-tor-80","status":"publish","type":"page","link":"https:\/\/globecore.dev\/hu\/products\/instruments\/insulation-fluid-dielectric-strength-measurement-tor-80\/","title":{"rendered":"TOR-80 (TOR-80 LSL) bont\u00e1si fesz\u00fclts\u00e9g teszter"},"content":{"rendered":"","protected":false},"excerpt":{"rendered":"","protected":false},"author":7,"featured_media":301562,"parent":301503,"menu_order":0,"comment_status":"closed","ping_status":"closed","template":"templates\/single-product.php","meta":{"_acf_changed":false,"_bbp_topic_count":0,"_bbp_reply_count":0,"_bbp_total_topic_count":0,"_bbp_total_reply_count":0,"_bbp_voice_count":0,"_bbp_anonymous_reply_count":0,"_bbp_topic_count_hidden":0,"_bbp_reply_count_hidden":0,"_bbp_forum_subforum_count":0,"footnotes":""},"categories":[2182],"class_list":["post-301552","page","type-page","status-publish","has-post-thumbnail","hentry","category-instruments-hu"],"acf":{"add_tab":[{"tab_title":"Le\u00edr\u00e1s","tab_content":"A k\u00e9sz\u00fcl\u00e9ket a transzform\u00e1torolaj \u00e9s m\u00e1s dielektromos folyad\u00e9kok dielektromos szil\u00e1rds\u00e1g\u00e1nak m\u00e9r\u00e9s\u00e9re tervezt\u00e9k az IEC 60156, ASTM D877, ASTM D1816 szabv\u00e1nyok szerint.\r\n\r\nEz egy teljesen automatikus k\u00e9sz\u00fcl\u00e9k, amely lehet\u0151v\u00e9 teszi az ezekben a szabv\u00e1nyokban meghat\u00e1rozott elj\u00e1r\u00e1sok szerinti vizsg\u00e1latot, valamint a be\u00e1ll\u00edt\u00e1si men\u00fc megfelel\u0151 szakasz\u00e1ban meghat\u00e1rozott felhaszn\u00e1l\u00f3i elj\u00e1r\u00e1sok szerinti vizsg\u00e1latot.\r\n\r\nM\u0171k\u00f6d\u00e9si elv\r\n\r\nA k\u00e9sz\u00fcl\u00e9k magj\u00e1t a nagyfesz\u00fclts\u00e9g\u0171 transzform\u00e1tor \u00e9s az elektronikus modulok alkotj\u00e1k. A k\u00e9sz\u00fcl\u00e9k \u00fagy m\u0171k\u00f6dik, hogy a nagyfesz\u00fclts\u00e9g\u0171 transzform\u00e1tor szekunder tekercs\u00e9n a fesz\u00fclts\u00e9get fokozatosan n\u00f6veli null\u00e1r\u00f3l a maxim\u00e1lis fesz\u00fclts\u00e9gig, vagy addig a fesz\u00fclts\u00e9gig, amelyn\u00e9l a transzform\u00e1tor nagyfesz\u00fclts\u00e9g\u0171 \u00e9rintkez\u0151ire szerelt m\u00e9r\u0151cell\u00e1ban l\u00e9v\u0151 dielektromos folyad\u00e9kban elektromos \u00e1tt\u00f6r\u00e9s k\u00f6vetkezik be.\r\n\r\nA transzform\u00e1tor szekunder tekercs\u00e9n a fesz\u00fclts\u00e9g a primer tekercsben a vez\u00e9rl\u0151 inverterb\u0151l, az egyik elektronikus modulb\u00f3l sz\u00e1rmaz\u00f3 szinuszos fesz\u00fclts\u00e9ggel t\u00e1pl\u00e1lt fesz\u00fclts\u00e9g fokozatos n\u00f6veked\u00e9se miatt alakul ki.\r\n\r\nA fesz\u00fclts\u00e9gn\u00f6veked\u00e9st egy mikrokontroller ir\u00e1ny\u00edtja a vez\u00e9rl\u0151 inverteren kereszt\u00fcl. A vez\u00e9rl\u0151 invertert az egys\u00e9gvez\u00e9rl\u0151 modul ir\u00e1ny\u00edtja.\r\n\r\nM\u0171k\u00f6d\u00e9s k\u00f6zben a szekunder tekercs csatlakoz\u00f3ir\u00f3l a cella elektr\u00f3d\u00e1in kereszt\u00fcl v\u00e1ltakoz\u00f3 (50-60 Hz) fesz\u00fclts\u00e9g ker\u00fcl a m\u00e9r\u0151cell\u00e1ban l\u00e9v\u0151 dielektromos folyad\u00e9kba. Az \u00e1tt\u00f6r\u00e9s az elektr\u00f3d\u00e1k k\u00f6z\u00f6tt a dielektromos folyad\u00e9kkal t\u00f6lt\u00f6tt t\u00e9rben t\u00f6rt\u00e9nik."}],"add_def_tab":[{"tab_title":"M\u0171szaki adatok","tab_content":"<table width=\"614\">\r\n<tbody>\r\n<tr>\r\n<td width=\"40\"><strong>no<\/strong><\/td>\r\n<td style=\"text-align: center;\" width=\"267\"><strong>Item<\/strong><\/td>\r\n<td style=\"text-align: center;\" width=\"153\"><strong>Value<\/strong><\/td>\r\n<\/tr>\r\n<tr>\r\n<td width=\"40\">1<\/td>\r\n<td style=\"text-align: left;\" width=\"267\">Operating AC voltage (internal rechargable battery 12V 7.2Ah), V<\/td>\r\n<td style=\"text-align: center;\" width=\"153\">85 - 264<\/td>\r\n<\/tr>\r\n<tr>\r\n<td width=\"40\">2<\/td>\r\n<td style=\"text-align: left;\" width=\"267\">Power frequency, Hz<\/td>\r\n<td style=\"text-align: center;\" width=\"153\">48 \u2013 63<\/td>\r\n<\/tr>\r\n<tr>\r\n<td width=\"40\">3<\/td>\r\n<td style=\"text-align: left;\" width=\"267\">Power requirement, VA<\/td>\r\n<td style=\"text-align: center;\" width=\"153\">70 max<\/td>\r\n<\/tr>\r\n<tr>\r\n<td width=\"40\">4<\/td>\r\n<td style=\"text-align: left;\" width=\"267\">Max voltage output, kV<\/td>\r\n<td style=\"text-align: center;\" width=\"153\">Sinusoidal, up to 80 kV<\/td>\r\n<\/tr>\r\n<tr>\r\n<td width=\"40\">5<\/td>\r\n<td style=\"text-align: left;\" width=\"267\">Output voltage measurement accuracy<\/td>\r\n<td style=\"text-align: center;\" width=\"153\">\u00b11 %<\/td>\r\n<\/tr>\r\n<tr>\r\n<td width=\"40\">6<\/td>\r\n<td style=\"text-align: left;\" width=\"267\">Voltage increase rate, kV\/sec<\/td>\r\n<td style=\"text-align: center;\" width=\"153\">0,5 to 10 *<\/td>\r\n<\/tr>\r\n<tr>\r\n<td width=\"40\">7<\/td>\r\n<td style=\"text-align: left;\" width=\"267\">Resolution of output voltage indication, V<\/td>\r\n<td style=\"text-align: center;\" width=\"153\">100<\/td>\r\n<\/tr>\r\n<tr>\r\n<td width=\"40\">8<\/td>\r\n<td style=\"text-align: left;\" width=\"267\">High voltage timeout after breakthrough, \u03bcs<\/td>\r\n<td width=\"153\">\r\n<p style=\"text-align: center;\">10 max, 4 typical<\/p>\r\n<\/td>\r\n<\/tr>\r\n<tr>\r\n<td width=\"40\">9<\/td>\r\n<td width=\"267\">Measuring cell volume, cm<sup>3<\/sup> (in<sup>3<\/sup>)<\/td>\r\n<td style=\"text-align: center;\" width=\"153\">500 (30)<\/td>\r\n<\/tr>\r\n<tr>\r\n<td width=\"40\">10<\/td>\r\n<td width=\"267\">Temperature measurement range, \u00b0\u0421 (\u00b0F)<\/td>\r\n<td style=\"text-align: center;\" width=\"153\">0 \u2013 100 (32 \u2013 212)<\/td>\r\n<\/tr>\r\n<tr>\r\n<td width=\"40\">11<\/td>\r\n<td width=\"267\">Temperature measurement resolution, \u00b0\u0421 (\u00b0F)<\/td>\r\n<td style=\"text-align: center;\" width=\"153\">0,1 (32,18)<\/td>\r\n<\/tr>\r\n<tr>\r\n<td width=\"40\">12<\/td>\r\n<td width=\"267\">Inbuilt printer &amp; USB<\/td>\r\n<td style=\"text-align: center;\" width=\"153\">Yes<\/td>\r\n<\/tr>\r\n<tr>\r\n<td width=\"40\">13<\/td>\r\n<td width=\"267\">Operating temperature , \u00b0\u0421 (\u00b0F)<\/td>\r\n<td style=\"text-align: center;\" width=\"153\">-10 \u2013 50 (14 \u2013 122)<\/td>\r\n<\/tr>\r\n<tr>\r\n<td width=\"40\">14<\/td>\r\n<td width=\"267\">Storage temperature, \u00b0\u0421 (\u00b0F)<\/td>\r\n<td style=\"text-align: center;\" width=\"153\">From \u2013 20 (\u2013 4) to + 60 (140)<\/td>\r\n<\/tr>\r\n<tr>\r\n<td width=\"40\">15<\/td>\r\n<td style=\"text-align: left;\" width=\"267\">Relative humidity, %<\/td>\r\n<td style=\"text-align: center;\" width=\"153\">Up to 90 without condensation<\/td>\r\n<\/tr>\r\n<tr>\r\n<td width=\"40\">16<\/td>\r\n<td style=\"text-align: left;\" width=\"267\">Dimensions, mm (in)<\/td>\r\n<td style=\"text-align: center;\" width=\"153\">510 (20) \u0425 300 (12) \u0425 334 (13)<\/td>\r\n<\/tr>\r\n<tr>\r\n<td width=\"40\">17<\/td>\r\n<td style=\"text-align: left;\" width=\"267\">Weight, kg (lbs), max<\/td>\r\n<td style=\"text-align: center;\" width=\"153\">30 (66)<\/td>\r\n<\/tr>\r\n<tr>\r\n<td width=\"40\">18<\/td>\r\n<td style=\"text-align: left;\" width=\"267\">3.5\" color screen<\/td>\r\n<td style=\"text-align: center;\" width=\"153\">Yes<\/td>\r\n<\/tr>\r\n<tr>\r\n<td width=\"40\">19<\/td>\r\n<td style=\"text-align: left;\" width=\"267\">Automatically stirrer during the measurement<\/td>\r\n<td style=\"text-align: center;\" width=\"153\">Yes<\/td>\r\n<\/tr>\r\n<\/tbody>\r\n<\/table>\r\n*- Adjustable"},{"tab_title":"El\u0151ny\u00f6k","tab_content":"<ul>\r\n \t<li style=\"text-align: justify;\">az \u00e1t\u00fct\u00e9si fesz\u00fclts\u00e9g automatiz\u00e1lt \u00e9s pontos m\u00e9r\u00e9se 80 kV-ig;\r\na vizsg\u00e1lt fesz\u00fclts\u00e9g azonnali (4 \u03bcs) kikapcsol\u00e1sa \u00e1t\u00fct\u00e9skor;\r\nk\u00e9pes \u00f6n\u00e1ll\u00f3an vagy h\u00e1l\u00f3zatban m\u0171k\u00f6dni, az eredm\u00e9nyek PC-re t\u00f6rt\u00e9n\u0151 \u00e1tvitel\u00e9vel, helyi adatb\u00e1zis l\u00e9trehoz\u00e1s\u00e1val, jelent\u00e9sek k\u00e9sz\u00edt\u00e9s\u00e9vel, grafikonok \u00e1br\u00e1zol\u00e1s\u00e1val \u00e9s az eredm\u00e9nyek kinyomtat\u00e1s\u00e1val;\r\nvan szoftver a szabv\u00e1nyos \u00e9s egyedi m\u00e9r\u00e9si elj\u00e1r\u00e1sok v\u00e9grehajt\u00e1s\u00e1hoz - a k\u00e9sz\u00fcl\u00e9k kutat\u00e1si c\u00e9lokra is haszn\u00e1lhat\u00f3;\r\negyszer\u0171 \u00e9s k\u00f6nnyen kezelhet\u0151 \u00e9s karbantarthat\u00f3.<\/li>\r\n<\/ul>"},{"tab_title":"Alkalmaz\u00e1s","tab_content":"A TOR-80 haszn\u00e1lhat\u00f3:\r\n\r\n\u00e1sv\u00e1nyi transzform\u00e1torolaj \u00e1t\u00fct\u00e9si fesz\u00fclts\u00e9g\u00e9nek vizsg\u00e1lat\u00e1ra;\r\nszilikon transzform\u00e1torolaj \u00e1t\u00fct\u00e9si fesz\u00fclts\u00e9g vizsg\u00e1lata;\r\nMidel 7131 transzform\u00e1torolaj \u00e1t\u00fct\u00e9si fesz\u00fclts\u00e9g vizsg\u00e1lata;\r\nFR3 dielektromos folyad\u00e9k \u00e1t\u00fct\u00e9si fesz\u00fclts\u00e9g vizsg\u00e1lata."},{"tab_title":"Konfigur\u00e1tor","tab_content":"[ezfc id='59' \/]"},{"tab_title":"Webin\u00e1riumok","tab_content":"https:\/\/www.youtube.com\/live\/cJc60wBiWu4"},{"tab_title":"Payback Period","tab_content":"[ezfc id='76' \/]"}],"add_video_tab":[{"video_tab_title":"Video","add_video_id":[{"video_id":"E7QMcfa1XJ4"},{"video_id":"7S01W-1wJjE"},{"video_id":"CIRlHSBA9Jk"}]}],"add_gallery_tab":[{"gallery_tab_title":"Gallery","add_img":[41370,41362]}],"add_price_tab":[{"price_tab_title":"Get a quote"}]},"language":"hu","_links":{"self":[{"href":"https:\/\/globecore.dev\/hu\/wp-json\/wp\/v2\/pages\/301552","targetHints":{"allow":["GET"]}}],"collection":[{"href":"https:\/\/globecore.dev\/hu\/wp-json\/wp\/v2\/pages"}],"about":[{"href":"https:\/\/globecore.dev\/hu\/wp-json\/wp\/v2\/types\/page"}],"author":[{"embeddable":true,"href":"https:\/\/globecore.dev\/hu\/wp-json\/wp\/v2\/users\/7"}],"replies":[{"embeddable":true,"href":"https:\/\/globecore.dev\/hu\/wp-json\/wp\/v2\/comments?post=301552"}],"version-history":[{"count":0,"href":"https:\/\/globecore.dev\/hu\/wp-json\/wp\/v2\/pages\/301552\/revisions"}],"up":[{"embeddable":true,"href":"https:\/\/globecore.dev\/hu\/wp-json\/wp\/v2\/pages\/301503"}],"wp:featuredmedia":[{"embeddable":true,"href":"https:\/\/globecore.dev\/hu\/wp-json\/wp\/v2\/media\/301562"}],"wp:attachment":[{"href":"https:\/\/globecore.dev\/hu\/wp-json\/wp\/v2\/media?parent=301552"}],"wp:term":[{"taxonomy":"category","embeddable":true,"href":"https:\/\/globecore.dev\/hu\/wp-json\/wp\/v2\/categories?post=301552"}],"curies":[{"name":"wp","href":"https:\/\/api.w.org\/{rel}","templated":true}]}}