{"id":301537,"date":"2024-01-25T12:31:37","date_gmt":"2024-01-25T12:31:37","guid":{"rendered":"https:\/\/globecore.dev\/products\/instruments\/tor-8-tester-for-residual-gas-content-of-insulating-oil\/"},"modified":"2025-09-10T13:17:56","modified_gmt":"2025-09-10T13:17:56","slug":"tor-8-tester-for-residual-gas-content-of-insulating-oil","status":"publish","type":"page","link":"https:\/\/globecore.dev\/hu\/products\/instruments\/tor-8-tester-for-residual-gas-content-of-insulating-oil\/","title":{"rendered":"TOR-8 teszter szigetel\u0151olaj marad\u00e9k g\u00e1ztartalm\u00e1nak m\u00e9r\u00e9s\u00e9re"},"content":{"rendered":"","protected":false},"excerpt":{"rendered":"","protected":false},"author":7,"featured_media":301539,"parent":301503,"menu_order":0,"comment_status":"closed","ping_status":"closed","template":"templates\/single-product.php","meta":{"_acf_changed":false,"_bbp_topic_count":0,"_bbp_reply_count":0,"_bbp_total_topic_count":0,"_bbp_total_reply_count":0,"_bbp_voice_count":0,"_bbp_anonymous_reply_count":0,"_bbp_topic_count_hidden":0,"_bbp_reply_count_hidden":0,"_bbp_forum_subforum_count":0,"footnotes":""},"categories":[2182],"class_list":["post-301537","page","type-page","status-publish","has-post-thumbnail","hentry","category-instruments-hu"],"acf":{"add_tab":[{"tab_title":"Le\u00edr\u00e1s","tab_content":"A transzform\u00e1torolaj g\u00e1ztalan\u00edt\u00e1sa sz\u00fcks\u00e9ges az oldott g\u00e1zok elt\u00e1vol\u00edt\u00e1s\u00e1hoz, ami jav\u00edtja az olaj szigetel\u0151 tulajdons\u00e1gait, valamint megakad\u00e1lyozza az \u00e1ramtermel\u0151 berendez\u00e9sek korr\u00f3zi\u00f3j\u00e1t \u00e9s kop\u00e1s\u00e1t. A TOR-8 m\u0171szert a szigetel\u0151olajokb\u00f3l az oldott g\u00e1zok elt\u00e1vol\u00edt\u00e1s\u00e1ra (olajg\u00e1zmentes\u00edt\u00e9s) szolg\u00e1l\u00f3 folyamatokban haszn\u00e1lj\u00e1k g\u00e1zmentes\u00edt\u0151kben. F\u0151 c\u00e9lja, hogy megk\u00f6nny\u00edtse az ilyen g\u00e9pek \u00e1ltal v\u00e9gzett g\u00e1zmentes\u00edt\u00e9si elj\u00e1r\u00e1sok hat\u00e9konys\u00e1g\u00e1nak m\u00e9r\u00e9s\u00e9t. A m\u0171szer haszn\u00e1lata lehet\u0151v\u00e9 teszi az olaj g\u00e1zelt\u00e1vol\u00edt\u00e1si ar\u00e1ny\u00e1nak pontos \u00e9rt\u00e9kel\u00e9s\u00e9t.\r\n\r\nA m\u0171szert sz\u00e9les k\u00f6rben haszn\u00e1lj\u00e1k a transzform\u00e1torolaj-feldolgoz\u00e1ssal foglalkoz\u00f3 telep\u00edt\u0151, jav\u00edt\u00f3 \u00e9s \u00fczemeltet\u0151 egys\u00e9gekn\u00e9l. Ennek a m\u0171szernek k\u00f6sz\u00f6nhet\u0151en a szakemberek k\u00f6nnyen \u00e9s hat\u00e9konyan nyomon k\u00f6vethetik a g\u00e1ztalan\u00edt\u00e1si folyamatot, amely fontos szerepet j\u00e1tszik a transzform\u00e1torberendez\u00e9sek karbantart\u00e1s\u00e1ban \u00e9s \u00fczemeltet\u00e9s\u00e9ben.\r\n\r\nM\u0171k\u00f6d\u00e9si elv\r\n\r\nA m\u0171szer m\u0171k\u00f6d\u00e9si elve azon alapul, hogy a v\u00e1kuum alatt l\u00e9v\u0151 hengerben l\u00e9v\u0151 g\u00e1znyom\u00e1s v\u00e1ltoz\u00e1s\u00e1t r\u00f6gz\u00edti, amikor az olaj egy r\u00e9sz\u00e9vel t\u00f6ltik meg. A palack \u00e9s a t\u00f6lt\u00f6tt olaj t\u00e9rfogat\u00e1nak, valamint a palackban a t\u00f6lt\u00e9s el\u0151tt \u00e9s ut\u00e1n uralkod\u00f3 nyom\u00e1s\u00e9rt\u00e9kek ismeret\u00e9ben meghat\u00e1rozhat\u00f3 a t\u00e9rfogati g\u00e1ztartalom.\r\n\r\nA marad\u00e9kg\u00e1z-tartalom m\u00e9r\u00e9se a g\u00e1ztalan\u00edt\u00f3 g\u00e9p m\u0171k\u00f6d\u00e9se sor\u00e1n t\u00f6rt\u00e9nik."}],"add_def_tab":[{"tab_title":"M\u0171szaki adatok","tab_content":"<table width=\"611\">\r\n<tbody>\r\n<tr>\r\n<td style=\"text-align: center;\" width=\"44\"><strong>Sorsz\u00e1m<\/strong><\/td>\r\n<td style=\"text-align: center;\" width=\"427\"><strong>Param\u00e9ter<\/strong><\/td>\r\n<td width=\"140\">\r\n<p style=\"text-align: center;\"><strong>\u00c9rt\u00e9k<\/strong><\/p>\r\n<\/td>\r\n<\/tr>\r\n<tr>\r\n<td width=\"44\">1<\/td>\r\n<td width=\"427\">M\u00e9r\u0151cell\u00e1k t\u00e9rfogata, L<\/td>\r\n<td width=\"140\">\r\n<p style=\"text-align: center;\">1.2<\/p>\r\n<\/td>\r\n<\/tr>\r\n<tr>\r\n<td width=\"44\">2<\/td>\r\n<td width=\"427\">Olajminta t\u00e9rfogata, L<\/td>\r\n<td width=\"140\">\r\n<p style=\"text-align: center;\">0.5 \u2013 0.7<\/p>\r\n<\/td>\r\n<\/tr>\r\n<tr>\r\n<td width=\"44\">3<\/td>\r\n<td width=\"427\">A m\u0171szer bels\u0151 maxim\u00e1lis nyom\u00e1sa, Pa<\/td>\r\n<td width=\"140\">\r\n<p style=\"text-align: center;\">0.3<\/p>\r\n<\/td>\r\n<\/tr>\r\n<tr>\r\n<td width=\"44\">4<\/td>\r\n<td width=\"427\">A m\u0171szer bels\u0151 maxim\u00e1lis sziv\u00e1rg\u00e1sa, Pa<\/td>\r\n<td width=\"140\">\r\n<p style=\"text-align: center;\">26<\/p>\r\n<\/td>\r\n<\/tr>\r\n<tr>\r\n<td width=\"44\">5<\/td>\r\n<td width=\"427\">Olaj bemeneti nyom\u00e1sa, bar<\/td>\r\n<td width=\"140\">\r\n<p style=\"text-align: center;\">0.3 \u2013 10<\/p>\r\n<\/td>\r\n<\/tr>\r\n<tr>\r\n<td width=\"44\">6<\/td>\r\n<td width=\"427\">Tesztelt olaj h\u0151m\u00e9rs\u00e9klete, \u00baC<\/td>\r\n<td width=\"140\">\r\n<p style=\"text-align: center;\">20 - 90<\/p>\r\n<\/td>\r\n<\/tr>\r\n<tr>\r\n<td width=\"44\">7<\/td>\r\n<td width=\"427\">Maxim\u00e1lis teljes\u00edtm\u00e9nyig\u00e9ny, kW, legfeljebb<\/td>\r\n<td width=\"140\">\r\n<p style=\"text-align: center;\">1<\/p>\r\n<\/td>\r\n<\/tr>\r\n<tr>\r\n<td width=\"44\">8<\/td>\r\n<td width=\"427\">T\u00e1pell\u00e1t\u00e1si param\u00e9terek\r\n(szabv\u00e1nyos form\u00e1ban; egy\u00e9bk\u00e9nt \u2013 k\u00e9r\u00e9sre):\r\n\u25cf Fesz\u00fclts\u00e9g, V\r\n\u25cf AC frekvencia, Hz<\/td>\r\n<td width=\"140\">\r\n<p style=\"text-align: center;\">230<\/p>\r\n<p style=\"text-align: center;\">50<\/p>\r\n<\/td>\r\n<\/tr>\r\n<tr>\r\n<td width=\"44\">9<\/td>\r\n<td width=\"427\">\u00d6sszm\u00e9retek, mm, legfeljebb\r\n\u2013 hossz\u00fas\u00e1g\r\n\u2013 magass\u00e1g\r\n\u2013 sz\u00e9less\u00e9g<\/td>\r\n<td width=\"140\">\r\n<p style=\"text-align: center;\">330<\/p>\r\n<p style=\"text-align: center;\">300<\/p>\r\n<p style=\"text-align: center;\">275<\/p>\r\n<\/td>\r\n<\/tr>\r\n<tr>\r\n<td width=\"44\">10<\/td>\r\n<td style=\"text-align: left;\" width=\"427\">T\u00f6meg, kg, legfeljebb<\/td>\r\n<td width=\"140\">\r\n<p style=\"text-align: center;\">25<\/p>\r\n<\/td>\r\n<\/tr>\r\n<\/tbody>\r\n<\/table>"},{"tab_title":"El\u0151ny\u00f6k","tab_content":"<ul>\r\n \t<li style=\"text-align: justify;\">a transzform\u00e1torolaj marad\u00e9kg\u00e1z-tartalm\u00e1nak pontos m\u00e9r\u00e9se;\r\nmegb\u00edzhat\u00f3 m\u0171k\u00f6d\u00e9s;\r\nk\u00e9nyelmes \u00e9s robusztus h\u00e1z;\r\na m\u00e9r\u00e9si folyamat legfeljebb 10 percig tart;\r\naz eredm\u00e9nyek kinyomtat\u00e1s\u00e1nak lehet\u0151s\u00e9ge a be\u00e9p\u00edtett h\u0151nyomtat\u00f3 seg\u00edts\u00e9g\u00e9vel.<\/li>\r\n<\/ul>"},{"tab_title":"Alkalmaz\u00e1s","tab_content":"A TOR-8 haszn\u00e1lhat\u00f3:\r\n\r\naz \u00e1sv\u00e1nyi transzform\u00e1torolaj param\u00e9tereinek m\u00e9r\u00e9s\u00e9re;\r\na szilikon transzform\u00e1torolaj param\u00e9tereinek m\u00e9r\u00e9s\u00e9re;\r\na Midel 7131 transzform\u00e1torolaj param\u00e9tereinek m\u00e9r\u00e9s\u00e9re;\r\naz FR3 dielektromos folyad\u00e9k param\u00e9tereinek m\u00e9r\u00e9s\u00e9re."},{"tab_title":"Konfigur\u00e1tor","tab_content":"https:\/\/youtube.com\/live\/WFonOVRp3xM"}],"add_video_tab":null,"add_gallery_tab":null,"add_price_tab":null},"language":"hu","_links":{"self":[{"href":"https:\/\/globecore.dev\/hu\/wp-json\/wp\/v2\/pages\/301537","targetHints":{"allow":["GET"]}}],"collection":[{"href":"https:\/\/globecore.dev\/hu\/wp-json\/wp\/v2\/pages"}],"about":[{"href":"https:\/\/globecore.dev\/hu\/wp-json\/wp\/v2\/types\/page"}],"author":[{"embeddable":true,"href":"https:\/\/globecore.dev\/hu\/wp-json\/wp\/v2\/users\/7"}],"replies":[{"embeddable":true,"href":"https:\/\/globecore.dev\/hu\/wp-json\/wp\/v2\/comments?post=301537"}],"version-history":[{"count":0,"href":"https:\/\/globecore.dev\/hu\/wp-json\/wp\/v2\/pages\/301537\/revisions"}],"up":[{"embeddable":true,"href":"https:\/\/globecore.dev\/hu\/wp-json\/wp\/v2\/pages\/301503"}],"wp:featuredmedia":[{"embeddable":true,"href":"https:\/\/globecore.dev\/hu\/wp-json\/wp\/v2\/media\/301539"}],"wp:attachment":[{"href":"https:\/\/globecore.dev\/hu\/wp-json\/wp\/v2\/media?parent=301537"}],"wp:term":[{"taxonomy":"category","embeddable":true,"href":"https:\/\/globecore.dev\/hu\/wp-json\/wp\/v2\/categories?post=301537"}],"curies":[{"name":"wp","href":"https:\/\/api.w.org\/{rel}","templated":true}]}}