{"id":301527,"date":"2023-12-29T12:43:30","date_gmt":"2023-12-29T12:43:30","guid":{"rendered":"https:\/\/globecore.dev\/products\/instruments\/universal-transformer-oil-tester-tor-7-moisture-gases-solid-particles\/"},"modified":"2025-02-25T19:14:21","modified_gmt":"2025-02-25T19:14:21","slug":"universal-transformer-oil-tester-tor-7-moisture-gases-solid-particles","status":"publish","type":"page","link":"https:\/\/globecore.dev\/hu\/products\/instruments\/universal-transformer-oil-tester-tor-7-moisture-gases-solid-particles\/","title":{"rendered":"TOR-7 univerz\u00e1lis transzform\u00e1torolaj-vizsg\u00e1l\u00f3 (nedvess\u00e9g, g\u00e1zok, szil\u00e1rd r\u00e9szecsk\u00e9k)"},"content":{"rendered":"","protected":false},"excerpt":{"rendered":"","protected":false},"author":7,"featured_media":301529,"parent":301503,"menu_order":0,"comment_status":"closed","ping_status":"closed","template":"templates\/single-product.php","meta":{"_acf_changed":false,"_bbp_topic_count":0,"_bbp_reply_count":0,"_bbp_total_topic_count":0,"_bbp_total_reply_count":0,"_bbp_voice_count":0,"_bbp_anonymous_reply_count":0,"_bbp_topic_count_hidden":0,"_bbp_reply_count_hidden":0,"_bbp_forum_subforum_count":0,"footnotes":""},"categories":[2182],"class_list":["post-301527","page","type-page","status-publish","has-post-thumbnail","hentry","category-instruments-hu"],"acf":{"add_tab":[{"tab_title":"Le\u00edr\u00e1s","tab_content":"A TOR-7 transzform\u00e1torolaj-vizsg\u00e1l\u00f3t az olaj t\u00e9rfogati g\u00e1ztartalm\u00e1nak, nedvess\u00e9g\u00e9nek, szil\u00e1rd r\u00e9szecsk\u00e9kkel val\u00f3 szennyezetts\u00e9g\u00e9nek \u00e9s hidrog\u00e9ntartalm\u00e1nak meghat\u00e1roz\u00e1s\u00e1ra tervezt\u00e9k. A k\u00e9sz\u00fcl\u00e9k speci\u00e1lis jellemz\u0151kkel rendelkez\u0151 \u00e1sv\u00e1nyi transzform\u00e1torolajok elemz\u00e9s\u00e9re alkalmas:\r\n\r\nKinematikai viszkozit\u00e1s 50 \u00b0C-on - 2...12 mm2\/s;\r\ns\u0171r\u0171s\u00e9g 20 \u00b0C-on - 800...950 kg\/m3;\r\naz olaj t\u00f6megnedvess\u00e9gtartalma - legfeljebb 10 ppm;\r\nipari tisztas\u00e1gi oszt\u00e1ly az ISO 4406 szerint - nem rosszabb 21\/19\/16.\r\nM\u0171k\u00f6d\u00e9si elv\r\n\r\nA m\u00e9r\u00e9sek a g\u00e1z nyom\u00e1sv\u00e1ltoz\u00e1s\u00e1nak k\u00f6vet\u00e9s\u00e9n alapulnak egy v\u00e1kuumozott palackban egy olajadag ki\u00f6nt\u00e9se sor\u00e1n. A palack \u00e9s a ki\u00f6nt\u00f6tt olaj t\u00e9rfogat\u00e1t, valamint a palackban a ki\u00f6nt\u00e9s el\u0151tt \u00e9s ut\u00e1n uralkod\u00f3 nyom\u00e1st figyelembe v\u00e9ve meghat\u00e1rozhat\u00f3 a t\u00e9rfogati g\u00e1ztartalom. Az \u00e9rz\u00e9kel\u0151k \u00e9s egy vez\u00e9rl\u0151panel seg\u00edts\u00e9g\u00e9vel kisz\u00e1m\u00edthat\u00f3 \u00e9s a k\u00e9perny\u0151n megjelen\u00edthet\u0151 a nedvess\u00e9gtartalom, az olaj h\u0151m\u00e9rs\u00e9klete, a hidrog\u00e9ntartalom \u00e9s az olajban l\u00e9v\u0151 szil\u00e1rd r\u00e9szecsk\u00e9k sz\u00e1ma."}],"add_def_tab":[{"tab_title":"M\u0171szaki adatok","tab_content":"<h2 style=\"text-align: center;\">\u00c1ltal\u00e1nos m\u0171szaki adatok<\/h2>\r\n<table>\r\n<tbody>\r\n<tr>\r\n<td width=\"52\"><strong>Sorsz\u00e1m<\/strong><\/td>\r\n<td width=\"269\">\r\n<p style=\"text-align: center;\"><strong>Elem<\/strong><\/p>\r\n<\/td>\r\n<td width=\"281\">\r\n<p style=\"text-align: center;\"><strong>\u00c9rt\u00e9k<\/strong><\/p>\r\n<\/td>\r\n<\/tr>\r\n<tr>\r\n<td style=\"text-align: center;\" colspan=\"3\">Nedvess\u00e9gm\u00e9r\u00e9s jellemz\u0151i<\/td>\r\n<\/tr>\r\n<tr>\r\n<td>1<\/td>\r\n<td>\u00dczemel\u00e9si tartom\u00e1ny, aw (akt\u00edv v\u00edz)<\/td>\r\n<td style=\"text-align: center;\">0...1<\/td>\r\n<\/tr>\r\n<tr>\r\n<td>2<\/td>\r\n<td>Pontoss\u00e1g 20 \u00b0C-on<\/td>\r\n<td style=\"text-align: center;\">\u00b10,02 aw (0...0,9 aw) \u00b10,03 aw (0,9...1 aw)<\/td>\r\n<\/tr>\r\n<tr>\r\n<td>3<\/td>\r\n<td>H\u0151m\u00e9rs\u00e9klet-m\u00e9r\u00e9s<\/td>\r\n<td style=\"text-align: center;\">Igen<\/td>\r\n<\/tr>\r\n<tr>\r\n<td style=\"text-align: center;\" colspan=\"3\">Tisztas\u00e1gi vagy szennyezetts\u00e9gi szint jellemz\u0151i<\/td>\r\n<\/tr>\r\n<tr>\r\n<td>4<\/td>\r\n<td>Megengedett viszkozit\u00e1si tartom\u00e1ny, mm\u00b2\/s<\/td>\r\n<td style=\"text-align: center;\">1 - 1,000<\/td>\r\n<\/tr>\r\n<tr>\r\n<td>5<\/td>\r\n<td>Az oszt\u00e1ly tisztas\u00e1g\u00e1nak meghat\u00e1roz\u00e1s\u00e1ban alkalmazott szabv\u00e1nyok<\/td>\r\n<td style=\"text-align: center;\">ISO 99 (ISO 4406:1999)\r\nSAE (SAE AS 4059) vagy\r\nISO 87 (ISO 4406:1987)\r\nNAS (NAS 1638)<\/td>\r\n<\/tr>\r\n<tr>\r\n<td>6<\/td>\r\n<td>M\u00e9r\u00e9si tartom\u00e1ny<\/td>\r\n<td style=\"text-align: center;\">M\u00e9r\u00e9s az ISO oszt\u00e1ly 9\/8\/7 (min) \u00e9rt\u00e9kt\u0151l az ISO oszt\u00e1ly 25\/24\/23 (max) \u00e9rt\u00e9kig\r\nKalibr\u00e1lva az ISO tartom\u00e1nyban: 11\/13\/10 \u2013 23\/21\/18<\/td>\r\n<\/tr>\r\n<tr>\r\n<td>7<\/td>\r\n<td>Pontoss\u00e1g<\/td>\r\n<td style=\"text-align: center;\">\u00b1\u00bd ISO oszt\u00e1ly a kalibr\u00e1lt tartom\u00e1nyban<\/td>\r\n<\/tr>\r\n<tr>\r\n<td>8<\/td>\r\n<td>Sz\u00fcks\u00e9ges teljes\u00edtm\u00e9ny, W<\/td>\r\n<td style=\"text-align: center;\">3<\/td>\r\n<\/tr>\r\n<tr>\r\n<td>9<\/td>\r\n<td>Egysf\u00e1zis\u00fa 50 Hz-es AC t\u00e1pfesz\u00fclts\u00e9g, V<\/td>\r\n<td style=\"text-align: center;\">220<\/td>\r\n<\/tr>\r\n<tr>\r\n<td>10<\/td>\r\n<td>M\u00e9retek, mm, nem nagyobbak, mint\r\n\u2013 hossz\u00fas\u00e1g\r\n\u2013 sz\u00e9less\u00e9g\r\n\u2013 magass\u00e1g<\/td>\r\n<td style=\"text-align: center;\">235\r\n275\r\n370<\/td>\r\n<\/tr>\r\n<tr>\r\n<td>11<\/td>\r\n<td>T\u00f6meg, kg, nem nagyobb, mint<\/td>\r\n<td style=\"text-align: center;\">10<\/td>\r\n<\/tr>\r\n<\/tbody>\r\n<\/table>"},{"tab_title":"El\u0151ny\u00f6k","tab_content":"<ul>\r\n \t<li style=\"font-weight: 400; text-align: justify;\" aria-level=\"1\">a transzform\u00e1torolaj n\u00e9gy kulcsfontoss\u00e1g\u00fa<\/li>\r\n \t<li style=\"font-weight: 400; text-align: justify;\" aria-level=\"1\">param\u00e9ter\u00e9nek (nedvess\u00e9g, hidrog\u00e9n, szil\u00e1rd<\/li>\r\n \t<li style=\"font-weight: 400; text-align: justify;\" aria-level=\"1\">r\u00e9szecsk\u00e9kkel val\u00f3 szennyezetts\u00e9g, g\u00e1ztartalom) m\u00e9r\u00e9se egyetlen eszk\u00f6zzel;<\/li>\r\n \t<li style=\"font-weight: 400; text-align: justify;\" aria-level=\"1\">be\u00e9p\u00edtett nyomtat\u00f3 \u00e1ll rendelkez\u00e9sre, a m\u00e9r\u00e9si<\/li>\r\n \t<li style=\"font-weight: 400; text-align: justify;\" aria-level=\"1\">eredm\u00e9nyek kinyomtathat\u00f3k;<\/li>\r\n \t<li style=\"font-weight: 400; text-align: justify;\" aria-level=\"1\">megb\u00edzhat\u00f3 teljes\u00edtm\u00e9ny;<\/li>\r\n \t<li style=\"font-weight: 400; text-align: justify;\" aria-level=\"1\">k\u00e9nyelmes \u00e9s tart\u00f3s h\u00e1z.<\/li>\r\n<\/ul>"},{"tab_title":"Alkalmaz\u00e1s","tab_content":"A TOR-7 a k\u00f6vetkez\u0151kre haszn\u00e1lhat\u00f3:\r\n\r\naz \u00e1sv\u00e1nyi transzform\u00e1torolaj param\u00e9tereinek m\u00e9r\u00e9s\u00e9re;\r\na szilikon transzform\u00e1torolaj param\u00e9tereinek m\u00e9r\u00e9s\u00e9re;\r\na Midel 7131 transzform\u00e1torolaj param\u00e9tereinek m\u00e9r\u00e9s\u00e9re;\r\naz FR3 dielektromos folyad\u00e9k param\u00e9tereinek m\u00e9r\u00e9s\u00e9re."},{"tab_title":"Konfigur\u00e1tor","tab_content":"https:\/\/youtube.com\/live\/WFonOVRp3xM"}],"add_video_tab":null,"add_gallery_tab":null,"add_price_tab":null},"language":"hu","_links":{"self":[{"href":"https:\/\/globecore.dev\/hu\/wp-json\/wp\/v2\/pages\/301527","targetHints":{"allow":["GET"]}}],"collection":[{"href":"https:\/\/globecore.dev\/hu\/wp-json\/wp\/v2\/pages"}],"about":[{"href":"https:\/\/globecore.dev\/hu\/wp-json\/wp\/v2\/types\/page"}],"author":[{"embeddable":true,"href":"https:\/\/globecore.dev\/hu\/wp-json\/wp\/v2\/users\/7"}],"replies":[{"embeddable":true,"href":"https:\/\/globecore.dev\/hu\/wp-json\/wp\/v2\/comments?post=301527"}],"version-history":[{"count":0,"href":"https:\/\/globecore.dev\/hu\/wp-json\/wp\/v2\/pages\/301527\/revisions"}],"up":[{"embeddable":true,"href":"https:\/\/globecore.dev\/hu\/wp-json\/wp\/v2\/pages\/301503"}],"wp:featuredmedia":[{"embeddable":true,"href":"https:\/\/globecore.dev\/hu\/wp-json\/wp\/v2\/media\/301529"}],"wp:attachment":[{"href":"https:\/\/globecore.dev\/hu\/wp-json\/wp\/v2\/media?parent=301527"}],"wp:term":[{"taxonomy":"category","embeddable":true,"href":"https:\/\/globecore.dev\/hu\/wp-json\/wp\/v2\/categories?post=301527"}],"curies":[{"name":"wp","href":"https:\/\/api.w.org\/{rel}","templated":true}]}}