{"id":301526,"date":"2024-11-01T12:57:30","date_gmt":"2024-11-01T12:57:30","guid":{"rendered":"https:\/\/globecore.dev\/products\/instruments\/tor-6-transformer-oil-moisture-and-particles-tester\/"},"modified":"2025-02-25T19:12:37","modified_gmt":"2025-02-25T19:12:37","slug":"tor-6-transformer-oil-moisture-and-particles-tester","status":"publish","type":"page","link":"https:\/\/globecore.dev\/hu\/products\/instruments\/tor-6-transformer-oil-moisture-and-particles-tester\/","title":{"rendered":"TOR-6 transzform\u00e1torolaj nedvess\u00e9g- \u00e9s r\u00e9szecsketeszter"},"content":{"rendered":"","protected":false},"excerpt":{"rendered":"","protected":false},"author":7,"featured_media":301528,"parent":301503,"menu_order":0,"comment_status":"closed","ping_status":"closed","template":"templates\/single-product.php","meta":{"_acf_changed":false,"_bbp_topic_count":0,"_bbp_reply_count":0,"_bbp_total_topic_count":0,"_bbp_total_reply_count":0,"_bbp_voice_count":0,"_bbp_anonymous_reply_count":0,"_bbp_topic_count_hidden":0,"_bbp_reply_count_hidden":0,"_bbp_forum_subforum_count":0,"footnotes":""},"categories":[2182],"class_list":["post-301526","page","type-page","status-publish","has-post-thumbnail","hentry","category-instruments-hu"],"acf":{"add_tab":[{"tab_title":"Le\u00edr\u00e1s","tab_content":"A TOR-6 transzform\u00e1torolaj expressz teszter nagy pontoss\u00e1g\u00fa vizsg\u00e1latot v\u00e9gez az \u00e1sv\u00e1nyi \u00e9s \u00e9szter alap\u00fa olajok nedvess\u00e9gtartalm\u00e1nak \u00e9s tisztas\u00e1g\u00e1nak vagy szennyezetts\u00e9gi szintj\u00e9nek meghat\u00e1roz\u00e1s\u00e1ra."}],"add_def_tab":[{"tab_title":"M\u0171szaki adatok","tab_content":"<table width=\"602\">\r\n<tbody>\r\n<tr>\r\n<td width=\"52\"><strong>Sorsz\u00e1m<\/strong><\/td>\r\n<td width=\"269\">\r\n<p style=\"text-align: center;\"><strong>Param\u00e9ter<\/strong><\/p>\r\n<\/td>\r\n<td width=\"281\">\r\n<p style=\"text-align: center;\"><strong>\u00c9rt\u00e9k<\/strong><\/p>\r\n<\/td>\r\n<\/tr>\r\n<tr>\r\n<td colspan=\"3\" width=\"602\">\r\n<p style=\"text-align: center;\"><strong>Nedvess\u00e9gm\u00e9r\u00e9s jellemz\u0151i<\/strong><\/p>\r\n<\/td>\r\n<\/tr>\r\n<tr>\r\n<td width=\"52\">1<\/td>\r\n<td width=\"269\">\u00dczemel\u00e9si tartom\u00e1ny, aw (akt\u00edv v\u00edz)<\/td>\r\n<td width=\"281\">\r\n<p style=\"text-align: center;\">0...1<\/p>\r\n<\/td>\r\n<\/tr>\r\n<tr>\r\n<td width=\"52\">2<\/td>\r\n<td width=\"269\">Pontoss\u00e1g 20 \u00b0C-on<\/td>\r\n<td width=\"281\">\r\n<p style=\"text-align: center;\">\u00b110 % vagy \u00b110 ppm<\/p>\r\n<\/td>\r\n<\/tr>\r\n<tr>\r\n<td width=\"52\">3<\/td>\r\n<td width=\"269\">H\u0151m\u00e9rs\u00e9klet-m\u00e9r\u00e9s<\/td>\r\n<td width=\"281\">\r\n<p style=\"text-align: center;\">Igen<\/p>\r\n<\/td>\r\n<\/tr>\r\n<tr>\r\n<td colspan=\"3\" width=\"602\">\r\n<p style=\"text-align: center;\"><strong>Tisztas\u00e1gi vagy szennyezetts\u00e9gi szint jellemz\u0151i<\/strong><\/p>\r\n<\/td>\r\n<\/tr>\r\n<tr>\r\n<td width=\"52\">4<\/td>\r\n<td width=\"269\">Megengedett viszkozit\u00e1si tartom\u00e1ny, mm\u00b2\/s<\/td>\r\n<td width=\"281\">\r\n<p style=\"text-align: center;\">1 - 1,000<\/p>\r\n<\/td>\r\n<\/tr>\r\n<tr>\r\n<td width=\"52\">5<\/td>\r\n<td width=\"269\">Az oszt\u00e1ly tisztas\u00e1g\u00e1nak meghat\u00e1roz\u00e1s\u00e1ban alkalmazott szabv\u00e1nyok<\/td>\r\n<td width=\"281\">\r\n<p style=\"text-align: center;\">ISO 99 (ISO 4406:1999)\r\nSAE (SAE AS 4059) vagy ISO 87 (ISO 4406:1987)\r\nNAS (NAS 1638)<\/p>\r\n<\/td>\r\n<\/tr>\r\n<tr>\r\n<td width=\"52\">6<\/td>\r\n<td width=\"269\">M\u00e9r\u00e9si tartom\u00e1ny<\/td>\r\n<td width=\"281\">\r\n<p style=\"text-align: center;\">M\u00e9r\u00e9s az ISO 9\/8\/7 (min) \u00e9rt\u00e9kt\u0151l az ISO 25\/24\/23 (max) \u00e9rt\u00e9kig\r\nKalibr\u00e1lva az ISO tartom\u00e1nyban: 13\/11\/10 \u2013 23\/21\/18<\/p>\r\n<\/td>\r\n<\/tr>\r\n<tr>\r\n<td width=\"52\">7<\/td>\r\n<td width=\"269\">Pontoss\u00e1g<\/td>\r\n<td width=\"281\">\r\n<p style=\"text-align: center;\">ISO oszt\u00e1ly \u00b1 \u00bd a kalibr\u00e1lt tartom\u00e1nyban<\/p>\r\n<\/td>\r\n<\/tr>\r\n<tr>\r\n<td width=\"52\">8<\/td>\r\n<td width=\"269\">Sz\u00fcks\u00e9ges teljes\u00edtm\u00e9ny, W<\/td>\r\n<td width=\"281\">\r\n<p style=\"text-align: center;\">3<\/p>\r\n<\/td>\r\n<\/tr>\r\n<tr>\r\n<td width=\"52\">9<\/td>\r\n<td width=\"269\">Egysf\u00e1zis\u00fa 50 Hz-es AC t\u00e1pfesz\u00fclts\u00e9g, V<\/td>\r\n<td width=\"281\">\r\n<p style=\"text-align: center;\">220<\/p>\r\n<\/td>\r\n<\/tr>\r\n<tr>\r\n<td width=\"52\">10<\/td>\r\n<td width=\"269\">M\u00e9retek, mm, nem nagyobbak, mint\r\n\u2013 hossz\u00fas\u00e1g\r\n\u2013 sz\u00e9less\u00e9g\r\n\u2013 magass\u00e1g<\/td>\r\n<td width=\"281\">\r\n<p style=\"text-align: center;\">235\r\n275\r\n370<\/p>\r\n<\/td>\r\n<\/tr>\r\n<tr>\r\n<td width=\"52\">11<\/td>\r\n<td width=\"269\">T\u00f6meg, kg, nem nagyobb, mint<\/td>\r\n<td width=\"281\">\r\n<p style=\"text-align: center;\">10<\/p>\r\n<\/td>\r\n<\/tr>\r\n<\/tbody>\r\n<\/table>"},{"tab_title":"El\u0151ny\u00f6k","tab_content":"<ul>\r\n \t<li>kompakt m\u00e9ret;<\/li>\r\n \t<li>sokoldal\u00fas\u00e1g.<\/li>\r\n<\/ul>"},{"tab_title":"Alkalmaz\u00e1s","tab_content":"https:\/\/www.youtube.com\/watch?v=kVbmhzYAY6k"}],"add_video_tab":null,"add_gallery_tab":null,"add_price_tab":null},"language":"hu","_links":{"self":[{"href":"https:\/\/globecore.dev\/hu\/wp-json\/wp\/v2\/pages\/301526","targetHints":{"allow":["GET"]}}],"collection":[{"href":"https:\/\/globecore.dev\/hu\/wp-json\/wp\/v2\/pages"}],"about":[{"href":"https:\/\/globecore.dev\/hu\/wp-json\/wp\/v2\/types\/page"}],"author":[{"embeddable":true,"href":"https:\/\/globecore.dev\/hu\/wp-json\/wp\/v2\/users\/7"}],"replies":[{"embeddable":true,"href":"https:\/\/globecore.dev\/hu\/wp-json\/wp\/v2\/comments?post=301526"}],"version-history":[{"count":0,"href":"https:\/\/globecore.dev\/hu\/wp-json\/wp\/v2\/pages\/301526\/revisions"}],"up":[{"embeddable":true,"href":"https:\/\/globecore.dev\/hu\/wp-json\/wp\/v2\/pages\/301503"}],"wp:featuredmedia":[{"embeddable":true,"href":"https:\/\/globecore.dev\/hu\/wp-json\/wp\/v2\/media\/301528"}],"wp:attachment":[{"href":"https:\/\/globecore.dev\/hu\/wp-json\/wp\/v2\/media?parent=301526"}],"wp:term":[{"taxonomy":"category","embeddable":true,"href":"https:\/\/globecore.dev\/hu\/wp-json\/wp\/v2\/categories?post=301526"}],"curies":[{"name":"wp","href":"https:\/\/api.w.org\/{rel}","templated":true}]}}