{"id":301516,"date":"2020-11-24T14:44:52","date_gmt":"2020-11-24T14:44:52","guid":{"rendered":"https:\/\/globecore.dev\/products\/instruments\/liquid-insulation-dissipation-factor-and-dielectric-factor-measurement-unit-tiar\/"},"modified":"2025-02-25T19:10:03","modified_gmt":"2025-02-25T19:10:03","slug":"liquid-insulation-dissipation-factor-and-dielectric-factor-measurement-unit-tiar","status":"publish","type":"page","link":"https:\/\/globecore.dev\/hu\/products\/instruments\/liquid-insulation-dissipation-factor-and-dielectric-factor-measurement-unit-tiar\/","title":{"rendered":"TOR-3 (TOR-3 SL) olajbarnas\u00e1gi delta teszter"},"content":{"rendered":"","protected":false},"excerpt":{"rendered":"","protected":false},"author":7,"featured_media":299730,"parent":301503,"menu_order":0,"comment_status":"closed","ping_status":"closed","template":"templates\/single-product.php","meta":{"_acf_changed":false,"_bbp_topic_count":0,"_bbp_reply_count":0,"_bbp_total_topic_count":0,"_bbp_total_reply_count":0,"_bbp_voice_count":0,"_bbp_anonymous_reply_count":0,"_bbp_topic_count_hidden":0,"_bbp_reply_count_hidden":0,"_bbp_forum_subforum_count":0,"footnotes":""},"categories":[2182],"class_list":["post-301516","page","type-page","status-publish","has-post-thumbnail","hentry","category-instruments-hu"],"acf":{"add_tab":[{"tab_title":"Le\u00edr\u00e1s","tab_content":"A k\u00e9sz\u00fcl\u00e9ket transzform\u00e1torolajok \u00e9s m\u00e1s dielektromos folyad\u00e9kok dielektromos vesztes\u00e9gtangens\u00e9nek, fajlagos ellen\u00e1ll\u00e1s\u00e1nak \u00e9s \u00e1tereszt\u0151k\u00e9pess\u00e9g\u00e9nek meghat\u00e1roz\u00e1s\u00e1ra tervezt\u00e9k az IEC 60247-2004-02 (VDE-0380-2:2005_01), ASTM D924-08 \u00e9s ASTM D1169-02 szabv\u00e1nyok szerint.\r\n\r\nEz egy teljesen automatikus k\u00e9sz\u00fcl\u00e9k, amely lehet\u0151v\u00e9 teszi az ezekben a szabv\u00e1nyokban meghat\u00e1rozott elj\u00e1r\u00e1sok szerinti vizsg\u00e1latokat, valamint a be\u00e1ll\u00edt\u00e1si men\u00fc megfelel\u0151 szakasz\u00e1ban meghat\u00e1rozott felhaszn\u00e1l\u00f3i elj\u00e1r\u00e1sok szerinti vizsg\u00e1latokat.\r\n\r\nM\u0171k\u00f6d\u00e9si elv\r\n\r\nA m\u0171k\u00f6d\u00e9si elv a jelek amplit\u00fad\u00f3- \u00e9s f\u00e1zisk\u00fcl\u00f6nbs\u00e9g\u00e9nek m\u00e9r\u00e9s\u00e9n alapul, amelyet akkor kapunk, amikor egy legfeljebb 2 kV effekt\u00edv \u00e9rt\u00e9k\u0171 vizsg\u00e1lati szinuszos fesz\u00fclts\u00e9get egyszerre alkalmazunk a referencia-kondenz\u00e1torra \u00e9s a m\u00e9r\u00e9s t\u00e1rgy\u00e1ra, azaz a k\u00e9sz\u00fcl\u00e9k m\u00e9r\u0151cell\u00e1j\u00e1ra.\r\n\r\nA referencia-kondenz\u00e1torb\u00f3l \u00e9s a m\u00e9r\u0151cella bels\u0151 elektr\u00f3d\u00e1j\u00e1r\u00f3l vett jelek amplit\u00fad\u00f3i k\u00f6z\u00f6tti k\u00fcl\u00f6nbs\u00e9g ar\u00e1nyos a vizsg\u00e1lt folyad\u00e9k dielektromos \u00e1lland\u00f3j\u00e1val. A referencia-kondenz\u00e1torb\u00f3l \u00e9s a m\u00e9r\u0151cella bels\u0151 elektr\u00f3d\u00e1j\u00e1r\u00f3l vett jelek k\u00f6z\u00f6tti f\u00e1zisk\u00fcl\u00f6nbs\u00e9g a dielektromos vesztes\u00e9gtangens \u00e9rt\u00e9k\u00e9t jellemzi."}],"add_def_tab":[{"tab_title":"M\u0171szaki adatok","tab_content":"<table width=\"614\">\r\n<tbody>\r\n<tr>\r\n<td width=\"40\"><strong>\u2116<\/strong><\/td>\r\n<td width=\"267\">\r\n<p style=\"text-align: center;\"><strong>Elem<\/strong><\/p>\r\n<\/td>\r\n<td width=\"153\">\r\n<p style=\"text-align: center;\"><strong>\u00c9rt\u00e9k<\/strong><\/p>\r\n<\/td>\r\n<\/tr>\r\n<tr>\r\n<td width=\"40\">1<\/td>\r\n<td width=\"267\">\u00dczemel\u0151 AC fesz\u00fclts\u00e9g, V<\/td>\r\n<td width=\"153\">\r\n<p style=\"text-align: center;\">100 - 260<\/p>\r\n<\/td>\r\n<\/tr>\r\n<tr>\r\n<td width=\"40\">2<\/td>\r\n<td width=\"267\">Teljes\u00edtm\u00e9nyfrekvencia, Hz<\/td>\r\n<td width=\"153\">\r\n<p style=\"text-align: center;\">48 \u2013 63<\/p>\r\n<\/td>\r\n<\/tr>\r\n<tr>\r\n<td width=\"40\">3<\/td>\r\n<td width=\"267\">Teljes\u00edtm\u00e9nyig\u00e9ny, VA<\/td>\r\n<td width=\"153\">\r\n<p style=\"text-align: center;\">250 alatt<\/p>\r\n<\/td>\r\n<\/tr>\r\n<tr>\r\n<td width=\"40\">4<\/td>\r\n<td width=\"267\">Alkalmazott m\u00e9r\u00e9sh\u0151fesz\u00fclts\u00e9g, AC, kV<\/td>\r\n<td width=\"153\">\r\n<p style=\"text-align: center;\">Szinuszos, 500 - 2000 V aktu\u00e1lis<\/p>\r\n<\/td>\r\n<\/tr>\r\n<tr>\r\n<td width=\"40\">5<\/td>\r\n<td width=\"267\">Tan \u03b4 m\u00e9r\u00e9si tartom\u00e1ny<\/td>\r\n<td width=\"153\">\r\n<p style=\"text-align: center;\">0,00001 \u2013 4<\/p>\r\n<\/td>\r\n<\/tr>\r\n<tr>\r\n<td width=\"40\">6<\/td>\r\n<td width=\"267\">Tan \u03b4 m\u00e9r\u00e9si felbont\u00e1s<\/td>\r\n<td width=\"153\">\r\n<p style=\"text-align: center;\">1\u00d710<sup>-6<\/sup><\/p>\r\n<\/td>\r\n<\/tr>\r\n<tr>\r\n<td width=\"40\">7<\/td>\r\n<td width=\"267\">Tan \u03b4 m\u00e9r\u00e9si pontoss\u00e1g<\/td>\r\n<td width=\"153\">\r\n<p style=\"text-align: center;\">\u00b11% a m\u00e9r\u00e9sb\u0151l + 0,00008<\/p>\r\n<\/td>\r\n<\/tr>\r\n<tr>\r\n<td width=\"40\">8<\/td>\r\n<td width=\"267\">Relat\u00edv dielektromos \u00e1lland\u00f3 \u03b5 m\u00e9r\u00e9si tartom\u00e1nya<\/td>\r\n<td width=\"153\">\r\n<p style=\"text-align: center;\">1.0 \u2013 15.0<\/p>\r\n<\/td>\r\n<\/tr>\r\n<tr>\r\n<td width=\"40\">9<\/td>\r\n<td width=\"267\">\u03b5 m\u00e9r\u00e9s pontoss\u00e1ga<\/td>\r\n<td width=\"153\">\r\n<p style=\"text-align: center;\">\u00b11%<\/p>\r\n<\/td>\r\n<\/tr>\r\n<tr>\r\n<td width=\"40\">10<\/td>\r\n<td width=\"267\">Elektromos kapacit\u00e1s C m\u00e9r\u00e9si tartom\u00e1nya, pF<\/td>\r\n<td width=\"153\">\r\n<p style=\"text-align: center;\">20 \u2013 1000<\/p>\r\n<\/td>\r\n<\/tr>\r\n<tr>\r\n<td width=\"40\">11<\/td>\r\n<td width=\"267\">C m\u00e9r\u00e9s pontoss\u00e1ga, pF<\/td>\r\n<td width=\"153\">\r\n<p style=\"text-align: center;\">\u00b11% + 1<\/p>\r\n<\/td>\r\n<\/tr>\r\n<tr>\r\n<td width=\"40\">12<\/td>\r\n<td width=\"267\">Olaj h\u0151m\u00e9rs\u00e9klet m\u00e9r\u00e9si tartom\u00e1nya, \u00b0C (\u00b0F)<\/td>\r\n<td width=\"153\">\r\n<p style=\"text-align: center;\">20 \u2013 110 (68 - 230)<\/p>\r\n<\/td>\r\n<\/tr>\r\n<tr>\r\n<td width=\"40\">13<\/td>\r\n<td width=\"267\">M\u00e9r\u0151cell\u00e1k t\u00e9rfogata, cm\u00b3 (in\u00b3)<\/td>\r\n<td width=\"153\">\r\n<p style=\"text-align: center;\">42 (2,6)<\/p>\r\n<\/td>\r\n<\/tr>\r\n<tr>\r\n<td width=\"40\">14<\/td>\r\n<td width=\"267\">\u00dcres cella elektromos kapacit\u00e1sa, pF<\/td>\r\n<td width=\"153\">\r\n<p style=\"text-align: center;\">65 \u2013 85<\/p>\r\n<\/td>\r\n<\/tr>\r\n<tr>\r\n<td width=\"40\">15<\/td>\r\n<td width=\"267\">Egy m\u00e9r\u00e9s id\u0151tartama, perc, legfeljebb<\/td>\r\n<td width=\"153\">\r\n<p style=\"text-align: center;\">5<\/p>\r\n<\/td>\r\n<\/tr>\r\n<tr>\r\n<td width=\"40\">16<\/td>\r\n<td width=\"267\">AC frekvenciabe\u00e1ll\u00edt\u00e1s tartom\u00e1nya, Hz<\/td>\r\n<td width=\"153\">\r\n<p style=\"text-align: center;\">45 \u2013 65<\/p>\r\n<\/td>\r\n<\/tr>\r\n<tr>\r\n<td width=\"40\">17<\/td>\r\n<td width=\"267\">H\u0151m\u00e9rs\u00e9klet m\u00e9r\u00e9si felbont\u00e1sa, \u00b0C (\u00b0F)<\/td>\r\n<td width=\"153\">\r\n<p style=\"text-align: center;\">0.5 (33)<\/p>\r\n<\/td>\r\n<\/tr>\r\n<tr>\r\n<td width=\"40\">18<\/td>\r\n<td width=\"267\">Be\u00e9p\u00edtett nyomtat\u00f3<\/td>\r\n<td width=\"153\">\r\n<p style=\"text-align: center;\">Nincs<\/p>\r\n<\/td>\r\n<\/tr>\r\n<tr>\r\n<td width=\"40\">19<\/td>\r\n<td width=\"267\">Folyamat h\u0151m\u00e9rs\u00e9klet, \u00b0C (\u00b0F)<\/td>\r\n<td width=\"153\">\r\n<p style=\"text-align: center;\">0 - 50 (32 - 122)<\/p>\r\n<\/td>\r\n<\/tr>\r\n<tr>\r\n<td width=\"40\">20<\/td>\r\n<td width=\"267\">T\u00e1rol\u00e1si h\u0151m\u00e9rs\u00e9klet, \u00b0C (\u00b0F)<\/td>\r\n<td width=\"153\">\r\n<p style=\"text-align: center;\">\u201320 (-4) to +60 (+140)<\/p>\r\n<\/td>\r\n<\/tr>\r\n<tr>\r\n<td width=\"40\">21<\/td>\r\n<td width=\"267\">Relat\u00edv p\u00e1ratartalom, %<\/td>\r\n<td width=\"153\">\r\n<p style=\"text-align: center;\">Legfeljebb 90 kondenz\u00e1ci\u00f3 n\u00e9lk\u00fcl<\/p>\r\n<\/td>\r\n<\/tr>\r\n<tr>\r\n<td width=\"40\">22<\/td>\r\n<td width=\"267\">M\u00e9retek, mm (in)<\/td>\r\n<td width=\"153\">\r\n<p style=\"text-align: center;\">400 (16) \u00d7 450 (18) \u00d7 300 (12)*<\/p>\r\n<\/td>\r\n<\/tr>\r\n<tr>\r\n<td width=\"40\">23<\/td>\r\n<td width=\"267\">T\u00f6meg, kg (lbs), legfeljebb<\/td>\r\n<td width=\"153\">\r\n<p style=\"text-align: center;\">5.3 (12)*<\/p>\r\n<\/td>\r\n<\/tr>\r\n<tr>\r\n<td style=\"text-align: center;\" colspan=\"3\">* - telep\u00edtett \u00e9s csatlakoztatott cell\u00e1val<\/td>\r\n<\/tr>\r\n<\/tbody>\r\n<\/table>"},{"tab_title":"El\u0151ny\u00f6k","tab_content":"<ul>\r\n \t<li>gyors m\u00e9r\u00e9sek a pontoss\u00e1g fenntart\u00e1sa mellett;\r\na m\u00e9r\u00e9si folyamat automatiz\u00e1lt, sz\u00e1m\u00edt\u00f3g\u00e9p<\/li>\r\n \t<li>\u00e1ltal vez\u00e9relt, az eredm\u00e9nyeket elmentheti \u00e9s nyomtathatja nyomtat\u00f3n;<\/li>\r\n \t<li>kieg\u00e9sz\u00edthet\u0151 a \u201eTangent Service\u201d m\u00e9rn\u00f6ki<\/li>\r\n \t<li>szoftverrel, amelynek k\u00f6sz\u00f6nhet\u0151en lehet\u0151s\u00e9g<\/li>\r\n \t<li>van az eredm\u00e9nyek online megtekint\u00e9s\u00e9re,<\/li>\r\n \t<li>valamint a m\u00e9r\u00e9sek archiv\u00e1l\u00e1s\u00e1ra grafikus vagy<\/li>\r\n \t<li>digit\u00e1lis form\u00e1ban;<\/li>\r\n \t<li>a be\u00e1ll\u00edt\u00e1sok vari\u00e1lhat\u00f3s\u00e1ga - kutat\u00e1si c\u00e9lokra is haszn\u00e1lhat\u00f3;<\/li>\r\n \t<li>k\u00f6nny\u0171 s\u00faly, kompakt m\u00e9ret, k\u00f6nny\u0171 haszn\u00e1lat.<\/li>\r\n<\/ul>"},{"tab_title":"Alkalmaz\u00e1s","tab_content":"A TOR-3 haszn\u00e1lhat\u00f3:\r\n\r\n\u00e1sv\u00e1nyi transzform\u00e1torolaj tan delta vizsg\u00e1lat\u00e1ra;\r\nszilikon transzform\u00e1torolaj tan delta vizsg\u00e1lat\u00e1hoz;\r\nMidel 7131 transzform\u00e1torolaj tan delta vizsg\u00e1lat\u00e1hoz;\r\nFR3 dielektromos folyad\u00e9k tan delta vizsg\u00e1lat\u00e1hoz."},{"tab_title":"Konfigur\u00e1tor","tab_content":"[ezfc id='27' \/]"},{"tab_title":"Webin\u00e1riumok","tab_content":"[ezfc id='83' \/]"},{"tab_title":"Visszafizet\u00e9si id\u0151szak","tab_content":"https:\/\/youtu.be\/Z6mBIUmQURo"}],"add_video_tab":[{"video_tab_title":"Video","add_video_id":[{"video_id":"HdbgCgKqfKM"},{"video_id":"4LfqW0AJqF0"},{"video_id":"DbqVhXAQdfY"},{"video_id":"E7QMcfa1XJ4"}]}],"add_gallery_tab":null,"add_price_tab":[{"price_tab_title":"Get a quote"}]},"language":"hu","_links":{"self":[{"href":"https:\/\/globecore.dev\/hu\/wp-json\/wp\/v2\/pages\/301516","targetHints":{"allow":["GET"]}}],"collection":[{"href":"https:\/\/globecore.dev\/hu\/wp-json\/wp\/v2\/pages"}],"about":[{"href":"https:\/\/globecore.dev\/hu\/wp-json\/wp\/v2\/types\/page"}],"author":[{"embeddable":true,"href":"https:\/\/globecore.dev\/hu\/wp-json\/wp\/v2\/users\/7"}],"replies":[{"embeddable":true,"href":"https:\/\/globecore.dev\/hu\/wp-json\/wp\/v2\/comments?post=301516"}],"version-history":[{"count":0,"href":"https:\/\/globecore.dev\/hu\/wp-json\/wp\/v2\/pages\/301516\/revisions"}],"up":[{"embeddable":true,"href":"https:\/\/globecore.dev\/hu\/wp-json\/wp\/v2\/pages\/301503"}],"wp:featuredmedia":[{"embeddable":true,"href":"https:\/\/globecore.dev\/hu\/wp-json\/wp\/v2\/media\/299730"}],"wp:attachment":[{"href":"https:\/\/globecore.dev\/hu\/wp-json\/wp\/v2\/media?parent=301516"}],"wp:term":[{"taxonomy":"category","embeddable":true,"href":"https:\/\/globecore.dev\/hu\/wp-json\/wp\/v2\/categories?post=301516"}],"curies":[{"name":"wp","href":"https:\/\/api.w.org\/{rel}","templated":true}]}}