{"id":301515,"date":"2020-12-24T13:11:48","date_gmt":"2020-12-24T13:11:48","guid":{"rendered":"https:\/\/globecore.dev\/products\/instruments\/toet-2-tester-for-moisture-and-hydrogen-content-measurement-in-transformer-oil\/"},"modified":"2025-02-25T19:06:57","modified_gmt":"2025-02-25T19:06:57","slug":"toet-2-tester-for-moisture-and-hydrogen-content-measurement-in-transformer-oil","status":"publish","type":"page","link":"https:\/\/globecore.dev\/hu\/products\/instruments\/toet-2-tester-for-moisture-and-hydrogen-content-measurement-in-transformer-oil\/","title":{"rendered":"TOR-2 hidrog\u00e9n- \u00e9s nedvess\u00e9gelemz\u0151 transzform\u00e1torolaj-ellen\u0151rz\u00e9shez"},"content":{"rendered":"","protected":false},"excerpt":{"rendered":"","protected":false},"author":7,"featured_media":301525,"parent":301503,"menu_order":0,"comment_status":"closed","ping_status":"closed","template":"templates\/single-product.php","meta":{"_acf_changed":false,"_bbp_topic_count":0,"_bbp_reply_count":0,"_bbp_total_topic_count":0,"_bbp_total_reply_count":0,"_bbp_voice_count":0,"_bbp_anonymous_reply_count":0,"_bbp_topic_count_hidden":0,"_bbp_reply_count_hidden":0,"_bbp_forum_subforum_count":0,"footnotes":""},"categories":[2182],"class_list":["post-301515","page","type-page","status-publish","has-post-thumbnail","hentry","category-instruments-hu"],"acf":{"add_tab":[{"tab_title":"Le\u00edr\u00e1s","tab_content":"A TOR-2 transzform\u00e1torolaj expressz-pr\u00f3b\u00e1t az \u00e1sv\u00e1nyi szigetel\u0151olajok \u00e9s az \u00e9teralap\u00fa szigetel\u0151olajok nedvess\u00e9g- \u00e9s hidrog\u00e9ntartalm\u00e1nak meghat\u00e1roz\u00e1s\u00e1ra tervezt\u00e9k. A nedvess\u00e9g- \u00e9s hidrog\u00e9ntartalom m\u00e9r\u00e9se milliomodr\u00e9szben (ppm) t\u00f6rt\u00e9nik.\r\n\r\nAz olaj hidrog\u00e9n- \u00e9s nedvess\u00e9gtartalm\u00e1nak, valamint a param\u00e9terek v\u00e1ltoz\u00e1s\u00e1nak m\u00e9rt\u00e9k\u00e9nek ismeret\u00e9ben lehet\u0151s\u00e9g van a transzform\u00e1torban kialakul\u00f3 probl\u00e9m\u00e1k el\u0151zetes felismer\u00e9s\u00e9re \u00e9s a transzform\u00e1tor k\u00e1rosod\u00e1s\u00e1nak megel\u0151z\u00e9s\u00e9re szolg\u00e1l\u00f3 id\u0151ben t\u00f6rt\u00e9n\u0151 int\u00e9zked\u00e9sek megt\u00e9tel\u00e9re.\r\n\r\nNedvess\u00e9gm\u00e9r\u00e9s\r\n\r\nA k\u00e9sz\u00fcl\u00e9k a v\u00edz aktivit\u00e1s\u00e1t kapacit\u00e1s\u00e9rz\u00e9kel\u0151vel m\u00e9ri, amely biztos\u00edtja az id\u0151beli stabilit\u00e1st \u00e9s a szennyez\u0151d\u00e9sekkel szembeni ellen\u00e1ll\u00e1st. Az olaj h\u0151m\u00e9rs\u00e9klet\u00e9t is m\u00e9ri. A nedvess\u00e9gtartalom ezekb\u0151l a m\u00e9r\u00e9sekb\u0151l ker\u00fcl kisz\u00e1m\u00edt\u00e1sra.\r\n\r\nHidrog\u00e9nm\u00e9r\u00e9s\r\n\r\nA hidrog\u00e9ntartalom m\u00e9r\u00e9s\u00e9re k\u00f6zvetlen\u00fcl az olajba mer\u00edtett, nagy szelektivit\u00e1s\u00fa szil\u00e1rdtest-\u00e9rz\u00e9kel\u0151t haszn\u00e1lnak. Az \u00e9rz\u00e9kel\u0151 biztos\u00edtja a k\u00f6zvetlen m\u00e9r\u00e9sek pontoss\u00e1g\u00e1t \u00e9s megb\u00edzhat\u00f3s\u00e1g\u00e1t. A hidrog\u00e9n alacsony oldhat\u00f3s\u00e1ga az olajban \u00e9s nagy diff\u00fazi\u00f3s kapacit\u00e1sa miatt m\u00e1r alacsony koncentr\u00e1ci\u00f3ban is k\u00f6nnyebben kimutathat\u00f3, \u00edgy a transzform\u00e1torban jelentkez\u0151 probl\u00e9ma idejekor\u00e1n felismerhet\u0151."}],"add_def_tab":[{"tab_title":"M\u0171szaki adatok","tab_content":"<table>\r\n  <tbody>\r\n    <tr>\r\n      <td style=\"text-align: center;\" width=\"47\"><strong>\u2116<\/strong><\/td>\r\n      <td style=\"text-align: center;\" width=\"338\"><strong>Param\u00e9ter<\/strong><\/td>\r\n      <td style=\"text-align: center;\" width=\"205\"><strong>\u00c9rt\u00e9k<\/strong><\/td>\r\n    <\/tr>\r\n    <tr>\r\n      <td colspan=\"3\" style=\"text-align: center;\">Nedvess\u00e9gm\u00e9r\u00e9s<\/td>\r\n    <\/tr>\r\n    <tr>\r\n      <td>1<\/td>\r\n      <td>Tartom\u00e1ny, aw (akt\u00edv v\u00edz (aw))<\/td>\r\n      <td style=\"text-align: center;\">0...1<\/td>\r\n    <\/tr>\r\n    <tr>\r\n      <td>2<\/td>\r\n      <td>Pontoss\u00e1g 20 \u00b0C-on (68 \u00b0F)<\/td>\r\n      <td style=\"text-align: center;\">\u00b10,02 aw (0...0,9 aw) \u00b10,03 aw (0,9...1 aw)<\/td>\r\n    <\/tr>\r\n    <tr>\r\n      <td>3<\/td>\r\n      <td>H\u0151m\u00e9rs\u00e9klet-m\u00e9r\u00e9s<\/td>\r\n      <td style=\"text-align: center;\">Igen<\/td>\r\n    <\/tr>\r\n    <tr>\r\n      <td>4<\/td>\r\n      <td>Olaj h\u0151m\u00e9rs\u00e9klet, \u00b0C (\u00b0F)<\/td>\r\n      <td style=\"text-align: center;\">0...55 (32\u2026 131)<\/td>\r\n    <\/tr>\r\n    <tr>\r\n      <td colspan=\"3\" style=\"text-align: center;\">Hidrog\u00e9nm\u00e9r\u00e9s<\/td>\r\n    <\/tr>\r\n    <tr>\r\n      <td>6<\/td>\r\n      <td>Tartom\u00e1ny, ppm<\/td>\r\n      <td style=\"text-align: center;\">25-5000<\/td>\r\n    <\/tr>\r\n    <tr>\r\n      <td>7<\/td>\r\n      <td>Pontoss\u00e1g<\/td>\r\n      <td style=\"text-align: center;\">A m\u00e9r\u00e9s \u00e9rt\u00e9k\u00e9nek 20%-a vagy 25 ppm<\/td>\r\n    <\/tr>\r\n    <tr>\r\n      <td>8<\/td>\r\n      <td>Ism\u00e9telhet\u0151s\u00e9g<\/td>\r\n      <td style=\"text-align: center;\">A m\u00e9r\u00e9s \u00e9rt\u00e9k\u00e9nek 10%-a vagy 15 ppm<\/td>\r\n    <\/tr>\r\n    <tr>\r\n      <td>9<\/td>\r\n      <td>V\u00e1laszid\u0151<\/td>\r\n      <td style=\"text-align: center;\">&lt;60 perc (90%-os l\u00e9pcs\u0151v\u00e1ltoz\u00e1s)<\/td>\r\n    <\/tr>\r\n    <tr>\r\n      <td>10<\/td>\r\n      <td>Kereszt\u00e9rz\u00e9kenys\u00e9g<\/td>\r\n      <td style=\"text-align: center;\">M\u00e1s g\u00e1zokra (CO, CO\u2082, sz\u00e9nhidrog\u00e9nek) 2% alatt<\/td>\r\n    <\/tr>\r\n    <tr>\r\n      <td>11<\/td>\r\n      <td>Olaj h\u0151m\u00e9rs\u00e9klet, \u00b0C (\u00b0F)<\/td>\r\n      <td style=\"text-align: center;\">0...55 (32\u2026 131)<\/td>\r\n    <\/tr>\r\n    <tr>\r\n      <td>13<\/td>\r\n      <td>Teljes\u00edtm\u00e9ny, W<\/td>\r\n      <td style=\"text-align: center;\">60<\/td>\r\n    <\/tr>\r\n    <tr>\r\n      <td>14<\/td>\r\n      <td>50 Hz-es AC t\u00e1pfesz\u00fclts\u00e9g, V<\/td>\r\n      <td style=\"text-align: center;\">220<\/td>\r\n    <\/tr>\r\n    <tr>\r\n      <td>15<\/td>\r\n      <td>M\u00e9retek, mm (in)<br>\r\n        \u2013 hossz\u00fas\u00e1g<br>\r\n        \u2013 sz\u00e9less\u00e9g<br>\r\n        \u2013 magass\u00e1g<\/td>\r\n      <td>\r\n        <p style=\"text-align: center;\">190 (7)<\/p>\r\n        <p style=\"text-align: center;\">255 (10)<\/p>\r\n        <p style=\"text-align: center;\">365 (14)<\/p>\r\n      <\/td>\r\n    <\/tr>\r\n    <tr>\r\n      <td>16<\/td>\r\n      <td>T\u00f6meg, kg (lbs), max<\/td>\r\n      <td style=\"text-align: center;\">5,5 (12)<\/td>\r\n    <\/tr>\r\n  <\/tbody>\r\n<\/table>\r\n"},{"tab_title":"El\u0151ny\u00f6k","tab_content":"<ul>\r\n \t<li style=\"text-align: justify;\">a nedvess\u00e9g \u00e9s a hidrog\u00e9n kimutat\u00e1sa m\u00e9g kis mennyis\u00e9gben is;<\/li>\r\n \t<li style=\"text-align: justify;\">a hidrog\u00e9ntartalom folyamatos ellen\u0151rz\u00e9se megb\u00edzhat\u00f3 inform\u00e1ci\u00f3t ny\u00fajt a kezd\u0151d\u0151 k\u00e1rosod\u00e1sokr\u00f3l, amelyek a transzform\u00e1tor<\/li>\r\n \t<li style=\"text-align: justify;\">meghib\u00e1sod\u00e1s\u00e1hoz vezethetnek;<\/li>\r\n \t<li style=\"text-align: justify;\">kis m\u00e9ret;<\/li>\r\n \t<li style=\"text-align: justify;\">egyszer\u0171 m\u0171k\u00f6d\u00e9s (a minta cser\u00e9j\u00e9hez csak<\/li>\r\n \t<li style=\"text-align: justify;\">cser\u00e9lje ki a kivehet\u0151 f\u0151z\u0151poharat, \u00e9s a m\u00e9r\u00e9s megkezd\u00e9s\u00e9hez nyomja meg a \u201eStart\u201d gombot);\r\na m\u00e9r\u00e9sekhez nincs sz\u00fcks\u00e9g fogy\u00f3eszk\u00f6z\u00f6kre;\r\naz olajban l\u00e9v\u0151 egy\u00e9b g\u00e1zok jelenl\u00e9te nem befoly\u00e1solja a m\u00e9r\u00e9sek megb\u00edzhat\u00f3s\u00e1g\u00e1t;\r\negyszer\u0171 kalibr\u00e1l\u00e1s;\r\nkarbantart\u00e1smentes<\/li>\r\n<\/ul>"},{"tab_title":"Alkalmaz\u00e1s","tab_content":"<p style=\"text-align: justify;\"><strong>TOR-2 can be used for:<\/strong><\/p>\r\n\r\n<ul>\r\n \t<li style=\"text-align: justify;\"><a href=\"https:\/\/globecore.dev\/instruments\/transformer-oil-moisture-and-hydrogen-content-tester-tor-2\/\">transformer oil moisture and hydrogen content testing<\/a>;<\/li>\r\n \t<li style=\"text-align: justify;\"><a href=\"https:\/\/globecore.dev\/instruments\/lubricating-oil-moisture-and-hydrogen-content-tester-tor-2\/\">lubricating oils moisture and hydrogen content testing<\/a>;<\/li>\r\n \t<li style=\"text-align: justify;\"><a href=\"https:\/\/globecore.dev\/instruments\/hydraulic-oil-moisture-and-hydrogen-content-tester-tor-2\/\">hydraulic oil moisture and hydrogen content testing<\/a>;<\/li>\r\n \t<li style=\"text-align: justify;\"><a href=\"https:\/\/globecore.dev\/instruments\/diesel-fuel-moisture-and-hydrogen-content-tester-tor-2\/\">diesel fuel moisture and hydrogen content testing<\/a>.<\/li>\r\n<\/ul>"},{"tab_title":"Konfigur\u00e1tor","tab_content":"[ezfc id='53' \/]"},{"tab_title":"Webin\u00e1riumok","tab_content":"https:\/\/www.youtube.com\/live\/KsoBMcFz9aM"},{"tab_title":"Payback period","tab_content":"[ezfc id='79' \/]"}],"add_video_tab":[{"video_tab_title":"Vide\u00f3","add_video_id":[{"video_id":"9dm7HQYcRj0"},{"video_id":"4LfqW0AJqF0"},{"video_id":"HdbgCgKqfKM"}]}],"add_gallery_tab":[{"gallery_tab_title":"Gallery","add_img":[67740,67751,67762,67773,67784]}],"add_price_tab":[{"price_tab_title":"Get a quote"}]},"language":"hu","_links":{"self":[{"href":"https:\/\/globecore.dev\/hu\/wp-json\/wp\/v2\/pages\/301515","targetHints":{"allow":["GET"]}}],"collection":[{"href":"https:\/\/globecore.dev\/hu\/wp-json\/wp\/v2\/pages"}],"about":[{"href":"https:\/\/globecore.dev\/hu\/wp-json\/wp\/v2\/types\/page"}],"author":[{"embeddable":true,"href":"https:\/\/globecore.dev\/hu\/wp-json\/wp\/v2\/users\/7"}],"replies":[{"embeddable":true,"href":"https:\/\/globecore.dev\/hu\/wp-json\/wp\/v2\/comments?post=301515"}],"version-history":[{"count":0,"href":"https:\/\/globecore.dev\/hu\/wp-json\/wp\/v2\/pages\/301515\/revisions"}],"up":[{"embeddable":true,"href":"https:\/\/globecore.dev\/hu\/wp-json\/wp\/v2\/pages\/301503"}],"wp:featuredmedia":[{"embeddable":true,"href":"https:\/\/globecore.dev\/hu\/wp-json\/wp\/v2\/media\/301525"}],"wp:attachment":[{"href":"https:\/\/globecore.dev\/hu\/wp-json\/wp\/v2\/media?parent=301515"}],"wp:term":[{"taxonomy":"category","embeddable":true,"href":"https:\/\/globecore.dev\/hu\/wp-json\/wp\/v2\/categories?post=301515"}],"curies":[{"name":"wp","href":"https:\/\/api.w.org\/{rel}","templated":true}]}}