{"id":301512,"date":"2020-07-01T17:09:03","date_gmt":"2020-07-01T17:09:03","guid":{"rendered":"https:\/\/globecore.dev\/products\/instruments\/toet-transformer-oil-express-tester\/"},"modified":"2025-05-15T06:02:51","modified_gmt":"2025-05-15T06:02:51","slug":"toet-transformer-oil-express-tester","status":"publish","type":"page","link":"https:\/\/globecore.dev\/hu\/products\/instruments\/toet-transformer-oil-express-tester\/","title":{"rendered":"TOR-1 olajnedvess\u00e9gm\u00e9r\u0151"},"content":{"rendered":"","protected":false},"excerpt":{"rendered":"<p>TOR-1 is a device for quick and precise measurement of the moisture content in insulation oil, even in miniscule quantities. <\/p>\n","protected":false},"author":7,"featured_media":320475,"parent":301503,"menu_order":0,"comment_status":"closed","ping_status":"closed","template":"templates\/single-product.php","meta":{"_acf_changed":false,"_bbp_topic_count":0,"_bbp_reply_count":0,"_bbp_total_topic_count":0,"_bbp_total_reply_count":0,"_bbp_voice_count":0,"_bbp_anonymous_reply_count":0,"_bbp_topic_count_hidden":0,"_bbp_reply_count_hidden":0,"_bbp_forum_subforum_count":0,"footnotes":""},"categories":[2182],"class_list":["post-301512","page","type-page","status-publish","has-post-thumbnail","hentry","category-instruments-hu"],"acf":{"add_tab":[{"tab_title":"Le\u00edr\u00e1s","tab_content":"A TOR-1 transzform\u00e1torolaj-vizsg\u00e1l\u00f3t az oldott v\u00edz t\u00f6megfrakci\u00f3j\u00e1nak kimutat\u00e1s\u00e1ra tervezt\u00e9k olyan szigetel\u0151 \u00e1sv\u00e1nyi olajokban, amelyek viszkozit\u00e1sa 50 \u00b0C h\u0151m\u00e9rs\u00e9kleten nem haladja meg a 70 cSt \u00e9rt\u00e9ket.\r\n\r\nA k\u00e9sz\u00fcl\u00e9k haszn\u00e1latakor figyelembe kell venni, hogy a teszter csak referenciapont a nedvess\u00e9gtartalom gyors kimutat\u00e1s\u00e1ra; a v\u00e9gs\u0151 elemz\u00e9shez hiteles\u00edtett laborat\u00f3riummal kell felvenni a kapcsolatot.\r\n\r\nA legjobb esetben a szabv\u00e1nyos laborat\u00f3riumi elemz\u00e9sek egy napot vesznek ig\u00e9nybe, \u00e9s nagy emberi \u00e9s p\u00e9nz\u00fcgyi r\u00e1ford\u00edt\u00e1st ig\u00e9nyelnek. A TOR-1 haszn\u00e1lata lehet\u0151v\u00e9 teszi a transzform\u00e1torolaj miel\u0151bbi diagnosztiz\u00e1l\u00e1s\u00e1t \u00e9s a transzform\u00e1tor k\u00f6zel\u00e9ben, a helysz\u00ednen t\u00f6rt\u00e9n\u0151 gyors d\u00f6nt\u00e9st.\r\n\r\nA TOR-1 m\u0171szer \u00f6sszetev\u0151i\r\n\r\nA k\u00e9sz\u00fcl\u00e9k egyes\u00edti mag\u00e1ban az egyszer\u0171 \u00e9s k\u00e9nyelmes m\u0171k\u00f6d\u00e9shez sz\u00fcks\u00e9ges \u00f6sszes eszk\u00f6zt:\r\n\r\nLCD-panel a vizsg\u00e1lt olaj nedvess\u00e9gtartalm\u00e1nak megjelen\u00edt\u00e9s\u00e9re;\r\nfelv\u00e9teli tart\u00e1ly a vizsg\u00e1lt olaj sz\u00e1m\u00e1ra;\r\nnedvess\u00e9g\u00e9rz\u00e9kel\u0151 a ken\u0151- \u00e9s szigetel\u0151olajok nedvess\u00e9gt\u00f6meg\u00e9nek kimutat\u00e1s\u00e1ra;\r\nnyomtat\u00f3 a vizsg\u00e1lati eredm\u00e9nyek pap\u00edralap\u00fa kinyomtat\u00e1s\u00e1hoz.\r\nM\u0171k\u00f6d\u00e9si elv\r\n\r\nAz olaj nedvess\u00e9g\u00e9nek m\u00e9r\u00e9se hasonl\u00f3 a leveg\u0151 nedvess\u00e9g\u00e9nek m\u00e9r\u00e9s\u00e9hez. Az olaj v\u00edztartalma le\u00edrhat\u00f3 ppm-ben kifejezett abszol\u00fat \u00e9rt\u00e9kk\u00e9nt vagy aw relat\u00edv \u00e9rt\u00e9kk\u00e9nt:\r\n\r\nA ppm a v\u00edz \u00e9s az olaj t\u00f6meg\u00e9nek ar\u00e1ny\u00e1t jelenti;\r\naw a t\u00e9nyleges nedvess\u00e9gtartalmat jelenti a nedvess\u00e9ggel teljesen tel\u00edtett olaj sz\u00e1zal\u00e9k\u00e1ban kifejezve.\r\n\r\nAz aw = 0 \u00e9rt\u00e9k a nedvess\u00e9gmentes olajat jelenti, m\u00edg az aw = 1 a nedvess\u00e9ggel teljesen tel\u00edtett olajat.\r\n\r\nA m\u0171szer az aw \u00e9rt\u00e9ket kapacit\u00edv \u00e9rz\u00e9kel\u0151vel m\u00e9ri, amely hossz\u00fa t\u00e1v\u00fa stabilit\u00e1st \u00e9s kiv\u00e1l\u00f3 szennyez\u0151d\u00e9s\u00e1ll\u00f3s\u00e1got biztos\u00edt. A m\u00e9rt fizikai mennyis\u00e9gek k\u00f6z\u00e9 tartozik az akt\u00edv v\u00edz (aw) \u00e9s a h\u0151m\u00e9rs\u00e9klet (T). E mennyis\u00e9gek felhaszn\u00e1l\u00e1s\u00e1val az expressz tesztel\u0151 kisz\u00e1m\u00edtja az \u00e1sv\u00e1nyi transzform\u00e1torolaj nedvess\u00e9gtartalm\u00e1t (ppm). A nem \u00e1sv\u00e1nyi transzform\u00e1torolajok \u00e9s ken\u0151olajok v\u00edztartalma ezen olajok specifikus param\u00e9tereinek megad\u00e1s\u00e1val sz\u00e1m\u00edthat\u00f3 ki. A m\u00e9rt \u00e9s sz\u00e1m\u00edtott \u00e9rt\u00e9kek k\u00e9t szabadon sk\u00e1l\u00e1zhat\u00f3 \u00e9s konfigur\u00e1lhat\u00f3 anal\u00f3g kimeneten \u00e1llnak rendelkez\u00e9sre."}],"add_def_tab":[{"tab_title":"M\u0171szaki adatok","tab_content":"<table>\r\n<tbody>\r\n<tr>\r\n<td width=\"47\"><strong>\u2116<\/strong><\/td>\r\n<td width=\"338\">\r\n<p style=\"text-align: center;\"><strong>Param\u00e9ter<\/strong><\/p>\r\n<\/td>\r\n<td>\r\n<p style=\"text-align: center;\"><strong>\u00c9rt\u00e9k<\/strong><\/p>\r\n<\/td>\r\n<\/tr>\r\n<tr>\r\n<td width=\"47\">1<\/td>\r\n<td width=\"338\">M\u0171k\u00f6d\u00e9si tartom\u00e1ny, aw (akt\u00edv v\u00edz (aw))<\/td>\r\n<td>\r\n<p style=\"text-align: center;\">0...1<\/p>\r\n<\/td>\r\n<\/tr>\r\n<tr>\r\n<td width=\"47\">2<\/td>\r\n<td width=\"338\">Oldott v\u00edztartalom m\u00e9r\u00e9si tartom\u00e1nya, ppm<\/td>\r\n<td>\r\n<p style=\"text-align: center;\">0\u2026.500<\/p>\r\n<\/td>\r\n<\/tr>\r\n<tr>\r\n<td width=\"47\">3<\/td>\r\n<td width=\"338\">Pontoss\u00e1g 20 \u00b0C-on<\/td>\r\n<td>\r\n<p style=\"text-align: center;\">\u00b10,02 aw (0...0,9 aw) \u00b10,03 aw (0,9...1 aw)<\/p>\r\n<\/td>\r\n<\/tr>\r\n<tr>\r\n<td width=\"47\">4<\/td>\r\n<td width=\"338\">H\u0151m\u00e9rs\u00e9klet-m\u00e9r\u00e9s<\/td>\r\n<td>\r\n<p style=\"text-align: center;\">igen<\/p>\r\n<\/td>\r\n<\/tr>\r\n<tr>\r\n<td width=\"47\">5<\/td>\r\n<td width=\"338\">M\u0171k\u00f6d\u00e9si k\u00f6zeg h\u0151m\u00e9rs\u00e9klete, \u00b0C<\/td>\r\n<td>\r\n<p style=\"text-align: center;\">0...55<\/p>\r\n<\/td>\r\n<\/tr>\r\n<tr>\r\n<td width=\"47\">6<\/td>\r\n<td width=\"338\">Sz\u00fcks\u00e9ges teljes\u00edtm\u00e9ny, W<\/td>\r\n<td>\r\n<p style=\"text-align: center;\">10<\/p>\r\n<\/td>\r\n<\/tr>\r\n<tr>\r\n<td width=\"47\">7<\/td>\r\n<td width=\"338\">Egysf\u00e1zis\u00fa 50 Hz-es AC t\u00e1pfesz\u00fclts\u00e9g, V<\/td>\r\n<td>\r\n<p style=\"text-align: center;\">220<\/p>\r\n<\/td>\r\n<\/tr>\r\n<tr>\r\n<td width=\"47\">8<\/td>\r\n<td width=\"338\">M\u00e9retek, mm, nem nagyobbak mint\r\n\r\n\u2013 hossz\u00fas\u00e1g\r\n\r\n\u2013 sz\u00e9less\u00e9g\r\n\r\n\u2013 magass\u00e1g<\/td>\r\n<td>\r\n<p style=\"text-align: center;\">190<\/p>\r\n255\r\n\r\n365<\/td>\r\n<\/tr>\r\n<tr>\r\n<td width=\"47\">9<\/td>\r\n<td width=\"338\">T\u00f6meg, kg, nem nagyobb mint<\/td>\r\n<td>\r\n<p style=\"text-align: center;\">6<\/p>\r\n<\/td>\r\n<\/tr>\r\n<\/tbody>\r\n<\/table>"},{"tab_title":"El\u0151ny\u00f6k","tab_content":"<ul>\r\n \t<li style=\"text-align: justify;\">t\u00f6m\u00f6rs\u00e9g;<\/li>\r\n \t<li style=\"text-align: justify;\">k\u00f6nny\u0171 kezelhet\u0151s\u00e9g: a minta cser\u00e9j\u00e9hez elegend\u0151 a kivehet\u0151 tart\u00e1ly cser\u00e9je \u00e9s a m\u00e9r\u00e9s elind\u00edt\u00e1s\u00e1hoz a Start gomb megnyom\u00e1sa;<\/li>\r\n \t<li style=\"text-align: justify;\">multifunkcionalit\u00e1s;<\/li>\r\n \t<li style=\"text-align: justify;\">szem\u00e9lyi sz\u00e1m\u00edt\u00f3g\u00e9p n\u00e9lk\u00fcl m\u0171k\u00f6dik;<\/li>\r\n \t<li style=\"text-align: justify;\">a megfelel\u0151 v\u00e9delmi szintnek (f\u00e9m vand\u00e1lbiztos<\/li>\r\n \t<li style=\"text-align: justify;\">gombok, \u00e9rz\u00e9keny elemek v\u00e9delme, az elektromos berendez\u00e9sek integr\u00e1lt v\u00e9delme) \u00e9s a stabiliz\u00e1lt \u00e1ramell\u00e1t\u00e1snak k\u00f6sz\u00f6nhet\u0151en a transzform\u00e1tor k\u00f6zel\u00e9ben, terepen is haszn\u00e1lhat\u00f3 olajvizsg\u00e1latra;\r\na m\u00e9r\u00e9si eredm\u00e9nyek a be\u00e9p\u00edtett nyomtat\u00f3val kinyomtathat\u00f3k.<\/li>\r\n<\/ul>"},{"tab_title":"Alkalmaz\u00e1s","tab_content":"A TOR-1 a k\u00f6vetkez\u0151kre haszn\u00e1lhat\u00f3:\r\n\r\na d\u00edzel\u00fczemanyag nedvess\u00e9gtartalm\u00e1nak vizsg\u00e1lat\u00e1ra;\r\nken\u0151olajok nedvess\u00e9gtartalm\u00e1nak vizsg\u00e1lata;\r\nhidraulikaolajok nedvess\u00e9gtartalm\u00e1nak vizsg\u00e1lata;\r\ntranszform\u00e1torolaj nedvess\u00e9gtartalm\u00e1nak vizsg\u00e1lata."},{"tab_title":"Konfigur\u00e1tor","tab_content":"[ezfc id='54' \/]"},{"tab_title":"Webin\u00e1riumok","tab_content":"https:\/\/www.youtube.com\/live\/Z6mBIUmQURo"},{"tab_title":"Visszafizet\u00e9si id\u0151szak","tab_content":"[ezfc id='82' \/]"}],"add_video_tab":[{"video_tab_title":"Vide\u00f3","add_video_id":[{"video_id":"syL5f7k72lE"},{"video_id":"WP8dw7-OIzQ"},{"video_id":"DbqVhXAQdfY"},{"video_id":"4LfqW0AJqF0"}]}],"add_gallery_tab":[{"gallery_tab_title":"Gallery","add_img":[102368,102380,102392,102404]}],"add_price_tab":[{"price_tab_title":"Get a quote"}]},"language":"hu","_links":{"self":[{"href":"https:\/\/globecore.dev\/hu\/wp-json\/wp\/v2\/pages\/301512","targetHints":{"allow":["GET"]}}],"collection":[{"href":"https:\/\/globecore.dev\/hu\/wp-json\/wp\/v2\/pages"}],"about":[{"href":"https:\/\/globecore.dev\/hu\/wp-json\/wp\/v2\/types\/page"}],"author":[{"embeddable":true,"href":"https:\/\/globecore.dev\/hu\/wp-json\/wp\/v2\/users\/7"}],"replies":[{"embeddable":true,"href":"https:\/\/globecore.dev\/hu\/wp-json\/wp\/v2\/comments?post=301512"}],"version-history":[{"count":0,"href":"https:\/\/globecore.dev\/hu\/wp-json\/wp\/v2\/pages\/301512\/revisions"}],"up":[{"embeddable":true,"href":"https:\/\/globecore.dev\/hu\/wp-json\/wp\/v2\/pages\/301503"}],"wp:featuredmedia":[{"embeddable":true,"href":"https:\/\/globecore.dev\/hu\/wp-json\/wp\/v2\/media\/320475"}],"wp:attachment":[{"href":"https:\/\/globecore.dev\/hu\/wp-json\/wp\/v2\/media?parent=301512"}],"wp:term":[{"taxonomy":"category","embeddable":true,"href":"https:\/\/globecore.dev\/hu\/wp-json\/wp\/v2\/categories?post=301512"}],"curies":[{"name":"wp","href":"https:\/\/api.w.org\/{rel}","templated":true}]}}