{"id":301503,"date":"2020-07-01T17:01:50","date_gmt":"2020-07-01T17:01:50","guid":{"rendered":"https:\/\/globecore.dev\/products\/instruments\/"},"modified":"2025-05-15T06:17:43","modified_gmt":"2025-05-15T06:17:43","slug":"instruments","status":"publish","type":"page","link":"https:\/\/globecore.dev\/hu\/products\/instruments\/","title":{"rendered":"M\u0171szerek &#8211; Transzform\u00e1torolaj-tesztel\u0151k"},"content":{"rendered":"<p>A transzform\u00e1torolaj-tesztel\u0151 olyan eszk\u00f6z, amely az olaj egy vagy t\u00f6bb param\u00e9ter\u00e9t m\u00e9ri annak aktu\u00e1lis \u00e1llapot\u00e1nak meghat\u00e1roz\u00e1sa \u00e9rdek\u00e9ben. Az ilyen berendez\u00e9sek piaca nagy, ez\u00e9rt ebben a cikkben csak az alapvet\u0151 param\u00e9terekre \u00e9s a GlobeCore \u00e1ltal ezek meghat\u00e1roz\u00e1s\u00e1ra k\u00edn\u00e1lt megold\u00e1sokra koncentr\u00e1lunk.<\/p>\n","protected":false},"excerpt":{"rendered":"<p>A transzform\u00e1torolaj-tesztel\u0151 olyan eszk\u00f6z, amely az olaj egy vagy t\u00f6bb param\u00e9ter\u00e9t m\u00e9ri annak aktu\u00e1lis \u00e1llapot\u00e1nak meghat\u00e1roz\u00e1sa \u00e9rdek\u00e9ben. Az ilyen berendez\u00e9sek piaca nagy, ez\u00e9rt ebben a cikkben csak az alapvet\u0151 param\u00e9terekre \u00e9s a GlobeCore \u00e1ltal ezek meghat\u00e1roz\u00e1s\u00e1ra k\u00edn\u00e1lt megold\u00e1sokra koncentr\u00e1lunk.<\/p>\n","protected":false},"author":7,"featured_media":299571,"parent":298400,"menu_order":0,"comment_status":"closed","ping_status":"closed","template":"templates\/products-sidebar.php","meta":{"_acf_changed":false,"_bbp_topic_count":0,"_bbp_reply_count":0,"_bbp_total_topic_count":0,"_bbp_total_reply_count":0,"_bbp_voice_count":0,"_bbp_anonymous_reply_count":0,"_bbp_topic_count_hidden":0,"_bbp_reply_count_hidden":0,"_bbp_forum_subforum_count":0,"footnotes":""},"categories":[],"class_list":["post-301503","page","type-page","status-publish","has-post-thumbnail","hentry"],"acf":[],"language":"hu","_links":{"self":[{"href":"https:\/\/globecore.dev\/hu\/wp-json\/wp\/v2\/pages\/301503","targetHints":{"allow":["GET"]}}],"collection":[{"href":"https:\/\/globecore.dev\/hu\/wp-json\/wp\/v2\/pages"}],"about":[{"href":"https:\/\/globecore.dev\/hu\/wp-json\/wp\/v2\/types\/page"}],"author":[{"embeddable":true,"href":"https:\/\/globecore.dev\/hu\/wp-json\/wp\/v2\/users\/7"}],"replies":[{"embeddable":true,"href":"https:\/\/globecore.dev\/hu\/wp-json\/wp\/v2\/comments?post=301503"}],"version-history":[{"count":0,"href":"https:\/\/globecore.dev\/hu\/wp-json\/wp\/v2\/pages\/301503\/revisions"}],"up":[{"embeddable":true,"href":"https:\/\/globecore.dev\/hu\/wp-json\/wp\/v2\/pages\/298400"}],"wp:featuredmedia":[{"embeddable":true,"href":"https:\/\/globecore.dev\/hu\/wp-json\/wp\/v2\/media\/299571"}],"wp:attachment":[{"href":"https:\/\/globecore.dev\/hu\/wp-json\/wp\/v2\/media?parent=301503"}],"wp:term":[{"taxonomy":"category","embeddable":true,"href":"https:\/\/globecore.dev\/hu\/wp-json\/wp\/v2\/categories?post=301503"}],"curies":[{"name":"wp","href":"https:\/\/api.w.org\/{rel}","templated":true}]}}