{"id":301385,"date":"2021-04-22T07:33:33","date_gmt":"2021-04-22T07:33:33","guid":{"rendered":"https:\/\/globecore.dev\/zeolite-drying-cabinet-ssc\/"},"modified":"2025-02-25T18:57:34","modified_gmt":"2025-02-25T18:57:34","slug":"zeolite-drying-cabinet-ssc","status":"publish","type":"page","link":"https:\/\/globecore.dev\/hu\/products\/zeolite-regeneration-and-drying\/zeolite-drying-cabinet-ssc\/","title":{"rendered":"SSC-15 Zeolit sz\u00e1r\u00edt\u00f3szekr\u00e9ny"},"content":{"rendered":"","protected":false},"excerpt":{"rendered":"","protected":false},"author":7,"featured_media":301392,"parent":303857,"menu_order":0,"comment_status":"closed","ping_status":"closed","template":"templates\/single-product.php","meta":{"_acf_changed":false,"_bbp_topic_count":0,"_bbp_reply_count":0,"_bbp_total_topic_count":0,"_bbp_total_reply_count":0,"_bbp_voice_count":0,"_bbp_anonymous_reply_count":0,"_bbp_topic_count_hidden":0,"_bbp_reply_count_hidden":0,"_bbp_forum_subforum_count":0,"footnotes":""},"categories":[2165],"class_list":["post-301385","page","type-page","status-publish","has-post-thumbnail","hentry","category-oil-maintenance-hu"],"acf":{"add_tab":[{"tab_title":"Le\u00edr\u00e1s","tab_content":"Az SSC-15 szekr\u00e9nyt villamos energiaszolg\u00e1ltat\u00f3k \u00e9s g\u00e1zfeldolgoz\u00f3 \u00fczemek sz\u00e1m\u00e1ra tervezt\u00e9k. Ezt a k\u00e9sz\u00fcl\u00e9ket a f\u0171t\u0151olajok \u00e9s a f\u00f6ldg\u00e1z m\u00e9lys\u00e9gi dehidrat\u00e1l\u00e1s\u00e1ra haszn\u00e1lt zeolit el\u0151zetes sz\u00e1r\u00edt\u00e1s\u00e1ra tervezt\u00e9k.\r\n\r\nA zeolit mikropor\u00f3zus alum\u00ednium-szilik\u00e1t - amely abban k\u00fcl\u00f6nb\u00f6zik m\u00e1s adszorbensekt\u0151l, hogy k\u00e9pes szelekt\u00edven adszorbe\u00e1lni a molekul\u00e1kat. Ez\u00e9rt is nevezik \u201emolekulasz\u0171r\u0151nek\u201d. A zeolit krist\u00e1ly 50%-ban csatorn\u00e1kkal \u00e9s \u00fcregekkel bor\u00edtott . Ennek k\u00f6sz\u00f6nhet\u0151en nagy adszorpci\u00f3s kapacit\u00e1ssal rendelkeznek. A zeolit nagyon hat\u00e9kony sz\u00e1r\u00edt\u00f3, jobb, mint a szilikag\u00e9lek \u00e9s az akt\u00edv alum\u00ednium-oxid.\r\n\r\nAz egyik legfontosabb zeolit tulajdons\u00e1ga, hogy k\u00e9pes az alacsony nedvess\u00e9gtartalm\u00fa folyad\u00e9kok p\u00e1r\u00e1tlan\u00edt\u00e1s\u00e1ra. A zeolit m\u00e1s szorbensekhez k\u00e9pest nagyobb h\u0151\u00e1ll\u00f3s\u00e1ggal rendelkezik.\r\n\r\nAz elektromos energiaiparban a zeolitot olajok dehidrat\u00e1l\u00e1s\u00e1ra haszn\u00e1lj\u00e1k. A g\u00e1ziparban l\u00e9gsz\u00e1r\u00edt\u00f3 sz\u0171r\u0151kh\u00f6z \u00e9s hidrog\u00e9nnel h\u0171t\u00f6tt gener\u00e1torokhoz aj\u00e1nlott. Sok esetben - a szok\u00e1sos szorbensek zeolittal val\u00f3 helyettes\u00edt\u00e9s\u00e9nek lehet\u0151s\u00e9ge lehet\u0151v\u00e9 teszi a dehidrat\u00e1lt g\u00e1z h\u0171t\u00e9si szakasz\u00e1nak elker\u00fcl\u00e9s\u00e9t, \u00e9s k\u00f6vetkez\u00e9sk\u00e9ppen az energiafogyaszt\u00e1s cs\u00f6kkent\u00e9s\u00e9t \u00e9s a folyamat egyszer\u0171s\u00edt\u00e9s\u00e9t.\r\n\r\nA zeolitot nagy nedvess\u00e9gfelv\u00e9teli sebess\u00e9g jellemzi. A magas dehidrat\u00e1lts\u00e1g gyakorlatilag az eg\u00e9sz folyamat sor\u00e1n fennmarad. A nedvess\u00e9gtartalom a v\u00e9g\u00e9n nem fokozatosan, hanem hirtelen \u00e9s gyorsan n\u00f6vekszik. \u00cdgy a zeolit adszorpci\u00f3s kapacit\u00e1s\u00e1t teljes m\u00e9rt\u00e9kben ki lehet haszn\u00e1lni.\r\n\r\nAz el\u0151zetes zeolit dehidrat\u00e1l\u00e1st a zeolitsz\u00e1r\u00edt\u00f3 szekr\u00e9ny-15 seg\u00edts\u00e9g\u00e9vel v\u00e9gzik. Ez a dehidrat\u00e1l\u00e1s seg\u00edt a zeolit adszorpci\u00f3s tulajdons\u00e1gainak jav\u00edt\u00e1s\u00e1ban. Emellett ez a szekr\u00e9ny elektr\u00f3d\u00e1k sz\u00e1r\u00edt\u00e1s\u00e1ra is haszn\u00e1lhat\u00f3.\r\n\r\nA 15-\u00f6s zeolitsz\u00e1r\u00edt\u00f3 szekr\u00e9nyt a k\u00f6vetkez\u0151 helyeken t\u00f6rt\u00e9n\u0151 felhaszn\u00e1l\u00e1sra tervezt\u00e9k:\r\n\r\nK\u00fcls\u0151 h\u0151m\u00e9rs\u00e9klet 0 \u00e9s 35 \u00baC k\u00f6z\u00f6tt;\r\nl\u00e9gk\u00f6ri nyom\u00e1s 630 \u00e9s 800 mm higany (Torr) k\u00f6z\u00f6tt.\r\n\r\nA szekr\u00e9ny burkolata ac\u00e9llemezb\u0151l k\u00e9sz\u00fclt. A szekr\u00e9ny egy sz\u00e1r\u00edt\u00f3kamr\u00e1val rendelkezik. A sz\u00e1r\u00edt\u00f3kamra k\u00e9t oldal\u00e1n k\u00e9t f\u0171t\u0151egys\u00e9g van felszerelve. A h\u00e1ts\u00f3 panelen egy ventil\u00e1tor tal\u00e1lhat\u00f3, amelyet az elektromos f\u0171t\u0151berendez\u00e9sekb\u0151l sz\u00e1rmaz\u00f3 leveg\u0151nek az oldallapokon tal\u00e1lhat\u00f3 lyukakon kereszt\u00fcl a kamr\u00e1ba t\u00f6rt\u00e9n\u0151 \u00e1ramoltat\u00e1s\u00e1ra terveztek. A h\u0151vesztes\u00e9g cs\u00f6kkent\u00e9se \u00e9rdek\u00e9ben a burkolat h\u0151szigetelt.\r\n\r\nA zeolitsz\u00e1r\u00edt\u00e1si folyamatot egy modul\u00e1risan \u00f6ssze\u00e1ll\u00edtott egys\u00e9g vez\u00e9rli, amely a sz\u00e1r\u00edt\u00f3doboz melletti falon van elhelyezve."}],"add_def_tab":[{"tab_title":"M\u0171szaki adatok","tab_content":"<table>\r\n<tbody>\r\n<tr>\r\n<td><strong>\u2116<\/strong><\/td>\r\n<td>\r\n<p style=\"text-align: center;\"><strong>Param\u00e9ter<\/strong><\/p>\r\n<\/td>\r\n<td>\r\n<p style=\"text-align: center;\"><strong>\u00c9rt\u00e9k<\/strong><\/p>\r\n<\/td>\r\n<\/tr>\r\n<tr>\r\n<td>1<\/td>\r\n<td style=\"text-align: left;\">Zeolit, dm\u00b3<\/td>\r\n<td>\r\n<p style=\"text-align: center;\">130<\/p>\r\n<\/td>\r\n<\/tr>\r\n<tr>\r\n<td>2<\/td>\r\n<td style=\"text-align: left;\">Szekr\u00e9nyen bel\u00fcli t\u00e1lc\u00e1k sz\u00e1ma<\/td>\r\n<td>\r\n<p style=\"text-align: center;\">12<\/p>\r\n<\/td>\r\n<\/tr>\r\n<tr>\r\n<td>3<\/td>\r\n<td style=\"text-align: left;\">F\u0171t\u0151teljes\u00edtm\u00e9ny, kW (kilowatt)<\/td>\r\n<td>\r\n<p style=\"text-align: center;\">14,4<\/p>\r\n<\/td>\r\n<\/tr>\r\n<tr>\r\n<td>4<\/td>\r\n<td style=\"text-align: left;\">H\u0151m\u00e9rs\u00e9klet-szab\u00e1lyoz\u00e1si tartom\u00e1ny, \u00b0C<\/td>\r\n<td style=\"text-align: center;\">Legfeljebb 250<\/td>\r\n<\/tr>\r\n<tr>\r\n<td>5<\/td>\r\n<td style=\"text-align: left;\">Ventil\u00e1tor teljes\u00edtm\u00e9ny, kW (kilowatt)<\/td>\r\n<td>\r\n<p style=\"text-align: center;\">0,18<\/p>\r\n<\/td>\r\n<\/tr>\r\n<tr>\r\n<td>6<\/td>\r\n<td style=\"text-align: left;\">Fesz\u00fclts\u00e9g 50 Hz-es \u00e1ramfrekvenci\u00e1n, V<\/td>\r\n<td>\r\n<p style=\"text-align: center;\">380<\/p>\r\n<\/td>\r\n<\/tr>\r\n<tr>\r\n<td>7<\/td>\r\n<td style=\"text-align: left;\">T\u00f6meg (zeolit n\u00e9lk\u00fcl), kg, legfeljebb<\/td>\r\n<td>\r\n<p style=\"text-align: center;\">370<\/p>\r\n<\/td>\r\n<\/tr>\r\n<tr>\r\n<td rowspan=\"4\">8<\/td>\r\n<td style=\"text-align: left;\">\u00c1ltal\u00e1nos specifik\u00e1ci\u00f3k (metrikus)<\/td>\r\n<td><\/td>\r\n<\/tr>\r\n<tr>\r\n<td style=\"text-align: left;\">\u2013 \u00d6sszhossz<\/td>\r\n<td>\r\n<p style=\"text-align: center;\">1500<\/p>\r\n<\/td>\r\n<\/tr>\r\n<tr>\r\n<td style=\"text-align: left;\">\u2013 \u00d6ssz-sz\u00e9less\u00e9g (ajt\u00f3 z\u00e1rva)<\/td>\r\n<td>\r\n<p style=\"text-align: center;\">1000<\/p>\r\n<\/td>\r\n<\/tr>\r\n<tr>\r\n<td style=\"text-align: left;\">\u2013 \u00d6sszmagass\u00e1g<\/td>\r\n<td>\r\n<p style=\"text-align: center;\">1100<\/p>\r\n<\/td>\r\n<\/tr>\r\n<\/tbody>\r\n<\/table>"},{"tab_title":"El\u0151ny\u00f6k","tab_content":"<ul>\r\n \t<li style=\"text-align: justify;\">a f\u0171t\u00e9si h\u0151m\u00e9rs\u00e9klet 400\u00baC-ra emelkedett;\r\nautomatikus h\u0151m\u00e9rs\u00e9klet-szab\u00e1lyoz\u00e1s \u00b1 9 \u00baC;\r\ncsavaros ajt\u00f3z\u00e1r a hermetiz\u00e1l\u00e1s jav\u00edt\u00e1sa \u00e9rdek\u00e9ben;\r\nK\u00e9nyelmes kialak\u00edt\u00e1s lehet\u0151v\u00e9 teszi a t\u00e1lc\u00e1k elt\u00e1vol\u00edt\u00e1s\u00e1t, ez\u00e1ltal lehet\u0151v\u00e9 teszi a szekr\u00e9ny haszn\u00e1lat\u00e1t m\u00e1s feladatokra : meleg\u00edt\u00e9s, kem\u00e9ny\u00edt\u00e9s \u00e9s s\u00fct\u00e9s.\r\n\r\nAz \u00fcgyf\u00e9l ig\u00e9nyei \u00e9s k\u00f6vetelm\u00e9nyei szerint a sz\u00e1r\u00edt\u00f3 felszerelhet\u0151:\r\n\r\nF\u0171t\u0151elemek ak\u00e1r 800\u00baC-ig, ami lehet\u0151v\u00e9 teszi a kamra alkalmaz\u00e1si tartom\u00e1ny\u00e1nak kiterjeszt\u00e9s\u00e9t;\r\nautomatikus ajt\u00f3szab\u00e1lyoz\u00e1s, amely megakad\u00e1lyozza a sz\u00e1r\u00edt\u00f3 ajtaj\u00e1nak kinyit\u00e1s\u00e1t, am\u00edg az le nem h\u0171l. Megv\u00e9di a szem\u00e9lyzetet az \u00e9g\u00e9si s\u00e9r\u00fcl\u00e9sekt\u0151l.<\/li>\r\n<\/ul>"},{"tab_title":"Alkalmaz\u00e1s","tab_content":"A GlobeCore SSC sz\u00e1r\u00edt\u00f3kemenc\u00e9k a k\u00f6vetkez\u0151kre haszn\u00e1lhat\u00f3k:\r\n\r\nzeolit regener\u00e1l\u00e1s\u00e1ra oxig\u00e9nkoncentr\u00e1torokban;\r\nzeolit sz\u00e1r\u00edt\u00e1sa;\r\nszilikag\u00e9l regener\u00e1l\u00e1sa;\r\nhegeszt\u0151elektr\u00f3d\u00e1k sz\u00e1r\u00edt\u00e1sa;\r\ncsap\u00e1gysz\u00e1r\u00edt\u00e1s;\r\nmotorarmat\u00far\u00e1k sz\u00e1r\u00edt\u00e1sa;\r\nelektromos motorok tekercsel\u00e9s\u00e9nek sz\u00e1r\u00edt\u00e1sa;\r\nsz\u0171r\u0151k sz\u00e1r\u00edt\u00e1sa ipari sz\u0171r\u0151rendszerekben;\r\nkataliz\u00e1torok sz\u00e1r\u00edt\u00e1sa;\r\nelektronikai alkatr\u00e9szek sz\u00e1r\u00edt\u00e1sa;\r\nh\u0151szigetel\u0151 anyagok (habos\u00edtott m\u0171anyag, \u00fcveggyapot) sz\u00e1r\u00edt\u00e1sa;\r\nm\u0171anyag term\u00e9kek (palackok, tart\u00e1lyok) sz\u00e1r\u00edt\u00e1sa;\r\n\u00e9p\u00edt\u0151ipari term\u00e9kek sz\u00e1r\u00edt\u00e1sa (el\u0151re kevert vakolat, gipszkarton);\r\nfert\u0151tlen\u00edt\u0151 anyagok sz\u00e1r\u00edt\u00e1sa (kl\u00f3rtablett\u00e1k vagy fert\u0151tlen\u00edt\u0151 oldatok);\r\ngy\u00f3gyszerek el\u0151\u00e1ll\u00edt\u00e1s\u00e1hoz vagy v\u00edzkezel\u00e9shez haszn\u00e1lt krist\u00e1lyos s\u00f3k, k\u00fcl\u00f6n\u00f6sen szulf\u00e1tok vagy kloridok sz\u00e1r\u00edt\u00e1sa;\r\nker\u00e1mia- vagy \u00fcvegfest\u00e9shez haszn\u00e1lt ker\u00e1miapigmentek sz\u00e1r\u00edt\u00e1sa;\r\ngy\u00fcm\u00f6lcs\u00f6k \u00e9s z\u00f6lds\u00e9gek (alma, k\u00f6rte, ban\u00e1n, paradicsom, paprika stb.) sz\u00e1r\u00edt\u00e1sa;\r\nf\u0171szerek sz\u00e1r\u00edt\u00e1sa;\r\ngy\u00f3gyn\u00f6v\u00e9nyek sz\u00e1r\u00edt\u00e1sa;\r\ngabonaf\u00e9l\u00e9k (k\u00e1v\u00e9, kukorica, rizs \u00e9s m\u00e1s gabonaf\u00e9l\u00e9k) sz\u00e1r\u00edt\u00e1sa;\r\nker\u00e1mia \u00e9s agyaged\u00e9nyek sz\u00e1r\u00edt\u00e1sa;\r\nfa sz\u00e1r\u00edt\u00e1sa;\r\nn\u00f6v\u00e9nyi (pamut, len) rostok sz\u00e1r\u00edt\u00e1sa pap\u00edrgy\u00e1rt\u00e1shoz;\r\npolimeranyagok sz\u00e1r\u00edt\u00e1sa f\u00f3lia, m\u0171anyag vagy kompozitok el\u0151\u00e1ll\u00edt\u00e1s\u00e1hoz;\r\nmint\u00e1k sz\u00e1r\u00edt\u00e1sa laborat\u00f3riumi elemz\u00e9shez a gy\u00f3gyszeriparban, az \u00e9lelmiszeriparban vagy a vegyiparban;\r\nb\u0151rterm\u00e9kek (t\u00e1sk\u00e1k, \u00f6vek, cip\u0151k) sz\u00e1r\u00edt\u00e1sa."},{"tab_title":"Konfigur\u00e1tor","tab_content":"[ezfc id='31' \/]"},{"tab_title":"Webin\u00e1riumok","tab_content":"https:\/\/www.youtube.com\/live\/q8ALj9TMjNw"}],"add_video_tab":[{"video_tab_title":"Vide\u00f3","add_video_id":[{"video_id":"DKUDxjjRxZ8"},{"video_id":"hzW1HyWJyjU"},{"video_id":"L4e64fEy9JQ"},{"video_id":"7fQOtTyNf78"},{"video_id":"G177dU2IVSk"}]}],"add_gallery_tab":[{"gallery_tab_title":"Gal\u00e9ria","add_img":[26282,26273]}],"add_price_tab":[{"price_tab_title":"Get a quote"}]},"language":"hu","_links":{"self":[{"href":"https:\/\/globecore.dev\/hu\/wp-json\/wp\/v2\/pages\/301385","targetHints":{"allow":["GET"]}}],"collection":[{"href":"https:\/\/globecore.dev\/hu\/wp-json\/wp\/v2\/pages"}],"about":[{"href":"https:\/\/globecore.dev\/hu\/wp-json\/wp\/v2\/types\/page"}],"author":[{"embeddable":true,"href":"https:\/\/globecore.dev\/hu\/wp-json\/wp\/v2\/users\/7"}],"replies":[{"embeddable":true,"href":"https:\/\/globecore.dev\/hu\/wp-json\/wp\/v2\/comments?post=301385"}],"version-history":[{"count":0,"href":"https:\/\/globecore.dev\/hu\/wp-json\/wp\/v2\/pages\/301385\/revisions"}],"up":[{"embeddable":true,"href":"https:\/\/globecore.dev\/hu\/wp-json\/wp\/v2\/pages\/303857"}],"wp:featuredmedia":[{"embeddable":true,"href":"https:\/\/globecore.dev\/hu\/wp-json\/wp\/v2\/media\/301392"}],"wp:attachment":[{"href":"https:\/\/globecore.dev\/hu\/wp-json\/wp\/v2\/media?parent=301385"}],"wp:term":[{"taxonomy":"category","embeddable":true,"href":"https:\/\/globecore.dev\/hu\/wp-json\/wp\/v2\/categories?post=301385"}],"curies":[{"name":"wp","href":"https:\/\/api.w.org\/{rel}","templated":true}]}}