{"id":301379,"date":"2021-04-26T10:39:52","date_gmt":"2021-04-26T10:39:52","guid":{"rendered":"https:\/\/globecore.dev\/brps-zeolite-regeneration-block\/"},"modified":"2025-02-25T18:58:58","modified_gmt":"2025-02-25T18:58:58","slug":"brps-zeolite-regeneration-block","status":"publish","type":"page","link":"https:\/\/globecore.dev\/hu\/products\/zeolite-regeneration-and-drying\/brps-zeolite-regeneration-block\/","title":{"rendered":"BRPS Zeolit regener\u00e1ci\u00f3s blokk"},"content":{"rendered":"","protected":false},"excerpt":{"rendered":"","protected":false},"author":7,"featured_media":299532,"parent":303857,"menu_order":0,"comment_status":"closed","ping_status":"closed","template":"templates\/single-product.php","meta":{"_acf_changed":false,"_bbp_topic_count":0,"_bbp_reply_count":0,"_bbp_total_topic_count":0,"_bbp_total_reply_count":0,"_bbp_voice_count":0,"_bbp_anonymous_reply_count":0,"_bbp_topic_count_hidden":0,"_bbp_reply_count_hidden":0,"_bbp_forum_subforum_count":0,"footnotes":""},"categories":[2165],"class_list":["post-301379","page","type-page","status-publish","has-post-thumbnail","hentry","category-oil-maintenance-hu"],"acf":{"add_tab":[{"tab_title":"Le\u00edr\u00e1s","tab_content":"A BRPS \u00fczemet \u00fagy tervezt\u00e9k, hogy a szorbens (zeolit) olajmaradv\u00e1nyokt\u00f3l val\u00f3 megtiszt\u00edt\u00e1s\u00e1t t\u00falhev\u00edtett g\u0151zzel, valamint a kor\u00e1bban felsz\u00edvott nedvess\u00e9g forr\u00f3 leveg\u0151vel t\u00f6rt\u00e9n\u0151 sz\u00e1r\u00edt\u00e1ssal t\u00f6rt\u00e9n\u0151 elt\u00e1vol\u00edt\u00e1s\u00e1t szolg\u00e1lja.\r\n\r\nA blokkot olyan energiatermel\u0151, ipari \u00e9s egy\u00e9b r\u00e9szlegekben haszn\u00e1lj\u00e1k, amelyek zeolittal t\u00f6lt\u00f6tt adszorbereket alkalmaznak ken\u0151olajok \u00e9s elektromos szigetel\u0151olajok sz\u00e1r\u00edt\u00e1s\u00e1ra, mint p\u00e9ld\u00e1ul a CMM-260C transzform\u00e1tor-sz\u00e1r\u00edt\u00f3rendszer.\r\n\r\nM\u0171k\u00f6d\u00e9si elv\r\n\r\nA zeolit abszorpci\u00f3s tulajdons\u00e1gainak visszanyer\u00e9se \u00e9rdek\u00e9ben 250 \u00b0C-ra kell felmeleg\u00edteni. A zeolit azonban olajmaradv\u00e1nyokat tartalmaz, amelyek lobban\u00e1spontja \u00e1ltal\u00e1ban sokkal alacsonyabb, pl. 130 \u00b0C a transzform\u00e1torolaj eset\u00e9ben.\r\n\r\nEz\u00e9rt a f\u0171t\u00e9s el\u0151tt az \u00fczem a zeolitr\u00e9teg g\u0151zfejleszt\u0151vel el\u0151\u00e1ll\u00edtott t\u00falhev\u00edtett g\u0151zzel t\u00f6rt\u00e9n\u0151 tiszt\u00edt\u00e1s\u00e1val t\u00e1vol\u00edtja el az olajmaradv\u00e1nyokat. A tiszt\u00edt\u00e1si term\u00e9keket egy seg\u00e9dtart\u00e1lyban gy\u0171jtik \u00f6ssze.\r\n\r\nAz olajmaradv\u00e1nyok elt\u00e1vol\u00edt\u00e1sa ut\u00e1n a zeolitot a f\u0171t\u0151berendez\u00e9sbe f\u00fav\u00f3 berendez\u00e9s \u00e1ltal bevezetett forr\u00f3 leveg\u0151vel sz\u00e1r\u00edtj\u00e1k, amelynek h\u0151m\u00e9rs\u00e9klete a f\u0171t\u0151berendez\u00e9s kimenet\u00e9n\u00e9l 250 \u00b0C. A zeolitot a f\u0171t\u0151berendez\u00e9sen kereszt\u00fcl a f\u0171t\u0151berendez\u00e9sbe vezetik.\r\n\r\nAz utols\u00f3 szakaszban a zeolit-tel t\u00f6lt\u00f6tt berendez\u00e9s v\u00e1kuumoz\u00e1sra ker\u00fcl egy v\u00e1kuumszivatty\u00fa m\u0171k\u00f6d\u00e9s\u00e9nek k\u00f6sz\u00f6nhet\u0151en, amely kiszivatty\u00fazza a marad\u00e9k g\u0151zt \u00e9s g\u0151z-g\u00e1z kever\u00e9ket.\r\n\r\nMiut\u00e1n a zeolit leh\u0171lt, \u00fajra felhaszn\u00e1lhat\u00f3 ipari olajok sz\u00e1r\u00edt\u00e1s\u00e1ra."}],"add_def_tab":[{"tab_title":"M\u0171szaki adatok","tab_content":"<table>\r\n<tbody>\r\n<tr>\r\n<td width=\"54\"><strong>\u2116<\/strong><\/td>\r\n<td width=\"356\">\r\n<p style=\"text-align: center;\"><strong>Param\u00e9ter<\/strong><\/p>\r\n<\/td>\r\n<td width=\"205\">\r\n<p style=\"text-align: center;\"><strong>\u00c9rt\u00e9k<\/strong><\/p>\r\n<\/td>\r\n<\/tr>\r\n<tr>\r\n<td width=\"54\">1<\/td>\r\n<td width=\"356\">G\u0151ztiszt\u00edt\u00e1si m\u00f3d param\u00e9terei<\/td>\r\n<td width=\"205\"><strong>\u00a0<\/strong><\/td>\r\n<\/tr>\r\n<tr>\r\n<td width=\"54\"><strong>\u00a0<\/strong><\/td>\r\n<td width=\"356\">\r\n<p style=\"text-align: left;\">- g\u0151zh\u0151m\u00e9rs\u00e9klet, 0 \u00b0C<\/p>\r\n<\/td>\r\n<td width=\"205\">\r\n<p style=\"text-align: center;\">150<\/p>\r\n<\/td>\r\n<\/tr>\r\n<tr>\r\n<td width=\"54\"><strong>\u00a0<\/strong><\/td>\r\n<td width=\"356\">\r\n<p style=\"text-align: left;\">- nyom\u00e1s, MPa<\/p>\r\n<\/td>\r\n<td width=\"205\">\r\n<p style=\"text-align: center;\">0,5<\/p>\r\n<\/td>\r\n<\/tr>\r\n<tr>\r\n<td width=\"54\"><strong>\u00a0<\/strong><\/td>\r\n<td width=\"356\">\r\n<p style=\"text-align: left;\">- f\u0171t\u0151berendez\u00e9sek teljes\u00edtm\u00e9nye, kW<\/p>\r\n<\/td>\r\n<td width=\"205\">\r\n<p style=\"text-align: center;\">12<\/p>\r\n<\/td>\r\n<\/tr>\r\n<tr>\r\n<td width=\"54\">2<\/td>\r\n<td width=\"356\">\r\n<p style=\"text-align: left;\">Sz\u00e1r\u00edt\u00e1si m\u00f3d param\u00e9terei<\/p>\r\n<\/td>\r\n<td width=\"205\"><strong>\u00a0<\/strong><\/td>\r\n<\/tr>\r\n<tr>\r\n<td width=\"54\"><strong>\u00a0<\/strong><\/td>\r\n<td width=\"356\">\r\n<p style=\"text-align: left;\">- leveg\u0151f\u00fav\u00f3 kapacit\u00e1s, m<sup>3<\/sup>\/perc, nem kevesebb mint<\/p>\r\n<\/td>\r\n<td width=\"205\">\r\n<p style=\"text-align: center;\">2,3<\/p>\r\n<\/td>\r\n<\/tr>\r\n<tr>\r\n<td width=\"54\"><strong>\u00a0<\/strong><\/td>\r\n<td width=\"356\">\r\n<p style=\"text-align: left;\">- f\u0171t\u00f6tt leveg\u0151 h\u0151m\u00e9rs\u00e9klete, \u00b0\u0421<\/p>\r\n<\/td>\r\n<td width=\"205\">\r\n<p style=\"text-align: center;\">150\u2013250<\/p>\r\n<\/td>\r\n<\/tr>\r\n<tr>\r\n<td width=\"54\">3<\/td>\r\n<td width=\"356\">\r\n<p style=\"text-align: left;\">V\u00e1kuumol\u00e1si m\u00f3d param\u00e9terei<\/p>\r\n<\/td>\r\n<td width=\"205\"><\/td>\r\n<\/tr>\r\n<tr>\r\n<td width=\"54\"><\/td>\r\n<td width=\"356\">\r\n<p style=\"text-align: left;\">- elsz\u00edv\u00e1si sebess\u00e9g, L\/s, nem kevesebb mint<\/p>\r\n<\/td>\r\n<td width=\"205\">\r\n<p style=\"text-align: center;\">6,6<\/p>\r\n<\/td>\r\n<\/tr>\r\n<tr>\r\n<td width=\"54\"><\/td>\r\n<td width=\"356\">\r\n<p style=\"text-align: left;\">- marad\u00e9k nyom\u00e1s, mbar (mPa), nem nagyobb mint<\/p>\r\n<\/td>\r\n<td width=\"205\">\r\n<p style=\"text-align: center;\">2,5 (250)<\/p>\r\n<\/td>\r\n<\/tr>\r\n<tr>\r\n<td width=\"54\">4<\/td>\r\n<td width=\"356\">\r\n<p style=\"text-align: left;\">Leveg\u0151f\u00fav\u00f3 teljes\u00edtm\u00e9ny, kW, nem nagyobb mint<\/p>\r\n<\/td>\r\n<td width=\"205\">\r\n<p style=\"text-align: center;\">10,8<\/p>\r\n<\/td>\r\n<\/tr>\r\n<tr>\r\n<td width=\"54\">5<\/td>\r\n<td width=\"356\">\r\n<p style=\"text-align: left;\">H\u0171t\u0151berendez\u00e9s lap\u00e1tkereke meghajt\u00f3j\u00e1nak teljes\u00edtm\u00e9nye, kW, nem nagyobb mint<\/p>\r\n<\/td>\r\n<td width=\"205\">\r\n<p style=\"text-align: center;\">0,75<\/p>\r\n<\/td>\r\n<\/tr>\r\n<tr>\r\n<td width=\"54\">6<\/td>\r\n<td width=\"356\">\r\n<p style=\"text-align: left;\">K\u00edv\u00e1nt teljes\u00edtm\u00e9ny, kW, nem nagyobb mint<\/p>\r\n<\/td>\r\n<td width=\"205\">\r\n<p style=\"text-align: center;\">13,2<\/p>\r\n<\/td>\r\n<\/tr>\r\n<tr>\r\n<td width=\"54\">7<\/td>\r\n<td width=\"356\">\r\n<p style=\"text-align: left;\">M\u00e9retek, mm, nem nagyobbak mint:<\/p>\r\n<\/td>\r\n<td width=\"205\"><\/td>\r\n<\/tr>\r\n<tr>\r\n<td width=\"54\"><\/td>\r\n<td width=\"356\">\r\n<p style=\"text-align: left;\">- hossz\u00fas\u00e1g<\/p>\r\n<\/td>\r\n<td width=\"205\">\r\n<p style=\"text-align: center;\">1100<\/p>\r\n<\/td>\r\n<\/tr>\r\n<tr>\r\n<td width=\"54\"><\/td>\r\n<td width=\"356\">\r\n<p style=\"text-align: left;\">- sz\u00e9less\u00e9g<\/p>\r\n<\/td>\r\n<td width=\"205\">\r\n<p style=\"text-align: center;\">650<\/p>\r\n<\/td>\r\n<\/tr>\r\n<tr>\r\n<td width=\"54\"><\/td>\r\n<td width=\"356\">\r\n<p style=\"text-align: left;\">- magass\u00e1g<\/p>\r\n<\/td>\r\n<td width=\"205\">\r\n<p style=\"text-align: center;\">1350<\/p>\r\n<\/td>\r\n<\/tr>\r\n<tr>\r\n<td width=\"54\">8<\/td>\r\n<td width=\"356\">\r\n<p style=\"text-align: left;\">T\u00f6meg, kg, nem nagyobb mint<\/p>\r\n<\/td>\r\n<td width=\"205\">\r\n<p style=\"text-align: center;\">210<\/p>\r\n<\/td>\r\n<\/tr>\r\n<\/tbody>\r\n<\/table>"},{"tab_title":"El\u0151ny\u00f6k","tab_content":"<ul>\r\n \t<li style=\"text-align: justify;\">kompakt m\u00e9ret;<\/li>\r\n \t<li style=\"text-align: justify;\">mobilit\u00e1s a ker\u00e9kre szerelt kialak\u00edt\u00e1snak k\u00f6sz\u00f6nhet\u0151en;<\/li>\r\n \t<li style=\"text-align: justify;\">a f\u0171t\u0151teljes\u00edtm\u00e9ny elegend\u0151 a leveg\u0151 400 \u00b0C-ig t\u00f6rt\u00e9n\u0151 felmeleg\u00edt\u00e9s\u00e9hez, \u00edgy a BRPS m\u00e1s, magasabb f\u0171t\u00e9si h\u0151m\u00e9rs\u00e9kletet ig\u00e9nyl\u0151<\/li>\r\n \t<li style=\"text-align: justify;\">probl\u00e9m\u00e1k megold\u00e1s\u00e1ra is haszn\u00e1lhat\u00f3;<\/li>\r\n \t<li style=\"text-align: justify;\">zeolit megtakar\u00edt\u00e1s az olajok sz\u00e1r\u00edt\u00e1s\u00e1ra t\u00f6rt\u00e9n\u0151 \u00fajrafelhaszn\u00e1l\u00e1s miatt.<\/li>\r\n<\/ul>"},{"tab_title":"Alkalmaz\u00e1s","tab_content":"A GlobeCore BRPS egys\u00e9ge haszn\u00e1lhat\u00f3:\r\n\r\nipari olajok (transzform\u00e1tor, turbina, hidraulikus, ipari, k\u00e1bel stb.) sz\u00e1r\u00edt\u00e1s\u00e1ra haszn\u00e1lt zeolit regener\u00e1l\u00e1s\u00e1ra.\r\na f\u00f6ldg\u00e1zfeldolgoz\u00e1sban haszn\u00e1lt zeolit regener\u00e1l\u00e1sa;\r\na szennyv\u00edzb\u0151l sz\u00e1rmaz\u00f3 szennyez\u0151 anyagok elt\u00e1vol\u00edt\u00e1s\u00e1ra haszn\u00e1lt zeolit regener\u00e1l\u00e1sa;\r\na zeolit regener\u00e1l\u00e1sa, amelyet az olajkrakkol\u00e1s sor\u00e1n a kataliz\u00e1torok visszanyer\u00e9s\u00e9re haszn\u00e1lnak;\r\na biomassza bio\u00fczemanyagg\u00e1 t\u00f6rt\u00e9n\u0151 \u00e1talak\u00edt\u00e1sa sor\u00e1n haszn\u00e1lt zeolit regener\u00e1l\u00e1sa;\r\na m\u0171anyagok \u00e9s m\u00e1s polimer anyagok el\u0151\u00e1ll\u00edt\u00e1sa sor\u00e1n kataliz\u00e1tork\u00e9nt haszn\u00e1lt zeolitok regener\u00e1l\u00e1sa;\r\na l\u00edtium akkumul\u00e1torok teljes\u00edtm\u00e9ny\u00e9nek jav\u00edt\u00e1s\u00e1ra haszn\u00e1lt zeolitok regener\u00e1l\u00e1sa;\r\naz irodah\u00e1zak, ipari komplexumok \u00e9s lak\u00f3\u00f6vezetek kl\u00edmaberendez\u00e9seiben haszn\u00e1lt zeolit regener\u00e1l\u00e1sa;\r\na f\u00e9lvezet\u0151k gy\u00e1rt\u00e1s\u00e1ban haszn\u00e1lt zeolit regener\u00e1l\u00e1sa;\r\na szint\u00e9zisg\u00e1z el\u0151\u00e1ll\u00edt\u00e1s\u00e1hoz haszn\u00e1lt zeolit regener\u00e1l\u00e1sa;\r\na kozmetikumok el\u0151\u00e1ll\u00edt\u00e1s\u00e1hoz haszn\u00e1lt zeolit regener\u00e1l\u00e1sa;\r\naz \u00e9lelmiszercsomagol\u00e1sban nedvess\u00e9gstabiliz\u00e1l\u00e1shoz haszn\u00e1lt zeolit regener\u00e1l\u00e1sa;\r\na szell\u0151z\u0151rendszerekben haszn\u00e1lt zeolit regener\u00e1l\u00e1sa."},{"tab_title":"Konfigur\u00e1tor","tab_content":"[ezfc id='23' \/]"},{"tab_title":"Webin\u00e1riumok","tab_content":"https:\/\/www.youtube.com\/live\/q8ALj9TMjNw"}],"add_video_tab":[{"video_tab_title":"Vide\u00f3","add_video_id":[{"video_id":"G177dU2IVSk"},{"video_id":"7fQOtTyNf78"},{"video_id":"L4e64fEy9JQ"}]}],"add_gallery_tab":null,"add_price_tab":[{"price_tab_title":"Get a quote"}]},"language":"hu","_links":{"self":[{"href":"https:\/\/globecore.dev\/hu\/wp-json\/wp\/v2\/pages\/301379","targetHints":{"allow":["GET"]}}],"collection":[{"href":"https:\/\/globecore.dev\/hu\/wp-json\/wp\/v2\/pages"}],"about":[{"href":"https:\/\/globecore.dev\/hu\/wp-json\/wp\/v2\/types\/page"}],"author":[{"embeddable":true,"href":"https:\/\/globecore.dev\/hu\/wp-json\/wp\/v2\/users\/7"}],"replies":[{"embeddable":true,"href":"https:\/\/globecore.dev\/hu\/wp-json\/wp\/v2\/comments?post=301379"}],"version-history":[{"count":0,"href":"https:\/\/globecore.dev\/hu\/wp-json\/wp\/v2\/pages\/301379\/revisions"}],"up":[{"embeddable":true,"href":"https:\/\/globecore.dev\/hu\/wp-json\/wp\/v2\/pages\/303857"}],"wp:featuredmedia":[{"embeddable":true,"href":"https:\/\/globecore.dev\/hu\/wp-json\/wp\/v2\/media\/299532"}],"wp:attachment":[{"href":"https:\/\/globecore.dev\/hu\/wp-json\/wp\/v2\/media?parent=301379"}],"wp:term":[{"taxonomy":"category","embeddable":true,"href":"https:\/\/globecore.dev\/hu\/wp-json\/wp\/v2\/categories?post=301379"}],"curies":[{"name":"wp","href":"https:\/\/api.w.org\/{rel}","templated":true}]}}