{"id":301374,"date":"2021-05-12T13:03:09","date_gmt":"2021-05-12T13:03:09","guid":{"rendered":"https:\/\/globecore.dev\/zeolite-regeneration-units-brz\/"},"modified":"2025-02-25T19:00:30","modified_gmt":"2025-02-25T19:00:30","slug":"zeolite-regeneration-units-brz","status":"publish","type":"page","link":"https:\/\/globecore.dev\/hu\/products\/zeolite-regeneration-and-drying\/zeolite-regeneration-units-brz\/","title":{"rendered":"BRZ Zeolit regener\u00e1ci\u00f3s blokk"},"content":{"rendered":"","protected":false},"excerpt":{"rendered":"","protected":false},"author":59,"featured_media":298760,"parent":303857,"menu_order":0,"comment_status":"closed","ping_status":"closed","template":"templates\/single-product.php","meta":{"_acf_changed":false,"_bbp_topic_count":0,"_bbp_reply_count":0,"_bbp_total_topic_count":0,"_bbp_total_reply_count":0,"_bbp_voice_count":0,"_bbp_anonymous_reply_count":0,"_bbp_topic_count_hidden":0,"_bbp_reply_count_hidden":0,"_bbp_forum_subforum_count":0,"footnotes":""},"categories":[2165],"class_list":["post-301374","page","type-page","status-publish","has-post-thumbnail","hentry","category-oil-maintenance-hu"],"acf":{"add_tab":[{"tab_title":"Le\u00edr\u00e1s","tab_content":"A BRZ regener\u00e1l\u00f3 egys\u00e9get a CMM-260C transzform\u00e1torsz\u00e1r\u00edt\u00f3 rendszer CMM-260C transzform\u00e1torsz\u00e1r\u00edt\u00f3 rendszer\u00e9nek a dielektromos szigetel\u0151olaj sz\u00e1r\u00edt\u00e1s\u00e1hoz haszn\u00e1lt szorbens1 patronjainak3 teljes\u00edtm\u00e9ny\u00e9nek helyre\u00e1ll\u00edt\u00e1s\u00e1ra tervezt\u00e9k. The BRZ unit regenerates the cartridges by hot air to purge and clean the cartridges of excess moisture."}],"add_def_tab":[{"tab_title":"M\u0171szaki adatok","tab_content":"<table>\r\n  <tbody>\r\n    <tr>\r\n      <td style=\"text-align: center;\" width=\"328\"><strong>Param\u00e9ter<\/strong><\/td>\r\n      <td style=\"text-align: center;\" width=\"329\"><strong>\u00c9rt\u00e9k<\/strong><\/td>\r\n    <\/tr>\r\n    <tr>\r\n      <td width=\"328\">F\u0171t\u0151teljes\u00edtm\u00e9ny, kW<\/td>\r\n      <td style=\"text-align: center;\" width=\"329\">10.8<\/td>\r\n    <\/tr>\r\n    <tr>\r\n      <td width=\"328\">H\u0171t\u0151ventil\u00e1tor meghajt\u00f3 teljes\u00edtm\u00e9nye, kW<\/td>\r\n      <td style=\"text-align: center;\" width=\"329\">0.75<\/td>\r\n    <\/tr>\r\n    <tr>\r\n      <td width=\"328\">N\u00e9vleges teljes\u00edtm\u00e9ny, kW<\/td>\r\n      <td style=\"text-align: center;\" width=\"329\">13.2<\/td>\r\n    <\/tr>\r\n    <tr>\r\n      <td colspan=\"2\" width=\"657\">Zeolit sz\u00e1r\u00edt\u00e1si m\u00f3d param\u00e9terei<\/td>\r\n    <\/tr>\r\n    <tr>\r\n      <td width=\"328\">\r\n        <ul>\r\n          <li>Leveg\u0151f\u00fav\u00f3 \u00e1tereszt\u0151k\u00e9pess\u00e9ge, m<sup>3<\/sup>\/perc<\/li>\r\n        <\/ul>\r\n      <\/td>\r\n      <td style=\"text-align: center;\" width=\"329\">2.3<\/td>\r\n    <\/tr>\r\n    <tr>\r\n      <td width=\"328\">\r\n        <ul>\r\n          <li>F\u0171t\u00f6tt leveg\u0151 h\u0151m\u00e9rs\u00e9klete, \u00b0C\/\u00b0F<\/li>\r\n        <\/ul>\r\n      <\/td>\r\n      <td style=\"text-align: center;\" width=\"329\">250\/483<\/td>\r\n    <\/tr>\r\n    <tr>\r\n      <td colspan=\"2\" width=\"657\">V\u00e1kuumol\u00e1si m\u00f3d param\u00e9terei<\/td>\r\n    <\/tr>\r\n    <tr>\r\n      <td width=\"328\">\r\n        <ul>\r\n          <li>Elsz\u00edv\u00e1si sebess\u00e9g, L\/m\u00e1sodperc<\/li>\r\n        <\/ul>\r\n      <\/td>\r\n      <td style=\"text-align: center;\" width=\"329\">6.6<\/td>\r\n    <\/tr>\r\n    <tr>\r\n      <td width=\"328\">\r\n        <ul>\r\n          <li>Marad\u00e9k nyom\u00e1s, mbar (mPa)<\/li>\r\n        <\/ul>\r\n      <\/td>\r\n      <td style=\"text-align: center;\" width=\"329\">250<\/td>\r\n    <\/tr>\r\n    <tr>\r\n      <td colspan=\"2\" width=\"657\">M\u00e9retek, mm:<\/td>\r\n    <\/tr>\r\n    <tr>\r\n      <td width=\"328\">\r\n        <ul>\r\n          <li>hossz\u00fas\u00e1g<\/li>\r\n        <\/ul>\r\n      <\/td>\r\n      <td style=\"text-align: center;\" width=\"329\">1100\/3\u20193\u2019\u2019<\/td>\r\n    <\/tr>\r\n    <tr>\r\n      <td width=\"328\">\r\n        <ul>\r\n          <li>sz\u00e9less\u00e9g<\/li>\r\n        <\/ul>\r\n      <\/td>\r\n      <td style=\"text-align: center;\" width=\"329\">650\/2\u20192\u2019\u2019<\/td>\r\n    <\/tr>\r\n    <tr>\r\n      <td width=\"328\">\r\n        <ul>\r\n          <li>magass\u00e1g<\/li>\r\n        <\/ul>\r\n      <\/td>\r\n      <td style=\"text-align: center;\" width=\"329\">1250\/4\u20191\u2019\u2019<\/td>\r\n    <\/tr>\r\n    <tr>\r\n      <td width=\"328\">T\u00f6meg, kg<\/td>\r\n      <td style=\"text-align: center;\" width=\"329\">220\/486.2<\/td>\r\n    <\/tr>\r\n  <\/tbody>\r\n<\/table>\r\n"},{"tab_title":"El\u0151ny\u00f6k","tab_content":"<ul>\r\n \t<li>a kezdeti zeolit param\u00e9terek helyre\u00e1ll\u00edt\u00e1sa;\r\nm\u00e1s szorbensek is regener\u00e1lhat\u00f3k, p\u00e9ld\u00e1ul szilikag\u00e9l;\r\nhaszn\u00e1lhat\u00f3 CMM-260C egys\u00e9ggel egy\u00fctt vagy \u00f6n\u00e1ll\u00f3an;\r\nkompakt m\u00e9ret \u00e9s mobilit\u00e1s;\r\negyszer\u0171 \u00fczemeltet\u00e9s \u00e9s szervizel\u00e9s.<\/li>\r\n<\/ul>"},{"tab_title":"Alkalmaz\u00e1s","tab_content":"A GlobeCore BRZ egys\u00e9ge haszn\u00e1lhat\u00f3:\r\n\r\nipari olajok (transzform\u00e1tor, turbina, hidraulikus, ipari, k\u00e1bel stb.) sz\u00e1r\u00edt\u00e1s\u00e1ra haszn\u00e1lt zeolit regener\u00e1l\u00e1s\u00e1ra.\r\nhaszn\u00e1lt zeolit regener\u00e1l\u00e1sa a f\u00f6ldg\u00e1zfeldolgoz\u00e1sban;\r\na szennyv\u00edzb\u0151l sz\u00e1rmaz\u00f3 szennyez\u0151 anyagok elt\u00e1vol\u00edt\u00e1s\u00e1ra haszn\u00e1lt zeolit regener\u00e1l\u00e1sa;\r\na zeolit regener\u00e1l\u00e1sa, amelyet az olajkrakkol\u00e1s sor\u00e1n a kataliz\u00e1torok visszanyer\u00e9s\u00e9re haszn\u00e1lnak;\r\na biomassza bio\u00fczemanyagg\u00e1 t\u00f6rt\u00e9n\u0151 \u00e1talak\u00edt\u00e1sa sor\u00e1n haszn\u00e1lt zeolit regener\u00e1l\u00e1sa;\r\na m\u0171anyagok \u00e9s m\u00e1s polimer anyagok el\u0151\u00e1ll\u00edt\u00e1sa sor\u00e1n kataliz\u00e1tork\u00e9nt haszn\u00e1lt zeolitok regener\u00e1l\u00e1sa;\r\na l\u00edtium akkumul\u00e1torok teljes\u00edtm\u00e9ny\u00e9nek jav\u00edt\u00e1s\u00e1ra haszn\u00e1lt zeolitok regener\u00e1l\u00e1sa;\r\naz irodah\u00e1zak, ipari komplexumok \u00e9s lak\u00f3\u00f6vezetek kl\u00edmaberendez\u00e9seiben haszn\u00e1lt zeolit regener\u00e1l\u00e1sa;\r\na f\u00e9lvezet\u0151k gy\u00e1rt\u00e1s\u00e1ban haszn\u00e1lt zeolit regener\u00e1l\u00e1sa;\r\na szint\u00e9zisg\u00e1z el\u0151\u00e1ll\u00edt\u00e1s\u00e1hoz haszn\u00e1lt zeolit regener\u00e1l\u00e1sa;\r\na kozmetikumok el\u0151\u00e1ll\u00edt\u00e1s\u00e1hoz haszn\u00e1lt zeolit regener\u00e1l\u00e1sa;\r\naz \u00e9lelmiszercsomagol\u00e1sban nedvess\u00e9gstabiliz\u00e1l\u00e1shoz haszn\u00e1lt zeolit regener\u00e1l\u00e1sa;\r\na szell\u0151z\u0151rendszerekben haszn\u00e1lt zeolit regener\u00e1l\u00e1sa."},{"tab_title":"Konfigur\u00e1tor","tab_content":"[ezfc id='104' \/]"},{"tab_title":"Webin\u00e1riumok","tab_content":"https:\/\/www.youtube.com\/live\/703vQ0n4ugY"}],"add_video_tab":[{"video_tab_title":"Vide\u00f3","add_video_id":[{"video_id":"7fQOtTyNf78"},{"video_id":"G177dU2IVSk"},{"video_id":"zR_I3tvnPbM"}]}],"add_gallery_tab":null,"add_price_tab":[{"price_tab_title":"Get a Quote"}]},"language":"hu","_links":{"self":[{"href":"https:\/\/globecore.dev\/hu\/wp-json\/wp\/v2\/pages\/301374","targetHints":{"allow":["GET"]}}],"collection":[{"href":"https:\/\/globecore.dev\/hu\/wp-json\/wp\/v2\/pages"}],"about":[{"href":"https:\/\/globecore.dev\/hu\/wp-json\/wp\/v2\/types\/page"}],"author":[{"embeddable":true,"href":"https:\/\/globecore.dev\/hu\/wp-json\/wp\/v2\/users\/59"}],"replies":[{"embeddable":true,"href":"https:\/\/globecore.dev\/hu\/wp-json\/wp\/v2\/comments?post=301374"}],"version-history":[{"count":0,"href":"https:\/\/globecore.dev\/hu\/wp-json\/wp\/v2\/pages\/301374\/revisions"}],"up":[{"embeddable":true,"href":"https:\/\/globecore.dev\/hu\/wp-json\/wp\/v2\/pages\/303857"}],"wp:featuredmedia":[{"embeddable":true,"href":"https:\/\/globecore.dev\/hu\/wp-json\/wp\/v2\/media\/298760"}],"wp:attachment":[{"href":"https:\/\/globecore.dev\/hu\/wp-json\/wp\/v2\/media?parent=301374"}],"wp:term":[{"taxonomy":"category","embeddable":true,"href":"https:\/\/globecore.dev\/hu\/wp-json\/wp\/v2\/categories?post=301374"}],"curies":[{"name":"wp","href":"https:\/\/api.w.org\/{rel}","templated":true}]}}