{"id":301369,"date":"2018-07-26T07:15:50","date_gmt":"2018-07-26T07:15:50","guid":{"rendered":"https:\/\/globecore.dev\/products\/vacuum-drying-oven\/"},"modified":"2025-02-25T12:25:54","modified_gmt":"2025-02-25T12:25:54","slug":"vacuum-drying-oven","status":"publish","type":"page","link":"https:\/\/globecore.dev\/hu\/products\/vacuum-drying-oven\/","title":{"rendered":"V\u00e1kuumsz\u00e1r\u00edt\u00f3 kemence"},"content":{"rendered":"<p>A GlobeCore v\u00e1kuumsz\u00e1r\u00edt\u00f3 s\u00fct\u0151 a k\u00f6vetkez\u0151k\u00e9ppen m\u0171k\u00f6dik. A tekercset bet\u00f6lti a kemenc\u00e9be, \u00e9s 100-110 \u00b0C-os h\u0151m\u00e9rs\u00e9kletnek teszi ki. Ezut\u00e1n a leveg\u0151t elsz\u00edvj\u00e1k a kemenc\u00e9b\u0151l, hogy cs\u00f6kkents\u00e9k a forr\u00e1si h\u0151m\u00e9rs\u00e9kletet, felgyors\u00edts\u00e1k a sz\u00e1r\u00edt\u00e1st \u00e9s elt\u00e1vol\u00edts\u00e1k a v\u00edzg\u0151zt a kamr\u00e1b\u00f3l, alacsonyan tartva a relat\u00edv p\u00e1ratartalmat. A p\u00e1r\u00e1t egy kondenz\u00e1ci\u00f3s kamr\u00e1ban gy\u0171jtik \u00f6ssze. A GlobeCore v\u00e1kuumsz\u00e1r\u00edt\u00f3 kemenc\u00e9k haszn\u00e1lata a transzform\u00e1torok \u00f6sszeszerel\u00e9se \u00e9s karbantart\u00e1sa sor\u00e1n meghosszabb\u00edtja azok \u00e9lettartam\u00e1t a szigetel\u00e9s dielektromos szil\u00e1rds\u00e1g\u00e1nak jav\u00edt\u00e1s\u00e1val.<\/p>\n","protected":false},"excerpt":{"rendered":"<p>A GlobeCore v\u00e1kuumsz\u00e1r\u00edt\u00f3 s\u00fct\u0151 a k\u00f6vetkez\u0151k\u00e9ppen m\u0171k\u00f6dik. A tekercset bet\u00f6lti a kemenc\u00e9be, \u00e9s 100-110 \u00b0C-os h\u0151m\u00e9rs\u00e9kletnek teszi ki. Ezut\u00e1n a leveg\u0151t elsz\u00edvj\u00e1k a kemenc\u00e9b\u0151l, hogy cs\u00f6kkents\u00e9k a forr\u00e1si h\u0151m\u00e9rs\u00e9kletet, felgyors\u00edts\u00e1k a sz\u00e1r\u00edt\u00e1st \u00e9s elt\u00e1vol\u00edts\u00e1k a v\u00edzg\u0151zt a kamr\u00e1b\u00f3l, alacsonyan tartva a relat\u00edv p\u00e1ratartalmat. A p\u00e1r\u00e1t egy kondenz\u00e1ci\u00f3s kamr\u00e1ban gy\u0171jtik \u00f6ssze. A GlobeCore v\u00e1kuumsz\u00e1r\u00edt\u00f3 kemenc\u00e9k haszn\u00e1lata<a class=\"cg-read-more\" href=\"https:\/\/globecore.dev\/hu\/products\/vacuum-drying-oven\/\" target=\"_blank\">Read More <\/a><\/p>\n","protected":false},"author":7,"featured_media":299394,"parent":298400,"menu_order":0,"comment_status":"closed","ping_status":"closed","template":"templates\/products-sidebar.php","meta":{"_acf_changed":false,"_bbp_topic_count":0,"_bbp_reply_count":0,"_bbp_total_topic_count":0,"_bbp_total_reply_count":0,"_bbp_voice_count":0,"_bbp_anonymous_reply_count":0,"_bbp_topic_count_hidden":0,"_bbp_reply_count_hidden":0,"_bbp_forum_subforum_count":0,"footnotes":""},"categories":[],"class_list":["post-301369","page","type-page","status-publish","has-post-thumbnail","hentry"],"acf":[],"language":"hu","_links":{"self":[{"href":"https:\/\/globecore.dev\/hu\/wp-json\/wp\/v2\/pages\/301369","targetHints":{"allow":["GET"]}}],"collection":[{"href":"https:\/\/globecore.dev\/hu\/wp-json\/wp\/v2\/pages"}],"about":[{"href":"https:\/\/globecore.dev\/hu\/wp-json\/wp\/v2\/types\/page"}],"author":[{"embeddable":true,"href":"https:\/\/globecore.dev\/hu\/wp-json\/wp\/v2\/users\/7"}],"replies":[{"embeddable":true,"href":"https:\/\/globecore.dev\/hu\/wp-json\/wp\/v2\/comments?post=301369"}],"version-history":[{"count":0,"href":"https:\/\/globecore.dev\/hu\/wp-json\/wp\/v2\/pages\/301369\/revisions"}],"up":[{"embeddable":true,"href":"https:\/\/globecore.dev\/hu\/wp-json\/wp\/v2\/pages\/298400"}],"wp:featuredmedia":[{"embeddable":true,"href":"https:\/\/globecore.dev\/hu\/wp-json\/wp\/v2\/media\/299394"}],"wp:attachment":[{"href":"https:\/\/globecore.dev\/hu\/wp-json\/wp\/v2\/media?parent=301369"}],"wp:term":[{"taxonomy":"category","embeddable":true,"href":"https:\/\/globecore.dev\/hu\/wp-json\/wp\/v2\/categories?post=301369"}],"curies":[{"name":"wp","href":"https:\/\/api.w.org\/{rel}","templated":true}]}}