{"id":301259,"date":"2016-04-01T07:14:15","date_gmt":"2016-04-01T07:14:15","guid":{"rendered":"https:\/\/globecore.dev\/stream-oil-heating\/"},"modified":"2025-09-10T12:03:45","modified_gmt":"2025-09-10T12:03:45","slug":"stream-oil-heating","status":"publish","type":"page","link":"https:\/\/globecore.dev\/hu\/products\/oil-heating\/stream-oil-heating\/","title":{"rendered":"PPM soros olajf\u0171t\u00e9s. Patak olajf\u0171t\u00e9s"},"content":{"rendered":"","protected":false},"excerpt":{"rendered":"<p>This oil heating unit is best suited for power plants, oil handling facilities, and facilities that perform transformer repairs and maintenance.<\/p>\n","protected":false},"author":7,"featured_media":301260,"parent":301258,"menu_order":0,"comment_status":"closed","ping_status":"closed","template":"templates\/single-product.php","meta":{"_acf_changed":false,"_bbp_topic_count":0,"_bbp_reply_count":0,"_bbp_total_topic_count":0,"_bbp_total_reply_count":0,"_bbp_voice_count":0,"_bbp_anonymous_reply_count":0,"_bbp_topic_count_hidden":0,"_bbp_reply_count_hidden":0,"_bbp_forum_subforum_count":0,"footnotes":""},"categories":[],"class_list":["post-301259","page","type-page","status-publish","has-post-thumbnail","hentry"],"acf":{"add_tab":[{"tab_title":"Le\u00edr\u00e1s","tab_content":"<p style=\"text-align: justify;\">A PPM olajf\u0171t\u0151 berendez\u00e9s olyan egys\u00e9g, amely a transzform\u00e1torolaj f\u0171t\u00e9s\u00e9re lett tervezve[mfn]Az olajf\u0171t\u00e9s az olaj g\u00e1ztalan\u00edt\u00f3, sz\u00e1r\u00edt\u00f3 \u00e9s regener\u00e1l\u00f3 berendez\u00e9sekben t\u00f6rt\u00e9n\u0151 kezel\u00e9s\u00e9re szolg\u00e1l, melynek c\u00e9lja a folyamat felgyors\u00edt\u00e1sa. A dehidrat\u00e1ci\u00f3 a v\u00edz \u00e9s az olaj forr\u00e1spontj\u00e1nak k\u00fcl\u00f6nbs\u00e9g\u00e9n alapul: mivel a v\u00edz forr\u00e1spontja alacsonyabb, a f\u0171t\u00e9s elp\u00e1rologtatja a vizet az olajb\u00f3l, miel\u0151tt az el\u00e9ri az olaj saj\u00e1t forr\u00e1spontj\u00e1t.[\/mfn] amikor: (1) olajat adnak hozz\u00e1 a transzform\u00e1torokhoz; (2) transzform\u00e1torolajat cser\u00e9lnek; \u00e9s (3) transzform\u00e1torokat sz\u00e1r\u00edtanak[mfn]A transzform\u00e1tor sz\u00e1r\u00edt\u00e1sakor a folyamat c\u00e9lja a benne tal\u00e1lhat\u00f3 v\u00edz \u00e9s leveg\u0151bubor\u00e9kok elt\u00e1vol\u00edt\u00e1sa a cellul\u00f3z alap\u00fa szigetel\u0151pap\u00edrb\u00f3l.[\/mfn].<\/p>\r\n<p style=\"text-align: justify;\">Emellett a berendez\u00e9s k\u00e9pes \u00e1sv\u00e1nyi olajokat[mfn]Az \u00e1sv\u00e1nyi olajok olyan sz\u00edntelen, szagtalan, k\u00f6nny\u0171 kever\u00e9kek, melyek f\u0151k\u00e9nt k\u0151olaj desztill\u00e1tumaib\u00f3l sz\u00e1rmaznak.[\/mfn], ipari olajokat, turbinaolajokat[mfn]A turbinaolaj olyan ken\u0151- \u00e9s munkafolyad\u00e9k, amelyet turbin\u00e1k csap\u00e1gyainak \u00e9s seg\u00e9dberendez\u00e9seinek ken\u00e9s\u00e9re, valamint z\u00e1rt ciklus\u00fa ipari g\u00e9pek m\u0171k\u00f6dtet\u00e9s\u00e9re haszn\u00e1lnak.[\/mfn] \u00e9s egy\u00e9b t\u00edpus\u00fa olajokat, valamint korr\u00f3zi\u00f3mentes folyad\u00e9kokat is f\u0171teni.<\/p>\r\n<p style=\"text-align: justify;\">Ez az olajf\u0171t\u0151 egys\u00e9g legink\u00e1bb er\u0151m\u0171vek, olajkezel\u0151 l\u00e9tes\u00edtm\u00e9nyek, valamint transzform\u00e1tor jav\u00edt\u00e1s\u00e1val \u00e9s karbantart\u00e1s\u00e1val foglalkoz\u00f3 \u00fczemek sz\u00e1m\u00e1ra ide\u00e1lis. A berendez\u00e9s belt\u00e9ren vagy k\u00fclt\u00e9ren is \u00fczemeltethet\u0151, megfelel\u0151 tet\u0151 al\u00e1 helyezve.<\/p>\r\n<p style=\"text-align: justify;\">A fent eml\u00edtett olajoknak \u00e9s folyad\u00e9koknak 50\u00b0C-on m\u00e9rt kinematikus viszkozit\u00e1sa kevesebb, mint 70 cSt kell legyen[mfn]A kinematikus viszkozit\u00e1s az anyag bels\u0151 ellen\u00e1ll\u00e1s\u00e1t m\u00e9ri a foly\u00e1snak adott h\u0151m\u00e9rs\u00e9kleten.[\/mfn]. A CMM-P egys\u00e9get a k\u0151olajfinom\u00edt\u00f3 iparban is haszn\u00e1lj\u00e1k a k\u0151olajterm\u00e9kek f\u0171t\u00e9s\u00e9re, valamint olyan folyad\u00e9kok meleg\u00edt\u00e9s\u00e9re, amelyek homokot, iszapot stb. tartalmaznak.<\/p>"}],"add_def_tab":[{"tab_title":"M\u0171szaki adatok","tab_content":"<table width=\"601\">\r\n<tbody>\r\n<tr>\r\n<td rowspan=\"2\" width=\"182\">\r\n<p style=\"text-align: center;\"><strong>Param\u00e9ter<\/strong><\/p>\r\n<\/td>\r\n<td colspan=\"3\" width=\"203\">\r\n<p style=\"text-align: center;\"><strong>Olajf\u0171t\u0151 \u00e9rt\u00e9kek<\/strong><\/p>\r\n<\/td>\r\n<\/tr>\r\n<tr>\r\n<td style=\"text-align: center;\" width=\"70\"><strong>PPM-18<\/strong><\/td>\r\n<td style=\"text-align: center;\" width=\"68\"><strong>PPM-50<\/strong><\/td>\r\n<td style=\"text-align: center;\" width=\"66\"><strong>PPM-70<\/strong><\/td>\r\n<\/tr>\r\n<tr>\r\n<td width=\"182\">Bemeneti vonali nyom\u00e1s 0,2 MPa eset\u00e9n \u00e1tereszt\u0151k\u00e9pess\u00e9g, m<sup>3<\/sup>\/\u00f3ra, max<\/td>\r\n<td width=\"70\">\r\n<p style=\"text-align: center;\">2.2<\/p>\r\n<\/td>\r\n<td width=\"68\"><\/td>\r\n<td width=\"66\"><\/td>\r\n<\/tr>\r\n<tr>\r\n<td width=\"182\">Bemeneti vonali nyom\u00e1s 0,24 MPa\/cm\u00b2 eset\u00e9n \u00e1tereszt\u0151k\u00e9pess\u00e9g, m<sup>3<\/sup>\/\u00f3ra, max<\/td>\r\n<td style=\"text-align: center;\" width=\"70\">\u2013<\/td>\r\n<td style=\"text-align: center;\" width=\"68\">1,2<\/td>\r\n<td style=\"text-align: center;\" width=\"66\">4<\/td>\r\n<\/tr>\r\n<tr>\r\n<td width=\"182\">Folyad\u00e9k nyom\u00e1s, MPa, max<\/td>\r\n<td style=\"text-align: center;\" width=\"70\">0.6<\/td>\r\n<td style=\"text-align: center;\" width=\"68\">4<\/td>\r\n<td style=\"text-align: center;\" width=\"66\">2.5<\/td>\r\n<\/tr>\r\n<tr>\r\n<td width=\"182\">N\u00e9vleges teljes\u00edtm\u00e9ny, kW<\/td>\r\n<td style=\"text-align: center;\" width=\"70\">19.5<\/td>\r\n<td style=\"text-align: center;\" width=\"68\">56<\/td>\r\n<td style=\"text-align: center;\" width=\"66\">74<\/td>\r\n<\/tr>\r\n<tr>\r\n<td width=\"182\">T\u00e1pell\u00e1t\u00e1s ~50 Hz-en, V (60 Hz k\u00e9r\u00e9sre)<\/td>\r\n<td style=\"text-align: center;\" width=\"70\">380\/220<\/td>\r\n<td style=\"text-align: center;\" width=\"68\">380<\/td>\r\n<td style=\"text-align: center;\" width=\"66\">380<\/td>\r\n<\/tr>\r\n<tr>\r\n<td width=\"182\">Maxim\u00e1lis f\u0171t\u00e9si h\u0151m\u00e9rs\u00e9klet, \u00b0C\/\u00b0F<\/td>\r\n<td style=\"text-align: center;\" width=\"70\">120\/248<\/td>\r\n<td style=\"text-align: center;\" width=\"68\">150\/302*<\/td>\r\n<td width=\"66\"><\/td>\r\n<\/tr>\r\n<tr>\r\n<td colspan=\"4\" width=\"385\">M\u00e9retek, mm\/l\u00e1b, max<\/td>\r\n<\/tr>\r\n<tr>\r\n<td width=\"182\">\u2022 hossz<\/td>\r\n<td style=\"text-align: center;\" width=\"70\">800\/2\u20198\u201d<\/td>\r\n<td style=\"text-align: center;\" width=\"68\">1180\/3\u201911\u201d<\/td>\r\n<td style=\"text-align: center;\" width=\"66\">1220\/4\u2019<\/td>\r\n<\/tr>\r\n<tr>\r\n<td width=\"182\">\u2022 sz\u00e9less\u00e9g<\/td>\r\n<td style=\"text-align: center;\" width=\"70\">660\/2\u20192\u201d<\/td>\r\n<td style=\"text-align: center;\" width=\"68\">800\/2\u20198\u201d<\/td>\r\n<td style=\"text-align: center;\" width=\"66\">820\/2\u20198\u201d<\/td>\r\n<\/tr>\r\n<tr>\r\n<td width=\"182\">\u2022 magass\u00e1g<\/td>\r\n<td style=\"text-align: center;\" width=\"70\">1830\/6\u2019<\/td>\r\n<td style=\"text-align: center;\" width=\"68\">1870\/6\u20192\u201d<\/td>\r\n<td style=\"text-align: center;\" width=\"66\">1900\/6\u20193\u201d<\/td>\r\n<\/tr>\r\n<tr>\r\n<td width=\"182\">T\u00f6meg, kg\/lbs, max<\/td>\r\n<td style=\"text-align: center;\" width=\"70\">180\/397.8<\/td>\r\n<td style=\"text-align: center;\" width=\"68\">400\/884<\/td>\r\n<td style=\"text-align: center;\" width=\"66\">500\/1,105<\/td>\r\n<\/tr>\r\n<\/tbody>\r\n<\/table>\r\n* Maxim\u00e1lis f\u0171t\u00e9si h\u0151m\u00e9rs\u00e9klet n\u00f6velhet\u0151 a megrendel\u0151 k\u00e9r\u00e9s\u00e9re ak\u00e1r 200\u00b0C\/392\u00b0F-ig"},{"tab_title":"El\u0151ny\u00f6k","tab_content":"<ul>\r\n \t<li>Kicsi \u00e9s kompakt f\u0171t\u0151egys\u00e9gek, amelyek<\/li>\r\n \t<li>k\u00f6nnyen a felhaszn\u00e1l\u00e1s hely\u00e9re sz\u00e1ll\u00edthat\u00f3k;<\/li>\r\n \t<li>Alacsony f\u0171t\u00e9si energiafogyaszt\u00e1s;<\/li>\r\n \t<li>Nincs t\u00falmeleged\u00e9s. A k\u00e9sz\u00fcl\u00e9k kikapcsol\u00e1sa ut\u00e1n az olaj h\u0151m\u00e9rs\u00e9klete 15-20 fokkal emelkedhet.<\/li>\r\n \t<li>K\u00f6nnyen karbantarthat\u00f3.<\/li>\r\n<\/ul>"},{"tab_title":"Alkalmaz\u00e1s","tab_content":"A GlobeCore PPM f\u0171t\u0151berendez\u00e9sek a k\u00f6vetkez\u0151kre haszn\u00e1lhat\u00f3k:\r\n<ul>\r\n \t<li>termikus olajf\u0171t\u00e9shez;<\/li>\r\n \t<li>transzform\u00e1torolaj-f\u0171t\u00e9s;<\/li>\r\n \t<li>hidraulikus olajf\u0171t\u00e9s;<\/li>\r\n \t<li>v\u00edzf\u0171t\u00e9s;<\/li>\r\n \t<li>turbinaolaj-f\u0171t\u00e9s;<\/li>\r\n \t<li>kompresszorolaj-f\u0171t\u00e9s;<\/li>\r\n \t<li>ipari olajf\u0171t\u00e9s;<\/li>\r\n \t<li>nyersolaj-f\u0171t\u00e9s;<\/li>\r\n \t<li>bitumenf\u0171t\u00e9s;<\/li>\r\n \t<li>gyantaf\u0171t\u00e9s;<\/li>\r\n \t<li>gipszf\u0171t\u00e9s;<\/li>\r\n \t<li>h\u0151hordoz\u00f3k f\u0171t\u00e9se;<\/li>\r\n \t<li>szennyv\u00edzf\u0171t\u00e9s;<\/li>\r\n \t<li>cukorszirup f\u0171t\u00e9se.<\/li>\r\n<\/ul>"},{"tab_title":"Konfigur\u00e1tor","tab_content":"[ezfc id='110' \/]"},{"tab_title":"Webin\u00e1riumok ","tab_content":"https:\/\/www.youtube.com\/live\/7GjIDRRJ754"}],"add_video_tab":[{"video_tab_title":"Video","add_video_id":[{"video_id":"wrWqGDXXT5c"},{"video_id":"LuP6zvjDr4k"}]}],"add_gallery_tab":[{"gallery_tab_title":"Gallery","add_img":[31728]}],"add_price_tab":[{"price_tab_title":"Get a Quote"}]},"language":"hu","_links":{"self":[{"href":"https:\/\/globecore.dev\/hu\/wp-json\/wp\/v2\/pages\/301259","targetHints":{"allow":["GET"]}}],"collection":[{"href":"https:\/\/globecore.dev\/hu\/wp-json\/wp\/v2\/pages"}],"about":[{"href":"https:\/\/globecore.dev\/hu\/wp-json\/wp\/v2\/types\/page"}],"author":[{"embeddable":true,"href":"https:\/\/globecore.dev\/hu\/wp-json\/wp\/v2\/users\/7"}],"replies":[{"embeddable":true,"href":"https:\/\/globecore.dev\/hu\/wp-json\/wp\/v2\/comments?post=301259"}],"version-history":[{"count":0,"href":"https:\/\/globecore.dev\/hu\/wp-json\/wp\/v2\/pages\/301259\/revisions"}],"up":[{"embeddable":true,"href":"https:\/\/globecore.dev\/hu\/wp-json\/wp\/v2\/pages\/301258"}],"wp:featuredmedia":[{"embeddable":true,"href":"https:\/\/globecore.dev\/hu\/wp-json\/wp\/v2\/media\/301260"}],"wp:attachment":[{"href":"https:\/\/globecore.dev\/hu\/wp-json\/wp\/v2\/media?parent=301259"}],"wp:term":[{"taxonomy":"category","embeddable":true,"href":"https:\/\/globecore.dev\/hu\/wp-json\/wp\/v2\/categories?post=301259"}],"curies":[{"name":"wp","href":"https:\/\/api.w.org\/{rel}","templated":true}]}}