{"id":301258,"date":"2018-07-26T08:27:58","date_gmt":"2018-07-26T08:27:58","guid":{"rendered":"https:\/\/globecore.dev\/products\/oil-heating\/"},"modified":"2025-02-25T12:20:44","modified_gmt":"2025-02-25T12:20:44","slug":"oil-heating","status":"publish","type":"page","link":"https:\/\/globecore.dev\/hu\/products\/oil-heating\/","title":{"rendered":"Olajf\u0171t\u00e9s"},"content":{"rendered":"<p>Az olajf\u0171t\u00e9st az olaj kezel\u00e9s\u00e9re haszn\u00e1lj\u00e1k a g\u00e1ztalan\u00edt\u00f3, sz\u00e1r\u00edt\u00f3 \u00e9s regener\u00e1l\u00f3 g\u00e9pekben a folyamat felgyors\u00edt\u00e1s\u00e1ra. A v\u00edztelen\u00edt\u00e9s a v\u00edz \u00e9s az olaj forr\u00e1spontj\u00e1nak k\u00fcl\u00f6nbs\u00e9g\u00e9n alapul. Mivel a v\u00edz forr\u00e1spontja alacsonyabb, a f\u0171t\u00e9s el tudja p\u00e1rologtatni ezt a vizet az olajb\u00f3l, miel\u0151tt az olaj forr\u00e1spontj\u00e1t el\u00e9rn\u00e9.<\/p>\n<p>A transzform\u00e1torolaj-f\u0171t\u0151g\u00e9pet a transzform\u00e1tor mos\u00e1sakor is haszn\u00e1lj\u00e1k. A r\u00e9gi olaj leereszt\u00e9se ut\u00e1n mindig maradnak szennyez\u0151d\u00e9sek a transzform\u00e1torban. Ezeket a forr\u00f3 olaj elt\u00e1vol\u00edtja. A h\u0151m\u00e9rs\u00e9klet \u00e9s az olaj \u00e1raml\u00e1sa lemossa a szennyez\u0151d\u00e9seket a transzform\u00e1tor bels\u0151 fel\u00fcleteir\u0151l, \u00e9s a transzform\u00e1tor biztons\u00e1gosan felt\u00f6lthet\u0151 \u00faj olajjal.<\/p>\n","protected":false},"excerpt":{"rendered":"<p>Az olajf\u0171t\u00e9st az olaj kezel\u00e9s\u00e9re haszn\u00e1lj\u00e1k a g\u00e1ztalan\u00edt\u00f3, sz\u00e1r\u00edt\u00f3 \u00e9s regener\u00e1l\u00f3 g\u00e9pekben a folyamat felgyors\u00edt\u00e1s\u00e1ra. A v\u00edztelen\u00edt\u00e9s a v\u00edz \u00e9s az olaj forr\u00e1spontj\u00e1nak k\u00fcl\u00f6nbs\u00e9g\u00e9n alapul. Mivel a v\u00edz forr\u00e1spontja alacsonyabb, a f\u0171t\u00e9s el tudja p\u00e1rologtatni ezt a vizet az olajb\u00f3l, miel\u0151tt az olaj forr\u00e1spontj\u00e1t el\u00e9rn\u00e9. A transzform\u00e1torolaj-f\u0171t\u0151g\u00e9pet a transzform\u00e1tor mos\u00e1sakor is haszn\u00e1lj\u00e1k. A r\u00e9gi olaj<a class=\"cg-read-more\" href=\"https:\/\/globecore.dev\/hu\/products\/oil-heating\/\" target=\"_blank\">Read More <\/a><\/p>\n","protected":false},"author":7,"featured_media":0,"parent":298400,"menu_order":0,"comment_status":"closed","ping_status":"closed","template":"templates\/products-sidebar.php","meta":{"_acf_changed":false,"_bbp_topic_count":0,"_bbp_reply_count":0,"_bbp_total_topic_count":0,"_bbp_total_reply_count":0,"_bbp_voice_count":0,"_bbp_anonymous_reply_count":0,"_bbp_topic_count_hidden":0,"_bbp_reply_count_hidden":0,"_bbp_forum_subforum_count":0,"footnotes":""},"categories":[],"class_list":["post-301258","page","type-page","status-publish","hentry"],"acf":[],"language":"hu","_links":{"self":[{"href":"https:\/\/globecore.dev\/hu\/wp-json\/wp\/v2\/pages\/301258","targetHints":{"allow":["GET"]}}],"collection":[{"href":"https:\/\/globecore.dev\/hu\/wp-json\/wp\/v2\/pages"}],"about":[{"href":"https:\/\/globecore.dev\/hu\/wp-json\/wp\/v2\/types\/page"}],"author":[{"embeddable":true,"href":"https:\/\/globecore.dev\/hu\/wp-json\/wp\/v2\/users\/7"}],"replies":[{"embeddable":true,"href":"https:\/\/globecore.dev\/hu\/wp-json\/wp\/v2\/comments?post=301258"}],"version-history":[{"count":0,"href":"https:\/\/globecore.dev\/hu\/wp-json\/wp\/v2\/pages\/301258\/revisions"}],"up":[{"embeddable":true,"href":"https:\/\/globecore.dev\/hu\/wp-json\/wp\/v2\/pages\/298400"}],"wp:attachment":[{"href":"https:\/\/globecore.dev\/hu\/wp-json\/wp\/v2\/media?parent=301258"}],"wp:term":[{"taxonomy":"category","embeddable":true,"href":"https:\/\/globecore.dev\/hu\/wp-json\/wp\/v2\/categories?post=301258"}],"curies":[{"name":"wp","href":"https:\/\/api.w.org\/{rel}","templated":true}]}}