{"id":301257,"date":"2018-12-19T12:34:35","date_gmt":"2018-12-19T12:34:35","guid":{"rendered":"https:\/\/globecore.dev\/products\/zeolite-oil-drying-units\/zp-sorbent-cartridges\/"},"modified":"2025-02-25T15:21:49","modified_gmt":"2025-02-25T15:21:49","slug":"zp-sorbent-cartridges","status":"publish","type":"page","link":"https:\/\/globecore.dev\/hu\/products\/zeolite-oil-drying-units\/zp-sorbent-cartridges\/","title":{"rendered":"ZP-260 szorbens patronok"},"content":{"rendered":"","protected":false},"excerpt":{"rendered":"<p>ZP sorbent1 cartridges are designed for drying2 of lubrication3 and electrical insulation oils4 by zeolite5.<\/p>\n","protected":false},"author":7,"featured_media":298736,"parent":301233,"menu_order":0,"comment_status":"closed","ping_status":"closed","template":"templates\/single-product.php","meta":{"_acf_changed":false,"_bbp_topic_count":0,"_bbp_reply_count":0,"_bbp_total_topic_count":0,"_bbp_total_reply_count":0,"_bbp_voice_count":0,"_bbp_anonymous_reply_count":0,"_bbp_topic_count_hidden":0,"_bbp_reply_count_hidden":0,"_bbp_forum_subforum_count":0,"footnotes":""},"categories":[2026],"class_list":["post-301257","page","type-page","status-publish","has-post-thumbnail","hentry","category-news-hun"],"acf":{"add_tab":[{"tab_title":"Le\u00edr\u00e1s","tab_content":"<p style=\"text-align: justify;\">ZP-260 <strong>sorbent<b>[mfn]A sorbent olyan anyag, amely folyad\u00e9kok vagy g\u00e1zok abszorpci\u00f3j\u00e1ra vagy adszorpci\u00f3j\u00e1ra szolg\u00e1l.[\/mfn]<\/b><\/strong> patronok a k\u00f6vetkez\u0151 c\u00e9lokra lettek tervezve: <strong>sz\u00e1r\u00edt\u00e1sra<b>[mfn]A sz\u00e1r\u00edt\u00e1s folyamata a zeolitb\u00f3l a v\u00edz elt\u00e1vol\u00edt\u00e1s\u00e1ra szolg\u00e1l.[\/mfn]<\/b><\/strong> a <strong>ken\u0151-<\/strong><strong>\u00e9s<\/strong> <strong>dielektromos szigetel\u0151olajok<\/strong> <strong>sz\u00e1r\u00edt\u00e1s\u00e1ra<\/strong> a <strong>zeolit<b>[mfn]A zeolitok mikrop\u00f3rusos, aluminoszilik\u00e1t \u00e1sv\u00e1nyok, amelyeket gyakran haszn\u00e1lnak kereskedelmi adszorpci\u00f3s anyagk\u00e9nt \u00e9s kataliz\u00e1tork\u00e9nt.[\/mfn]<\/b><\/strong> vagy m\u00e1s adszorbensek felhaszn\u00e1l\u00e1s\u00e1val. A berendez\u00e9s ny\u00edl\u00e1sz\u00e1r\u00f3kkal van felszerelve a sorbens gyors bet\u00f6lt\u00e9s\u00e9hez \u00e9s \u00fcr\u00edt\u00e9s\u00e9hez. A ZP-260 egys\u00e9g patronjai nemcsak zeolittel t\u00f6lthet\u0151k meg, hanem m\u00e1s adszorbensekkel is, p\u00e9ld\u00e1ul <strong>Fuller\u2019s earth<b>[mfn]A Fuller\u2019s earth b\u00e1rmilyen agyagszer\u0171 anyag, amely k\u00e9pes dekoloriz\u00e1lni az olajat vagy m\u00e1s folyad\u00e9kokat k\u00e9miai kezel\u00e9s n\u00e9lk\u00fcl.[\/mfn]<\/b><\/strong> vagy <strong>szilika g\u00e9l<b>[mfn]A szilika g\u00e9l a szil\u00edcium-dioxid (szilika) amorf \u00e9s p\u00f3rusos form\u00e1ja, amely szab\u00e1lytalan h\u00e1romdimenzi\u00f3s szerkezetet alkot, felv\u00e1ltva szil\u00edcium \u00e9s oxig\u00e9n atomokkal, nanom\u00e9teres \u00fcregekkel \u00e9s p\u00f3rusokkal.[\/mfn]<\/b><\/strong>, \u00edgy a berendez\u00e9s alkalmas az <strong>olaj regener\u00e1l\u00e1s\u00e1ra<b>[mfn]Az olaj regener\u00e1l\u00e1sa a szennyez\u0151d\u00e9sek elt\u00e1vol\u00edt\u00e1s\u00e1t jelenti az olajb\u00f3l, hogy vissza\u00e1ll\u00edtsa eredeti tulajdons\u00e1gait, \u00e9s friss olajk\u00e9nt is felhaszn\u00e1lhat\u00f3 legyen.[\/mfn]<\/b><\/strong> \u00e9s a <strong>savass\u00e1g cs\u00f6kkent\u00e9s\u00e9re<b>[mfn]A sav\u00e9rt\u00e9k (vagy semleges\u00edt\u00e9si sz\u00e1m, savsz\u00e1m, vagy savass\u00e1g) azt a k\u00e1lium-hidroxid (KOH) milligrammban m\u00e9rt t\u00f6meget jelenti, amely egy gramm transzform\u00e1torolaj semleges\u00edt\u00e9s\u00e9hez sz\u00fcks\u00e9ges.[\/mfn]<\/b><\/strong>.<\/p>"}],"add_def_tab":[{"tab_title":"M\u0171szaki adatok","tab_content":"<table width=\"601\">\r\n<tbody>\r\n<tr>\r\n<td colspan=\"2\" width=\"529\">\r\n<p style=\"text-align: center;\"><strong>Param\u00e9ter<\/strong><\/p>\r\n<\/td>\r\n<td width=\"116\">\r\n<p style=\"text-align: center;\"><strong>\u00c9rt\u00e9k<\/strong><\/p>\r\n<\/td>\r\n<\/tr>\r\n<tr>\r\n<td>\u00c1tereszt\u0151k\u00e9pess\u00e9g, m<sup>3<\/sup>\/\u00f3ra (gpm)<\/td>\r\n<td>\r\n<p style=\"text-align: center;\"><strong>ZP-130<\/strong><\/p>\r\n<\/td>\r\n<td>\r\n<p style=\"text-align: center;\"><strong>ZP-260<\/strong><\/p>\r\n<\/td>\r\n<\/tr>\r\n<tr>\r\n<td>Ed\u00e9nyek sz\u00e1ma<\/td>\r\n<td>\r\n<p style=\"text-align: center;\">1<\/p>\r\n<\/td>\r\n<td>\r\n<p style=\"text-align: center;\">2<\/p>\r\n<\/td>\r\n<\/tr>\r\n<tr>\r\n<td>Teljes geometriai ed\u00e9nyt\u00e9rfogat, liter (gallon)<\/td>\r\n<td>\r\n<p style=\"text-align: center;\">130 (34.34)<\/p>\r\n<\/td>\r\n<td>\r\n<p style=\"text-align: center;\">260 (68.68)<\/p>\r\n<\/td>\r\n<\/tr>\r\n<tr>\r\n<td>Olaj ISO 4406 tisztas\u00e1gi oszt\u00e1ly<\/td>\r\n<td>\r\n<p style=\"text-align: center;\">-\/14\/12<\/p>\r\n<\/td>\r\n<td>\r\n<p style=\"text-align: center;\">-\/14\/12<\/p>\r\n<\/td>\r\n<\/tr>\r\n<tr>\r\n<td>Ed\u00e9ny haszn\u00e1lati m\u00f3d<\/td>\r\n<td>\r\n<p style=\"text-align: center;\">Csak soros<\/p>\r\n<\/td>\r\n<td>\r\n<p style=\"text-align: center;\">P\u00e1rhuzamos vagy soros<\/p>\r\n<\/td>\r\n<\/tr>\r\n<tr>\r\n<td>Sz\u0171r\u00e9s, \u03bcm<\/td>\r\n<td>\r\n<p style=\"text-align: center;\">5 (1 opcion\u00e1lisan)<\/p>\r\n<\/td>\r\n<td>\r\n<p style=\"text-align: center;\">5 (1 opcion\u00e1lisan)<\/p>\r\n<\/td>\r\n<\/tr>\r\n<tr>\r\n<td>Maxim\u00e1lis olajbemeneti h\u0151m\u00e9rs\u00e9klet, \u00b0\u0421 (\u00b0F)<\/td>\r\n<td style=\"text-align: center;\">40 (104)<\/td>\r\n<td style=\"text-align: center;\">40 (104)<\/td>\r\n<\/tr>\r\n<tr>\r\n<td>M\u00e9retek, mm (in)<\/td>\r\n<td colspan=\"2\"><\/td>\r\n<\/tr>\r\n<tr>\r\n<td>\u2013 hossz<\/td>\r\n<td style=\"text-align: center;\">900 (35)<\/td>\r\n<td style=\"text-align: center;\">1100 (43)<\/td>\r\n<\/tr>\r\n<tr>\r\n<td>\u2013 sz\u00e9less\u00e9g<\/td>\r\n<td style=\"text-align: center;\">760 (29)<\/td>\r\n<td style=\"text-align: center;\">1000 (39)<\/td>\r\n<\/tr>\r\n<tr>\r\n<td>\u2013 magass\u00e1g<\/td>\r\n<td style=\"text-align: center;\">2100 (82)<\/td>\r\n<td style=\"text-align: center;\">2190 (79)<\/td>\r\n<\/tr>\r\n<tr>\r\n<td>T\u00f6meg, kg (lbs)<\/td>\r\n<td style=\"text-align: center;\">170 (374)<\/td>\r\n<td style=\"text-align: center;\">570 (1260)<\/td>\r\n<\/tr>\r\n<\/tbody>\r\n<\/table>\r\n* Az \u00e9rt\u00e9k az adott olaj t\u00edpus\u00e1t\u00f3l f\u00fcgg\r\n\r\n** A sz\u0171r\u00e9s finoms\u00e1ga \u00e9s a fesz\u00fclts\u00e9gparam\u00e9terek a Megrendel\u0151 ig\u00e9nyei vagy a term\u00e9k haszn\u00e1lati r\u00e9gi\u00f3ja szerint v\u00e1ltozhatnak\r\n\r\n<strong>Megjegyz\u00e9s:<\/strong> Az al\u00e1bbi specifik\u00e1ci\u00f3k olyan olajokra vonatkoznak, amelyek nem tartalmaznak:\r\n<ul>\r\n \t<li style=\"text-align: justify;\">fel\u00fcletsz\u00ednz\u0151 anyagokat vagy egy\u00e9b anyagokat, amelyek el\u0151seg\u00edtik a v\u00edz csapd\u00e1ba ejt\u00e9s\u00e9t az olajban;<\/li>\r\n \t<li style=\"text-align: justify;\">mechanikailag vagy k\u00e9miailag keletkez\u0151 v\u00edz emulzi\u00f3kat.<\/li>\r\n<\/ul>"},{"tab_title":"El\u0151ny\u00f6k","tab_content":"<ul>\r\n  <li style=\"text-align: justify;\">egyszer\u0171 \u00fczemeltet\u00e9s \u00e9s karbantart\u00e1s;<\/li>\r\n  <li style=\"text-align: justify;\">az olaj \u00e9lettartam\u00e1nak meghosszabb\u00edt\u00e1sa;<\/li>\r\n  <li style=\"text-align: justify;\">k\u00fcl\u00f6nf\u00e9le konfigur\u00e1ci\u00f3k (\u00e1lland\u00f3 vagy mobil);<\/li>\r\n  <li style=\"text-align: justify;\">sorbens reaktiv\u00e1l\u00e1sa BRZ-100 egys\u00e9ggel, majd a sorbens \u00fajb\u00f3li felhaszn\u00e1l\u00e1sa az olajkezel\u00e9shez.<\/li>\r\n<\/ul>"},{"tab_title":"Alkalmaz\u00e1s","tab_content":"<p style=\"text-align: justify;\"><strong>A ZP-260 berendez\u00e9s a k\u00f6vetkez\u0151kre haszn\u00e1lhat\u00f3:<\/strong><\/p>\r\n<ul>\r\n  <li style=\"text-align: justify;\"><a href=\"https:\/\/globecore.dev\/publications\/transformer-oil-drying-and-degassing\/\">Transzform\u00e1torolaj sz\u00e1r\u00edt\u00e1sa<\/a>;<\/li>\r\n  <li style=\"text-align: justify;\">Turbinaolaj sz\u00e1r\u00edt\u00e1sa;<\/li>\r\n  <li style=\"text-align: justify;\">Hidraulikaolaj sz\u00e1r\u00edt\u00e1sa;<\/li>\r\n  <li style=\"text-align: justify;\"><a href=\"https:\/\/globecore.dev\/zeolite-oil-drying-units\/industrial-oil-drying-machine-zp-260\/\">Ipari olaj sz\u00e1r\u00edt\u00e1sa<\/a>;<\/li>\r\n  <li style=\"text-align: justify;\">K\u00e1belolaj sz\u00e1r\u00edt\u00e1sa;<\/li>\r\n  <li style=\"text-align: justify;\"><a href=\"https:\/\/globecore.dev\/publications\/gear-oil-purification\/\">Fogasker\u00e9kolaj sz\u00e1r\u00edt\u00e1sa<\/a>;<\/li>\r\n  <li style=\"text-align: justify;\">Szilikonolaj sz\u00e1r\u00edt\u00e1sa;<\/li>\r\n  <li style=\"text-align: justify;\">Midel 7131 dielektromos folyad\u00e9k sz\u00e1r\u00edt\u00e1sa;<\/li>\r\n  <li style=\"text-align: justify;\"><a href=\"https:\/\/globecore.dev\/zeolite-oil-drying-units\/fr3-dielectric-fluid-drying-machine-zp-260\/\">FR3 dielektromos folyad\u00e9k sz\u00e1r\u00edt\u00e1sa<\/a>;<\/li>\r\n  <li style=\"text-align: justify;\"><a href=\"https:\/\/globecore.dev\/zeolite-oil-drying-units\/x-ray-machines-oil-drying-machine-zp-260\/\">R\u00f6ntgeng\u00e9pek olaj\u00e1nak sz\u00e1r\u00edt\u00e1sa<\/a>;<\/li>\r\n  <li style=\"text-align: justify;\"><a href=\"https:\/\/globecore.dev\/zeolite-oil-drying-units\/fire-resistant-turbine-oil-fyrquel-drying-machine-zp-260\/\">Fyrquel t\u0171z\u00e1ll\u00f3 turbinaolaj sz\u00e1r\u00edt\u00e1sa<\/a>;<\/li>\r\n  <li style=\"text-align: justify;\">D\u00edzel \u00fczemanyag sz\u00e1r\u00edt\u00e1sa;<\/li>\r\n  <li style=\"text-align: justify;\">F\u0171t\u0151\u00fczemanyag sz\u00e1r\u00edt\u00e1sa.<\/li>\r\n<\/ul>"},{"tab_title":"Konfigur\u00e1tor","tab_content":"[ezfc id='28' \/]"},{"tab_title":"Webin\u00e1riumok","tab_content":"https:\/\/www.youtube.com\/live\/703vQ0n4ugY"}],"add_video_tab":[{"video_tab_title":"Vide\u00f3","add_video_id":[{"video_id":"zR_I3tvnPbM"},{"video_id":"Subfl4NL9gU"},{"video_id":"G177dU2IVSk"}]}],"add_gallery_tab":null,"add_price_tab":[{"price_tab_title":"Get a Quote"}]},"language":"hu","_links":{"self":[{"href":"https:\/\/globecore.dev\/hu\/wp-json\/wp\/v2\/pages\/301257","targetHints":{"allow":["GET"]}}],"collection":[{"href":"https:\/\/globecore.dev\/hu\/wp-json\/wp\/v2\/pages"}],"about":[{"href":"https:\/\/globecore.dev\/hu\/wp-json\/wp\/v2\/types\/page"}],"author":[{"embeddable":true,"href":"https:\/\/globecore.dev\/hu\/wp-json\/wp\/v2\/users\/7"}],"replies":[{"embeddable":true,"href":"https:\/\/globecore.dev\/hu\/wp-json\/wp\/v2\/comments?post=301257"}],"version-history":[{"count":0,"href":"https:\/\/globecore.dev\/hu\/wp-json\/wp\/v2\/pages\/301257\/revisions"}],"up":[{"embeddable":true,"href":"https:\/\/globecore.dev\/hu\/wp-json\/wp\/v2\/pages\/301233"}],"wp:featuredmedia":[{"embeddable":true,"href":"https:\/\/globecore.dev\/hu\/wp-json\/wp\/v2\/media\/298736"}],"wp:attachment":[{"href":"https:\/\/globecore.dev\/hu\/wp-json\/wp\/v2\/media?parent=301257"}],"wp:term":[{"taxonomy":"category","embeddable":true,"href":"https:\/\/globecore.dev\/hu\/wp-json\/wp\/v2\/categories?post=301257"}],"curies":[{"name":"wp","href":"https:\/\/api.w.org\/{rel}","templated":true}]}}