{"id":301254,"date":"2023-11-17T07:12:24","date_gmt":"2023-11-17T07:12:24","guid":{"rendered":"https:\/\/globecore.dev\/products\/zeolite-oil-drying-units\/zp-130-sorbent-cartridges\/"},"modified":"2025-02-25T15:24:54","modified_gmt":"2025-02-25T15:24:54","slug":"zp-130-sorbent-cartridges","status":"publish","type":"page","link":"https:\/\/globecore.dev\/hu\/products\/zeolite-oil-drying-units\/zp-130-sorbent-cartridges\/","title":{"rendered":"ZP-130 szorbiens patronok"},"content":{"rendered":"","protected":false},"excerpt":{"rendered":"","protected":false},"author":7,"featured_media":301256,"parent":301233,"menu_order":0,"comment_status":"closed","ping_status":"closed","template":"templates\/single-product.php","meta":{"_acf_changed":false,"_bbp_topic_count":0,"_bbp_reply_count":0,"_bbp_total_topic_count":0,"_bbp_total_reply_count":0,"_bbp_voice_count":0,"_bbp_anonymous_reply_count":0,"_bbp_topic_count_hidden":0,"_bbp_reply_count_hidden":0,"_bbp_forum_subforum_count":0,"footnotes":""},"categories":[],"class_list":["post-301254","page","type-page","status-publish","has-post-thumbnail","hentry"],"acf":{"add_tab":[{"tab_title":"Le\u00edr\u00e1s","tab_content":"A ZP-130 mobil olaj\u00e1llom\u00e1s ken\u0151olajok \u00e9s elektromos szigetel\u0151olajok tiszt\u00edt\u00e1s\u00e1ra, mechanikai szennyez\u0151d\u00e9sek elt\u00e1vol\u00edt\u00e1s\u00e1ra \u00e9s 40\u00b0C-on legfeljebb 70 cSt viszkozit\u00e1s\u00fa olajok sz\u00e1r\u00edt\u00e1s\u00e1ra szolg\u00e1l. A ZP-130 szorbenspatronokat kifejezetten a ken\u0151anyagok \u00e9s elektromos szigetel\u0151olajok zeolit vagy m\u00e1s adszorbensek felhaszn\u00e1l\u00e1s\u00e1val t\u00f6rt\u00e9n\u0151 sz\u00e1r\u00edt\u00e1s\u00e1ra tervezt\u00e9k. A k\u00e9sz\u00fcl\u00e9k ny\u00edl\u00e1sokkal rendelkezik a szorbens gyors be- \u00e9s kirakod\u00e1s\u00e1hoz. A ZP-130 egys\u00e9g patronjai nemcsak zeolit, hanem alternat\u00edv adszorbensek, p\u00e9ld\u00e1ul Fuller-f\u00f6ld vagy szilikag\u00e9l is t\u00f6lthet\u0151k, \u00edgy alkalmas az olaj regener\u00e1l\u00e1s\u00e1ra \u00e9s savass\u00e1g\u00e1nak cs\u00f6kkent\u00e9s\u00e9re.\r\n\r\nEzt az egys\u00e9get az olajjal t\u00f6lt\u00f6tt, ak\u00e1r 1150 kV fesz\u00fclts\u00e9g\u0171 nagyfesz\u00fclts\u00e9g\u0171 berendez\u00e9sek, k\u00f6zt\u00fck a teljes\u00edtm\u00e9nytranszform\u00e1torok, nagyfesz\u00fclts\u00e9g\u0171 kapcsol\u00f3k \u00e9s m\u00e1s hasonl\u00f3 eszk\u00f6z\u00f6k \u00f6sszeszerel\u00e9se, karbantart\u00e1sa \u00e9s \u00fczemeltet\u00e9se sor\u00e1n haszn\u00e1lj\u00e1k."}],"add_def_tab":[{"tab_title":"M\u0171szaki adatok","tab_content":"<table width=\"601\">\r\n  <tbody>\r\n    <tr>\r\n      <td width=\"64\"><strong>\u2116<\/strong><\/td>\r\n      <td width=\"427\">\r\n        <p style=\"text-align: center;\"><strong>Param\u00e9ter<\/strong><\/p>\r\n      <\/td>\r\n      <td width=\"110\">\r\n        <p style=\"text-align: center;\"><strong>\u00c9rt\u00e9k<\/strong><\/p>\r\n      <\/td>\r\n    <\/tr>\r\n    <tr>\r\n      <td>1<\/td>\r\n      <td>\u00c1tereszt\u0151k\u00e9pess\u00e9g, m<sup>3<\/sup>\/\u00f3ra<\/td>\r\n      <td style=\"text-align: center;\">2<\/td>\r\n    <\/tr>\r\n    <tr>\r\n      <td>2<\/td>\r\n      <td>Teljes geometriai ed\u00e9nyt\u00e9rfogat, liter<\/td>\r\n      <td style=\"text-align: center;\">130<\/td>\r\n    <\/tr>\r\n    <tr>\r\n      <td>3<\/td>\r\n      <td>Olaj ISO 4406 tisztas\u00e1gi oszt\u00e1ly<\/td>\r\n      <td style=\"text-align: center;\">-\/14\/12<\/td>\r\n    <\/tr>\r\n    <tr>\r\n      <td>4<\/td>\r\n      <td>Ed\u00e9ny haszn\u00e1lati m\u00f3d<\/td>\r\n      <td style=\"text-align: center;\">Csak soros<\/td>\r\n    <\/tr>\r\n    <tr>\r\n      <td>5<\/td>\r\n      <td>Sz\u0171r\u00e9s, \u03bcm<\/td>\r\n      <td style=\"text-align: center;\">5 (1 opcion\u00e1lisan)<\/td>\r\n    <\/tr>\r\n    <tr>\r\n      <td>6<\/td>\r\n      <td>Maxim\u00e1lis olajbemeneti h\u0151m\u00e9rs\u00e9klet, \u00b0C<\/td>\r\n      <td style=\"text-align: center;\">40<\/td>\r\n    <\/tr>\r\n    <tr>\r\n      <td>7<\/td>\r\n      <td>\r\n        M\u00e9retek, mm<br>\r\n        \u2013 hossz<br>\r\n        \u2013 sz\u00e9less\u00e9g<br>\r\n        \u2013 magass\u00e1g\r\n      <\/td>\r\n      <td>\r\n        <p style=\"text-align: center;\">900<\/p>\r\n        <p style=\"text-align: center;\">760<\/p>\r\n        <p style=\"text-align: center;\">2100<\/p>\r\n      <\/td>\r\n    <\/tr>\r\n    <tr>\r\n      <td>8<\/td>\r\n      <td>T\u00f6meg, kg (zeolit n\u00e9lk\u00fcl)<\/td>\r\n      <td style=\"text-align: center;\">180<\/td>\r\n    <\/tr>\r\n  <\/tbody>\r\n<\/table>"},{"tab_title":"El\u0151ny\u00f6k","tab_content":"<ul>\r\n  <li style=\"font-weight: 400;\"><span style=\"font-weight: 400;\">simple operation and servicing;<\/span><\/li>\r\n  <li style=\"font-weight: 400;\"><span style=\"font-weight: 400;\">oil service life extension;<\/span><\/li>\r\n  <li style=\"font-weight: 400;\"><span style=\"font-weight: 400;\">various configurations (stationary or mobile);<\/span><\/li>\r\n  <li style=\"font-weight: 400;\"><span style=\"font-weight: 400;\">sorbent regeneration with a BRZ-100 unit with subsequent reuse of the sorbent for oil processing.<\/span><\/li>\r\n<\/ul>\r\n<ul>\r\n  <li style=\"text-align: justify;\"><span style=\"font-weight: 400;\">simple operation and servicing;<\/span><\/li>\r\n  <li style=\"text-align: justify;\"><span style=\"font-weight: 400;\">oil service life extension;<\/span><\/li>\r\n  <li style=\"text-align: justify;\"><span style=\"font-weight: 400;\">various configurations (stationary or mobile);<\/span><\/li>\r\n  <li style=\"text-align: justify;\"><span style=\"font-weight: 400;\">sorbent regeneration with a BRZ-100 unit with subsequent reuse of the sorbent for oil processing.<\/span><\/li>\r\n<\/ul>"},{"tab_title":"Alkalmaz\u00e1s","tab_content":"<p style=\"text-align: justify;\"><strong>A ZP-130 berendez\u00e9s a k\u00f6vetkez\u0151kre haszn\u00e1lhat\u00f3:<\/strong><\/p>\r\n<ul>\r\n  <li style=\"text-align: justify;\"><a href=\"https:\/\/globecore.dev\/publications\/transformer-oil-drying-and-degassing\/\">Transzform\u00e1torolaj sz\u00e1r\u00edt\u00e1sa<\/a>;<\/li>\r\n  <li style=\"text-align: justify;\">Turbinaolaj sz\u00e1r\u00edt\u00e1sa;<\/li>\r\n  <li style=\"text-align: justify;\">Hidraulikaolaj sz\u00e1r\u00edt\u00e1sa;<\/li>\r\n  <li style=\"text-align: justify;\">Ipari olaj sz\u00e1r\u00edt\u00e1sa;<\/li>\r\n  <li style=\"text-align: justify;\">K\u00e1belolaj sz\u00e1r\u00edt\u00e1sa;<\/li>\r\n  <li style=\"text-align: justify;\"><a href=\"https:\/\/globecore.dev\/publications\/gear-oil-purification\/\">Fogasker\u00e9kolaj sz\u00e1r\u00edt\u00e1sa<\/a>;<\/li>\r\n  <li style=\"text-align: justify;\">Szilikonolaj sz\u00e1r\u00edt\u00e1sa;<\/li>\r\n  <li style=\"text-align: justify;\">Midel 7131 dielektromos folyad\u00e9k sz\u00e1r\u00edt\u00e1sa;<\/li>\r\n  <li style=\"text-align: justify;\">FR3 dielektromos folyad\u00e9k sz\u00e1r\u00edt\u00e1sa;<\/li>\r\n  <li style=\"text-align: justify;\">R\u00f6ntgeng\u00e9pek olaj\u00e1nak sz\u00e1r\u00edt\u00e1sa;<\/li>\r\n  <li style=\"text-align: justify;\">Fyrquel t\u0171z\u00e1ll\u00f3 turbinaolaj sz\u00e1r\u00edt\u00e1sa;<\/li>\r\n  <li style=\"text-align: justify;\">D\u00edzel \u00fczemanyag sz\u00e1r\u00edt\u00e1sa;<\/li>\r\n  <li style=\"text-align: justify;\">F\u0171t\u0151\u00fczemanyag sz\u00e1r\u00edt\u00e1sa.<\/li>\r\n<\/ul>"},{"tab_title":"Konfigur\u00e1tor","tab_content":"[ezfc id='28' \/]"},{"tab_title":"Webin\u00e1riumok","tab_content":"https:\/\/www.youtube.com\/live\/703vQ0n4ugY"}],"add_video_tab":[{"video_tab_title":"Video","add_video_id":[{"video_id":"zR_I3tvnPbM"},{"video_id":"Subfl4NL9gU"},{"video_id":"G177dU2IVSk"}]}],"add_gallery_tab":null,"add_price_tab":null},"language":"hu","_links":{"self":[{"href":"https:\/\/globecore.dev\/hu\/wp-json\/wp\/v2\/pages\/301254","targetHints":{"allow":["GET"]}}],"collection":[{"href":"https:\/\/globecore.dev\/hu\/wp-json\/wp\/v2\/pages"}],"about":[{"href":"https:\/\/globecore.dev\/hu\/wp-json\/wp\/v2\/types\/page"}],"author":[{"embeddable":true,"href":"https:\/\/globecore.dev\/hu\/wp-json\/wp\/v2\/users\/7"}],"replies":[{"embeddable":true,"href":"https:\/\/globecore.dev\/hu\/wp-json\/wp\/v2\/comments?post=301254"}],"version-history":[{"count":0,"href":"https:\/\/globecore.dev\/hu\/wp-json\/wp\/v2\/pages\/301254\/revisions"}],"up":[{"embeddable":true,"href":"https:\/\/globecore.dev\/hu\/wp-json\/wp\/v2\/pages\/301233"}],"wp:featuredmedia":[{"embeddable":true,"href":"https:\/\/globecore.dev\/hu\/wp-json\/wp\/v2\/media\/301256"}],"wp:attachment":[{"href":"https:\/\/globecore.dev\/hu\/wp-json\/wp\/v2\/media?parent=301254"}],"wp:term":[{"taxonomy":"category","embeddable":true,"href":"https:\/\/globecore.dev\/hu\/wp-json\/wp\/v2\/categories?post=301254"}],"curies":[{"name":"wp","href":"https:\/\/api.w.org\/{rel}","templated":true}]}}